{"id":11154,"date":"2023-11-30T15:26:33","date_gmt":"2023-11-30T13:26:33","guid":{"rendered":"https:\/\/blogg.svenskakyrkan.se\/act\/?page_id=11154"},"modified":"2024-09-18T14:27:33","modified_gmt":"2024-09-18T12:27:33","slug":"start","status":"publish","type":"page","link":"https:\/\/blogg.svenskakyrkan.se\/act\/","title":{"rendered":"Start"},"content":{"rendered":"\n<div class=\"wp-block-group has-base-background-color has-background is-layout-flow wp-block-group-is-layout-flow\">\n<h2 class=\"wp-block-heading\">Ge en g\u00e5va f\u00f6r v\u00e4rlden<\/h2>\n\n\n\n<p>Tillsammans k\u00e4mpar vi f\u00f6r att m\u00e4nniskor ska kunna leva v\u00e4rdiga liv, inte enbart \u00f6verleva. Genom din g\u00e5va \u00e4r du delaktig i b\u00e5de livr\u00e4ddande insatser vid katastrofer och i att skapa f\u00f6ruts\u00e4ttningar f\u00f6r en mer r\u00e4ttvis framtid &#8211; f\u00f6r alla. Din g\u00e5va r\u00e4ddar liv!<\/p>\n\n\n\n<div class=\"wp-block-buttons is-layout-flex wp-block-buttons-is-layout-flex\">\n<div class=\"wp-block-button is-style-cta\"><a class=\"wp-block-button__link wp-element-button\" href=\"https:\/\/www.svenskakyrkan.se\/act\/ge-en-gava\/privatperson?type=person&amp;frequencyPreset=monthly&amp;mtm_medium=display&amp;mtm_source=bloggportalen&amp;mtm_campaign=insamling_manadsgivare_insatser_ospecificerat&amp;mtm_content=&amp;mtm_keyword=\">Bli m\u00e5nadsgivare<\/a><\/div>\n<\/div>\n<\/div>\n\n\n\n<hr class=\"wp-block-separator has-alpha-channel-opacity\"\/>\n","protected":false},"excerpt":{"rendered":"","protected":false},"author":40,"featured_media":0,"parent":0,"menu_order":0,"comment_status":"closed","ping_status":"closed","template":"","meta":{"_acf_changed":false,"footnotes":""},"class_list":["post-11154","page","type-page","status-publish","hentry"],"acf":[],"yoast_head":"<!-- This site is optimized with the Yoast SEO plugin v27.1.1 - https:\/\/yoast.com\/product\/yoast-seo-wordpress\/ -->\n<title>Start - Act Svenska kyrkan<\/title>\n<meta name=\"robots\" content=\"index, follow, max-snippet:-1, max-image-preview:large, max-video-preview:-1\" \/>\n<link rel=\"canonical\" href=\"https:\/\/blogg.svenskakyrkan.se\/act\/\" \/>\n<meta property=\"og:locale\" content=\"sv_SE\" \/>\n<meta property=\"og:type\" content=\"article\" \/>\n<meta property=\"og:title\" content=\"Start - Act Svenska kyrkan\" \/>\n<meta property=\"og:url\" content=\"https:\/\/blogg.svenskakyrkan.se\/act\/\" \/>\n<meta property=\"og:site_name\" content=\"Act Svenska kyrkan\" \/>\n<meta property=\"article:modified_time\" content=\"2024-09-18T12:27:33+00:00\" \/>\n<meta name=\"twitter:card\" content=\"summary_large_image\" \/>\n<meta name=\"twitter:label1\" content=\"Ber\u00e4knad l\u00e4stid\" \/>\n\t<meta name=\"twitter:data1\" content=\"1 minut\" \/>\n<script type=\"application\/ld+json\" class=\"yoast-schema-graph\">{\"@context\":\"https:\/\/schema.org\",\"@graph\":[{\"@type\":\"WebPage\",\"@id\":\"https:\/\/blogg.svenskakyrkan.se\/act\/\",\"url\":\"https:\/\/blogg.svenskakyrkan.se\/act\/\",\"name\":\"Start - Act Svenska kyrkan\",\"isPartOf\":{\"@id\":\"https:\/\/blogg.svenskakyrkan.se\/act\/#website\"},\"datePublished\":\"2023-11-30T13:26:33+00:00\",\"dateModified\":\"2024-09-18T12:27:33+00:00\",\"breadcrumb\":{\"@id\":\"https:\/\/blogg.svenskakyrkan.se\/act\/#breadcrumb\"},\"inLanguage\":\"sv-SE\",\"potentialAction\":[{\"@type\":\"ReadAction\",\"target\":[\"https:\/\/blogg.svenskakyrkan.se\/act\/\"]}]},{\"@type\":\"BreadcrumbList\",\"@id\":\"https:\/\/blogg.svenskakyrkan.se\/act\/#breadcrumb\",\"itemListElement\":[{\"@type\":\"ListItem\",\"position\":1,\"name\":\"Hem\",\"item\":\"https:\/\/blogg.svenskakyrkan.se\/act\/\"},{\"@type\":\"ListItem\",\"position\":2,\"name\":\"Start\"}]},{\"@type\":\"WebSite\",\"@id\":\"https:\/\/blogg.svenskakyrkan.se\/act\/#website\",\"url\":\"https:\/\/blogg.svenskakyrkan.se\/act\/\",\"name\":\"Act Svenska kyrkan\",\"description\":\"Vi lever alla under samma himmel. Vi har samma r\u00e4ttigheter men verkligheten ser olika ut. Tillsammans f\u00f6r vi en kamp f\u00f6r liv.\",\"potentialAction\":[{\"@type\":\"SearchAction\",\"target\":{\"@type\":\"EntryPoint\",\"urlTemplate\":\"https:\/\/blogg.svenskakyrkan.se\/act\/?s={search_term_string}\"},\"query-input\":{\"@type\":\"PropertyValueSpecification\",\"valueRequired\":true,\"valueName\":\"search_term_string\"}}],\"inLanguage\":\"sv-SE\"}]}<\/script>\n<!-- \/ Yoast SEO plugin. -->","yoast_head_json":{"title":"Start - Act Svenska kyrkan","robots":{"index":"index","follow":"follow","max-snippet":"max-snippet:-1","max-image-preview":"max-image-preview:large","max-video-preview":"max-video-preview:-1"},"canonical":"https:\/\/blogg.svenskakyrkan.se\/act\/","og_locale":"sv_SE","og_type":"article","og_title":"Start - Act Svenska kyrkan","og_url":"https:\/\/blogg.svenskakyrkan.se\/act\/","og_site_name":"Act Svenska kyrkan","article_modified_time":"2024-09-18T12:27:33+00:00","twitter_card":"summary_large_image","twitter_misc":{"Ber\u00e4knad l\u00e4stid":"1 minut"},"schema":{"@context":"https:\/\/schema.org","@graph":[{"@type":"WebPage","@id":"https:\/\/blogg.svenskakyrkan.se\/act\/","url":"https:\/\/blogg.svenskakyrkan.se\/act\/","name":"Start - Act Svenska kyrkan","isPartOf":{"@id":"https:\/\/blogg.svenskakyrkan.se\/act\/#website"},"datePublished":"2023-11-30T13:26:33+00:00","dateModified":"2024-09-18T12:27:33+00:00","breadcrumb":{"@id":"https:\/\/blogg.svenskakyrkan.se\/act\/#breadcrumb"},"inLanguage":"sv-SE","potentialAction":[{"@type":"ReadAction","target":["https:\/\/blogg.svenskakyrkan.se\/act\/"]}]},{"@type":"BreadcrumbList","@id":"https:\/\/blogg.svenskakyrkan.se\/act\/#breadcrumb","itemListElement":[{"@type":"ListItem","position":1,"name":"Hem","item":"https:\/\/blogg.svenskakyrkan.se\/act\/"},{"@type":"ListItem","position":2,"name":"Start"}]},{"@type":"WebSite","@id":"https:\/\/blogg.svenskakyrkan.se\/act\/#website","url":"https:\/\/blogg.svenskakyrkan.se\/act\/","name":"Act Svenska kyrkan","description":"Vi lever alla under samma himmel. Vi har samma r\u00e4ttigheter men verkligheten ser olika ut. Tillsammans f\u00f6r vi en kamp f\u00f6r liv.","potentialAction":[{"@type":"SearchAction","target":{"@type":"EntryPoint","urlTemplate":"https:\/\/blogg.svenskakyrkan.se\/act\/?s={search_term_string}"},"query-input":{"@type":"PropertyValueSpecification","valueRequired":true,"valueName":"search_term_string"}}],"inLanguage":"sv-SE"}]}},"_links":{"self":[{"href":"https:\/\/blogg.svenskakyrkan.se\/act\/wp-json\/wp\/v2\/pages\/11154","targetHints":{"allow":["GET"]}}],"collection":[{"href":"https:\/\/blogg.svenskakyrkan.se\/act\/wp-json\/wp\/v2\/pages"}],"about":[{"href":"https:\/\/blogg.svenskakyrkan.se\/act\/wp-json\/wp\/v2\/types\/page"}],"author":[{"embeddable":true,"href":"https:\/\/blogg.svenskakyrkan.se\/act\/wp-json\/wp\/v2\/users\/40"}],"replies":[{"embeddable":true,"href":"https:\/\/blogg.svenskakyrkan.se\/act\/wp-json\/wp\/v2\/comments?post=11154"}],"version-history":[{"count":5,"href":"https:\/\/blogg.svenskakyrkan.se\/act\/wp-json\/wp\/v2\/pages\/11154\/revisions"}],"predecessor-version":[{"id":11411,"href":"https:\/\/blogg.svenskakyrkan.se\/act\/wp-json\/wp\/v2\/pages\/11154\/revisions\/11411"}],"wp:attachment":[{"href":"https:\/\/blogg.svenskakyrkan.se\/act\/wp-json\/wp\/v2\/media?parent=11154"}],"curies":[{"name":"wp","href":"https:\/\/api.w.org\/{rel}","templated":true}]}}