{"id":2,"date":"2011-01-14T08:33:37","date_gmt":"2011-01-14T06:33:37","guid":{"rendered":""},"modified":"2025-10-30T18:14:06","modified_gmt":"2025-10-30T16:14:06","slug":"om","status":"publish","type":"page","link":"https:\/\/blogg.svenskakyrkan.se\/bonander\/","title":{"rendered":"Om"},"content":{"rendered":"<p>Jag tj\u00e4nstg\u00f6r som kyrkoherde i Fryks\u00e4nde pastorat och som kontraktsprost i norra V\u00e4rmlands kontrakt. Texterna i denna blogg \u00e4r betraktelser som antingen hart framf\u00f6rts eller publicerats.<\/p>\n","protected":false},"excerpt":{"rendered":"<p>Jag tj\u00e4nstg\u00f6r som kyrkoherde i Fryks\u00e4nde pastorat och som kontraktsprost i norra V\u00e4rmlands kontrakt. Texterna i denna blogg \u00e4r betraktelser som antingen hart framf\u00f6rts eller publicerats.<\/p>\n","protected":false},"author":42,"featured_media":458,"parent":0,"menu_order":0,"comment_status":"open","ping_status":"open","template":"","meta":{"_acf_changed":false,"footnotes":""},"class_list":["post-2","page","type-page","status-publish","has-post-thumbnail","hentry"],"acf":[],"yoast_head":"<!-- This site is optimized with the Yoast SEO plugin v27.1.1 - https:\/\/yoast.com\/product\/yoast-seo-wordpress\/ -->\n<title>Om - Johan Bonander<\/title>\n<meta name=\"robots\" content=\"index, follow, max-snippet:-1, max-image-preview:large, max-video-preview:-1\" \/>\n<link rel=\"canonical\" href=\"https:\/\/blogg.svenskakyrkan.se\/bonander\/\" \/>\n<meta property=\"og:locale\" content=\"sv_SE\" \/>\n<meta property=\"og:type\" content=\"article\" \/>\n<meta property=\"og:title\" content=\"Om - Johan Bonander\" \/>\n<meta property=\"og:description\" content=\"Jag tj\u00e4nstg\u00f6r som kyrkoherde i Fryks\u00e4nde pastorat och som kontraktsprost i norra V\u00e4rmlands kontrakt. Texterna i denna blogg \u00e4r betraktelser som antingen hart framf\u00f6rts eller publicerats.\" \/>\n<meta property=\"og:url\" content=\"https:\/\/blogg.svenskakyrkan.se\/bonander\/\" \/>\n<meta property=\"og:site_name\" content=\"Johan Bonander\" \/>\n<meta property=\"article:modified_time\" content=\"2025-10-30T16:14:06+00:00\" \/>\n<meta property=\"og:image\" content=\"https:\/\/blogg.svenskakyrkan.se\/bonander\/files\/2014\/11\/Johan-Bonander-bild-betraktelsen-Memphis-magazine-1024x682.jpg\" \/>\n\t<meta property=\"og:image:width\" content=\"1024\" \/>\n\t<meta property=\"og:image:height\" content=\"682\" \/>\n\t<meta property=\"og:image:type\" content=\"image\/jpeg\" \/>\n<meta name=\"twitter:card\" content=\"summary_large_image\" \/>\n<script type=\"application\/ld+json\" class=\"yoast-schema-graph\">{\"@context\":\"https:\/\/schema.org\",\"@graph\":[{\"@type\":\"WebPage\",\"@id\":\"https:\/\/blogg.svenskakyrkan.se\/bonander\/\",\"url\":\"https:\/\/blogg.svenskakyrkan.se\/bonander\/\",\"name\":\"Om - Johan Bonander\",\"isPartOf\":{\"@id\":\"https:\/\/blogg.svenskakyrkan.se\/bonander\/#website\"},\"primaryImageOfPage\":{\"@id\":\"https:\/\/blogg.svenskakyrkan.se\/bonander\/#primaryimage\"},\"image\":{\"@id\":\"https:\/\/blogg.svenskakyrkan.se\/bonander\/#primaryimage\"},\"thumbnailUrl\":\"https:\/\/blogg.svenskakyrkan.se\/bonander\/files\/2014\/11\/Johan-Bonander-bild-betraktelsen-Memphis-magazine.jpg\",\"datePublished\":\"2011-01-14T06:33:37+00:00\",\"dateModified\":\"2025-10-30T16:14:06+00:00\",\"breadcrumb\":{\"@id\":\"https:\/\/blogg.svenskakyrkan.se\/bonander\/#breadcrumb\"},\"inLanguage\":\"sv-SE\",\"potentialAction\":[{\"@type\":\"ReadAction\",\"target\":[\"https:\/\/blogg.svenskakyrkan.se\/bonander\/\"]}]},{\"@type\":\"ImageObject\",\"inLanguage\":\"sv-SE\",\"@id\":\"https:\/\/blogg.svenskakyrkan.se\/bonander\/#primaryimage\",\"url\":\"https:\/\/blogg.svenskakyrkan.se\/bonander\/files\/2014\/11\/Johan-Bonander-bild-betraktelsen-Memphis-magazine.jpg\",\"contentUrl\":\"https:\/\/blogg.svenskakyrkan.se\/bonander\/files\/2014\/11\/Johan-Bonander-bild-betraktelsen-Memphis-magazine.jpg\",\"width\":4272,\"height\":2848},{\"@type\":\"BreadcrumbList\",\"@id\":\"https:\/\/blogg.svenskakyrkan.se\/bonander\/#breadcrumb\",\"itemListElement\":[{\"@type\":\"ListItem\",\"position\":1,\"name\":\"Hem\",\"item\":\"https:\/\/blogg.svenskakyrkan.se\/bonander\/\"},{\"@type\":\"ListItem\",\"position\":2,\"name\":\"Om\"}]},{\"@type\":\"WebSite\",\"@id\":\"https:\/\/blogg.svenskakyrkan.se\/bonander\/#website\",\"url\":\"https:\/\/blogg.svenskakyrkan.se\/bonander\/\",\"name\":\"Johan Bonander\",\"description\":\"Predikningar &amp; betraktelser, framf\u00f6rda alternativt publicerade\",\"potentialAction\":[{\"@type\":\"SearchAction\",\"target\":{\"@type\":\"EntryPoint\",\"urlTemplate\":\"https:\/\/blogg.svenskakyrkan.se\/bonander\/?s={search_term_string}\"},\"query-input\":{\"@type\":\"PropertyValueSpecification\",\"valueRequired\":true,\"valueName\":\"search_term_string\"}}],\"inLanguage\":\"sv-SE\"}]}<\/script>\n<!-- \/ Yoast SEO plugin. -->","yoast_head_json":{"title":"Om - Johan Bonander","robots":{"index":"index","follow":"follow","max-snippet":"max-snippet:-1","max-image-preview":"max-image-preview:large","max-video-preview":"max-video-preview:-1"},"canonical":"https:\/\/blogg.svenskakyrkan.se\/bonander\/","og_locale":"sv_SE","og_type":"article","og_title":"Om - Johan Bonander","og_description":"Jag tj\u00e4nstg\u00f6r som kyrkoherde i Fryks\u00e4nde pastorat och som kontraktsprost i norra V\u00e4rmlands kontrakt. Texterna i denna blogg \u00e4r betraktelser som antingen hart framf\u00f6rts eller publicerats.","og_url":"https:\/\/blogg.svenskakyrkan.se\/bonander\/","og_site_name":"Johan Bonander","article_modified_time":"2025-10-30T16:14:06+00:00","og_image":[{"width":1024,"height":682,"url":"https:\/\/blogg.svenskakyrkan.se\/bonander\/files\/2014\/11\/Johan-Bonander-bild-betraktelsen-Memphis-magazine-1024x682.jpg","type":"image\/jpeg"}],"twitter_card":"summary_large_image","schema":{"@context":"https:\/\/schema.org","@graph":[{"@type":"WebPage","@id":"https:\/\/blogg.svenskakyrkan.se\/bonander\/","url":"https:\/\/blogg.svenskakyrkan.se\/bonander\/","name":"Om - Johan Bonander","isPartOf":{"@id":"https:\/\/blogg.svenskakyrkan.se\/bonander\/#website"},"primaryImageOfPage":{"@id":"https:\/\/blogg.svenskakyrkan.se\/bonander\/#primaryimage"},"image":{"@id":"https:\/\/blogg.svenskakyrkan.se\/bonander\/#primaryimage"},"thumbnailUrl":"https:\/\/blogg.svenskakyrkan.se\/bonander\/files\/2014\/11\/Johan-Bonander-bild-betraktelsen-Memphis-magazine.jpg","datePublished":"2011-01-14T06:33:37+00:00","dateModified":"2025-10-30T16:14:06+00:00","breadcrumb":{"@id":"https:\/\/blogg.svenskakyrkan.se\/bonander\/#breadcrumb"},"inLanguage":"sv-SE","potentialAction":[{"@type":"ReadAction","target":["https:\/\/blogg.svenskakyrkan.se\/bonander\/"]}]},{"@type":"ImageObject","inLanguage":"sv-SE","@id":"https:\/\/blogg.svenskakyrkan.se\/bonander\/#primaryimage","url":"https:\/\/blogg.svenskakyrkan.se\/bonander\/files\/2014\/11\/Johan-Bonander-bild-betraktelsen-Memphis-magazine.jpg","contentUrl":"https:\/\/blogg.svenskakyrkan.se\/bonander\/files\/2014\/11\/Johan-Bonander-bild-betraktelsen-Memphis-magazine.jpg","width":4272,"height":2848},{"@type":"BreadcrumbList","@id":"https:\/\/blogg.svenskakyrkan.se\/bonander\/#breadcrumb","itemListElement":[{"@type":"ListItem","position":1,"name":"Hem","item":"https:\/\/blogg.svenskakyrkan.se\/bonander\/"},{"@type":"ListItem","position":2,"name":"Om"}]},{"@type":"WebSite","@id":"https:\/\/blogg.svenskakyrkan.se\/bonander\/#website","url":"https:\/\/blogg.svenskakyrkan.se\/bonander\/","name":"Johan Bonander","description":"Predikningar &amp; betraktelser, framf\u00f6rda alternativt publicerade","potentialAction":[{"@type":"SearchAction","target":{"@type":"EntryPoint","urlTemplate":"https:\/\/blogg.svenskakyrkan.se\/bonander\/?s={search_term_string}"},"query-input":{"@type":"PropertyValueSpecification","valueRequired":true,"valueName":"search_term_string"}}],"inLanguage":"sv-SE"}]}},"_links":{"self":[{"href":"https:\/\/blogg.svenskakyrkan.se\/bonander\/wp-json\/wp\/v2\/pages\/2","targetHints":{"allow":["GET"]}}],"collection":[{"href":"https:\/\/blogg.svenskakyrkan.se\/bonander\/wp-json\/wp\/v2\/pages"}],"about":[{"href":"https:\/\/blogg.svenskakyrkan.se\/bonander\/wp-json\/wp\/v2\/types\/page"}],"author":[{"embeddable":true,"href":"https:\/\/blogg.svenskakyrkan.se\/bonander\/wp-json\/wp\/v2\/users\/42"}],"replies":[{"embeddable":true,"href":"https:\/\/blogg.svenskakyrkan.se\/bonander\/wp-json\/wp\/v2\/comments?post=2"}],"version-history":[{"count":6,"href":"https:\/\/blogg.svenskakyrkan.se\/bonander\/wp-json\/wp\/v2\/pages\/2\/revisions"}],"predecessor-version":[{"id":1303,"href":"https:\/\/blogg.svenskakyrkan.se\/bonander\/wp-json\/wp\/v2\/pages\/2\/revisions\/1303"}],"wp:featuredmedia":[{"embeddable":true,"href":"https:\/\/blogg.svenskakyrkan.se\/bonander\/wp-json\/wp\/v2\/media\/458"}],"wp:attachment":[{"href":"https:\/\/blogg.svenskakyrkan.se\/bonander\/wp-json\/wp\/v2\/media?parent=2"}],"curies":[{"name":"wp","href":"https:\/\/api.w.org\/{rel}","templated":true}]}}