{"id":1030,"date":"2017-11-28T12:14:15","date_gmt":"2017-11-28T11:14:15","guid":{"rendered":"http:\/\/blogg.svenskakyrkan.se\/crd\/?page_id=1030"},"modified":"2017-11-28T12:14:15","modified_gmt":"2017-11-28T11:14:15","slug":"migration-a-chance-for-metanoia-regina-polak-2017","status":"publish","type":"page","link":"https:\/\/blogg.svenskakyrkan.se\/crd\/ksml\/migration-a-chance-for-metanoia-regina-polak-2017\/","title":{"rendered":"Migration: a chance for Metanoia &#8211; Regina Polak 2017"},"content":{"rendered":"<p><a href=\"http:\/\/blogg.svenskakyrkan.se\/crd\/files\/2016\/12\/Regina-Pollak-foto-Joseph-Krpelan.jpg\"><img loading=\"lazy\" decoding=\"async\" width=\"261\" height=\"300\" class=\"alignleft size-medium wp-image-665\" src=\"http:\/\/blogg.svenskakyrkan.se\/crd\/files\/2016\/12\/Regina-Pollak-foto-Joseph-Krpelan-261x300.jpg\" alt=\"Regina Polak\" srcset=\"https:\/\/blogg.svenskakyrkan.se\/crd\/files\/2016\/12\/Regina-Pollak-foto-Joseph-Krpelan-261x300.jpg 261w, https:\/\/blogg.svenskakyrkan.se\/crd\/files\/2016\/12\/Regina-Pollak-foto-Joseph-Krpelan.jpg 324w\" sizes=\"auto, (max-width: 261px) 100vw, 261px\" \/><\/a><strong>Regina Polak<\/strong> \u00e4r teologie doktor och lektor i praktisk teologi vid Wiens universitet. Hennes forskning handlar om religi\u00f6sa f\u00f6r\u00e4ndringsprocesser i Europa. Hon \u00e4r ocks\u00e5 r\u00e5dgivare till den tyska katolska biskopskonferensens migrationskommision.<\/p>\n<p>Regina Polaks huvudtes \u00e4r att migrationen \u00e4r Europas m\u00f6jlighet till <em>metanoia<\/em> \u2013 det nytestamentliga ord som \u00f6vers\u00e4tts med omv\u00e4ndelse. Begreppet <em>metanoia<\/em> skall f\u00f6rst\u00e5s som en punkt fr\u00e5n vilken vi \u00e4ndrar riktning och g\u00e5r mot ett nytt sinnelag genom en l\u00e4randeprocess som ger oss nya insikter utifr\u00e5n vilka vi ser och tolkar verkligheten p\u00e5 ett radikalt nytt s\u00e4tt. Det handlar om inre och yttre f\u00f6r\u00e4ndring i riktning mot Gud d\u00e4r vi l\u00e4r oss att \u00e4lska Gud och m\u00e4nniskor och som utmynnar i praktisk handling genom arbete f\u00f6r en r\u00e4ttvis v\u00e4rld.<\/p>\n<p>Regina Polak ber\u00e4ttar om en personlig upplevelse av just <em>metanoia<\/em> n\u00e4r hon i samband med inledningen av ett forskningsprojekt ins\u00e5g att ber\u00e4ttelser om migration \u00e4r en centrala och ett genomg\u00e5ende tema i Bibeln. S\u00e4rskilt tydlig \u00e4r exoduserfarenheten \u2013 flykten fr\u00e5n en brutal religi\u00f6s och politisk regim d\u00e4r folket v\u00e4ljer att g\u00e5 ut i \u00f6knen, vilket i praktiken \u00e4r att v\u00e4lja n\u00e5got som kan f\u00e5 d\u00f6dliga konsekvenser, hellre \u00e4n att stanna kvar.<\/p>\n<p>De senaste \u00e5rens migrationsv\u00e5gor och \u201dflyktingkris\u201d kan ses genom dessa glas\u00f6gon och bli v\u00e5r chans till l\u00e4rande, nya perspektiv och ett f\u00f6r\u00e4ndrat sinnelag, s\u00e4ger Polak. Men det sker inte utan sv\u00e5righeter. Vi m\u00e5ste inse att den globala verkligheten nu bryter in \u00e4ven i ett Europa d\u00e4r s\u00e4rskilt v\u00e4steurop\u00e9er har levt i fred och v\u00e4lst\u00e5nd under tv\u00e5 generationer. Samtidigt finns h\u00e4r undertryckta minnen av krig, fattigdom och totalit\u00e4ra regimer samt en skuld efter vad som h\u00e4nde under F\u00f6rintelsen som Europa m\u00e5ste se och g\u00f6ra upp med. Annars tenderar vi att reflexm\u00e4ssigt v\u00e4nda bort v\u00e5r blick fr\u00e5n offren, undandra oss ansvar och skjuta \u00f6ver skuld p\u00e5 fr\u00e4mlingen. Vi m\u00e5ste ocks\u00e5 se och g\u00f6ra upp med r\u00e4dsla och se att andliga v\u00e4rden som generositet, solidaritet och k\u00e4rlek g\u00e5tt f\u00f6rlorade i en tid pr\u00e4glad av individualism och historisk gl\u00f6mska. Europa kommer inte att bli som f\u00f6rr igen. Europa kommer att f\u00f6r\u00e4ndras genom denna process. Det \u00e4r en n\u00f6dv\u00e4ndig insikt.<\/p>\n<p>Migranten kan bli \u201d<em>ett f\u00f6nster genom vilket vi kan l\u00e4ra oss att se v\u00e4rlden<\/em>\u201d. Vi skall inte v\u00e4ja f\u00f6r att se sv\u00e5righeterna men vi beh\u00f6ver ocks\u00e5 l\u00e4ra oss att lyfta de positiva ber\u00e4ttelserna om migration. Bibelns ber\u00e4ttelser \u00e4r en <em>locus theologicus<\/em> \u2013 en punkt d\u00e4r teologi skapas. Migrationsteologi \u00e4r resultatet av en l\u00e4randeprocess med migration som kontext. H\u00e4r ryms b\u00e5de lidande och l\u00e4rande och l\u00e4randeprocessen \u00e4r b\u00e5de andlig och etisk. Genom teologisk reflektion ges vi en chans att minnas v\u00e5r historia, l\u00e4ra oss om gensvar och ansvar och vi ges en m\u00f6jlighet till metanoia.<\/p>\n<p>Flyktingen \u00e4r inte n\u00e4rmare Gud \u00e4n vi men genom erfarenheten av flykt kan teman som maktl\u00f6shet, beroende och s\u00e5rbarhet bli tydliga f\u00f6r oss. Detta kan f\u00e5 oss att v\u00e4nda oss till Gud och bli medvetna om Guds n\u00e4rvaro. Dessutom manar det till handling. Gud h\u00e5ller sitt l\u00f6fte om att beskydda sitt folk i Bibelns ber\u00e4ttelser om migration, men det sker genom m\u00e4nniskors handlingar.<\/p>\n<p>En videoinspelning av Regina Polaks f\u00f6rel\u00e4sning\u00a0<a href=\"https:\/\/youtu.be\/I1hTeiM31fE\" target=\"_blank\" rel=\"noopener\">finns att se h\u00e4r<\/a>.<\/p>\n<p>&nbsp;<\/p>\n<p><strong>Malin Norrby<\/strong><\/p>\n<footer class=\"article-footer grid-main\">\n<section class=\"c-article-footer\">\n<div class=\"grid-container\"><\/div>\n<\/section>\n<\/footer>\n","protected":false},"excerpt":{"rendered":"<p>Regina Polak \u00e4r teologie doktor och lektor i praktisk teologi vid Wiens universitet. Hennes forskning handlar om religi\u00f6sa f\u00f6r\u00e4ndringsprocesser i Europa. Hon \u00e4r ocks\u00e5 r\u00e5dgivare till den tyska katolska biskopskonferensens migrationskommision. Regina Polaks huvudtes \u00e4r att migrationen \u00e4r Europas m\u00f6jlighet till metanoia \u2013 det nytestamentliga ord som \u00f6vers\u00e4tts med omv\u00e4ndelse. Begreppet metanoia skall f\u00f6rst\u00e5s som [&hellip;]<\/p>\n","protected":false},"author":601,"featured_media":0,"parent":21,"menu_order":0,"comment_status":"closed","ping_status":"closed","template":"","meta":{"_acf_changed":false,"footnotes":""},"class_list":["post-1030","page","type-page","status-publish","hentry"],"acf":[],"yoast_head":"<!-- This site is optimized with the Yoast SEO plugin v27.1.1 - https:\/\/yoast.com\/product\/yoast-seo-wordpress\/ -->\n<title>Migration: a chance for Metanoia - Regina Polak 2017 - Centrum f\u00f6r religionsdialog i Stockholms stift<\/title>\n<meta name=\"robots\" content=\"index, follow, max-snippet:-1, max-image-preview:large, max-video-preview:-1\" \/>\n<link rel=\"canonical\" href=\"https:\/\/blogg.svenskakyrkan.se\/crd\/ksml\/migration-a-chance-for-metanoia-regina-polak-2017\/\" \/>\n<meta property=\"og:locale\" content=\"sv_SE\" \/>\n<meta property=\"og:type\" content=\"article\" \/>\n<meta property=\"og:title\" content=\"Migration: a chance for Metanoia - Regina Polak 2017 - Centrum f\u00f6r religionsdialog i Stockholms stift\" \/>\n<meta property=\"og:description\" content=\"Regina Polak \u00e4r teologie doktor och lektor i praktisk teologi vid Wiens universitet. Hennes forskning handlar om religi\u00f6sa f\u00f6r\u00e4ndringsprocesser i Europa. Hon \u00e4r ocks\u00e5 r\u00e5dgivare till den tyska katolska biskopskonferensens migrationskommision. Regina Polaks huvudtes \u00e4r att migrationen \u00e4r Europas m\u00f6jlighet till metanoia \u2013 det nytestamentliga ord som \u00f6vers\u00e4tts med omv\u00e4ndelse. Begreppet metanoia skall f\u00f6rst\u00e5s som [&hellip;]\" \/>\n<meta property=\"og:url\" content=\"https:\/\/blogg.svenskakyrkan.se\/crd\/ksml\/migration-a-chance-for-metanoia-regina-polak-2017\/\" \/>\n<meta property=\"og:site_name\" content=\"Centrum f\u00f6r religionsdialog i Stockholms stift\" \/>\n<meta property=\"og:image\" content=\"http:\/\/blogg.svenskakyrkan.se\/crd\/files\/2016\/12\/Regina-Pollak-foto-Joseph-Krpelan-261x300.jpg\" \/>\n<meta name=\"twitter:card\" content=\"summary_large_image\" \/>\n<meta name=\"twitter:label1\" content=\"Ber\u00e4knad l\u00e4stid\" \/>\n\t<meta name=\"twitter:data1\" content=\"3 minuter\" \/>\n<script type=\"application\/ld+json\" class=\"yoast-schema-graph\">{\"@context\":\"https:\/\/schema.org\",\"@graph\":[{\"@type\":\"WebPage\",\"@id\":\"https:\/\/blogg.svenskakyrkan.se\/crd\/ksml\/migration-a-chance-for-metanoia-regina-polak-2017\/\",\"url\":\"https:\/\/blogg.svenskakyrkan.se\/crd\/ksml\/migration-a-chance-for-metanoia-regina-polak-2017\/\",\"name\":\"Migration: a chance for Metanoia - Regina Polak 2017 - Centrum f\u00f6r religionsdialog i Stockholms stift\",\"isPartOf\":{\"@id\":\"https:\/\/blogg.svenskakyrkan.se\/crd\/#website\"},\"primaryImageOfPage\":{\"@id\":\"https:\/\/blogg.svenskakyrkan.se\/crd\/ksml\/migration-a-chance-for-metanoia-regina-polak-2017\/#primaryimage\"},\"image\":{\"@id\":\"https:\/\/blogg.svenskakyrkan.se\/crd\/ksml\/migration-a-chance-for-metanoia-regina-polak-2017\/#primaryimage\"},\"thumbnailUrl\":\"http:\/\/blogg.svenskakyrkan.se\/crd\/files\/2016\/12\/Regina-Pollak-foto-Joseph-Krpelan-261x300.jpg\",\"datePublished\":\"2017-11-28T11:14:15+00:00\",\"breadcrumb\":{\"@id\":\"https:\/\/blogg.svenskakyrkan.se\/crd\/ksml\/migration-a-chance-for-metanoia-regina-polak-2017\/#breadcrumb\"},\"inLanguage\":\"sv-SE\",\"potentialAction\":[{\"@type\":\"ReadAction\",\"target\":[\"https:\/\/blogg.svenskakyrkan.se\/crd\/ksml\/migration-a-chance-for-metanoia-regina-polak-2017\/\"]}]},{\"@type\":\"ImageObject\",\"inLanguage\":\"sv-SE\",\"@id\":\"https:\/\/blogg.svenskakyrkan.se\/crd\/ksml\/migration-a-chance-for-metanoia-regina-polak-2017\/#primaryimage\",\"url\":\"https:\/\/blogg.svenskakyrkan.se\/crd\/files\/2016\/12\/Regina-Pollak-foto-Joseph-Krpelan.jpg\",\"contentUrl\":\"https:\/\/blogg.svenskakyrkan.se\/crd\/files\/2016\/12\/Regina-Pollak-foto-Joseph-Krpelan.jpg\",\"width\":324,\"height\":372,\"caption\":\"Regina Polak\"},{\"@type\":\"BreadcrumbList\",\"@id\":\"https:\/\/blogg.svenskakyrkan.se\/crd\/ksml\/migration-a-chance-for-metanoia-regina-polak-2017\/#breadcrumb\",\"itemListElement\":[{\"@type\":\"ListItem\",\"position\":1,\"name\":\"Hem\",\"item\":\"https:\/\/blogg.svenskakyrkan.se\/crd\/\"},{\"@type\":\"ListItem\",\"position\":2,\"name\":\"Krister Stendahl Memorial Lecture\",\"item\":\"https:\/\/blogg.svenskakyrkan.se\/crd\/ksml\/\"},{\"@type\":\"ListItem\",\"position\":3,\"name\":\"Migration: a chance for Metanoia &#8211; Regina Polak 2017\"}]},{\"@type\":\"WebSite\",\"@id\":\"https:\/\/blogg.svenskakyrkan.se\/crd\/#website\",\"url\":\"https:\/\/blogg.svenskakyrkan.se\/crd\/\",\"name\":\"Centrum f\u00f6r religionsdialog i Stockholms stift\",\"description\":\"\",\"potentialAction\":[{\"@type\":\"SearchAction\",\"target\":{\"@type\":\"EntryPoint\",\"urlTemplate\":\"https:\/\/blogg.svenskakyrkan.se\/crd\/?s={search_term_string}\"},\"query-input\":{\"@type\":\"PropertyValueSpecification\",\"valueRequired\":true,\"valueName\":\"search_term_string\"}}],\"inLanguage\":\"sv-SE\"}]}<\/script>\n<!-- \/ Yoast SEO plugin. -->","yoast_head_json":{"title":"Migration: a chance for Metanoia - Regina Polak 2017 - Centrum f\u00f6r religionsdialog i Stockholms stift","robots":{"index":"index","follow":"follow","max-snippet":"max-snippet:-1","max-image-preview":"max-image-preview:large","max-video-preview":"max-video-preview:-1"},"canonical":"https:\/\/blogg.svenskakyrkan.se\/crd\/ksml\/migration-a-chance-for-metanoia-regina-polak-2017\/","og_locale":"sv_SE","og_type":"article","og_title":"Migration: a chance for Metanoia - Regina Polak 2017 - Centrum f\u00f6r religionsdialog i Stockholms stift","og_description":"Regina Polak \u00e4r teologie doktor och lektor i praktisk teologi vid Wiens universitet. Hennes forskning handlar om religi\u00f6sa f\u00f6r\u00e4ndringsprocesser i Europa. Hon \u00e4r ocks\u00e5 r\u00e5dgivare till den tyska katolska biskopskonferensens migrationskommision. Regina Polaks huvudtes \u00e4r att migrationen \u00e4r Europas m\u00f6jlighet till metanoia \u2013 det nytestamentliga ord som \u00f6vers\u00e4tts med omv\u00e4ndelse. Begreppet metanoia skall f\u00f6rst\u00e5s som [&hellip;]","og_url":"https:\/\/blogg.svenskakyrkan.se\/crd\/ksml\/migration-a-chance-for-metanoia-regina-polak-2017\/","og_site_name":"Centrum f\u00f6r religionsdialog i Stockholms stift","og_image":[{"url":"http:\/\/blogg.svenskakyrkan.se\/crd\/files\/2016\/12\/Regina-Pollak-foto-Joseph-Krpelan-261x300.jpg","type":"","width":"","height":""}],"twitter_card":"summary_large_image","twitter_misc":{"Ber\u00e4knad l\u00e4stid":"3 minuter"},"schema":{"@context":"https:\/\/schema.org","@graph":[{"@type":"WebPage","@id":"https:\/\/blogg.svenskakyrkan.se\/crd\/ksml\/migration-a-chance-for-metanoia-regina-polak-2017\/","url":"https:\/\/blogg.svenskakyrkan.se\/crd\/ksml\/migration-a-chance-for-metanoia-regina-polak-2017\/","name":"Migration: a chance for Metanoia - Regina Polak 2017 - Centrum f\u00f6r religionsdialog i Stockholms stift","isPartOf":{"@id":"https:\/\/blogg.svenskakyrkan.se\/crd\/#website"},"primaryImageOfPage":{"@id":"https:\/\/blogg.svenskakyrkan.se\/crd\/ksml\/migration-a-chance-for-metanoia-regina-polak-2017\/#primaryimage"},"image":{"@id":"https:\/\/blogg.svenskakyrkan.se\/crd\/ksml\/migration-a-chance-for-metanoia-regina-polak-2017\/#primaryimage"},"thumbnailUrl":"http:\/\/blogg.svenskakyrkan.se\/crd\/files\/2016\/12\/Regina-Pollak-foto-Joseph-Krpelan-261x300.jpg","datePublished":"2017-11-28T11:14:15+00:00","breadcrumb":{"@id":"https:\/\/blogg.svenskakyrkan.se\/crd\/ksml\/migration-a-chance-for-metanoia-regina-polak-2017\/#breadcrumb"},"inLanguage":"sv-SE","potentialAction":[{"@type":"ReadAction","target":["https:\/\/blogg.svenskakyrkan.se\/crd\/ksml\/migration-a-chance-for-metanoia-regina-polak-2017\/"]}]},{"@type":"ImageObject","inLanguage":"sv-SE","@id":"https:\/\/blogg.svenskakyrkan.se\/crd\/ksml\/migration-a-chance-for-metanoia-regina-polak-2017\/#primaryimage","url":"https:\/\/blogg.svenskakyrkan.se\/crd\/files\/2016\/12\/Regina-Pollak-foto-Joseph-Krpelan.jpg","contentUrl":"https:\/\/blogg.svenskakyrkan.se\/crd\/files\/2016\/12\/Regina-Pollak-foto-Joseph-Krpelan.jpg","width":324,"height":372,"caption":"Regina Polak"},{"@type":"BreadcrumbList","@id":"https:\/\/blogg.svenskakyrkan.se\/crd\/ksml\/migration-a-chance-for-metanoia-regina-polak-2017\/#breadcrumb","itemListElement":[{"@type":"ListItem","position":1,"name":"Hem","item":"https:\/\/blogg.svenskakyrkan.se\/crd\/"},{"@type":"ListItem","position":2,"name":"Krister Stendahl Memorial Lecture","item":"https:\/\/blogg.svenskakyrkan.se\/crd\/ksml\/"},{"@type":"ListItem","position":3,"name":"Migration: a chance for Metanoia &#8211; Regina Polak 2017"}]},{"@type":"WebSite","@id":"https:\/\/blogg.svenskakyrkan.se\/crd\/#website","url":"https:\/\/blogg.svenskakyrkan.se\/crd\/","name":"Centrum f\u00f6r religionsdialog i Stockholms stift","description":"","potentialAction":[{"@type":"SearchAction","target":{"@type":"EntryPoint","urlTemplate":"https:\/\/blogg.svenskakyrkan.se\/crd\/?s={search_term_string}"},"query-input":{"@type":"PropertyValueSpecification","valueRequired":true,"valueName":"search_term_string"}}],"inLanguage":"sv-SE"}]}},"_links":{"self":[{"href":"https:\/\/blogg.svenskakyrkan.se\/crd\/wp-json\/wp\/v2\/pages\/1030","targetHints":{"allow":["GET"]}}],"collection":[{"href":"https:\/\/blogg.svenskakyrkan.se\/crd\/wp-json\/wp\/v2\/pages"}],"about":[{"href":"https:\/\/blogg.svenskakyrkan.se\/crd\/wp-json\/wp\/v2\/types\/page"}],"author":[{"embeddable":true,"href":"https:\/\/blogg.svenskakyrkan.se\/crd\/wp-json\/wp\/v2\/users\/601"}],"replies":[{"embeddable":true,"href":"https:\/\/blogg.svenskakyrkan.se\/crd\/wp-json\/wp\/v2\/comments?post=1030"}],"version-history":[{"count":2,"href":"https:\/\/blogg.svenskakyrkan.se\/crd\/wp-json\/wp\/v2\/pages\/1030\/revisions"}],"predecessor-version":[{"id":1032,"href":"https:\/\/blogg.svenskakyrkan.se\/crd\/wp-json\/wp\/v2\/pages\/1030\/revisions\/1032"}],"up":[{"embeddable":true,"href":"https:\/\/blogg.svenskakyrkan.se\/crd\/wp-json\/wp\/v2\/pages\/21"}],"wp:attachment":[{"href":"https:\/\/blogg.svenskakyrkan.se\/crd\/wp-json\/wp\/v2\/media?parent=1030"}],"curies":[{"name":"wp","href":"https:\/\/api.w.org\/{rel}","templated":true}]}}