{"id":21,"date":"2016-12-13T10:51:46","date_gmt":"2016-12-13T09:51:46","guid":{"rendered":"http:\/\/blogg.svenskakyrkan.se\/crd\/?page_id=21"},"modified":"2021-01-13T14:31:30","modified_gmt":"2021-01-13T13:31:30","slug":"ksml","status":"publish","type":"page","link":"https:\/\/blogg.svenskakyrkan.se\/crd\/ksml\/","title":{"rendered":"Krister Stendahl Memorial Lecture"},"content":{"rendered":"<h2>Krister Stendahl Memorial Lecture<\/h2>\n<p><a href=\"http:\/\/blogg.svenskakyrkan.se\/crd\/files\/2016\/12\/krister-stendahl-svart-vit-bild.jpg\"><img loading=\"lazy\" decoding=\"async\" class=\"alignleft wp-image-340 size-medium\" src=\"http:\/\/blogg.svenskakyrkan.se\/crd\/files\/2016\/12\/krister-stendahl-svart-vit-bild-220x300.jpg\" alt=\"Biskop Krister Stendahl\" width=\"220\" height=\"300\" srcset=\"https:\/\/blogg.svenskakyrkan.se\/crd\/files\/2016\/12\/krister-stendahl-svart-vit-bild-220x300.jpg 220w, https:\/\/blogg.svenskakyrkan.se\/crd\/files\/2016\/12\/krister-stendahl-svart-vit-bild-751x1024.jpg 751w, https:\/\/blogg.svenskakyrkan.se\/crd\/files\/2016\/12\/krister-stendahl-svart-vit-bild.jpg 2034w\" sizes=\"auto, (max-width: 220px) 100vw, 220px\" \/><\/a>Krister Stendahl Memorial Lecture h\u00e5lls p\u00e5 h\u00f6sten varje \u00e5r till minne av Krister Stendahl, biskop i Stockholms stift 1984-1988 och tidigare professor i bibelvetenskap och dekanus vid Harvard Divinity School i USA.<\/p>\n<p>Biskop Krister engagerade sig tidigt i religionsdialogen, framf\u00f6r allt dialogen mellan judar och kristna, och f\u00f6rmedlade en ny syn p\u00e5 Paulus i boken\u00a0<em>Paulus bland judar och hedningar.\u00a0<\/em>Han formulerade tre &#8221;regler f\u00f6r religionsdialog&#8221;:<\/p>\n<p>1. Om du vill veta n\u00e5got om en annan religion ska du fr\u00e5ga dess anh\u00e4ngare, inte dess motst\u00e5ndare.<br \/>\n2. J\u00e4mf\u00f6r inte din egen traditions b\u00e4sta ideal med den andres v\u00e4rsta praktik.<br \/>\n3. Ge utrymme f\u00f6r helig avund!<\/p>\n<p><strong>Under 2020 kommer det tyv\u00e4rr inte att bli n\u00e5gon f\u00f6rel\u00e4sning pga os\u00e4kerheten kring hur coronapandemin utvecklar sig.<\/strong><\/p>\n<h2>2019 \u00e5rs f\u00f6rel\u00e4sare:<br \/>\nProfessor Katharina von Kellenbach<\/h2>\n<p><strong><em><a href=\"http:\/\/blogg.svenskakyrkan.se\/crd\/files\/2019\/11\/KvK-f\u00f6rel\u00e4ser-2-e1573420060134.jpg\"><img loading=\"lazy\" decoding=\"async\" width=\"225\" height=\"300\" class=\"alignleft size-medium wp-image-1833\" src=\"http:\/\/blogg.svenskakyrkan.se\/crd\/files\/2019\/11\/KvK-f\u00f6rel\u00e4ser-2-e1573420060134-225x300.jpg\" alt=\"\" srcset=\"https:\/\/blogg.svenskakyrkan.se\/crd\/files\/2019\/11\/KvK-f\u00f6rel\u00e4ser-2-e1573420060134-225x300.jpg 225w, https:\/\/blogg.svenskakyrkan.se\/crd\/files\/2019\/11\/KvK-f\u00f6rel\u00e4ser-2-e1573420060134-768x1024.jpg 768w, https:\/\/blogg.svenskakyrkan.se\/crd\/files\/2019\/11\/KvK-f\u00f6rel\u00e4ser-2-e1573420060134-1200x1600.jpg 1200w\" sizes=\"auto, (max-width: 225px) 100vw, 225px\" \/><\/a><\/em><\/strong><\/p>\n<p><strong><em>Guilt and the Transformation of Jewish-Christian Relations<\/em><\/strong>\u00a0var titeln p\u00e5 \u00e5rets Krister Stendahl Memorial Lecture, som \u00e4gde rum 31 oktober kl 15 i Bringsalen p\u00e5 Ersta konferens. F\u00f6rel\u00e4sningen var v\u00e4lbes\u00f6kt, bl a n\u00e4rvarade Krister Stendahls son Johan Stendahl och dottern Anna Langenfeld, p\u00e5 bes\u00f6k fr\u00e5n USA.<\/p>\n<p>F\u00f6rel\u00e4sningen spelades in och finns att se\u00a0<a href=\"https:\/\/youtu.be\/kotLh1909ic\">h\u00e4r<\/a>, samt i pdf-form:\u00a0<a href=\"http:\/\/blogg.svenskakyrkan.se\/crd\/files\/2019\/11\/Guilt-and-the-transformation-of-Jewish-Christian-Relations.pdf\">Guilt and the transformation of Jewish-Christian Relations<\/a>.<\/p>\n<p>Katharina von Kellenbach som innehar en professur i religionsvetenskap vid St. Mary&#8217;s College i Maryland, USA, \u00e4r f\u00f6r n\u00e4rvarande Corcoran Visiting Chair in Christian-Jewish Relations vid Center for Christian-Jewish Learning, Boston College. Innan dess\u00a0var hon ledare f\u00f6r ett interdisciplin\u00e4rt projekt med titeln\u00a0<em>Felix Culpa? Guilt as a Culturally Productive Force\u00a0<\/em>vid universitetet i Bielefeld, Tyskland<em>.<\/em>\u00a0Projektet unders\u00f6ker skuld ur ett kollektivt, politiskt perspektiv. Vilka \u00e5terverkningar f\u00e5r den skuld som genereras genom politiskt v\u00e5ld och or\u00e4ttvisor &#8211; p\u00e5 gott och ont? Ur denna synvinkel unders\u00f6ker Katharina von Kellenbach hur skulden fr\u00e5n F\u00f6rintelsen bidragit till att kristna insett behovet av en f\u00f6rnyad relation till det judiska folket.<\/p>\n<p><em>Anti-Judaism in Feminist Religious Writings\u00a0<\/em>\u00e4r titeln p\u00e5 Katharina von Kellenbachs f\u00f6rsta bok, hennes doktorsavhandling fr\u00e5n 1994. I den f\u00f6renas hennes tv\u00e5 forskningsomr\u00e5den: feminism och judisk-kristna relationer, d\u00e4r hon fann att feministisk teologi inte undg\u00e5tt att falla i den klassiska teologins antijudiska f\u00e4llor. Huvuddelen av hennes forskning har \u00e4gnats \u00e5t F\u00f6rintelsen. Hennes senaste bok \u00e4r\u00a0<em>The Mark of Cain: Guilt and Denial in the Lives of Nazi Perpetrators\u00a0<\/em>\u00a0(2013) som unders\u00f6ker n\u00e4rvaron av skuld hos f\u00f6r\u00f6varna fr\u00e5n nazi-tiden i Tyskland.<\/p>\n<p><a href=\"https:\/\/blogg.svenskakyrkan.se\/crd\/2019\/07\/11\/hon-undersoker-skulden-som-produktiv-kraft\/\">H\u00e4r<\/a>\u00a0kan du l\u00e4sa en intervju inf\u00f6r f\u00f6rel\u00e4sningen med Katharina von Kellenbach.<\/p>\n<p>Detta var den elfte Krister Stendahl Memorial Lecture, och den arrangerades liksom tidigare \u00e5r i samarbete med\u00a0<a href=\"http:\/\/www.paideia-eu.org\/\">Paideia, the European Institute for Jewish Studies in Sweden.<\/a><\/p>\n<h2>Tidigare f\u00f6rel\u00e4sningar<\/h2>\n<p><strong>2018\u00a0<\/strong><a href=\"https:\/\/www.youtube.com\/watch?v=bTp1cUBvFUs\">Paula Fredriksen: Messy Monotheism and Practical Pluralism<\/a>\u00a0(videoupptagning),\u00a0<a href=\"https:\/\/blogg.svenskakyrkan.se\/crd\/2018\/11\/23\/praktisk-pluralism-mojliggor-fredlig-samlevnad\/\">Sammanfattning<\/a><\/p>\n<p><strong>2017<\/strong>\u00a0<a href=\"http:\/\/blogg.svenskakyrkan.se\/crd\/ksml\/migration-a-chance-for-metanoia-regina-polak-2017\/\">Regina Polak<\/a>:\u00a0<a href=\"https:\/\/www.youtube.com\/watch?v=I1hTeiM31fE&amp;feature=youtu.be\" target=\"_blank\" rel=\"noopener noreferrer\">Migration: a chance for\u00a0<em>metanoia<\/em><\/a>\u00a0(vidoupptagning),\u00a0<a href=\"http:\/\/blogg.svenskakyrkan.se\/crd\/files\/2017\/10\/KSML2017.pdf\">KSML2017<\/a>\u00a0(pdf).<\/p>\n<p><strong>2016<\/strong>\u00a0<a href=\"http:\/\/blogg.svenskakyrkan.se\/crd\/ksml\/can-radical-fundamental-religion-live-in-a-world-of-humanism-democracy-and-peace-rabbi-michael-melchior-2016\/\">Rabbi Michael Melchior<\/a>:\u00a0<a href=\"https:\/\/www.youtube.com\/watch?v=WW5M1X3MxQc\" target=\"_blank\" rel=\"noopener noreferrer\">When we work together for Peace we change\u00a0<\/a>(videoupptagning)<\/p>\n<p><strong>2015<\/strong>\u00a0<a href=\"http:\/\/blogg.svenskakyrkan.se\/crd\/ksml\/love-and-law-in-christianity-and-islam-mona-siddiqui-2016\/\">Mona Siddiqui<\/a>:\u00a0<a href=\"http:\/\/blogg.svenskakyrkan.se\/crd\/files\/2016\/12\/Siddiqui.pdf\">Love and Law in Christianity and Islam<\/a>\u00a0(pdf)<\/p>\n<p><strong>2014<\/strong>\u00a0<a href=\"http:\/\/blogg.svenskakyrkan.se\/crd\/ksml\/turn-it-and-turn-it-again-the-vital-importance-of-biblical-scholarship-to-jewish-christian-relations-mary-c-boys-2014\/\">Mary C Boys<\/a>:<em>\u00a0<a href=\"http:\/\/blogg.svenskakyrkan.se\/crd\/files\/2016\/12\/Boys.pdf\">Turn it and Turn it Again: The Vital Contribution of Krister Stendahl to Jewish-Christian Relations<\/a>\u00a0<\/em>(pdf)<\/p>\n<p><strong>2013<\/strong>\u00a0<a href=\"http:\/\/blogg.svenskakyrkan.se\/crd\/ksml\/stendahlforelasning-imam-feisal-abdul-rauf-2013\/\">Imam Feisal Abdul Rauf<\/a>:\u00a0<a href=\"https:\/\/www.youtube.com\/watch?v=akRFHjjFrSg\" target=\"_blank\" rel=\"noopener noreferrer\"><em>Stendahlf\u00f6rel\u00e4sning<\/em><\/a>\u00a0(Videoupptagning)<\/p>\n<p><strong>2012<\/strong>\u00a0<a href=\"http:\/\/blogg.svenskakyrkan.se\/crd\/ksml\/frontiers-of-faith-religious-pluralism-and-our-common-future-diana-l-eck-2012\/\">Diana L. Eck<\/a>:<em>\u00a0<a href=\"http:\/\/blogg.svenskakyrkan.se\/crd\/files\/2016\/12\/Eck.pdf\">Frontiers of Faith: Religious Pluralism and our Com<\/a><\/em><em><a href=\"http:\/\/blogg.svenskakyrkan.se\/crd\/files\/2016\/12\/Eck.pdf\">mon Future<\/a>\u00a0(pdf)<\/em><\/p>\n<p><strong>2011<\/strong> <a href=\"http:\/\/blogg.svenskakyrkan.se\/crd\/ksml\/jesus-var-inte-fran-schleswig-holstein-susanna-heschel-2011\/\">Susanna Heschel<\/a>: <a href=\"http:\/\/blogg.svenskakyrkan.se\/crd\/files\/2016\/12\/Jesus-var-inte-fr\u00e5n-Schleswig.pdf\">Jesus var inte fr\u00e5n Schleswig-Holstein<\/a> (sammandrag av Helene Egnell, pdf)<\/p>\n<p><strong>2010<\/strong>: <a href=\"http:\/\/blogg.svenskakyrkan.se\/crd\/ksml\/is-religion-the-problem-or-the-solution-especially-in-the-middle-east-david-rosen-2010\/\">David Rosen<\/a>: <a href=\"http:\/\/blogg.svenskakyrkan.se\/crd\/files\/2016\/12\/Rosen.pdf\">Is Religion the Problem or the Solution: Especially in the Middle East<\/a>\u00a0(pdf)<\/p>\n<p><strong>2009:<\/strong> Paul Knitter: <a href=\"http:\/\/blogg.svenskakyrkan.se\/crd\/files\/2016\/12\/Knitter.pdf\">Christianity and the Religions: A Zero-Sum Game?<\/a>\u00a0(pdf)<\/p>\n","protected":false},"excerpt":{"rendered":"<p>Krister Stendahl Memorial Lecture Krister Stendahl Memorial Lecture h\u00e5lls p\u00e5 h\u00f6sten varje \u00e5r till minne av Krister Stendahl, biskop i Stockholms stift 1984-1988 och tidigare professor i bibelvetenskap och dekanus vid Harvard Divinity School i USA. Biskop Krister engagerade sig tidigt i religionsdialogen, framf\u00f6r allt dialogen mellan judar och kristna, och f\u00f6rmedlade en ny syn [&hellip;]<\/p>\n","protected":false},"author":601,"featured_media":0,"parent":0,"menu_order":0,"comment_status":"closed","ping_status":"closed","template":"","meta":{"_acf_changed":false,"footnotes":""},"class_list":["post-21","page","type-page","status-publish","hentry"],"acf":[],"yoast_head":"<!-- This site is optimized with the Yoast SEO plugin v27.1.1 - https:\/\/yoast.com\/product\/yoast-seo-wordpress\/ -->\n<title>Krister Stendahl Memorial Lecture - Centrum f\u00f6r religionsdialog i Stockholms stift<\/title>\n<meta name=\"robots\" content=\"index, follow, max-snippet:-1, max-image-preview:large, max-video-preview:-1\" \/>\n<link rel=\"canonical\" href=\"https:\/\/blogg.svenskakyrkan.se\/crd\/ksml\/\" \/>\n<meta property=\"og:locale\" content=\"sv_SE\" \/>\n<meta property=\"og:type\" content=\"article\" \/>\n<meta property=\"og:title\" content=\"Krister Stendahl Memorial Lecture - Centrum f\u00f6r religionsdialog i Stockholms stift\" \/>\n<meta property=\"og:description\" content=\"Krister Stendahl Memorial Lecture Krister Stendahl Memorial Lecture h\u00e5lls p\u00e5 h\u00f6sten varje \u00e5r till minne av Krister Stendahl, biskop i Stockholms stift 1984-1988 och tidigare professor i bibelvetenskap och dekanus vid Harvard Divinity School i USA. Biskop Krister engagerade sig tidigt i religionsdialogen, framf\u00f6r allt dialogen mellan judar och kristna, och f\u00f6rmedlade en ny syn [&hellip;]\" \/>\n<meta property=\"og:url\" content=\"https:\/\/blogg.svenskakyrkan.se\/crd\/ksml\/\" \/>\n<meta property=\"og:site_name\" content=\"Centrum f\u00f6r religionsdialog i Stockholms stift\" \/>\n<meta property=\"article:modified_time\" content=\"2021-01-13T13:31:30+00:00\" \/>\n<meta property=\"og:image\" content=\"http:\/\/blogg.svenskakyrkan.se\/crd\/files\/2016\/12\/krister-stendahl-svart-vit-bild-220x300.jpg\" \/>\n<meta name=\"twitter:card\" content=\"summary_large_image\" \/>\n<meta name=\"twitter:label1\" content=\"Ber\u00e4knad l\u00e4stid\" \/>\n\t<meta name=\"twitter:data1\" content=\"3 minuter\" \/>\n<script type=\"application\/ld+json\" class=\"yoast-schema-graph\">{\"@context\":\"https:\/\/schema.org\",\"@graph\":[{\"@type\":\"WebPage\",\"@id\":\"https:\/\/blogg.svenskakyrkan.se\/crd\/ksml\/\",\"url\":\"https:\/\/blogg.svenskakyrkan.se\/crd\/ksml\/\",\"name\":\"Krister Stendahl Memorial Lecture - Centrum f\u00f6r religionsdialog i Stockholms stift\",\"isPartOf\":{\"@id\":\"https:\/\/blogg.svenskakyrkan.se\/crd\/#website\"},\"primaryImageOfPage\":{\"@id\":\"https:\/\/blogg.svenskakyrkan.se\/crd\/ksml\/#primaryimage\"},\"image\":{\"@id\":\"https:\/\/blogg.svenskakyrkan.se\/crd\/ksml\/#primaryimage\"},\"thumbnailUrl\":\"http:\/\/blogg.svenskakyrkan.se\/crd\/files\/2016\/12\/krister-stendahl-svart-vit-bild-220x300.jpg\",\"datePublished\":\"2016-12-13T09:51:46+00:00\",\"dateModified\":\"2021-01-13T13:31:30+00:00\",\"breadcrumb\":{\"@id\":\"https:\/\/blogg.svenskakyrkan.se\/crd\/ksml\/#breadcrumb\"},\"inLanguage\":\"sv-SE\",\"potentialAction\":[{\"@type\":\"ReadAction\",\"target\":[\"https:\/\/blogg.svenskakyrkan.se\/crd\/ksml\/\"]}]},{\"@type\":\"ImageObject\",\"inLanguage\":\"sv-SE\",\"@id\":\"https:\/\/blogg.svenskakyrkan.se\/crd\/ksml\/#primaryimage\",\"url\":\"https:\/\/blogg.svenskakyrkan.se\/crd\/files\/2016\/12\/krister-stendahl-svart-vit-bild.jpg\",\"contentUrl\":\"https:\/\/blogg.svenskakyrkan.se\/crd\/files\/2016\/12\/krister-stendahl-svart-vit-bild.jpg\",\"width\":2034,\"height\":2774,\"caption\":\"Biskop Krister Stendahl\"},{\"@type\":\"BreadcrumbList\",\"@id\":\"https:\/\/blogg.svenskakyrkan.se\/crd\/ksml\/#breadcrumb\",\"itemListElement\":[{\"@type\":\"ListItem\",\"position\":1,\"name\":\"Hem\",\"item\":\"https:\/\/blogg.svenskakyrkan.se\/crd\/\"},{\"@type\":\"ListItem\",\"position\":2,\"name\":\"Krister Stendahl Memorial Lecture\"}]},{\"@type\":\"WebSite\",\"@id\":\"https:\/\/blogg.svenskakyrkan.se\/crd\/#website\",\"url\":\"https:\/\/blogg.svenskakyrkan.se\/crd\/\",\"name\":\"Centrum f\u00f6r religionsdialog i Stockholms stift\",\"description\":\"\",\"potentialAction\":[{\"@type\":\"SearchAction\",\"target\":{\"@type\":\"EntryPoint\",\"urlTemplate\":\"https:\/\/blogg.svenskakyrkan.se\/crd\/?s={search_term_string}\"},\"query-input\":{\"@type\":\"PropertyValueSpecification\",\"valueRequired\":true,\"valueName\":\"search_term_string\"}}],\"inLanguage\":\"sv-SE\"}]}<\/script>\n<!-- \/ Yoast SEO plugin. -->","yoast_head_json":{"title":"Krister Stendahl Memorial Lecture - Centrum f\u00f6r religionsdialog i Stockholms stift","robots":{"index":"index","follow":"follow","max-snippet":"max-snippet:-1","max-image-preview":"max-image-preview:large","max-video-preview":"max-video-preview:-1"},"canonical":"https:\/\/blogg.svenskakyrkan.se\/crd\/ksml\/","og_locale":"sv_SE","og_type":"article","og_title":"Krister Stendahl Memorial Lecture - Centrum f\u00f6r religionsdialog i Stockholms stift","og_description":"Krister Stendahl Memorial Lecture Krister Stendahl Memorial Lecture h\u00e5lls p\u00e5 h\u00f6sten varje \u00e5r till minne av Krister Stendahl, biskop i Stockholms stift 1984-1988 och tidigare professor i bibelvetenskap och dekanus vid Harvard Divinity School i USA. Biskop Krister engagerade sig tidigt i religionsdialogen, framf\u00f6r allt dialogen mellan judar och kristna, och f\u00f6rmedlade en ny syn [&hellip;]","og_url":"https:\/\/blogg.svenskakyrkan.se\/crd\/ksml\/","og_site_name":"Centrum f\u00f6r religionsdialog i Stockholms stift","article_modified_time":"2021-01-13T13:31:30+00:00","og_image":[{"url":"http:\/\/blogg.svenskakyrkan.se\/crd\/files\/2016\/12\/krister-stendahl-svart-vit-bild-220x300.jpg","type":"","width":"","height":""}],"twitter_card":"summary_large_image","twitter_misc":{"Ber\u00e4knad l\u00e4stid":"3 minuter"},"schema":{"@context":"https:\/\/schema.org","@graph":[{"@type":"WebPage","@id":"https:\/\/blogg.svenskakyrkan.se\/crd\/ksml\/","url":"https:\/\/blogg.svenskakyrkan.se\/crd\/ksml\/","name":"Krister Stendahl Memorial Lecture - Centrum f\u00f6r religionsdialog i Stockholms stift","isPartOf":{"@id":"https:\/\/blogg.svenskakyrkan.se\/crd\/#website"},"primaryImageOfPage":{"@id":"https:\/\/blogg.svenskakyrkan.se\/crd\/ksml\/#primaryimage"},"image":{"@id":"https:\/\/blogg.svenskakyrkan.se\/crd\/ksml\/#primaryimage"},"thumbnailUrl":"http:\/\/blogg.svenskakyrkan.se\/crd\/files\/2016\/12\/krister-stendahl-svart-vit-bild-220x300.jpg","datePublished":"2016-12-13T09:51:46+00:00","dateModified":"2021-01-13T13:31:30+00:00","breadcrumb":{"@id":"https:\/\/blogg.svenskakyrkan.se\/crd\/ksml\/#breadcrumb"},"inLanguage":"sv-SE","potentialAction":[{"@type":"ReadAction","target":["https:\/\/blogg.svenskakyrkan.se\/crd\/ksml\/"]}]},{"@type":"ImageObject","inLanguage":"sv-SE","@id":"https:\/\/blogg.svenskakyrkan.se\/crd\/ksml\/#primaryimage","url":"https:\/\/blogg.svenskakyrkan.se\/crd\/files\/2016\/12\/krister-stendahl-svart-vit-bild.jpg","contentUrl":"https:\/\/blogg.svenskakyrkan.se\/crd\/files\/2016\/12\/krister-stendahl-svart-vit-bild.jpg","width":2034,"height":2774,"caption":"Biskop Krister Stendahl"},{"@type":"BreadcrumbList","@id":"https:\/\/blogg.svenskakyrkan.se\/crd\/ksml\/#breadcrumb","itemListElement":[{"@type":"ListItem","position":1,"name":"Hem","item":"https:\/\/blogg.svenskakyrkan.se\/crd\/"},{"@type":"ListItem","position":2,"name":"Krister Stendahl Memorial Lecture"}]},{"@type":"WebSite","@id":"https:\/\/blogg.svenskakyrkan.se\/crd\/#website","url":"https:\/\/blogg.svenskakyrkan.se\/crd\/","name":"Centrum f\u00f6r religionsdialog i Stockholms stift","description":"","potentialAction":[{"@type":"SearchAction","target":{"@type":"EntryPoint","urlTemplate":"https:\/\/blogg.svenskakyrkan.se\/crd\/?s={search_term_string}"},"query-input":{"@type":"PropertyValueSpecification","valueRequired":true,"valueName":"search_term_string"}}],"inLanguage":"sv-SE"}]}},"_links":{"self":[{"href":"https:\/\/blogg.svenskakyrkan.se\/crd\/wp-json\/wp\/v2\/pages\/21","targetHints":{"allow":["GET"]}}],"collection":[{"href":"https:\/\/blogg.svenskakyrkan.se\/crd\/wp-json\/wp\/v2\/pages"}],"about":[{"href":"https:\/\/blogg.svenskakyrkan.se\/crd\/wp-json\/wp\/v2\/types\/page"}],"author":[{"embeddable":true,"href":"https:\/\/blogg.svenskakyrkan.se\/crd\/wp-json\/wp\/v2\/users\/601"}],"replies":[{"embeddable":true,"href":"https:\/\/blogg.svenskakyrkan.se\/crd\/wp-json\/wp\/v2\/comments?post=21"}],"version-history":[{"count":47,"href":"https:\/\/blogg.svenskakyrkan.se\/crd\/wp-json\/wp\/v2\/pages\/21\/revisions"}],"predecessor-version":[{"id":2435,"href":"https:\/\/blogg.svenskakyrkan.se\/crd\/wp-json\/wp\/v2\/pages\/21\/revisions\/2435"}],"wp:attachment":[{"href":"https:\/\/blogg.svenskakyrkan.se\/crd\/wp-json\/wp\/v2\/media?parent=21"}],"curies":[{"name":"wp","href":"https:\/\/api.w.org\/{rel}","templated":true}]}}