{"id":217,"date":"2017-01-07T19:10:40","date_gmt":"2017-01-07T18:10:40","guid":{"rendered":"http:\/\/blogg.svenskakyrkan.se\/crd\/?page_id=217"},"modified":"2021-01-13T14:29:07","modified_gmt":"2021-01-13T13:29:07","slug":"resurser","status":"publish","type":"page","link":"https:\/\/blogg.svenskakyrkan.se\/crd\/resurser\/","title":{"rendered":"Resurser"},"content":{"rendered":"<h4>Artiklar<\/h4>\n<p>Artiklar om religionsteologi och religionsm\u00f6ten <a href=\"http:\/\/blogg.svenskakyrkan.se\/crd\/resurser\/artiklar\/\">hittar du h\u00e4r<\/a>. N\u00e5gra av artiklarna \u00e4r skrivna av Centrum f\u00f6r religionsdialogs medarbetare.<\/p>\n<h4>Biblioteket<\/h4>\n<p>Hos Centrum f\u00f6r religionsdialog\u00a0finns ett litet specialbibliotek med inriktning p\u00e5 religionsdialog, religionsteologi och n\u00e4rliggande \u00e4mnesomr\u00e5den. Biblioteket rymmer ett tusental titlar: b\u00f6cker, rapporter, artiklar, tidskrifter och dokument\u00e4rfilm. Materialet \u00e4r fr\u00e4mst p\u00e5 svenska och engelska. Bibliotekskatalogen <a title=\"Bibliotekskatalog Centrum f\u00f6r religionsdialog\" href=\"https:\/\/www.librarything.com\/profile\/CRDialog\" target=\"_blank\" rel=\"noopener noreferrer\">hittar du h\u00e4r<\/a>.<\/p>\n<h4>B\u00f6cker, konferenser\u00a0och rapporter<\/h4>\n<p>L\u00e4nkar till b\u00f6cker, konferenser och rapporter mm <a title=\"B\u00f6cker och rapporter\" href=\"http:\/\/blogg.svenskakyrkan.se\/crd\/resurser\/bocker-och-rapporter\/\">hittar du h\u00e4r<\/a><\/p>\n<h4>L\u00e4nkar<\/h4>\n<p>Centrum f\u00f6r religionsdialogs l\u00e4nksamling <a title=\"L\u00e4nksamling Centrum f\u00f6r religionsdialog\" href=\"http:\/\/blogg.svenskakyrkan.se\/crd\/resurser\/lanksamling\/\">hittar du h\u00e4r<\/a><\/p>\n<h4>Nyhetsbrev<\/h4>\n<p>Centrum f\u00f6r religionsdialog ger sedan 2009 ut ett nyhetsbrev. De samlade nyhetsbreven fr\u00e5n 2009\u00a0&#8211; 2014\u00a0finns <a title=\"Nyhetsbrev\" href=\"http:\/\/blogg.svenskakyrkan.se\/crd\/resurser\/nyhetsbrev\/\">arkiverade h\u00e4r<\/a>. 2020 skickades det sista nyhetsbrevet ut.<\/p>\n\n<p><\/p>\n","protected":false},"excerpt":{"rendered":"<p>Artiklar Artiklar om religionsteologi och religionsm\u00f6ten hittar du h\u00e4r. N\u00e5gra av artiklarna \u00e4r skrivna av Centrum f\u00f6r religionsdialogs medarbetare. Biblioteket Hos Centrum f\u00f6r religionsdialog\u00a0finns ett litet specialbibliotek med inriktning p\u00e5 religionsdialog, religionsteologi och n\u00e4rliggande \u00e4mnesomr\u00e5den. Biblioteket rymmer ett tusental titlar: b\u00f6cker, rapporter, artiklar, tidskrifter och dokument\u00e4rfilm. Materialet \u00e4r fr\u00e4mst p\u00e5 svenska och engelska. Bibliotekskatalogen hittar [&hellip;]<\/p>\n","protected":false},"author":601,"featured_media":0,"parent":0,"menu_order":0,"comment_status":"closed","ping_status":"closed","template":"","meta":{"_acf_changed":false,"footnotes":""},"class_list":["post-217","page","type-page","status-publish","hentry"],"acf":[],"yoast_head":"<!-- This site is optimized with the Yoast SEO plugin v27.1.1 - https:\/\/yoast.com\/product\/yoast-seo-wordpress\/ -->\n<title>Resurser - Centrum f\u00f6r religionsdialog i Stockholms stift<\/title>\n<meta name=\"robots\" content=\"index, follow, max-snippet:-1, max-image-preview:large, max-video-preview:-1\" \/>\n<link rel=\"canonical\" href=\"https:\/\/blogg.svenskakyrkan.se\/crd\/resurser\/\" \/>\n<meta property=\"og:locale\" content=\"sv_SE\" \/>\n<meta property=\"og:type\" content=\"article\" \/>\n<meta property=\"og:title\" content=\"Resurser - Centrum f\u00f6r religionsdialog i Stockholms stift\" \/>\n<meta property=\"og:description\" content=\"Artiklar Artiklar om religionsteologi och religionsm\u00f6ten hittar du h\u00e4r. N\u00e5gra av artiklarna \u00e4r skrivna av Centrum f\u00f6r religionsdialogs medarbetare. Biblioteket Hos Centrum f\u00f6r religionsdialog\u00a0finns ett litet specialbibliotek med inriktning p\u00e5 religionsdialog, religionsteologi och n\u00e4rliggande \u00e4mnesomr\u00e5den. Biblioteket rymmer ett tusental titlar: b\u00f6cker, rapporter, artiklar, tidskrifter och dokument\u00e4rfilm. Materialet \u00e4r fr\u00e4mst p\u00e5 svenska och engelska. Bibliotekskatalogen hittar [&hellip;]\" \/>\n<meta property=\"og:url\" content=\"https:\/\/blogg.svenskakyrkan.se\/crd\/resurser\/\" \/>\n<meta property=\"og:site_name\" content=\"Centrum f\u00f6r religionsdialog i Stockholms stift\" \/>\n<meta property=\"article:modified_time\" content=\"2021-01-13T13:29:07+00:00\" \/>\n<meta name=\"twitter:card\" content=\"summary_large_image\" \/>\n<meta name=\"twitter:label1\" content=\"Ber\u00e4knad l\u00e4stid\" \/>\n\t<meta name=\"twitter:data1\" content=\"1 minut\" \/>\n<script type=\"application\/ld+json\" class=\"yoast-schema-graph\">{\"@context\":\"https:\/\/schema.org\",\"@graph\":[{\"@type\":\"WebPage\",\"@id\":\"https:\/\/blogg.svenskakyrkan.se\/crd\/resurser\/\",\"url\":\"https:\/\/blogg.svenskakyrkan.se\/crd\/resurser\/\",\"name\":\"Resurser - Centrum f\u00f6r religionsdialog i Stockholms stift\",\"isPartOf\":{\"@id\":\"https:\/\/blogg.svenskakyrkan.se\/crd\/#website\"},\"datePublished\":\"2017-01-07T18:10:40+00:00\",\"dateModified\":\"2021-01-13T13:29:07+00:00\",\"breadcrumb\":{\"@id\":\"https:\/\/blogg.svenskakyrkan.se\/crd\/resurser\/#breadcrumb\"},\"inLanguage\":\"sv-SE\",\"potentialAction\":[{\"@type\":\"ReadAction\",\"target\":[\"https:\/\/blogg.svenskakyrkan.se\/crd\/resurser\/\"]}]},{\"@type\":\"BreadcrumbList\",\"@id\":\"https:\/\/blogg.svenskakyrkan.se\/crd\/resurser\/#breadcrumb\",\"itemListElement\":[{\"@type\":\"ListItem\",\"position\":1,\"name\":\"Hem\",\"item\":\"https:\/\/blogg.svenskakyrkan.se\/crd\/\"},{\"@type\":\"ListItem\",\"position\":2,\"name\":\"Resurser\"}]},{\"@type\":\"WebSite\",\"@id\":\"https:\/\/blogg.svenskakyrkan.se\/crd\/#website\",\"url\":\"https:\/\/blogg.svenskakyrkan.se\/crd\/\",\"name\":\"Centrum f\u00f6r religionsdialog i Stockholms stift\",\"description\":\"\",\"potentialAction\":[{\"@type\":\"SearchAction\",\"target\":{\"@type\":\"EntryPoint\",\"urlTemplate\":\"https:\/\/blogg.svenskakyrkan.se\/crd\/?s={search_term_string}\"},\"query-input\":{\"@type\":\"PropertyValueSpecification\",\"valueRequired\":true,\"valueName\":\"search_term_string\"}}],\"inLanguage\":\"sv-SE\"}]}<\/script>\n<!-- \/ Yoast SEO plugin. -->","yoast_head_json":{"title":"Resurser - Centrum f\u00f6r religionsdialog i Stockholms stift","robots":{"index":"index","follow":"follow","max-snippet":"max-snippet:-1","max-image-preview":"max-image-preview:large","max-video-preview":"max-video-preview:-1"},"canonical":"https:\/\/blogg.svenskakyrkan.se\/crd\/resurser\/","og_locale":"sv_SE","og_type":"article","og_title":"Resurser - Centrum f\u00f6r religionsdialog i Stockholms stift","og_description":"Artiklar Artiklar om religionsteologi och religionsm\u00f6ten hittar du h\u00e4r. N\u00e5gra av artiklarna \u00e4r skrivna av Centrum f\u00f6r religionsdialogs medarbetare. Biblioteket Hos Centrum f\u00f6r religionsdialog\u00a0finns ett litet specialbibliotek med inriktning p\u00e5 religionsdialog, religionsteologi och n\u00e4rliggande \u00e4mnesomr\u00e5den. Biblioteket rymmer ett tusental titlar: b\u00f6cker, rapporter, artiklar, tidskrifter och dokument\u00e4rfilm. Materialet \u00e4r fr\u00e4mst p\u00e5 svenska och engelska. Bibliotekskatalogen hittar [&hellip;]","og_url":"https:\/\/blogg.svenskakyrkan.se\/crd\/resurser\/","og_site_name":"Centrum f\u00f6r religionsdialog i Stockholms stift","article_modified_time":"2021-01-13T13:29:07+00:00","twitter_card":"summary_large_image","twitter_misc":{"Ber\u00e4knad l\u00e4stid":"1 minut"},"schema":{"@context":"https:\/\/schema.org","@graph":[{"@type":"WebPage","@id":"https:\/\/blogg.svenskakyrkan.se\/crd\/resurser\/","url":"https:\/\/blogg.svenskakyrkan.se\/crd\/resurser\/","name":"Resurser - Centrum f\u00f6r religionsdialog i Stockholms stift","isPartOf":{"@id":"https:\/\/blogg.svenskakyrkan.se\/crd\/#website"},"datePublished":"2017-01-07T18:10:40+00:00","dateModified":"2021-01-13T13:29:07+00:00","breadcrumb":{"@id":"https:\/\/blogg.svenskakyrkan.se\/crd\/resurser\/#breadcrumb"},"inLanguage":"sv-SE","potentialAction":[{"@type":"ReadAction","target":["https:\/\/blogg.svenskakyrkan.se\/crd\/resurser\/"]}]},{"@type":"BreadcrumbList","@id":"https:\/\/blogg.svenskakyrkan.se\/crd\/resurser\/#breadcrumb","itemListElement":[{"@type":"ListItem","position":1,"name":"Hem","item":"https:\/\/blogg.svenskakyrkan.se\/crd\/"},{"@type":"ListItem","position":2,"name":"Resurser"}]},{"@type":"WebSite","@id":"https:\/\/blogg.svenskakyrkan.se\/crd\/#website","url":"https:\/\/blogg.svenskakyrkan.se\/crd\/","name":"Centrum f\u00f6r religionsdialog i Stockholms stift","description":"","potentialAction":[{"@type":"SearchAction","target":{"@type":"EntryPoint","urlTemplate":"https:\/\/blogg.svenskakyrkan.se\/crd\/?s={search_term_string}"},"query-input":{"@type":"PropertyValueSpecification","valueRequired":true,"valueName":"search_term_string"}}],"inLanguage":"sv-SE"}]}},"_links":{"self":[{"href":"https:\/\/blogg.svenskakyrkan.se\/crd\/wp-json\/wp\/v2\/pages\/217","targetHints":{"allow":["GET"]}}],"collection":[{"href":"https:\/\/blogg.svenskakyrkan.se\/crd\/wp-json\/wp\/v2\/pages"}],"about":[{"href":"https:\/\/blogg.svenskakyrkan.se\/crd\/wp-json\/wp\/v2\/types\/page"}],"author":[{"embeddable":true,"href":"https:\/\/blogg.svenskakyrkan.se\/crd\/wp-json\/wp\/v2\/users\/601"}],"replies":[{"embeddable":true,"href":"https:\/\/blogg.svenskakyrkan.se\/crd\/wp-json\/wp\/v2\/comments?post=217"}],"version-history":[{"count":20,"href":"https:\/\/blogg.svenskakyrkan.se\/crd\/wp-json\/wp\/v2\/pages\/217\/revisions"}],"predecessor-version":[{"id":2433,"href":"https:\/\/blogg.svenskakyrkan.se\/crd\/wp-json\/wp\/v2\/pages\/217\/revisions\/2433"}],"wp:attachment":[{"href":"https:\/\/blogg.svenskakyrkan.se\/crd\/wp-json\/wp\/v2\/media?parent=217"}],"curies":[{"name":"wp","href":"https:\/\/api.w.org\/{rel}","templated":true}]}}