{"id":26,"date":"2016-12-13T11:10:14","date_gmt":"2016-12-13T10:10:14","guid":{"rendered":"http:\/\/blogg.svenskakyrkan.se\/crd\/?page_id=26"},"modified":"2021-01-13T14:25:16","modified_gmt":"2021-01-13T13:25:16","slug":"internationellt","status":"publish","type":"page","link":"https:\/\/blogg.svenskakyrkan.se\/crd\/internationellt\/","title":{"rendered":"Internationellt"},"content":{"rendered":"<h2>Internationellt<\/h2>\n<p>H\u00e4r presenteras n\u00e5gra internationella interreligi\u00f6sa n\u00e4tverk som Centrum f\u00f6r religionsdialog har kontakt med.<\/p>\n<h2>NIFCON<\/h2>\n<p><a href=\"http:\/\/blogg.svenskakyrkan.se\/crd\/files\/2016\/12\/nifcon_logo.jpg\"><img loading=\"lazy\" decoding=\"async\" class=\"alignleft size-full wp-image-160\" src=\"http:\/\/blogg.svenskakyrkan.se\/crd\/files\/2016\/12\/nifcon_logo.jpg\" alt=\"NIFCON logo\" width=\"200\" height=\"107\" \/><\/a><\/p>\n<p><a href=\"http:\/\/blogg.svenskakyrkan.se\/crd\/files\/2016\/12\/nifcon.png\">\u00a0<\/a><strong>NIFCON &#8211; Network for Interfaith Concerns<\/strong> \u00e4r ett n\u00e4tverk f\u00f6r interreligi\u00f6sa fr\u00e5gor\u00a0inom den anglikanska kyrkogemenskapen. NIFCON arbetar f\u00f6r f\u00f6rdjupad kunskap, gemenskap och f\u00f6rst\u00e5else genom bland annat n\u00e4rverkande, informationsinsatser och publikationer. L\u00e4s mer om NIFCONs <a title=\"NIFCONs webbplats\" href=\"http:\/\/nifcon.anglicancommunion.org\/\" target=\"_blank\" rel=\"noopener noreferrer\">syfte, m\u00e5l och verksamhet h\u00e4r. <\/a><\/p>\n<h3>\u00a0PROCMURA<\/h3>\n<p><a href=\"http:\/\/blogg.svenskakyrkan.se\/crd\/files\/2016\/12\/PROCMURA-LOGO-ENGLISH-294x300.png\"><img loading=\"lazy\" decoding=\"async\" class=\"alignleft  wp-image-201\" src=\"http:\/\/blogg.svenskakyrkan.se\/crd\/files\/2016\/12\/PROCMURA-LOGO-ENGLISH-294x300-294x300.png\" alt=\"PROCMURA logo\" width=\"168\" height=\"172\" \/><\/a><strong>PROCMURA &#8211; Programme for Christian-Muslim Relations in Africa <\/strong>grundades\u00a0 1959 och \u00e4r den \u00e4ldsta interreligi\u00f6sa organisationen i Afrika. PROCMURAs m\u00e5l \u00e4r att Afrika skall vara en kontinent d\u00e4r kristna och muslimer verkar f\u00f6r religionsfrihet och arbetar f\u00f6r r\u00e4ttvisa, fred och f\u00f6rsoning utifr\u00e5n ett holistiskt perspektiv d\u00e4r bland annat h\u00e4nsyn till milj\u00f6 \u00e4r centralt. Organisationen firade sitt 50-\u00e5rsjubileum 2009 och Centrum f\u00f6r religionsdialog representerades av Helene Egnell. Jubileumskonferensen kan du <a href=\"http:\/\/blogg.svenskakyrkan.se\/crd\/files\/2016\/12\/Procmura_jubileum.pdf\">l\u00e4sa mer om h\u00e4r<\/a>.<\/p>\n<p><strong>L\u00e4s mer<\/strong> p\u00e5 <a title=\"PROCMURA webbplats\" href=\"https:\/\/www.procmura-prica.org\/en\/\" target=\"_blank\" rel=\"noopener noreferrer\">PROCMURAS webbplats<\/a>.<\/p>\n","protected":false},"excerpt":{"rendered":"<p>Internationellt H\u00e4r presenteras n\u00e5gra internationella interreligi\u00f6sa n\u00e4tverk som Centrum f\u00f6r religionsdialog har kontakt med. NIFCON \u00a0NIFCON &#8211; Network for Interfaith Concerns \u00e4r ett n\u00e4tverk f\u00f6r interreligi\u00f6sa fr\u00e5gor\u00a0inom den anglikanska kyrkogemenskapen. NIFCON arbetar f\u00f6r f\u00f6rdjupad kunskap, gemenskap och f\u00f6rst\u00e5else genom bland annat n\u00e4rverkande, informationsinsatser och publikationer. L\u00e4s mer om NIFCONs syfte, m\u00e5l och verksamhet h\u00e4r. \u00a0PROCMURA [&hellip;]<\/p>\n","protected":false},"author":601,"featured_media":0,"parent":0,"menu_order":0,"comment_status":"closed","ping_status":"closed","template":"","meta":{"_acf_changed":false,"footnotes":""},"class_list":["post-26","page","type-page","status-publish","hentry"],"acf":[],"yoast_head":"<!-- This site is optimized with the Yoast SEO plugin v27.1.1 - https:\/\/yoast.com\/product\/yoast-seo-wordpress\/ -->\n<title>Internationellt - Centrum f\u00f6r religionsdialog i Stockholms stift<\/title>\n<meta name=\"robots\" content=\"index, follow, max-snippet:-1, max-image-preview:large, max-video-preview:-1\" \/>\n<link rel=\"canonical\" href=\"https:\/\/blogg.svenskakyrkan.se\/crd\/internationellt\/\" \/>\n<meta property=\"og:locale\" content=\"sv_SE\" \/>\n<meta property=\"og:type\" content=\"article\" \/>\n<meta property=\"og:title\" content=\"Internationellt - Centrum f\u00f6r religionsdialog i Stockholms stift\" \/>\n<meta property=\"og:description\" content=\"Internationellt H\u00e4r presenteras n\u00e5gra internationella interreligi\u00f6sa n\u00e4tverk som Centrum f\u00f6r religionsdialog har kontakt med. NIFCON \u00a0NIFCON &#8211; Network for Interfaith Concerns \u00e4r ett n\u00e4tverk f\u00f6r interreligi\u00f6sa fr\u00e5gor\u00a0inom den anglikanska kyrkogemenskapen. NIFCON arbetar f\u00f6r f\u00f6rdjupad kunskap, gemenskap och f\u00f6rst\u00e5else genom bland annat n\u00e4rverkande, informationsinsatser och publikationer. L\u00e4s mer om NIFCONs syfte, m\u00e5l och verksamhet h\u00e4r. \u00a0PROCMURA [&hellip;]\" \/>\n<meta property=\"og:url\" content=\"https:\/\/blogg.svenskakyrkan.se\/crd\/internationellt\/\" \/>\n<meta property=\"og:site_name\" content=\"Centrum f\u00f6r religionsdialog i Stockholms stift\" \/>\n<meta property=\"article:modified_time\" content=\"2021-01-13T13:25:16+00:00\" \/>\n<meta property=\"og:image\" content=\"http:\/\/blogg.svenskakyrkan.se\/crd\/files\/2016\/12\/nifcon_logo.jpg\" \/>\n<meta name=\"twitter:card\" content=\"summary_large_image\" \/>\n<meta name=\"twitter:label1\" content=\"Ber\u00e4knad l\u00e4stid\" \/>\n\t<meta name=\"twitter:data1\" content=\"1 minut\" \/>\n<script type=\"application\/ld+json\" class=\"yoast-schema-graph\">{\"@context\":\"https:\/\/schema.org\",\"@graph\":[{\"@type\":\"WebPage\",\"@id\":\"https:\/\/blogg.svenskakyrkan.se\/crd\/internationellt\/\",\"url\":\"https:\/\/blogg.svenskakyrkan.se\/crd\/internationellt\/\",\"name\":\"Internationellt - Centrum f\u00f6r religionsdialog i Stockholms stift\",\"isPartOf\":{\"@id\":\"https:\/\/blogg.svenskakyrkan.se\/crd\/#website\"},\"primaryImageOfPage\":{\"@id\":\"https:\/\/blogg.svenskakyrkan.se\/crd\/internationellt\/#primaryimage\"},\"image\":{\"@id\":\"https:\/\/blogg.svenskakyrkan.se\/crd\/internationellt\/#primaryimage\"},\"thumbnailUrl\":\"http:\/\/blogg.svenskakyrkan.se\/crd\/files\/2016\/12\/nifcon_logo.jpg\",\"datePublished\":\"2016-12-13T10:10:14+00:00\",\"dateModified\":\"2021-01-13T13:25:16+00:00\",\"breadcrumb\":{\"@id\":\"https:\/\/blogg.svenskakyrkan.se\/crd\/internationellt\/#breadcrumb\"},\"inLanguage\":\"sv-SE\",\"potentialAction\":[{\"@type\":\"ReadAction\",\"target\":[\"https:\/\/blogg.svenskakyrkan.se\/crd\/internationellt\/\"]}]},{\"@type\":\"ImageObject\",\"inLanguage\":\"sv-SE\",\"@id\":\"https:\/\/blogg.svenskakyrkan.se\/crd\/internationellt\/#primaryimage\",\"url\":\"https:\/\/blogg.svenskakyrkan.se\/crd\/files\/2016\/12\/nifcon_logo.jpg\",\"contentUrl\":\"https:\/\/blogg.svenskakyrkan.se\/crd\/files\/2016\/12\/nifcon_logo.jpg\",\"width\":200,\"height\":107,\"caption\":\"NIFCON logo\"},{\"@type\":\"BreadcrumbList\",\"@id\":\"https:\/\/blogg.svenskakyrkan.se\/crd\/internationellt\/#breadcrumb\",\"itemListElement\":[{\"@type\":\"ListItem\",\"position\":1,\"name\":\"Hem\",\"item\":\"https:\/\/blogg.svenskakyrkan.se\/crd\/\"},{\"@type\":\"ListItem\",\"position\":2,\"name\":\"Internationellt\"}]},{\"@type\":\"WebSite\",\"@id\":\"https:\/\/blogg.svenskakyrkan.se\/crd\/#website\",\"url\":\"https:\/\/blogg.svenskakyrkan.se\/crd\/\",\"name\":\"Centrum f\u00f6r religionsdialog i Stockholms stift\",\"description\":\"\",\"potentialAction\":[{\"@type\":\"SearchAction\",\"target\":{\"@type\":\"EntryPoint\",\"urlTemplate\":\"https:\/\/blogg.svenskakyrkan.se\/crd\/?s={search_term_string}\"},\"query-input\":{\"@type\":\"PropertyValueSpecification\",\"valueRequired\":true,\"valueName\":\"search_term_string\"}}],\"inLanguage\":\"sv-SE\"}]}<\/script>\n<!-- \/ Yoast SEO plugin. -->","yoast_head_json":{"title":"Internationellt - Centrum f\u00f6r religionsdialog i Stockholms stift","robots":{"index":"index","follow":"follow","max-snippet":"max-snippet:-1","max-image-preview":"max-image-preview:large","max-video-preview":"max-video-preview:-1"},"canonical":"https:\/\/blogg.svenskakyrkan.se\/crd\/internationellt\/","og_locale":"sv_SE","og_type":"article","og_title":"Internationellt - Centrum f\u00f6r religionsdialog i Stockholms stift","og_description":"Internationellt H\u00e4r presenteras n\u00e5gra internationella interreligi\u00f6sa n\u00e4tverk som Centrum f\u00f6r religionsdialog har kontakt med. NIFCON \u00a0NIFCON &#8211; Network for Interfaith Concerns \u00e4r ett n\u00e4tverk f\u00f6r interreligi\u00f6sa fr\u00e5gor\u00a0inom den anglikanska kyrkogemenskapen. NIFCON arbetar f\u00f6r f\u00f6rdjupad kunskap, gemenskap och f\u00f6rst\u00e5else genom bland annat n\u00e4rverkande, informationsinsatser och publikationer. L\u00e4s mer om NIFCONs syfte, m\u00e5l och verksamhet h\u00e4r. \u00a0PROCMURA [&hellip;]","og_url":"https:\/\/blogg.svenskakyrkan.se\/crd\/internationellt\/","og_site_name":"Centrum f\u00f6r religionsdialog i Stockholms stift","article_modified_time":"2021-01-13T13:25:16+00:00","og_image":[{"url":"http:\/\/blogg.svenskakyrkan.se\/crd\/files\/2016\/12\/nifcon_logo.jpg","type":"","width":"","height":""}],"twitter_card":"summary_large_image","twitter_misc":{"Ber\u00e4knad l\u00e4stid":"1 minut"},"schema":{"@context":"https:\/\/schema.org","@graph":[{"@type":"WebPage","@id":"https:\/\/blogg.svenskakyrkan.se\/crd\/internationellt\/","url":"https:\/\/blogg.svenskakyrkan.se\/crd\/internationellt\/","name":"Internationellt - Centrum f\u00f6r religionsdialog i Stockholms stift","isPartOf":{"@id":"https:\/\/blogg.svenskakyrkan.se\/crd\/#website"},"primaryImageOfPage":{"@id":"https:\/\/blogg.svenskakyrkan.se\/crd\/internationellt\/#primaryimage"},"image":{"@id":"https:\/\/blogg.svenskakyrkan.se\/crd\/internationellt\/#primaryimage"},"thumbnailUrl":"http:\/\/blogg.svenskakyrkan.se\/crd\/files\/2016\/12\/nifcon_logo.jpg","datePublished":"2016-12-13T10:10:14+00:00","dateModified":"2021-01-13T13:25:16+00:00","breadcrumb":{"@id":"https:\/\/blogg.svenskakyrkan.se\/crd\/internationellt\/#breadcrumb"},"inLanguage":"sv-SE","potentialAction":[{"@type":"ReadAction","target":["https:\/\/blogg.svenskakyrkan.se\/crd\/internationellt\/"]}]},{"@type":"ImageObject","inLanguage":"sv-SE","@id":"https:\/\/blogg.svenskakyrkan.se\/crd\/internationellt\/#primaryimage","url":"https:\/\/blogg.svenskakyrkan.se\/crd\/files\/2016\/12\/nifcon_logo.jpg","contentUrl":"https:\/\/blogg.svenskakyrkan.se\/crd\/files\/2016\/12\/nifcon_logo.jpg","width":200,"height":107,"caption":"NIFCON logo"},{"@type":"BreadcrumbList","@id":"https:\/\/blogg.svenskakyrkan.se\/crd\/internationellt\/#breadcrumb","itemListElement":[{"@type":"ListItem","position":1,"name":"Hem","item":"https:\/\/blogg.svenskakyrkan.se\/crd\/"},{"@type":"ListItem","position":2,"name":"Internationellt"}]},{"@type":"WebSite","@id":"https:\/\/blogg.svenskakyrkan.se\/crd\/#website","url":"https:\/\/blogg.svenskakyrkan.se\/crd\/","name":"Centrum f\u00f6r religionsdialog i Stockholms stift","description":"","potentialAction":[{"@type":"SearchAction","target":{"@type":"EntryPoint","urlTemplate":"https:\/\/blogg.svenskakyrkan.se\/crd\/?s={search_term_string}"},"query-input":{"@type":"PropertyValueSpecification","valueRequired":true,"valueName":"search_term_string"}}],"inLanguage":"sv-SE"}]}},"_links":{"self":[{"href":"https:\/\/blogg.svenskakyrkan.se\/crd\/wp-json\/wp\/v2\/pages\/26","targetHints":{"allow":["GET"]}}],"collection":[{"href":"https:\/\/blogg.svenskakyrkan.se\/crd\/wp-json\/wp\/v2\/pages"}],"about":[{"href":"https:\/\/blogg.svenskakyrkan.se\/crd\/wp-json\/wp\/v2\/types\/page"}],"author":[{"embeddable":true,"href":"https:\/\/blogg.svenskakyrkan.se\/crd\/wp-json\/wp\/v2\/users\/601"}],"replies":[{"embeddable":true,"href":"https:\/\/blogg.svenskakyrkan.se\/crd\/wp-json\/wp\/v2\/comments?post=26"}],"version-history":[{"count":18,"href":"https:\/\/blogg.svenskakyrkan.se\/crd\/wp-json\/wp\/v2\/pages\/26\/revisions"}],"predecessor-version":[{"id":2430,"href":"https:\/\/blogg.svenskakyrkan.se\/crd\/wp-json\/wp\/v2\/pages\/26\/revisions\/2430"}],"wp:attachment":[{"href":"https:\/\/blogg.svenskakyrkan.se\/crd\/wp-json\/wp\/v2\/media?parent=26"}],"curies":[{"name":"wp","href":"https:\/\/api.w.org\/{rel}","templated":true}]}}