{"id":885,"date":"2017-10-19T15:04:03","date_gmt":"2017-10-19T13:04:03","guid":{"rendered":"http:\/\/blogg.svenskakyrkan.se\/crd\/?page_id=885"},"modified":"2017-10-19T15:04:03","modified_gmt":"2017-10-19T13:04:03","slug":"love-and-law-in-christianity-and-islam-mona-siddiqui-2016","status":"publish","type":"page","link":"https:\/\/blogg.svenskakyrkan.se\/crd\/ksml\/love-and-law-in-christianity-and-islam-mona-siddiqui-2016\/","title":{"rendered":"Love and Law in Christianity and Islam &#8211; Mona Siddiqui 2016"},"content":{"rendered":"<p><a href=\"http:\/\/blogg.svenskakyrkan.se\/crd\/files\/2017\/10\/mona1.jpg\"><img loading=\"lazy\" decoding=\"async\" class=\"alignleft wp-image-887\" src=\"http:\/\/blogg.svenskakyrkan.se\/crd\/files\/2017\/10\/mona1-261x300.jpg\" alt=\"\" width=\"232\" height=\"267\" srcset=\"https:\/\/blogg.svenskakyrkan.se\/crd\/files\/2017\/10\/mona1-261x300.jpg 261w, https:\/\/blogg.svenskakyrkan.se\/crd\/files\/2017\/10\/mona1-768x881.jpg 768w, https:\/\/blogg.svenskakyrkan.se\/crd\/files\/2017\/10\/mona1-892x1024.jpg 892w, https:\/\/blogg.svenskakyrkan.se\/crd\/files\/2017\/10\/mona1-1200x1377.jpg 1200w, https:\/\/blogg.svenskakyrkan.se\/crd\/files\/2017\/10\/mona1.jpg 1918w\" sizes=\"auto, (max-width: 232px) 100vw, 232px\" \/><\/a>Professor <strong>Mona Siddiquis<\/strong> f\u00f6rel\u00e4sning till Krister Stendahls minne tog sin utg\u00e5ngspunkt i f\u00f6rest\u00e4llningen att den stora skillnaden mellan de b\u00e5da religionerna \u00e4r att kristendomen talar om en k\u00e4rleksfull och f\u00f6rl\u00e5tande gud, medan islam \u00e4r en lagreligion med en d\u00f6mande gud. Det \u00e4r en<br \/>\nvilseledande f\u00f6renkling, menade Mona Siddiqui \u2013 islam talar ocks\u00e5 om Guds k\u00e4rlek, men utifr\u00e5n andra perspektiv \u00e4n kristendomen.<\/p>\n<p>Professor Siddiqui inledde med ett par personliga historier, som illustrerade missuppfattningar om lagens och k\u00e4rlekens roll i islam. En pr\u00e4st hon var bekant med hade sagt att han aldrig skulle kunna konvertera till islam, eftersom han inte ville g\u00e5 miste om bacon till frukost. Bakom den halvt sk\u00e4mtsamma anm\u00e4rkningen anade Mona Siddiqui en of\u00f6rm\u00e5ga att f\u00f6rst\u00e5 att matregler kan ha en andlig funktion som ett uttryck f\u00f6r m\u00e4nniskors gudsrelation.<br \/>\nDen andra ber\u00e4ttelsen handlade om en nunna som fr\u00e5gat: \u201dhur vet ni muslimer att Gud \u00e4lskar oss? Som kristen vet jag att Gud \u00e4lskar oss eftersom Jesus dog f\u00f6r v\u00e5ra synder\u201d. Det var en fr\u00e5ga som f\u00f6r Mona Siddiqui tydliggjorde skillnaden mellan kristendom och islam (och \u00e4ven judendom) vad g\u00e4ller hur de f\u00f6rst\u00e5r Guds k\u00e4rlek: avsaknaden av ett avg\u00f6rande \u00f6gonblick i historien d\u00e5 denna k\u00e4rlek uppenbaras.<\/p>\n<p>Att tala om \u201c<em>islamisk teologi<\/em>\u201d \u00e4r problematiskt, p\u00e5pekade Mona Siddiqui, eftersom teologi traditionellt varit ett kristet begrepp. Det har inte samma funktion i islam, som inte har utvecklat samma typ av doktriner om Guds v\u00e4sen som kristendomen. Men i den grundl\u00e4ggande betydelsen av<br \/>\n\u201d<em>tal om Gud<\/em>\u201d \u00e4r det \u00e4nd\u00e5 rimligt att anv\u00e4nda begreppet \u201dteologi\u201d f\u00f6r islamiskt t\u00e4nkande.<\/p>\n<p>Paulus talar om m\u00e4nniskans slaveri under synden, och hur han k\u00e4mpar med paradoxen att lagen \u00e4r en v\u00e4lsignelse som visar den r\u00e4tta v\u00e4gen, samtidigt som den visar att han \u00e4r slav under synden och inte kan befria honom ur det slaveriet. Han lyckas inte l\u00f6sa paradoxen, men finner att befrielsen ligger i n\u00e5den och k\u00e4rleken som personifieras av Jesus. Och h\u00e4r ligger den stora skillnaden mellan kristendom och islam, menar Mona Siddiqui, i synen p\u00e5 syndens natur.<\/p>\n<p>\u00c4ven om islamiskt t\u00e4nkande inte har n\u00e5gra motsvarigheter till de kristna l\u00e4rostriderna kring inkarnationen och treenigheten, s\u00e5 finns det en djup reflektion \u00f6ver Guds vilja och natur i de olika grenarna av islamisk teologi.<\/p>\n<p>I Bibeln \u00e4r ber\u00e4ttelserna om Guds k\u00e4rlek ofta dramatiska, medan Koranens text kan te sig j\u00e4mf\u00f6relsevis tam, menar Mona Sidiqui, som ocks\u00e5 p\u00e5pekar att det h\u00e4pnadsv\u00e4ckande nog inte finns n\u00e5got bud om att \u00e4lska Gud, motsvarande \u201d<em>det dubbla k\u00e4rleksbudet<\/em>\u201d i Bibeln. Men Koranens kortfattade uppmaningar att g\u00f6ra gott eftersom Gud \u00e4lskar dem som g\u00f6r det (t ex i Sura 2:195 och 222) har \u00e4nd\u00e5 inspirerat de sufiska mystikerna till deras h\u00e4nf\u00f6rda utl\u00e4ggningar om Guds k\u00e4rlek.<\/p>\n<p>Islam anklagas ofta f\u00f6r att ha en gud som s\u00e4tter upp villkor f\u00f6r sin k\u00e4rlek, men s\u00e5 ser inte de muslimska teologerna och mystikerna det. Den store 1100-talsteologen <strong>al-Ghazali<\/strong> s\u00e5g inte uppfyllandet av lagen som ett villkor f\u00f6r Guds k\u00e4rlek, utan som det sublima s\u00e4ttet att visa Gud sin k\u00e4rlek.<\/p>\n<p>Lagen och k\u00e4rleken ska allts\u00e5 inte ses som tv\u00e5 motsatta paradigm, utan Mona Siddiqui vill se ett dialektiskt f\u00f6rh\u00e5llande mellan dem.<\/p>\n<p>I kristendomen \u00e4r k\u00e4rleken central eftersom vi inte sj\u00e4lva kan f\u00f6rsona oss med Gud, utan det \u00e4r Guds k\u00e4rlek som \u00e5stadkommer f\u00f6rsoning. Mona Siddiqui refererade till <strong>Anders Nygrens<\/strong> id\u00e9 om att agape \u00e4r ett grundl\u00e4ggande och centralt begrepp som \u00e4r unikt f\u00f6r kristendomen. I islam har k\u00e4rleken inte samma strukturella betydelse, menar hon.<\/p>\n<p>F\u00f6rel\u00e4sningen bygger p\u00e5 ett kapitel i Mona Siddiquis bok \u201c<em>Muslims, Christians and Jesus<\/em>\u201d, som \u00e4r v\u00e4l v\u00e4rd att l\u00e4sa. Den \u00e4r tillg\u00e4nglig via n\u00e4tbokhandeln, men finns ocks\u00e5 att l\u00e5na p\u00e5 Centrum f\u00f6r religionsdialogs bibliotek.<\/p>\n<p><strong>Helene Egnell<\/strong><\/p>\n","protected":false},"excerpt":{"rendered":"<p>Professor Mona Siddiquis f\u00f6rel\u00e4sning till Krister Stendahls minne tog sin utg\u00e5ngspunkt i f\u00f6rest\u00e4llningen att den stora skillnaden mellan de b\u00e5da religionerna \u00e4r att kristendomen talar om en k\u00e4rleksfull och f\u00f6rl\u00e5tande gud, medan islam \u00e4r en lagreligion med en d\u00f6mande gud. Det \u00e4r en vilseledande f\u00f6renkling, menade Mona Siddiqui \u2013 islam talar ocks\u00e5 om Guds k\u00e4rlek, [&hellip;]<\/p>\n","protected":false},"author":601,"featured_media":0,"parent":21,"menu_order":0,"comment_status":"closed","ping_status":"closed","template":"","meta":{"_acf_changed":false,"footnotes":""},"class_list":["post-885","page","type-page","status-publish","hentry"],"acf":[],"yoast_head":"<!-- This site is optimized with the Yoast SEO plugin v27.1.1 - https:\/\/yoast.com\/product\/yoast-seo-wordpress\/ -->\n<title>Love and Law in Christianity and Islam - Mona Siddiqui 2016 - Centrum f\u00f6r religionsdialog i Stockholms stift<\/title>\n<meta name=\"robots\" content=\"index, follow, max-snippet:-1, max-image-preview:large, max-video-preview:-1\" \/>\n<link rel=\"canonical\" href=\"https:\/\/blogg.svenskakyrkan.se\/crd\/ksml\/love-and-law-in-christianity-and-islam-mona-siddiqui-2016\/\" \/>\n<meta property=\"og:locale\" content=\"sv_SE\" \/>\n<meta property=\"og:type\" content=\"article\" \/>\n<meta property=\"og:title\" content=\"Love and Law in Christianity and Islam - Mona Siddiqui 2016 - Centrum f\u00f6r religionsdialog i Stockholms stift\" \/>\n<meta property=\"og:description\" content=\"Professor Mona Siddiquis f\u00f6rel\u00e4sning till Krister Stendahls minne tog sin utg\u00e5ngspunkt i f\u00f6rest\u00e4llningen att den stora skillnaden mellan de b\u00e5da religionerna \u00e4r att kristendomen talar om en k\u00e4rleksfull och f\u00f6rl\u00e5tande gud, medan islam \u00e4r en lagreligion med en d\u00f6mande gud. Det \u00e4r en vilseledande f\u00f6renkling, menade Mona Siddiqui \u2013 islam talar ocks\u00e5 om Guds k\u00e4rlek, [&hellip;]\" \/>\n<meta property=\"og:url\" content=\"https:\/\/blogg.svenskakyrkan.se\/crd\/ksml\/love-and-law-in-christianity-and-islam-mona-siddiqui-2016\/\" \/>\n<meta property=\"og:site_name\" content=\"Centrum f\u00f6r religionsdialog i Stockholms stift\" \/>\n<meta property=\"og:image\" content=\"http:\/\/blogg.svenskakyrkan.se\/crd\/files\/2017\/10\/mona1-261x300.jpg\" \/>\n<meta name=\"twitter:card\" content=\"summary_large_image\" \/>\n<meta name=\"twitter:label1\" content=\"Ber\u00e4knad l\u00e4stid\" \/>\n\t<meta name=\"twitter:data1\" content=\"3 minuter\" \/>\n<script type=\"application\/ld+json\" class=\"yoast-schema-graph\">{\"@context\":\"https:\/\/schema.org\",\"@graph\":[{\"@type\":\"WebPage\",\"@id\":\"https:\/\/blogg.svenskakyrkan.se\/crd\/ksml\/love-and-law-in-christianity-and-islam-mona-siddiqui-2016\/\",\"url\":\"https:\/\/blogg.svenskakyrkan.se\/crd\/ksml\/love-and-law-in-christianity-and-islam-mona-siddiqui-2016\/\",\"name\":\"Love and Law in Christianity and Islam - Mona Siddiqui 2016 - Centrum f\u00f6r religionsdialog i Stockholms stift\",\"isPartOf\":{\"@id\":\"https:\/\/blogg.svenskakyrkan.se\/crd\/#website\"},\"primaryImageOfPage\":{\"@id\":\"https:\/\/blogg.svenskakyrkan.se\/crd\/ksml\/love-and-law-in-christianity-and-islam-mona-siddiqui-2016\/#primaryimage\"},\"image\":{\"@id\":\"https:\/\/blogg.svenskakyrkan.se\/crd\/ksml\/love-and-law-in-christianity-and-islam-mona-siddiqui-2016\/#primaryimage\"},\"thumbnailUrl\":\"http:\/\/blogg.svenskakyrkan.se\/crd\/files\/2017\/10\/mona1-261x300.jpg\",\"datePublished\":\"2017-10-19T13:04:03+00:00\",\"breadcrumb\":{\"@id\":\"https:\/\/blogg.svenskakyrkan.se\/crd\/ksml\/love-and-law-in-christianity-and-islam-mona-siddiqui-2016\/#breadcrumb\"},\"inLanguage\":\"sv-SE\",\"potentialAction\":[{\"@type\":\"ReadAction\",\"target\":[\"https:\/\/blogg.svenskakyrkan.se\/crd\/ksml\/love-and-law-in-christianity-and-islam-mona-siddiqui-2016\/\"]}]},{\"@type\":\"ImageObject\",\"inLanguage\":\"sv-SE\",\"@id\":\"https:\/\/blogg.svenskakyrkan.se\/crd\/ksml\/love-and-law-in-christianity-and-islam-mona-siddiqui-2016\/#primaryimage\",\"url\":\"https:\/\/blogg.svenskakyrkan.se\/crd\/files\/2017\/10\/mona1.jpg\",\"contentUrl\":\"https:\/\/blogg.svenskakyrkan.se\/crd\/files\/2017\/10\/mona1.jpg\",\"width\":1918,\"height\":2201},{\"@type\":\"BreadcrumbList\",\"@id\":\"https:\/\/blogg.svenskakyrkan.se\/crd\/ksml\/love-and-law-in-christianity-and-islam-mona-siddiqui-2016\/#breadcrumb\",\"itemListElement\":[{\"@type\":\"ListItem\",\"position\":1,\"name\":\"Hem\",\"item\":\"https:\/\/blogg.svenskakyrkan.se\/crd\/\"},{\"@type\":\"ListItem\",\"position\":2,\"name\":\"Krister Stendahl Memorial Lecture\",\"item\":\"https:\/\/blogg.svenskakyrkan.se\/crd\/ksml\/\"},{\"@type\":\"ListItem\",\"position\":3,\"name\":\"Love and Law in Christianity and Islam &#8211; Mona Siddiqui 2016\"}]},{\"@type\":\"WebSite\",\"@id\":\"https:\/\/blogg.svenskakyrkan.se\/crd\/#website\",\"url\":\"https:\/\/blogg.svenskakyrkan.se\/crd\/\",\"name\":\"Centrum f\u00f6r religionsdialog i Stockholms stift\",\"description\":\"\",\"potentialAction\":[{\"@type\":\"SearchAction\",\"target\":{\"@type\":\"EntryPoint\",\"urlTemplate\":\"https:\/\/blogg.svenskakyrkan.se\/crd\/?s={search_term_string}\"},\"query-input\":{\"@type\":\"PropertyValueSpecification\",\"valueRequired\":true,\"valueName\":\"search_term_string\"}}],\"inLanguage\":\"sv-SE\"}]}<\/script>\n<!-- \/ Yoast SEO plugin. -->","yoast_head_json":{"title":"Love and Law in Christianity and Islam - Mona Siddiqui 2016 - Centrum f\u00f6r religionsdialog i Stockholms stift","robots":{"index":"index","follow":"follow","max-snippet":"max-snippet:-1","max-image-preview":"max-image-preview:large","max-video-preview":"max-video-preview:-1"},"canonical":"https:\/\/blogg.svenskakyrkan.se\/crd\/ksml\/love-and-law-in-christianity-and-islam-mona-siddiqui-2016\/","og_locale":"sv_SE","og_type":"article","og_title":"Love and Law in Christianity and Islam - Mona Siddiqui 2016 - Centrum f\u00f6r religionsdialog i Stockholms stift","og_description":"Professor Mona Siddiquis f\u00f6rel\u00e4sning till Krister Stendahls minne tog sin utg\u00e5ngspunkt i f\u00f6rest\u00e4llningen att den stora skillnaden mellan de b\u00e5da religionerna \u00e4r att kristendomen talar om en k\u00e4rleksfull och f\u00f6rl\u00e5tande gud, medan islam \u00e4r en lagreligion med en d\u00f6mande gud. Det \u00e4r en vilseledande f\u00f6renkling, menade Mona Siddiqui \u2013 islam talar ocks\u00e5 om Guds k\u00e4rlek, [&hellip;]","og_url":"https:\/\/blogg.svenskakyrkan.se\/crd\/ksml\/love-and-law-in-christianity-and-islam-mona-siddiqui-2016\/","og_site_name":"Centrum f\u00f6r religionsdialog i Stockholms stift","og_image":[{"url":"http:\/\/blogg.svenskakyrkan.se\/crd\/files\/2017\/10\/mona1-261x300.jpg","type":"","width":"","height":""}],"twitter_card":"summary_large_image","twitter_misc":{"Ber\u00e4knad l\u00e4stid":"3 minuter"},"schema":{"@context":"https:\/\/schema.org","@graph":[{"@type":"WebPage","@id":"https:\/\/blogg.svenskakyrkan.se\/crd\/ksml\/love-and-law-in-christianity-and-islam-mona-siddiqui-2016\/","url":"https:\/\/blogg.svenskakyrkan.se\/crd\/ksml\/love-and-law-in-christianity-and-islam-mona-siddiqui-2016\/","name":"Love and Law in Christianity and Islam - Mona Siddiqui 2016 - Centrum f\u00f6r religionsdialog i Stockholms stift","isPartOf":{"@id":"https:\/\/blogg.svenskakyrkan.se\/crd\/#website"},"primaryImageOfPage":{"@id":"https:\/\/blogg.svenskakyrkan.se\/crd\/ksml\/love-and-law-in-christianity-and-islam-mona-siddiqui-2016\/#primaryimage"},"image":{"@id":"https:\/\/blogg.svenskakyrkan.se\/crd\/ksml\/love-and-law-in-christianity-and-islam-mona-siddiqui-2016\/#primaryimage"},"thumbnailUrl":"http:\/\/blogg.svenskakyrkan.se\/crd\/files\/2017\/10\/mona1-261x300.jpg","datePublished":"2017-10-19T13:04:03+00:00","breadcrumb":{"@id":"https:\/\/blogg.svenskakyrkan.se\/crd\/ksml\/love-and-law-in-christianity-and-islam-mona-siddiqui-2016\/#breadcrumb"},"inLanguage":"sv-SE","potentialAction":[{"@type":"ReadAction","target":["https:\/\/blogg.svenskakyrkan.se\/crd\/ksml\/love-and-law-in-christianity-and-islam-mona-siddiqui-2016\/"]}]},{"@type":"ImageObject","inLanguage":"sv-SE","@id":"https:\/\/blogg.svenskakyrkan.se\/crd\/ksml\/love-and-law-in-christianity-and-islam-mona-siddiqui-2016\/#primaryimage","url":"https:\/\/blogg.svenskakyrkan.se\/crd\/files\/2017\/10\/mona1.jpg","contentUrl":"https:\/\/blogg.svenskakyrkan.se\/crd\/files\/2017\/10\/mona1.jpg","width":1918,"height":2201},{"@type":"BreadcrumbList","@id":"https:\/\/blogg.svenskakyrkan.se\/crd\/ksml\/love-and-law-in-christianity-and-islam-mona-siddiqui-2016\/#breadcrumb","itemListElement":[{"@type":"ListItem","position":1,"name":"Hem","item":"https:\/\/blogg.svenskakyrkan.se\/crd\/"},{"@type":"ListItem","position":2,"name":"Krister Stendahl Memorial Lecture","item":"https:\/\/blogg.svenskakyrkan.se\/crd\/ksml\/"},{"@type":"ListItem","position":3,"name":"Love and Law in Christianity and Islam &#8211; Mona Siddiqui 2016"}]},{"@type":"WebSite","@id":"https:\/\/blogg.svenskakyrkan.se\/crd\/#website","url":"https:\/\/blogg.svenskakyrkan.se\/crd\/","name":"Centrum f\u00f6r religionsdialog i Stockholms stift","description":"","potentialAction":[{"@type":"SearchAction","target":{"@type":"EntryPoint","urlTemplate":"https:\/\/blogg.svenskakyrkan.se\/crd\/?s={search_term_string}"},"query-input":{"@type":"PropertyValueSpecification","valueRequired":true,"valueName":"search_term_string"}}],"inLanguage":"sv-SE"}]}},"_links":{"self":[{"href":"https:\/\/blogg.svenskakyrkan.se\/crd\/wp-json\/wp\/v2\/pages\/885","targetHints":{"allow":["GET"]}}],"collection":[{"href":"https:\/\/blogg.svenskakyrkan.se\/crd\/wp-json\/wp\/v2\/pages"}],"about":[{"href":"https:\/\/blogg.svenskakyrkan.se\/crd\/wp-json\/wp\/v2\/types\/page"}],"author":[{"embeddable":true,"href":"https:\/\/blogg.svenskakyrkan.se\/crd\/wp-json\/wp\/v2\/users\/601"}],"replies":[{"embeddable":true,"href":"https:\/\/blogg.svenskakyrkan.se\/crd\/wp-json\/wp\/v2\/comments?post=885"}],"version-history":[{"count":3,"href":"https:\/\/blogg.svenskakyrkan.se\/crd\/wp-json\/wp\/v2\/pages\/885\/revisions"}],"predecessor-version":[{"id":889,"href":"https:\/\/blogg.svenskakyrkan.se\/crd\/wp-json\/wp\/v2\/pages\/885\/revisions\/889"}],"up":[{"embeddable":true,"href":"https:\/\/blogg.svenskakyrkan.se\/crd\/wp-json\/wp\/v2\/pages\/21"}],"wp:attachment":[{"href":"https:\/\/blogg.svenskakyrkan.se\/crd\/wp-json\/wp\/v2\/media?parent=885"}],"curies":[{"name":"wp","href":"https:\/\/api.w.org\/{rel}","templated":true}]}}