{"id":891,"date":"2017-10-19T15:09:45","date_gmt":"2017-10-19T13:09:45","guid":{"rendered":"http:\/\/blogg.svenskakyrkan.se\/crd\/?page_id=891"},"modified":"2017-10-19T15:33:04","modified_gmt":"2017-10-19T13:33:04","slug":"stendahlforelasning-imam-feisal-abdul-rauf-2013","status":"publish","type":"page","link":"https:\/\/blogg.svenskakyrkan.se\/crd\/ksml\/stendahlforelasning-imam-feisal-abdul-rauf-2013\/","title":{"rendered":"Stendahlf\u00f6rel\u00e4sning &#8211; Imam Feisal Abdul Rauf 2013"},"content":{"rendered":"<p><a href=\"http:\/\/blogg.svenskakyrkan.se\/crd\/files\/2017\/10\/Imam-Rauf-photo-by-Enid-Bloch-3.jpg\"><img loading=\"lazy\" decoding=\"async\" class=\"alignleft wp-image-892\" src=\"http:\/\/blogg.svenskakyrkan.se\/crd\/files\/2017\/10\/Imam-Rauf-photo-by-Enid-Bloch-3-237x300.jpg\" alt=\"\" width=\"204\" height=\"258\" srcset=\"https:\/\/blogg.svenskakyrkan.se\/crd\/files\/2017\/10\/Imam-Rauf-photo-by-Enid-Bloch-3-237x300.jpg 237w, https:\/\/blogg.svenskakyrkan.se\/crd\/files\/2017\/10\/Imam-Rauf-photo-by-Enid-Bloch-3-768x971.jpg 768w, https:\/\/blogg.svenskakyrkan.se\/crd\/files\/2017\/10\/Imam-Rauf-photo-by-Enid-Bloch-3-810x1024.jpg 810w, https:\/\/blogg.svenskakyrkan.se\/crd\/files\/2017\/10\/Imam-Rauf-photo-by-Enid-Bloch-3-1200x1517.jpg 1200w\" sizes=\"auto, (max-width: 204px) 100vw, 204px\" \/><\/a>Den 7 oktober h\u00f6ll <strong>imam Feisal Abdul Rauf<\/strong> \u00e5rets Krister Stendahl memorial lecture. I sin f\u00f6rel\u00e4sning framh\u00f6ll han betydelsen av att de moderata krafterna inom alla religi\u00f6sa traditioner samlas f\u00f6r att motverka framv\u00e4xten av fundamentalistiska och v\u00e5ldsbejakande r\u00f6relser. Imam Feisal, som \u00e4r mycket influerad av sufismen, menar att det \u00e4r den enskilda m\u00e4nniskans gudsrelation som \u00e4r det centrala, och i den erfarenheten kan troende fr\u00e5n olika religioner m\u00f6tas: vi tillber samma Gud.<\/p>\n<p>Imam Feisal \u00e4r den f\u00f6rste muslimen som h\u00e5ller Krister Sendahl Memorial Lecture. Han har egyptiska r\u00f6tter, har f\u00e5tt sin utbildning i Egypten, Malaysia och England, och \u00e4r nu bosatt i New York. Han startade <em>The Cordoba Initiative<\/em> 2002, som en reaktion p\u00e5 9\/11 och den misst\u00e4nksamhet mot muslimer som attacken mot World Trade Center skapade i USA. Att m\u00e4nniskor m\u00e5ste m\u00f6tas och samarbeta \u00f6ver religionsgr\u00e4nserna, och att de krafter som verkar f\u00f6r samf\u00f6rst\u00e5nd och f\u00f6rsoning m\u00e5ste st\u00e4rkas f\u00f6r att bek\u00e4mpa extremismen \u00e4r vad imam Feisal brinner f\u00f6r. Redan 1997 startade han American Society for Muslim Advancement, efter modell av medborgarr\u00e4ttsr\u00f6relsen, och i m\u00e5nga av sina publikationer behandlar han fr\u00e5gan om hur man \u00e4r en amerikansk muslim. \u201d<em>Moving the Mountain. A New Vision of Islam in America<\/em>\u201d \u00e4r titeln p\u00e5 hans senaste bok.<\/p>\n<p>Det var hans organisation som ville \u00f6ppna en m\u00f6tesplats, ett \u201dCordoba House\u201d i en fastighet n\u00e4ra Ground\u00a0 Zero 2010, det som felaktigt kom att kallas \u201dThe Ground\u00a0 Zero Mosque\u201d av sina belackare. N\u00e4r det stod klart att bygget kom att s\u00e5 split ist\u00e4llet f\u00f6r f\u00f6rsoning, som avsikten var, drog sig imam Feisal ur projektet, men planerna p\u00e5 att skapa ett \u201dCordoba house\u201d n\u00e5gon annanstans kvarst\u00e5r. The Cordoba Initiative har visionen att ett Cordoba House ska finnas i varje land d\u00e4r det finns sp\u00e4nningar mellan religi\u00f6sa grupper. Man kan l\u00e4sa mer om Imam Feisal Abdul Rauf och The Cordoba Initiative p\u00e5 <a href=\"http:\/\/www.cordobainitiative.org\/\">http:\/\/www.cordobainitiative.org\/<\/a>.<\/p>\n<p><strong>Helene Egnell<\/strong><\/p>\n<p>&nbsp;<\/p>\n<p>&nbsp;<\/p>\n<p>Sidan skapad av Malin Norrby<\/p>\n","protected":false},"excerpt":{"rendered":"<p>Den 7 oktober h\u00f6ll imam Feisal Abdul Rauf \u00e5rets Krister Stendahl memorial lecture. I sin f\u00f6rel\u00e4sning framh\u00f6ll han betydelsen av att de moderata krafterna inom alla religi\u00f6sa traditioner samlas f\u00f6r att motverka framv\u00e4xten av fundamentalistiska och v\u00e5ldsbejakande r\u00f6relser. Imam Feisal, som \u00e4r mycket influerad av sufismen, menar att det \u00e4r den enskilda m\u00e4nniskans gudsrelation som [&hellip;]<\/p>\n","protected":false},"author":601,"featured_media":0,"parent":21,"menu_order":0,"comment_status":"closed","ping_status":"closed","template":"","meta":{"_acf_changed":false,"footnotes":""},"class_list":["post-891","page","type-page","status-publish","hentry"],"acf":[],"yoast_head":"<!-- This site is optimized with the Yoast SEO plugin v27.1.1 - https:\/\/yoast.com\/product\/yoast-seo-wordpress\/ -->\n<title>Stendahlf\u00f6rel\u00e4sning - Imam Feisal Abdul Rauf 2013 - Centrum f\u00f6r religionsdialog i Stockholms stift<\/title>\n<meta name=\"robots\" content=\"index, follow, max-snippet:-1, max-image-preview:large, max-video-preview:-1\" \/>\n<link rel=\"canonical\" href=\"https:\/\/blogg.svenskakyrkan.se\/crd\/ksml\/stendahlforelasning-imam-feisal-abdul-rauf-2013\/\" \/>\n<meta property=\"og:locale\" content=\"sv_SE\" \/>\n<meta property=\"og:type\" content=\"article\" \/>\n<meta property=\"og:title\" content=\"Stendahlf\u00f6rel\u00e4sning - Imam Feisal Abdul Rauf 2013 - Centrum f\u00f6r religionsdialog i Stockholms stift\" \/>\n<meta property=\"og:description\" content=\"Den 7 oktober h\u00f6ll imam Feisal Abdul Rauf \u00e5rets Krister Stendahl memorial lecture. I sin f\u00f6rel\u00e4sning framh\u00f6ll han betydelsen av att de moderata krafterna inom alla religi\u00f6sa traditioner samlas f\u00f6r att motverka framv\u00e4xten av fundamentalistiska och v\u00e5ldsbejakande r\u00f6relser. Imam Feisal, som \u00e4r mycket influerad av sufismen, menar att det \u00e4r den enskilda m\u00e4nniskans gudsrelation som [&hellip;]\" \/>\n<meta property=\"og:url\" content=\"https:\/\/blogg.svenskakyrkan.se\/crd\/ksml\/stendahlforelasning-imam-feisal-abdul-rauf-2013\/\" \/>\n<meta property=\"og:site_name\" content=\"Centrum f\u00f6r religionsdialog i Stockholms stift\" \/>\n<meta property=\"article:modified_time\" content=\"2017-10-19T13:33:04+00:00\" \/>\n<meta property=\"og:image\" content=\"http:\/\/blogg.svenskakyrkan.se\/crd\/files\/2017\/10\/Imam-Rauf-photo-by-Enid-Bloch-3-237x300.jpg\" \/>\n<meta name=\"twitter:card\" content=\"summary_large_image\" \/>\n<meta name=\"twitter:label1\" content=\"Ber\u00e4knad l\u00e4stid\" \/>\n\t<meta name=\"twitter:data1\" content=\"2 minuter\" \/>\n<script type=\"application\/ld+json\" class=\"yoast-schema-graph\">{\"@context\":\"https:\/\/schema.org\",\"@graph\":[{\"@type\":\"WebPage\",\"@id\":\"https:\/\/blogg.svenskakyrkan.se\/crd\/ksml\/stendahlforelasning-imam-feisal-abdul-rauf-2013\/\",\"url\":\"https:\/\/blogg.svenskakyrkan.se\/crd\/ksml\/stendahlforelasning-imam-feisal-abdul-rauf-2013\/\",\"name\":\"Stendahlf\u00f6rel\u00e4sning - Imam Feisal Abdul Rauf 2013 - Centrum f\u00f6r religionsdialog i Stockholms stift\",\"isPartOf\":{\"@id\":\"https:\/\/blogg.svenskakyrkan.se\/crd\/#website\"},\"primaryImageOfPage\":{\"@id\":\"https:\/\/blogg.svenskakyrkan.se\/crd\/ksml\/stendahlforelasning-imam-feisal-abdul-rauf-2013\/#primaryimage\"},\"image\":{\"@id\":\"https:\/\/blogg.svenskakyrkan.se\/crd\/ksml\/stendahlforelasning-imam-feisal-abdul-rauf-2013\/#primaryimage\"},\"thumbnailUrl\":\"http:\/\/blogg.svenskakyrkan.se\/crd\/files\/2017\/10\/Imam-Rauf-photo-by-Enid-Bloch-3-237x300.jpg\",\"datePublished\":\"2017-10-19T13:09:45+00:00\",\"dateModified\":\"2017-10-19T13:33:04+00:00\",\"breadcrumb\":{\"@id\":\"https:\/\/blogg.svenskakyrkan.se\/crd\/ksml\/stendahlforelasning-imam-feisal-abdul-rauf-2013\/#breadcrumb\"},\"inLanguage\":\"sv-SE\",\"potentialAction\":[{\"@type\":\"ReadAction\",\"target\":[\"https:\/\/blogg.svenskakyrkan.se\/crd\/ksml\/stendahlforelasning-imam-feisal-abdul-rauf-2013\/\"]}]},{\"@type\":\"ImageObject\",\"inLanguage\":\"sv-SE\",\"@id\":\"https:\/\/blogg.svenskakyrkan.se\/crd\/ksml\/stendahlforelasning-imam-feisal-abdul-rauf-2013\/#primaryimage\",\"url\":\"https:\/\/blogg.svenskakyrkan.se\/crd\/files\/2017\/10\/Imam-Rauf-photo-by-Enid-Bloch-3.jpg\",\"contentUrl\":\"https:\/\/blogg.svenskakyrkan.se\/crd\/files\/2017\/10\/Imam-Rauf-photo-by-Enid-Bloch-3.jpg\",\"width\":2373,\"height\":3000},{\"@type\":\"BreadcrumbList\",\"@id\":\"https:\/\/blogg.svenskakyrkan.se\/crd\/ksml\/stendahlforelasning-imam-feisal-abdul-rauf-2013\/#breadcrumb\",\"itemListElement\":[{\"@type\":\"ListItem\",\"position\":1,\"name\":\"Hem\",\"item\":\"https:\/\/blogg.svenskakyrkan.se\/crd\/\"},{\"@type\":\"ListItem\",\"position\":2,\"name\":\"Krister Stendahl Memorial Lecture\",\"item\":\"https:\/\/blogg.svenskakyrkan.se\/crd\/ksml\/\"},{\"@type\":\"ListItem\",\"position\":3,\"name\":\"Stendahlf\u00f6rel\u00e4sning &#8211; Imam Feisal Abdul Rauf 2013\"}]},{\"@type\":\"WebSite\",\"@id\":\"https:\/\/blogg.svenskakyrkan.se\/crd\/#website\",\"url\":\"https:\/\/blogg.svenskakyrkan.se\/crd\/\",\"name\":\"Centrum f\u00f6r religionsdialog i Stockholms stift\",\"description\":\"\",\"potentialAction\":[{\"@type\":\"SearchAction\",\"target\":{\"@type\":\"EntryPoint\",\"urlTemplate\":\"https:\/\/blogg.svenskakyrkan.se\/crd\/?s={search_term_string}\"},\"query-input\":{\"@type\":\"PropertyValueSpecification\",\"valueRequired\":true,\"valueName\":\"search_term_string\"}}],\"inLanguage\":\"sv-SE\"}]}<\/script>\n<!-- \/ Yoast SEO plugin. -->","yoast_head_json":{"title":"Stendahlf\u00f6rel\u00e4sning - Imam Feisal Abdul Rauf 2013 - Centrum f\u00f6r religionsdialog i Stockholms stift","robots":{"index":"index","follow":"follow","max-snippet":"max-snippet:-1","max-image-preview":"max-image-preview:large","max-video-preview":"max-video-preview:-1"},"canonical":"https:\/\/blogg.svenskakyrkan.se\/crd\/ksml\/stendahlforelasning-imam-feisal-abdul-rauf-2013\/","og_locale":"sv_SE","og_type":"article","og_title":"Stendahlf\u00f6rel\u00e4sning - Imam Feisal Abdul Rauf 2013 - Centrum f\u00f6r religionsdialog i Stockholms stift","og_description":"Den 7 oktober h\u00f6ll imam Feisal Abdul Rauf \u00e5rets Krister Stendahl memorial lecture. I sin f\u00f6rel\u00e4sning framh\u00f6ll han betydelsen av att de moderata krafterna inom alla religi\u00f6sa traditioner samlas f\u00f6r att motverka framv\u00e4xten av fundamentalistiska och v\u00e5ldsbejakande r\u00f6relser. Imam Feisal, som \u00e4r mycket influerad av sufismen, menar att det \u00e4r den enskilda m\u00e4nniskans gudsrelation som [&hellip;]","og_url":"https:\/\/blogg.svenskakyrkan.se\/crd\/ksml\/stendahlforelasning-imam-feisal-abdul-rauf-2013\/","og_site_name":"Centrum f\u00f6r religionsdialog i Stockholms stift","article_modified_time":"2017-10-19T13:33:04+00:00","og_image":[{"url":"http:\/\/blogg.svenskakyrkan.se\/crd\/files\/2017\/10\/Imam-Rauf-photo-by-Enid-Bloch-3-237x300.jpg","type":"","width":"","height":""}],"twitter_card":"summary_large_image","twitter_misc":{"Ber\u00e4knad l\u00e4stid":"2 minuter"},"schema":{"@context":"https:\/\/schema.org","@graph":[{"@type":"WebPage","@id":"https:\/\/blogg.svenskakyrkan.se\/crd\/ksml\/stendahlforelasning-imam-feisal-abdul-rauf-2013\/","url":"https:\/\/blogg.svenskakyrkan.se\/crd\/ksml\/stendahlforelasning-imam-feisal-abdul-rauf-2013\/","name":"Stendahlf\u00f6rel\u00e4sning - Imam Feisal Abdul Rauf 2013 - Centrum f\u00f6r religionsdialog i Stockholms stift","isPartOf":{"@id":"https:\/\/blogg.svenskakyrkan.se\/crd\/#website"},"primaryImageOfPage":{"@id":"https:\/\/blogg.svenskakyrkan.se\/crd\/ksml\/stendahlforelasning-imam-feisal-abdul-rauf-2013\/#primaryimage"},"image":{"@id":"https:\/\/blogg.svenskakyrkan.se\/crd\/ksml\/stendahlforelasning-imam-feisal-abdul-rauf-2013\/#primaryimage"},"thumbnailUrl":"http:\/\/blogg.svenskakyrkan.se\/crd\/files\/2017\/10\/Imam-Rauf-photo-by-Enid-Bloch-3-237x300.jpg","datePublished":"2017-10-19T13:09:45+00:00","dateModified":"2017-10-19T13:33:04+00:00","breadcrumb":{"@id":"https:\/\/blogg.svenskakyrkan.se\/crd\/ksml\/stendahlforelasning-imam-feisal-abdul-rauf-2013\/#breadcrumb"},"inLanguage":"sv-SE","potentialAction":[{"@type":"ReadAction","target":["https:\/\/blogg.svenskakyrkan.se\/crd\/ksml\/stendahlforelasning-imam-feisal-abdul-rauf-2013\/"]}]},{"@type":"ImageObject","inLanguage":"sv-SE","@id":"https:\/\/blogg.svenskakyrkan.se\/crd\/ksml\/stendahlforelasning-imam-feisal-abdul-rauf-2013\/#primaryimage","url":"https:\/\/blogg.svenskakyrkan.se\/crd\/files\/2017\/10\/Imam-Rauf-photo-by-Enid-Bloch-3.jpg","contentUrl":"https:\/\/blogg.svenskakyrkan.se\/crd\/files\/2017\/10\/Imam-Rauf-photo-by-Enid-Bloch-3.jpg","width":2373,"height":3000},{"@type":"BreadcrumbList","@id":"https:\/\/blogg.svenskakyrkan.se\/crd\/ksml\/stendahlforelasning-imam-feisal-abdul-rauf-2013\/#breadcrumb","itemListElement":[{"@type":"ListItem","position":1,"name":"Hem","item":"https:\/\/blogg.svenskakyrkan.se\/crd\/"},{"@type":"ListItem","position":2,"name":"Krister Stendahl Memorial Lecture","item":"https:\/\/blogg.svenskakyrkan.se\/crd\/ksml\/"},{"@type":"ListItem","position":3,"name":"Stendahlf\u00f6rel\u00e4sning &#8211; Imam Feisal Abdul Rauf 2013"}]},{"@type":"WebSite","@id":"https:\/\/blogg.svenskakyrkan.se\/crd\/#website","url":"https:\/\/blogg.svenskakyrkan.se\/crd\/","name":"Centrum f\u00f6r religionsdialog i Stockholms stift","description":"","potentialAction":[{"@type":"SearchAction","target":{"@type":"EntryPoint","urlTemplate":"https:\/\/blogg.svenskakyrkan.se\/crd\/?s={search_term_string}"},"query-input":{"@type":"PropertyValueSpecification","valueRequired":true,"valueName":"search_term_string"}}],"inLanguage":"sv-SE"}]}},"_links":{"self":[{"href":"https:\/\/blogg.svenskakyrkan.se\/crd\/wp-json\/wp\/v2\/pages\/891","targetHints":{"allow":["GET"]}}],"collection":[{"href":"https:\/\/blogg.svenskakyrkan.se\/crd\/wp-json\/wp\/v2\/pages"}],"about":[{"href":"https:\/\/blogg.svenskakyrkan.se\/crd\/wp-json\/wp\/v2\/types\/page"}],"author":[{"embeddable":true,"href":"https:\/\/blogg.svenskakyrkan.se\/crd\/wp-json\/wp\/v2\/users\/601"}],"replies":[{"embeddable":true,"href":"https:\/\/blogg.svenskakyrkan.se\/crd\/wp-json\/wp\/v2\/comments?post=891"}],"version-history":[{"count":2,"href":"https:\/\/blogg.svenskakyrkan.se\/crd\/wp-json\/wp\/v2\/pages\/891\/revisions"}],"predecessor-version":[{"id":899,"href":"https:\/\/blogg.svenskakyrkan.se\/crd\/wp-json\/wp\/v2\/pages\/891\/revisions\/899"}],"up":[{"embeddable":true,"href":"https:\/\/blogg.svenskakyrkan.se\/crd\/wp-json\/wp\/v2\/pages\/21"}],"wp:attachment":[{"href":"https:\/\/blogg.svenskakyrkan.se\/crd\/wp-json\/wp\/v2\/media?parent=891"}],"curies":[{"name":"wp","href":"https:\/\/api.w.org\/{rel}","templated":true}]}}