{"id":895,"date":"2017-10-19T15:31:20","date_gmt":"2017-10-19T13:31:20","guid":{"rendered":"http:\/\/blogg.svenskakyrkan.se\/crd\/?page_id=895"},"modified":"2017-10-19T15:31:20","modified_gmt":"2017-10-19T13:31:20","slug":"can-radical-fundamental-religion-live-in-a-world-of-humanism-democracy-and-peace-rabbi-michael-melchior-2016","status":"publish","type":"page","link":"https:\/\/blogg.svenskakyrkan.se\/crd\/ksml\/can-radical-fundamental-religion-live-in-a-world-of-humanism-democracy-and-peace-rabbi-michael-melchior-2016\/","title":{"rendered":"Can radical, fundamental religion live in a world of humanism, democracy and peace? &#8211; Rabbi Michael Melchior 2016"},"content":{"rendered":"<p><strong><a href=\"http:\/\/blogg.svenskakyrkan.se\/crd\/files\/2017\/10\/melchior.jpg\"><img loading=\"lazy\" decoding=\"async\" width=\"300\" height=\"272\" class=\"alignleft size-medium wp-image-896\" src=\"http:\/\/blogg.svenskakyrkan.se\/crd\/files\/2017\/10\/melchior-300x272.jpg\" alt=\"\" srcset=\"https:\/\/blogg.svenskakyrkan.se\/crd\/files\/2017\/10\/melchior-300x272.jpg 300w, https:\/\/blogg.svenskakyrkan.se\/crd\/files\/2017\/10\/melchior.jpg 607w\" sizes=\"auto, (max-width: 300px) 100vw, 300px\" \/><\/a>Michael Melchiors<\/strong> f\u00f6rel\u00e4sning \u201d<em>Can radical, fundamental religion live in a world of humanism, democracy and peace<\/em>?\u201d fyllde Bringsalen p\u00e5 Ersta konferens till sista plats.<\/p>\n<p>Rabbi Michael Melchior, som innehaft flera ministerposter i olika israeliska regeringar och grundat flera organisationer som verkar f\u00f6r fred och f\u00f6rsoning i Mellan\u00f6stern, inledde med n\u00e5gra ord om <strong>Krister Stendahl<\/strong>, som han hade personliga minnen av. Han framh\u00f6ll bland annat hur biskop Krister d\u00e5 han framtr\u00e4dde i Jerusalem gjorde en po\u00e4ng av att stoppa sitt biskopskors i fickan med orden \u201d<em>f\u00f6r mig \u00e4r detta en symbol som jag b\u00e4r med stolthet, men jag vet att den f\u00f6r m\u00e5nga judar st\u00e5r f\u00f6r det lidande som kristna \u00e5samkat det judiska folket<\/em>\u201d.<\/p>\n<p>Den fr\u00e5ga som m\u00e5nga st\u00e4ller sig idag \u00e4r om det finns plats f\u00f6r radikal religiositet i ett demokratiskt samh\u00e4lle. Den h\u00f6gerpopulism och de \u201dburkinidebatter\u201d vi ser idag \u00e4r symptom p\u00e5 att det v\u00e4sterl\u00e4ndska samh\u00e4llet inte kan f\u00f6rst\u00e5 detta \u201dnya\u201d fenomen, menar Michael Melchior. Den allm\u00e4nna \u00e5sikten \u00e4r att radikala religi\u00f6sa uttryck inte har n\u00e5gon plats i det demokratiska samh\u00e4llet och den sekul\u00e4ra staten.<\/p>\n<h3>DE RELIGI\u00d6SA MINORITETERNA M\u00c5STE GES UTRYMME<\/h3>\n<p>Utifr\u00e5n sina erfarenheter av att f\u00f6rs\u00f6ka involvera radikalt konservativa muslimer och judar, d v s Hamas-anh\u00e4ngare och ultraortodoxa bos\u00e4ttare,\u00a0 i fredsprocessen i Israel\/Palestina h\u00e4vdar rabbi Melchior dock att det \u00e4r b\u00e5de m\u00f6jligt och n\u00f6dv\u00e4ndigt att ge utrymme f\u00f6r de religi\u00f6sa minoriteterna i samh\u00e4llslivet.<\/p>\n<p>Dagens situation i Israel\/Palestina, d\u00e4r man f\u00f6rs\u00f6kt h\u00e5lla fredsprocessen fri fr\u00e5n religi\u00f6st inflytande, \u00e4r ett resultat av n\u00e5gra antaganden, som Michael Melchior ville ifr\u00e5gas\u00e4tta:<br \/>\n&#8211; religion ses som n\u00e5got som utesluter kompromisser \u2013 och eftersom politiska l\u00f6sningar kr\u00e4ver kompromisser finns det ingen plats f\u00f6r religonen;<br \/>\n&#8211; den v\u00e4sterl\u00e4ndska uppfattningen att stat och religion m\u00e5ste h\u00e5llas \u00e5tskilda;<br \/>\n&#8211; samt att freden setts som en del av normalisering\/v\u00e4sterlandisering av det israeliska samh\u00e4llet.<\/p>\n<p>Dessa premisser g\u00f6r att de religi\u00f6sa s\u00e4ger: \u201dom freden inneb\u00e4r separation av religionen och staten vill vi inte ha fred!\u201d Man f\u00f6rs\u00f6ker allts\u00e5 s\u00e4lja en l\u00f6sning som varken israeler eller palestinier vill ha, och b\u00e5da sidor kan s\u00e4ga: vi vill ha fred, men de vill det inte.<\/p>\n<p>Det \u00e4r sv\u00e5ra och utmanande fr\u00e5gor som st\u00e4lls n\u00e4r radikala muslimer och judar m\u00f6ts \u2013 men Michael Melchior var hoppfull inf\u00f6r framtiden:<\/p>\n<p>-Vi har inte haft ett enda misslyckat m\u00f6te ens med de mest radikala muslimerna. Det \u00e4r ett nytt spr\u00e5k som f\u00f6ds i m\u00f6tet, en ny m\u00f6jlighet. Man diskuterar vilka k\u00e4llor som \u00e4r de viktiga och olika tolkningsm\u00f6jligheter. B\u00e5da sidor inser att de kan h\u00e5lla sin egen dr\u00f6m levande samtidigt som man arbetar med det som \u00e4r m\u00f6jligt idag och att det kan finnas plats f\u00f6r den Andre \u00e4ven inom den egna dr\u00f6mmen. F\u00f6r\u00e4ndringen kommer n\u00e4r man arbetar tillsamman f\u00f6r fred, inte n\u00e4r man s\u00e4ger \u00e5t m\u00e4nniskor att f\u00f6r\u00e4ndra sig. Samma sak h\u00e4nder idag i Nigeria, Irak, Kurdistan. Vi g\u00e5r mot en b\u00e4ttre v\u00e4rld, avslutade Michael Melchior.<\/p>\n<p>F\u00f6rel\u00e4sningen, som h\u00f6lls den 19 september 2016, var den \u00e5ttonde Krister Stendhal Memorial Lecture, och arrangerades som vanligt i samarbete med Paideia.<\/p>\n<p><strong>Helene Egnell<\/strong><\/p>\n<p>&nbsp;<\/p>\n<p>&nbsp;<\/p>\n<p>Sidan skapad av Malin Norrby<\/p>\n","protected":false},"excerpt":{"rendered":"<p>Michael Melchiors f\u00f6rel\u00e4sning \u201dCan radical, fundamental religion live in a world of humanism, democracy and peace?\u201d fyllde Bringsalen p\u00e5 Ersta konferens till sista plats. Rabbi Michael Melchior, som innehaft flera ministerposter i olika israeliska regeringar och grundat flera organisationer som verkar f\u00f6r fred och f\u00f6rsoning i Mellan\u00f6stern, inledde med n\u00e5gra ord om Krister Stendahl, som [&hellip;]<\/p>\n","protected":false},"author":601,"featured_media":0,"parent":21,"menu_order":0,"comment_status":"closed","ping_status":"closed","template":"","meta":{"_acf_changed":false,"footnotes":""},"class_list":["post-895","page","type-page","status-publish","hentry"],"acf":[],"yoast_head":"<!-- This site is optimized with the Yoast SEO plugin v27.1.1 - https:\/\/yoast.com\/product\/yoast-seo-wordpress\/ -->\n<title>Can radical, fundamental religion live in a world of humanism, democracy and peace? - Rabbi Michael Melchior 2016 - Centrum f\u00f6r religionsdialog i Stockholms stift<\/title>\n<meta name=\"robots\" content=\"index, follow, max-snippet:-1, max-image-preview:large, max-video-preview:-1\" \/>\n<link rel=\"canonical\" href=\"https:\/\/blogg.svenskakyrkan.se\/crd\/ksml\/can-radical-fundamental-religion-live-in-a-world-of-humanism-democracy-and-peace-rabbi-michael-melchior-2016\/\" \/>\n<meta property=\"og:locale\" content=\"sv_SE\" \/>\n<meta property=\"og:type\" content=\"article\" \/>\n<meta property=\"og:title\" content=\"Can radical, fundamental religion live in a world of humanism, democracy and peace? - Rabbi Michael Melchior 2016 - Centrum f\u00f6r religionsdialog i Stockholms stift\" \/>\n<meta property=\"og:description\" content=\"Michael Melchiors f\u00f6rel\u00e4sning \u201dCan radical, fundamental religion live in a world of humanism, democracy and peace?\u201d fyllde Bringsalen p\u00e5 Ersta konferens till sista plats. Rabbi Michael Melchior, som innehaft flera ministerposter i olika israeliska regeringar och grundat flera organisationer som verkar f\u00f6r fred och f\u00f6rsoning i Mellan\u00f6stern, inledde med n\u00e5gra ord om Krister Stendahl, som [&hellip;]\" \/>\n<meta property=\"og:url\" content=\"https:\/\/blogg.svenskakyrkan.se\/crd\/ksml\/can-radical-fundamental-religion-live-in-a-world-of-humanism-democracy-and-peace-rabbi-michael-melchior-2016\/\" \/>\n<meta property=\"og:site_name\" content=\"Centrum f\u00f6r religionsdialog i Stockholms stift\" \/>\n<meta property=\"og:image\" content=\"http:\/\/blogg.svenskakyrkan.se\/crd\/files\/2017\/10\/melchior-300x272.jpg\" \/>\n<meta name=\"twitter:card\" content=\"summary_large_image\" \/>\n<meta name=\"twitter:label1\" content=\"Ber\u00e4knad l\u00e4stid\" \/>\n\t<meta name=\"twitter:data1\" content=\"3 minuter\" \/>\n<script type=\"application\/ld+json\" class=\"yoast-schema-graph\">{\"@context\":\"https:\/\/schema.org\",\"@graph\":[{\"@type\":\"WebPage\",\"@id\":\"https:\/\/blogg.svenskakyrkan.se\/crd\/ksml\/can-radical-fundamental-religion-live-in-a-world-of-humanism-democracy-and-peace-rabbi-michael-melchior-2016\/\",\"url\":\"https:\/\/blogg.svenskakyrkan.se\/crd\/ksml\/can-radical-fundamental-religion-live-in-a-world-of-humanism-democracy-and-peace-rabbi-michael-melchior-2016\/\",\"name\":\"Can radical, fundamental religion live in a world of humanism, democracy and peace? - Rabbi Michael Melchior 2016 - Centrum f\u00f6r religionsdialog i Stockholms stift\",\"isPartOf\":{\"@id\":\"https:\/\/blogg.svenskakyrkan.se\/crd\/#website\"},\"primaryImageOfPage\":{\"@id\":\"https:\/\/blogg.svenskakyrkan.se\/crd\/ksml\/can-radical-fundamental-religion-live-in-a-world-of-humanism-democracy-and-peace-rabbi-michael-melchior-2016\/#primaryimage\"},\"image\":{\"@id\":\"https:\/\/blogg.svenskakyrkan.se\/crd\/ksml\/can-radical-fundamental-religion-live-in-a-world-of-humanism-democracy-and-peace-rabbi-michael-melchior-2016\/#primaryimage\"},\"thumbnailUrl\":\"http:\/\/blogg.svenskakyrkan.se\/crd\/files\/2017\/10\/melchior-300x272.jpg\",\"datePublished\":\"2017-10-19T13:31:20+00:00\",\"breadcrumb\":{\"@id\":\"https:\/\/blogg.svenskakyrkan.se\/crd\/ksml\/can-radical-fundamental-religion-live-in-a-world-of-humanism-democracy-and-peace-rabbi-michael-melchior-2016\/#breadcrumb\"},\"inLanguage\":\"sv-SE\",\"potentialAction\":[{\"@type\":\"ReadAction\",\"target\":[\"https:\/\/blogg.svenskakyrkan.se\/crd\/ksml\/can-radical-fundamental-religion-live-in-a-world-of-humanism-democracy-and-peace-rabbi-michael-melchior-2016\/\"]}]},{\"@type\":\"ImageObject\",\"inLanguage\":\"sv-SE\",\"@id\":\"https:\/\/blogg.svenskakyrkan.se\/crd\/ksml\/can-radical-fundamental-religion-live-in-a-world-of-humanism-democracy-and-peace-rabbi-michael-melchior-2016\/#primaryimage\",\"url\":\"https:\/\/blogg.svenskakyrkan.se\/crd\/files\/2017\/10\/melchior.jpg\",\"contentUrl\":\"https:\/\/blogg.svenskakyrkan.se\/crd\/files\/2017\/10\/melchior.jpg\",\"width\":607,\"height\":551},{\"@type\":\"BreadcrumbList\",\"@id\":\"https:\/\/blogg.svenskakyrkan.se\/crd\/ksml\/can-radical-fundamental-religion-live-in-a-world-of-humanism-democracy-and-peace-rabbi-michael-melchior-2016\/#breadcrumb\",\"itemListElement\":[{\"@type\":\"ListItem\",\"position\":1,\"name\":\"Hem\",\"item\":\"https:\/\/blogg.svenskakyrkan.se\/crd\/\"},{\"@type\":\"ListItem\",\"position\":2,\"name\":\"Krister Stendahl Memorial Lecture\",\"item\":\"https:\/\/blogg.svenskakyrkan.se\/crd\/ksml\/\"},{\"@type\":\"ListItem\",\"position\":3,\"name\":\"Can radical, fundamental religion live in a world of humanism, democracy and peace? &#8211; Rabbi Michael Melchior 2016\"}]},{\"@type\":\"WebSite\",\"@id\":\"https:\/\/blogg.svenskakyrkan.se\/crd\/#website\",\"url\":\"https:\/\/blogg.svenskakyrkan.se\/crd\/\",\"name\":\"Centrum f\u00f6r religionsdialog i Stockholms stift\",\"description\":\"\",\"potentialAction\":[{\"@type\":\"SearchAction\",\"target\":{\"@type\":\"EntryPoint\",\"urlTemplate\":\"https:\/\/blogg.svenskakyrkan.se\/crd\/?s={search_term_string}\"},\"query-input\":{\"@type\":\"PropertyValueSpecification\",\"valueRequired\":true,\"valueName\":\"search_term_string\"}}],\"inLanguage\":\"sv-SE\"}]}<\/script>\n<!-- \/ Yoast SEO plugin. -->","yoast_head_json":{"title":"Can radical, fundamental religion live in a world of humanism, democracy and peace? - Rabbi Michael Melchior 2016 - Centrum f\u00f6r religionsdialog i Stockholms stift","robots":{"index":"index","follow":"follow","max-snippet":"max-snippet:-1","max-image-preview":"max-image-preview:large","max-video-preview":"max-video-preview:-1"},"canonical":"https:\/\/blogg.svenskakyrkan.se\/crd\/ksml\/can-radical-fundamental-religion-live-in-a-world-of-humanism-democracy-and-peace-rabbi-michael-melchior-2016\/","og_locale":"sv_SE","og_type":"article","og_title":"Can radical, fundamental religion live in a world of humanism, democracy and peace? - Rabbi Michael Melchior 2016 - Centrum f\u00f6r religionsdialog i Stockholms stift","og_description":"Michael Melchiors f\u00f6rel\u00e4sning \u201dCan radical, fundamental religion live in a world of humanism, democracy and peace?\u201d fyllde Bringsalen p\u00e5 Ersta konferens till sista plats. Rabbi Michael Melchior, som innehaft flera ministerposter i olika israeliska regeringar och grundat flera organisationer som verkar f\u00f6r fred och f\u00f6rsoning i Mellan\u00f6stern, inledde med n\u00e5gra ord om Krister Stendahl, som [&hellip;]","og_url":"https:\/\/blogg.svenskakyrkan.se\/crd\/ksml\/can-radical-fundamental-religion-live-in-a-world-of-humanism-democracy-and-peace-rabbi-michael-melchior-2016\/","og_site_name":"Centrum f\u00f6r religionsdialog i Stockholms stift","og_image":[{"url":"http:\/\/blogg.svenskakyrkan.se\/crd\/files\/2017\/10\/melchior-300x272.jpg","type":"","width":"","height":""}],"twitter_card":"summary_large_image","twitter_misc":{"Ber\u00e4knad l\u00e4stid":"3 minuter"},"schema":{"@context":"https:\/\/schema.org","@graph":[{"@type":"WebPage","@id":"https:\/\/blogg.svenskakyrkan.se\/crd\/ksml\/can-radical-fundamental-religion-live-in-a-world-of-humanism-democracy-and-peace-rabbi-michael-melchior-2016\/","url":"https:\/\/blogg.svenskakyrkan.se\/crd\/ksml\/can-radical-fundamental-religion-live-in-a-world-of-humanism-democracy-and-peace-rabbi-michael-melchior-2016\/","name":"Can radical, fundamental religion live in a world of humanism, democracy and peace? - Rabbi Michael Melchior 2016 - Centrum f\u00f6r religionsdialog i Stockholms stift","isPartOf":{"@id":"https:\/\/blogg.svenskakyrkan.se\/crd\/#website"},"primaryImageOfPage":{"@id":"https:\/\/blogg.svenskakyrkan.se\/crd\/ksml\/can-radical-fundamental-religion-live-in-a-world-of-humanism-democracy-and-peace-rabbi-michael-melchior-2016\/#primaryimage"},"image":{"@id":"https:\/\/blogg.svenskakyrkan.se\/crd\/ksml\/can-radical-fundamental-religion-live-in-a-world-of-humanism-democracy-and-peace-rabbi-michael-melchior-2016\/#primaryimage"},"thumbnailUrl":"http:\/\/blogg.svenskakyrkan.se\/crd\/files\/2017\/10\/melchior-300x272.jpg","datePublished":"2017-10-19T13:31:20+00:00","breadcrumb":{"@id":"https:\/\/blogg.svenskakyrkan.se\/crd\/ksml\/can-radical-fundamental-religion-live-in-a-world-of-humanism-democracy-and-peace-rabbi-michael-melchior-2016\/#breadcrumb"},"inLanguage":"sv-SE","potentialAction":[{"@type":"ReadAction","target":["https:\/\/blogg.svenskakyrkan.se\/crd\/ksml\/can-radical-fundamental-religion-live-in-a-world-of-humanism-democracy-and-peace-rabbi-michael-melchior-2016\/"]}]},{"@type":"ImageObject","inLanguage":"sv-SE","@id":"https:\/\/blogg.svenskakyrkan.se\/crd\/ksml\/can-radical-fundamental-religion-live-in-a-world-of-humanism-democracy-and-peace-rabbi-michael-melchior-2016\/#primaryimage","url":"https:\/\/blogg.svenskakyrkan.se\/crd\/files\/2017\/10\/melchior.jpg","contentUrl":"https:\/\/blogg.svenskakyrkan.se\/crd\/files\/2017\/10\/melchior.jpg","width":607,"height":551},{"@type":"BreadcrumbList","@id":"https:\/\/blogg.svenskakyrkan.se\/crd\/ksml\/can-radical-fundamental-religion-live-in-a-world-of-humanism-democracy-and-peace-rabbi-michael-melchior-2016\/#breadcrumb","itemListElement":[{"@type":"ListItem","position":1,"name":"Hem","item":"https:\/\/blogg.svenskakyrkan.se\/crd\/"},{"@type":"ListItem","position":2,"name":"Krister Stendahl Memorial Lecture","item":"https:\/\/blogg.svenskakyrkan.se\/crd\/ksml\/"},{"@type":"ListItem","position":3,"name":"Can radical, fundamental religion live in a world of humanism, democracy and peace? &#8211; Rabbi Michael Melchior 2016"}]},{"@type":"WebSite","@id":"https:\/\/blogg.svenskakyrkan.se\/crd\/#website","url":"https:\/\/blogg.svenskakyrkan.se\/crd\/","name":"Centrum f\u00f6r religionsdialog i Stockholms stift","description":"","potentialAction":[{"@type":"SearchAction","target":{"@type":"EntryPoint","urlTemplate":"https:\/\/blogg.svenskakyrkan.se\/crd\/?s={search_term_string}"},"query-input":{"@type":"PropertyValueSpecification","valueRequired":true,"valueName":"search_term_string"}}],"inLanguage":"sv-SE"}]}},"_links":{"self":[{"href":"https:\/\/blogg.svenskakyrkan.se\/crd\/wp-json\/wp\/v2\/pages\/895","targetHints":{"allow":["GET"]}}],"collection":[{"href":"https:\/\/blogg.svenskakyrkan.se\/crd\/wp-json\/wp\/v2\/pages"}],"about":[{"href":"https:\/\/blogg.svenskakyrkan.se\/crd\/wp-json\/wp\/v2\/types\/page"}],"author":[{"embeddable":true,"href":"https:\/\/blogg.svenskakyrkan.se\/crd\/wp-json\/wp\/v2\/users\/601"}],"replies":[{"embeddable":true,"href":"https:\/\/blogg.svenskakyrkan.se\/crd\/wp-json\/wp\/v2\/comments?post=895"}],"version-history":[{"count":1,"href":"https:\/\/blogg.svenskakyrkan.se\/crd\/wp-json\/wp\/v2\/pages\/895\/revisions"}],"predecessor-version":[{"id":897,"href":"https:\/\/blogg.svenskakyrkan.se\/crd\/wp-json\/wp\/v2\/pages\/895\/revisions\/897"}],"up":[{"embeddable":true,"href":"https:\/\/blogg.svenskakyrkan.se\/crd\/wp-json\/wp\/v2\/pages\/21"}],"wp:attachment":[{"href":"https:\/\/blogg.svenskakyrkan.se\/crd\/wp-json\/wp\/v2\/media?parent=895"}],"curies":[{"name":"wp","href":"https:\/\/api.w.org\/{rel}","templated":true}]}}