{"id":913,"date":"2017-10-20T11:18:29","date_gmt":"2017-10-20T09:18:29","guid":{"rendered":"http:\/\/blogg.svenskakyrkan.se\/crd\/?page_id=913"},"modified":"2021-12-13T12:15:51","modified_gmt":"2021-12-13T11:15:51","slug":"tala-val-predikokommentarer","status":"publish","type":"page","link":"https:\/\/blogg.svenskakyrkan.se\/crd\/tala-val-predikokommentarer\/","title":{"rendered":"Tala v\u00e4l &#8211; predikokommentarer"},"content":{"rendered":"\n<div class=\"wp-block-image\"><figure class=\"aligncenter\"><a href=\"https:\/\/blogg.svenskakyrkan.se\/crd\/2020\/04\/07\/tala-val-pasktiden-2\/\"><img loading=\"lazy\" decoding=\"async\" width=\"1024\" height=\"238\" src=\"http:\/\/blogg.svenskakyrkan.se\/crd\/files\/2017\/11\/predikan-1024x238.jpg\" alt=\"\" class=\"wp-image-1009\" srcset=\"https:\/\/blogg.svenskakyrkan.se\/crd\/files\/2017\/11\/predikan-1024x238.jpg 1024w, https:\/\/blogg.svenskakyrkan.se\/crd\/files\/2017\/11\/predikan-300x70.jpg 300w, https:\/\/blogg.svenskakyrkan.se\/crd\/files\/2017\/11\/predikan-768x179.jpg 768w, https:\/\/blogg.svenskakyrkan.se\/crd\/files\/2017\/11\/predikan-1200x279.jpg 1200w, https:\/\/blogg.svenskakyrkan.se\/crd\/files\/2017\/11\/predikan.jpg 1212w\" sizes=\"auto, (max-width: 1024px) 100vw, 1024px\" \/><\/a><\/figure><\/div>\n\n\n\n<p>\u201d<em>Hur kan jag sjunga min lovs\u00e5ng till Jesus utan att tala illa om de andra<\/em>?\u201d S\u00e5 formulerade <strong>Krister Stendahl<\/strong> den fr\u00e5ga som varje kristen som \u00e4r engagerad i religionsdialog st\u00e4ller sig. Predikobloggen <strong>Tala v\u00e4l<\/strong> vill inspirera predikanter till att f\u00f6rkunna Kristus samtidigt som de talar v\u00e4l om andra trosbek\u00e4nnare \u2013 \u201djuden fr\u00e4mst, men ocks\u00e5 greken\u201d (Rom 2:10). \u00a0Under tre \u00e5rs tid med b\u00f6rjan 1 advent 2017 har en ekumeniskt sammansatt <a href=\"http:\/\/blogg.svenskakyrkan.se\/crd\/tala-val-predikokommentarer\/tala-val-arbetsgruppen\/\">arbetsgrupp<\/a> belyst den judiska bakgrunden till de nytestamentliga texterna och lyft fram judiska tolkningstraditioner kring de gammaltestamentliga. \u00c4ven andra religionsteologiska aspekter \u00e4n de judisk-kristna belyses \u00e4ven om det judisk-kristna st\u00e5r i fokus. Nu finns allts\u00e5 alla tre \u00e5rg\u00e5ngarnas kommentarer samlade p\u00e5 denna blogg.\u00a0<\/p>\n\n\n\n<p>Bloggen finns nu ocks\u00e5 i bokform: <strong>Tala v\u00e4l. Predikokommentarer i Krister Stendahls anda<\/strong>, utgiven av Bibelakademif\u00f6rlaget. Den inneh\u00e5ller flera kommentarer till s\u00f6ndagar som inte inf\u00f6ll under de \u00e5r bloggen skapades, tematiska texter, ordf\u00f6rklaringar och litteraturtips samt index p\u00e5 samtliga texter f\u00f6r att underl\u00e4tta f\u00f6r den som inte anv\u00e4nder Svenska kyrkans evangeliebok. Best\u00e4ll boken fr\u00e5n <a href=\"https:\/\/bibelbutiken.se\/produkt\/tala-val\/\" data-type=\"URL\" data-id=\"https:\/\/bibelbutiken.se\/produkt\/tala-val\/\">Svenska Bibels\u00e4llskapet<\/a>!<\/p>\n\n\n\n<p><a href=\"https:\/\/blogg.svenskakyrkan.se\/crd\/tala-val-predikokommentarer\/arkiv\/\">H\u00e4r hittar du textkommentarerna<\/a><\/p>\n\n\n\n<p>En bakgrund till bloggen \u00e4r den motion som biskop<strong> \u00c5ke Bonnier<\/strong> skrev till Kyrkom\u00f6tet 2014 med rubriken \u201dVart tog Guds v\u00e4gar v\u00e4gen?\u201d. Kyrkom\u00f6tet antog den punkt som handlade om att lyfta fram dokumentet <em>Guds v\u00e4gar<\/em> till f\u00f6rnyat studium, men avslog den del som handlade om en \u00f6versyn av evangelieboken. I v\u00e4ntan p\u00e5 att en s\u00e5dan \u00f6versyn sker vill denna blogg hj\u00e4lpa predikanter att bli varse de fallgropar som finns i evangelieboken. Den inneh\u00e5ller dels texter som i sig sj\u00e4lva ger utrymme f\u00f6r antijudiska tolkningar, men \u00e4ven mer oskyldiga texter kan i kombination med varandra leda tankarna i ers\u00e4ttningsteologisk eller p\u00e5 annat s\u00e4tt antijudisk riktning. Syftet \u00e4r dock inte bara att varna, utan bloggen lyfter ocks\u00e5 fram perspektiv som kan ge predikanten nya ing\u00e5ngar till texterna. Den inneh\u00e5ller allts\u00e5 inte kommentarer till samtliga kyrko\u00e5rets texter, utan endast de som \u00e4r relevanta f\u00f6r syftet.<\/p>\n\n\n\n<p>Samtalsdokumentet <em>Guds v\u00e4gar<\/em> hittar du h\u00e4r: <a href=\"http:\/\/blogg.svenskakyrkan.se\/crd\/files\/2017\/10\/Guds-v\u00e4gar2c-judendom-och-kristendom-ett-inomkyrkligt-samtalsdokument-pdf2c-13-sidor.pdf\">Guds v\u00e4gar judendom och kristendom &#8211; ett inomkyrkligt samtalsdokument (pdf 13 sidor)<\/a><\/p>\n\n\n\n<p>P\u00e5 engelska:&nbsp;<a href=\"http:\/\/blogg.svenskakyrkan.se\/crd\/files\/2017\/10\/Ways-of-God.pdf\">Ways of God<\/a><\/p>\n\n\n\n<h3 class=\"wp-block-heading\">ytterligare resurser<\/h3>\n\n\n\n<p>Symposiet <strong>Att m\u00e5la &#8221;den Andre&#8221; p\u00e5 v\u00e4ggen<\/strong> i mars 2019 handlade om antijudiska stereotyper i kyrkokonsten, men <a href=\"https:\/\/www.svenskakyrkan.se\/kyrkokonstsymposium\">de videofilmade f\u00f6redragen<\/a> ger ocks\u00e5 generell kunskap om antijudiska teman i kyrkohistoria och teologi. Du hittar ocks\u00e5 ett r<a href=\"https:\/\/blogg.svenskakyrkan.se\/crd\/2019\/03\/14\/att-mala-den-andre-pa-vaggen\/\">eferat av symposiet <\/a>h\u00e4r p\u00e5 bloggen.<\/p>\n\n\n\n<p>P\u00e5 denna bloggs<a href=\"https:\/\/blogg.svenskakyrkan.se\/crd\/resurser\/\"> <strong>resurssida<\/strong> <\/a>hittar du ocks\u00e5 l\u00e4nkar till olika dokument, rapporter och artiklar med b\u00e4ring p\u00e5 judisk-kristen dialog. V\u00e4rt att n\u00e4mna \u00e4r anglikanska kyrkans dokument fr\u00e5n 2019, <a href=\"https:\/\/www.churchofengland.org\/sites\/default\/files\/2019-11\/godsunfailingwordweb.pdf?fbclid=IwAR34Sk-xH-BVxYnX43E92Lj8NcHvnwMvtCZ9E1eDxPKAtXbfGqkFLakGZ7U\">God&#8217;s Unfailing Word<\/a> och en artikel av H\u00e5kan Bengtsson i Nordisk Judaistik: <a href=\"https:\/\/journal.fi\/nj\/article\/download\/89966\/57965\">Didaktiska reflektioner om judendom, stereotyper och tankefigurer<\/a>. Fr\u00e5gan om<a href=\"https:\/\/blogg.svenskakyrkan.se\/crd\/?s=improperierna\"> improperierna<\/a> har vi ocks\u00e5 vid ett flertal tillf\u00e4llen behandlat p\u00e5 bloggen.<\/p>\n\n\n\n<p><strong>Litteraturen<\/strong> om judisk-kristna relationer \u00e4r omfattande. Ett urval hittar du i Centrum f\u00f6r religionsdialogs <a href=\"https:\/\/www.librarything.com\/catalog\/CRDialog&amp;deepsearch=Judendom+och+kristendom\">bibliotekskatalog<\/a>. <\/p>\n\n\n\n<p><strong>Samarbetsr\u00e5det f\u00f6r judar och kristna<\/strong> har en <a href=\"https:\/\/samarbetsradet.se\/\">hemsida<\/a> som inneh\u00e5ller intressant material, och detsamma g\u00e4ller den internationella paraplyorganisation som Samarbetsr\u00e5det \u00e4r en del av, <a href=\"http:\/\/iccj.org\/\">International Council of Christians and Jews<\/a>, inte minst sektionen <a href=\"https:\/\/www.jcrelations.net\/index.html\">JCRelations<\/a>. <\/p>\n","protected":false},"excerpt":{"rendered":"<p>\u201dHur kan jag sjunga min lovs\u00e5ng till Jesus utan att tala illa om de andra?\u201d S\u00e5 formulerade Krister Stendahl den fr\u00e5ga som varje kristen som \u00e4r engagerad i religionsdialog st\u00e4ller sig. Predikobloggen Tala v\u00e4l vill inspirera predikanter till att f\u00f6rkunna Kristus samtidigt som de talar v\u00e4l om andra trosbek\u00e4nnare \u2013 \u201djuden fr\u00e4mst, men ocks\u00e5 greken\u201d [&hellip;]<\/p>\n","protected":false},"author":601,"featured_media":0,"parent":0,"menu_order":0,"comment_status":"closed","ping_status":"closed","template":"","meta":{"_acf_changed":false,"footnotes":""},"class_list":["post-913","page","type-page","status-publish","hentry"],"acf":[],"yoast_head":"<!-- This site is optimized with the Yoast SEO plugin v27.1.1 - https:\/\/yoast.com\/product\/yoast-seo-wordpress\/ -->\n<title>Tala v\u00e4l - predikokommentarer - Centrum f\u00f6r religionsdialog i Stockholms stift<\/title>\n<meta name=\"robots\" content=\"index, follow, max-snippet:-1, max-image-preview:large, max-video-preview:-1\" \/>\n<link rel=\"canonical\" href=\"https:\/\/blogg.svenskakyrkan.se\/crd\/tala-val-predikokommentarer\/\" \/>\n<meta property=\"og:locale\" content=\"sv_SE\" \/>\n<meta property=\"og:type\" content=\"article\" \/>\n<meta property=\"og:title\" content=\"Tala v\u00e4l - predikokommentarer - Centrum f\u00f6r religionsdialog i Stockholms stift\" \/>\n<meta property=\"og:description\" content=\"\u201dHur kan jag sjunga min lovs\u00e5ng till Jesus utan att tala illa om de andra?\u201d S\u00e5 formulerade Krister Stendahl den fr\u00e5ga som varje kristen som \u00e4r engagerad i religionsdialog st\u00e4ller sig. Predikobloggen Tala v\u00e4l vill inspirera predikanter till att f\u00f6rkunna Kristus samtidigt som de talar v\u00e4l om andra trosbek\u00e4nnare \u2013 \u201djuden fr\u00e4mst, men ocks\u00e5 greken\u201d [&hellip;]\" \/>\n<meta property=\"og:url\" content=\"https:\/\/blogg.svenskakyrkan.se\/crd\/tala-val-predikokommentarer\/\" \/>\n<meta property=\"og:site_name\" content=\"Centrum f\u00f6r religionsdialog i Stockholms stift\" \/>\n<meta property=\"article:modified_time\" content=\"2021-12-13T11:15:51+00:00\" \/>\n<meta property=\"og:image\" content=\"http:\/\/blogg.svenskakyrkan.se\/crd\/files\/2017\/11\/predikan-1024x238.jpg\" \/>\n<meta name=\"twitter:card\" content=\"summary_large_image\" \/>\n<meta name=\"twitter:label1\" content=\"Ber\u00e4knad l\u00e4stid\" \/>\n\t<meta name=\"twitter:data1\" content=\"3 minuter\" \/>\n<script type=\"application\/ld+json\" class=\"yoast-schema-graph\">{\"@context\":\"https:\/\/schema.org\",\"@graph\":[{\"@type\":\"WebPage\",\"@id\":\"https:\/\/blogg.svenskakyrkan.se\/crd\/tala-val-predikokommentarer\/\",\"url\":\"https:\/\/blogg.svenskakyrkan.se\/crd\/tala-val-predikokommentarer\/\",\"name\":\"Tala v\u00e4l - predikokommentarer - Centrum f\u00f6r religionsdialog i Stockholms stift\",\"isPartOf\":{\"@id\":\"https:\/\/blogg.svenskakyrkan.se\/crd\/#website\"},\"primaryImageOfPage\":{\"@id\":\"https:\/\/blogg.svenskakyrkan.se\/crd\/tala-val-predikokommentarer\/#primaryimage\"},\"image\":{\"@id\":\"https:\/\/blogg.svenskakyrkan.se\/crd\/tala-val-predikokommentarer\/#primaryimage\"},\"thumbnailUrl\":\"http:\/\/blogg.svenskakyrkan.se\/crd\/files\/2017\/11\/predikan-1024x238.jpg\",\"datePublished\":\"2017-10-20T09:18:29+00:00\",\"dateModified\":\"2021-12-13T11:15:51+00:00\",\"breadcrumb\":{\"@id\":\"https:\/\/blogg.svenskakyrkan.se\/crd\/tala-val-predikokommentarer\/#breadcrumb\"},\"inLanguage\":\"sv-SE\",\"potentialAction\":[{\"@type\":\"ReadAction\",\"target\":[\"https:\/\/blogg.svenskakyrkan.se\/crd\/tala-val-predikokommentarer\/\"]}]},{\"@type\":\"ImageObject\",\"inLanguage\":\"sv-SE\",\"@id\":\"https:\/\/blogg.svenskakyrkan.se\/crd\/tala-val-predikokommentarer\/#primaryimage\",\"url\":\"https:\/\/blogg.svenskakyrkan.se\/crd\/files\/2017\/11\/predikan.jpg\",\"contentUrl\":\"https:\/\/blogg.svenskakyrkan.se\/crd\/files\/2017\/11\/predikan.jpg\",\"width\":1212,\"height\":282},{\"@type\":\"BreadcrumbList\",\"@id\":\"https:\/\/blogg.svenskakyrkan.se\/crd\/tala-val-predikokommentarer\/#breadcrumb\",\"itemListElement\":[{\"@type\":\"ListItem\",\"position\":1,\"name\":\"Hem\",\"item\":\"https:\/\/blogg.svenskakyrkan.se\/crd\/\"},{\"@type\":\"ListItem\",\"position\":2,\"name\":\"Tala v\u00e4l &#8211; predikokommentarer\"}]},{\"@type\":\"WebSite\",\"@id\":\"https:\/\/blogg.svenskakyrkan.se\/crd\/#website\",\"url\":\"https:\/\/blogg.svenskakyrkan.se\/crd\/\",\"name\":\"Centrum f\u00f6r religionsdialog i Stockholms stift\",\"description\":\"\",\"potentialAction\":[{\"@type\":\"SearchAction\",\"target\":{\"@type\":\"EntryPoint\",\"urlTemplate\":\"https:\/\/blogg.svenskakyrkan.se\/crd\/?s={search_term_string}\"},\"query-input\":{\"@type\":\"PropertyValueSpecification\",\"valueRequired\":true,\"valueName\":\"search_term_string\"}}],\"inLanguage\":\"sv-SE\"}]}<\/script>\n<!-- \/ Yoast SEO plugin. -->","yoast_head_json":{"title":"Tala v\u00e4l - predikokommentarer - Centrum f\u00f6r religionsdialog i Stockholms stift","robots":{"index":"index","follow":"follow","max-snippet":"max-snippet:-1","max-image-preview":"max-image-preview:large","max-video-preview":"max-video-preview:-1"},"canonical":"https:\/\/blogg.svenskakyrkan.se\/crd\/tala-val-predikokommentarer\/","og_locale":"sv_SE","og_type":"article","og_title":"Tala v\u00e4l - predikokommentarer - Centrum f\u00f6r religionsdialog i Stockholms stift","og_description":"\u201dHur kan jag sjunga min lovs\u00e5ng till Jesus utan att tala illa om de andra?\u201d S\u00e5 formulerade Krister Stendahl den fr\u00e5ga som varje kristen som \u00e4r engagerad i religionsdialog st\u00e4ller sig. Predikobloggen Tala v\u00e4l vill inspirera predikanter till att f\u00f6rkunna Kristus samtidigt som de talar v\u00e4l om andra trosbek\u00e4nnare \u2013 \u201djuden fr\u00e4mst, men ocks\u00e5 greken\u201d [&hellip;]","og_url":"https:\/\/blogg.svenskakyrkan.se\/crd\/tala-val-predikokommentarer\/","og_site_name":"Centrum f\u00f6r religionsdialog i Stockholms stift","article_modified_time":"2021-12-13T11:15:51+00:00","og_image":[{"url":"http:\/\/blogg.svenskakyrkan.se\/crd\/files\/2017\/11\/predikan-1024x238.jpg","type":"","width":"","height":""}],"twitter_card":"summary_large_image","twitter_misc":{"Ber\u00e4knad l\u00e4stid":"3 minuter"},"schema":{"@context":"https:\/\/schema.org","@graph":[{"@type":"WebPage","@id":"https:\/\/blogg.svenskakyrkan.se\/crd\/tala-val-predikokommentarer\/","url":"https:\/\/blogg.svenskakyrkan.se\/crd\/tala-val-predikokommentarer\/","name":"Tala v\u00e4l - predikokommentarer - Centrum f\u00f6r religionsdialog i Stockholms stift","isPartOf":{"@id":"https:\/\/blogg.svenskakyrkan.se\/crd\/#website"},"primaryImageOfPage":{"@id":"https:\/\/blogg.svenskakyrkan.se\/crd\/tala-val-predikokommentarer\/#primaryimage"},"image":{"@id":"https:\/\/blogg.svenskakyrkan.se\/crd\/tala-val-predikokommentarer\/#primaryimage"},"thumbnailUrl":"http:\/\/blogg.svenskakyrkan.se\/crd\/files\/2017\/11\/predikan-1024x238.jpg","datePublished":"2017-10-20T09:18:29+00:00","dateModified":"2021-12-13T11:15:51+00:00","breadcrumb":{"@id":"https:\/\/blogg.svenskakyrkan.se\/crd\/tala-val-predikokommentarer\/#breadcrumb"},"inLanguage":"sv-SE","potentialAction":[{"@type":"ReadAction","target":["https:\/\/blogg.svenskakyrkan.se\/crd\/tala-val-predikokommentarer\/"]}]},{"@type":"ImageObject","inLanguage":"sv-SE","@id":"https:\/\/blogg.svenskakyrkan.se\/crd\/tala-val-predikokommentarer\/#primaryimage","url":"https:\/\/blogg.svenskakyrkan.se\/crd\/files\/2017\/11\/predikan.jpg","contentUrl":"https:\/\/blogg.svenskakyrkan.se\/crd\/files\/2017\/11\/predikan.jpg","width":1212,"height":282},{"@type":"BreadcrumbList","@id":"https:\/\/blogg.svenskakyrkan.se\/crd\/tala-val-predikokommentarer\/#breadcrumb","itemListElement":[{"@type":"ListItem","position":1,"name":"Hem","item":"https:\/\/blogg.svenskakyrkan.se\/crd\/"},{"@type":"ListItem","position":2,"name":"Tala v\u00e4l &#8211; predikokommentarer"}]},{"@type":"WebSite","@id":"https:\/\/blogg.svenskakyrkan.se\/crd\/#website","url":"https:\/\/blogg.svenskakyrkan.se\/crd\/","name":"Centrum f\u00f6r religionsdialog i Stockholms stift","description":"","potentialAction":[{"@type":"SearchAction","target":{"@type":"EntryPoint","urlTemplate":"https:\/\/blogg.svenskakyrkan.se\/crd\/?s={search_term_string}"},"query-input":{"@type":"PropertyValueSpecification","valueRequired":true,"valueName":"search_term_string"}}],"inLanguage":"sv-SE"}]}},"_links":{"self":[{"href":"https:\/\/blogg.svenskakyrkan.se\/crd\/wp-json\/wp\/v2\/pages\/913","targetHints":{"allow":["GET"]}}],"collection":[{"href":"https:\/\/blogg.svenskakyrkan.se\/crd\/wp-json\/wp\/v2\/pages"}],"about":[{"href":"https:\/\/blogg.svenskakyrkan.se\/crd\/wp-json\/wp\/v2\/types\/page"}],"author":[{"embeddable":true,"href":"https:\/\/blogg.svenskakyrkan.se\/crd\/wp-json\/wp\/v2\/users\/601"}],"replies":[{"embeddable":true,"href":"https:\/\/blogg.svenskakyrkan.se\/crd\/wp-json\/wp\/v2\/comments?post=913"}],"version-history":[{"count":30,"href":"https:\/\/blogg.svenskakyrkan.se\/crd\/wp-json\/wp\/v2\/pages\/913\/revisions"}],"predecessor-version":[{"id":2438,"href":"https:\/\/blogg.svenskakyrkan.se\/crd\/wp-json\/wp\/v2\/pages\/913\/revisions\/2438"}],"wp:attachment":[{"href":"https:\/\/blogg.svenskakyrkan.se\/crd\/wp-json\/wp\/v2\/media?parent=913"}],"curies":[{"name":"wp","href":"https:\/\/api.w.org\/{rel}","templated":true}]}}