{"id":4051,"date":"2015-02-18T22:34:36","date_gmt":"2015-02-18T22:34:36","guid":{"rendered":"http:\/\/diakonibloggen.com\/?page_id=4051"},"modified":"2015-02-18T22:34:36","modified_gmt":"2015-02-18T22:34:36","slug":"upprop-mot-skuldoversatta","status":"publish","type":"page","link":"https:\/\/blogg.svenskakyrkan.se\/diakonibloggen\/upprop-mot-skuldoversatta\/","title":{"rendered":"Upprop mot \u00f6verskulds\u00e4ttning"},"content":{"rendered":"<p>Vi \u00e4r m\u00e5nga som arbetar inom Svenska kyrkans diakoni som med stor oro ser p\u00e5 \u00f6verskuldsattas situation i Sverige. M\u00e5nga av dessa s\u00f6ker sig till oss n\u00e4r de har skulder som de inte kan betala. \u00d6verskuldsatthet p\u00e5verkar deras fysiska och psykiska h\u00e4lsa samt deras m\u00f6jligheter att ta sig fram i samh\u00e4llet. Exempelvis blir det sv\u00e5rt att skaffa eller byta bostad, betala pendling till arbete och betala extrautgifter s\u00e5som tandv\u00e5rd och glas\u00f6gon. Den sista december 2014 fanns det<strong> 426 046 <\/strong>skuldsatta personer registrerade i kronofogdens register. M\u00e5nga av dessa personer har barn som p\u00e5verkas negativt av f\u00f6r\u00e4ldrarnas skuldsituation. I dagsl\u00e4get finns inga uppgifter om antalet barn som lever i familjer som \u00e4r \u00f6verskuldsatta. Enligt en statlig utredning, SOU 2013:78 fr\u00e5n 2013 uppgavs att drygt <strong>161\u00a0000<\/strong> barn i Sverige levde i familjer d\u00e4r minst en f\u00f6r\u00e4lder hade ett skuldkonto hos Kronofogden. D\u00e5 r\u00e4knas inte barn in, vars f\u00f6r\u00e4ldrar exempelvis har skulder hos inkassobolag. F\u00f6r\u00e4ldrar till alla dessa barn har s\u00e4mre f\u00f6ruts\u00e4ttningar \u00e4n andra att betala f\u00f6r fritidsaktiviteter, barnkalas, julfirande, f\u00f6delsedagspresenter, vinterkl\u00e4der och semesteraktiviteter. Vi som m\u00f6ter m\u00e4nniskor i denna situation m\u00e4rker tydligt av deras k\u00e4nslor av hoppl\u00f6shet n\u00e4r det g\u00e4ller deras m\u00f6jligheter att f\u00f6r\u00e4ndra sina liv. Vi och andra sociala akt\u00f6rer kan oftast bara hj\u00e4lpa till kortsiktigt, medan den l\u00e5ngsiktiga hj\u00e4lpen \u00e5terfinns p\u00e5 en h\u00f6gre samh\u00e4llelig niv\u00e5.<\/p>\n<p><a href=\"http:\/\/diakonibloggen.com\/2015\/02\/21\/upprop-mot-overskuldsattning\/skarmavbild-2015-02-18-kl-23-23-06\/#main\" rel=\"attachment wp-att-4049\"><img loading=\"lazy\" decoding=\"async\" class=\"alignleft size-thumbnail wp-image-4049\" src=\"http:\/\/blogg.svenskakyrkan.se\/diakonibloggen\/files\/2015\/02\/skc3a4rmavbild-2015-02-18-kl-23-23-06.png?w=250\" alt=\"Sk\u00e4rmavbild 2015-02-18 kl. 23.23.06\" width=\"250\" height=\"157\" srcset=\"https:\/\/blogg.svenskakyrkan.se\/diakonibloggen\/files\/2015\/02\/skc3a4rmavbild-2015-02-18-kl-23-23-06.png 354w, https:\/\/blogg.svenskakyrkan.se\/diakonibloggen\/files\/2015\/02\/skc3a4rmavbild-2015-02-18-kl-23-23-06-300x188.png 300w\" sizes=\"auto, (max-width: 250px) 100vw, 250px\" \/><\/a>Vi vill d\u00e4rf\u00f6r uppmana Sveriges Riksdag att \u00e4ndra lagstiftningen f\u00f6r att p\u00e5 s\u00e5 sett f\u00f6rhindra att s\u00e5 m\u00e5nga m\u00e4nniskor blir \u00f6verskuldsatta, t ex genom \u00e4ndrad ockerlagstiftning och f\u00f6rst\u00e4rkt tillsyn av inkassobolag och kreditinstitut. Vi vill ocks\u00e5 att det satsas mer resurser till hj\u00e4lp f\u00f6r dem som redan \u00e4r skuldsatta, s\u00e5 att de snabbare kan komma ur sin skuldsituation. Det vi ser \u00e4r att det g\u00e5r snabbt att hamna i skuld pga. inkassoavgifter och h\u00f6ga r\u00e4ntor, men att det d\u00e4remot tar l\u00e5ng tid att f\u00e5 adekvat hj\u00e4lp att bli skuldfri. De flesta av dessa m\u00e4nniskor lever inte \u201dlyxliv\u201d utan har hamnat i skuld p.g.a. en redan utsatt livssituation, som t. ex sjukdom eller arbetsl\u00f6shet.<\/p>\n<p>Som f\u00f6rslag p\u00e5 \u00e5tg\u00e4rder som kan f\u00f6r\u00e4ndra \u00f6verskuldsattas situation i en positiv riktning h\u00e4nvisar vi i stort till de f\u00f6rslag som lyfts i den ovan angivna utredningen SOU 2013:78 \u201d\u00d6verskulds\u00e4ttning i kreditsamh\u00e4llet\u201d:<\/p>\n<ul>\n<li>Slutlig preskription f\u00f6r skulder som \u00e4r 15 \u00e5r eller \u00e4ldre hos Kronofogdemyndigheten (h\u00e4r skulle vi g\u00e4rna se en \u00e4nnu kortare preskriptionstid)<\/li>\n<li>F\u00f6rst\u00e4rkt budget- och skuldr\u00e5dgivning<\/li>\n<li>\u00c4ndrat ockerlagstiftning<\/li>\n<li>F\u00f6rst\u00e4rkta tillsynsresurser till Konsumentverket<\/li>\n<li>Utveckla den offentliga statistiken och forskningen om hush\u00e5llens skulds\u00e4ttning<\/li>\n<\/ul>\n<p>D\u00e4rut\u00f6ver anser vi att statligt finansierade saneringsl\u00e5n ska inf\u00f6ras, vilka b\u00f6r kunna finansieras genom r\u00e4nteint\u00e4kter p\u00e5 l\u00e5nen. Vi vill slutligen med sk\u00e4rpa uppmana regeringen att under 2015 l\u00e4gga en proposition som baseras p\u00e5 huvudf\u00f6rslagen i SOU:2013:72 \u201dUt ur skuldf\u00e4llan\u201d; d\u00e4r bl.a. behovet av b\u00e4ttre information till skuldsatta om skuldsanering lyfts och av att ett f\u00f6renklat ans\u00f6kningsf\u00f6rfarande inf\u00f6rs.<\/p>\n<p>\u00d6verskulds\u00e4ttning \u00e4r ett samh\u00e4llsproblem och vi ser med egna \u00f6gon det lidande det orsakar. Vi uppmanar v\u00e5ra lagstiftare och beslutsfattare att snabbt vidta \u00e5tg\u00e4rder f\u00f6r att f\u00f6rebygga samt hj\u00e4lpa dem som redan hamnat i skuldf\u00e4llan.<\/p>\n<p>St\u00f6tta g\u00e4rna genom att\u00a0skriva under uppropet maila ditt namn, ev. syssels\u00e4ttning och bostadsort till:\u00a0<a href=\"mailto:peter.juhlin@svenskakyrkan.se\">peter.juhlin@svenskakyrkan.se<\/a><\/p>\n<p>initiativtagare: \u00a0Elinn Leo, Cheryl French,<a href=\"http:\/\/www.svenskakyrkan.se\/landskrona\/oro-bland-diakonerna\">Landskrona f\u00f6rsamling<\/a>\u00a0Lena Hansen,Lund, Peter Juhlin, Malm\u00f6<\/p>\n","protected":false},"excerpt":{"rendered":"<p>Vi \u00e4r m\u00e5nga som arbetar inom Svenska kyrkans diakoni som med stor oro ser p\u00e5 \u00f6verskuldsattas situation i Sverige. M\u00e5nga av dessa s\u00f6ker sig till oss n\u00e4r de har skulder som de inte kan betala. \u00d6verskuldsatthet p\u00e5verkar deras fysiska och psykiska h\u00e4lsa samt deras m\u00f6jligheter att ta sig fram i samh\u00e4llet. Exempelvis blir det sv\u00e5rt [&hellip;]<\/p>\n","protected":false},"author":776,"featured_media":0,"parent":0,"menu_order":0,"comment_status":"open","ping_status":"open","template":"","meta":{"_acf_changed":false,"footnotes":""},"class_list":["post-4051","page","type-page","status-publish","hentry"],"acf":[],"yoast_head":"<!-- This site is optimized with the Yoast SEO plugin v27.1.1 - https:\/\/yoast.com\/product\/yoast-seo-wordpress\/ -->\n<title>Upprop mot \u00f6verskulds\u00e4ttning - Diakonibloggen<\/title>\n<meta name=\"robots\" content=\"index, follow, max-snippet:-1, max-image-preview:large, max-video-preview:-1\" \/>\n<link rel=\"canonical\" href=\"https:\/\/blogg.svenskakyrkan.se\/diakonibloggen\/upprop-mot-skuldoversatta\/\" \/>\n<meta property=\"og:locale\" content=\"sv_SE\" \/>\n<meta property=\"og:type\" content=\"article\" \/>\n<meta property=\"og:title\" content=\"Upprop mot \u00f6verskulds\u00e4ttning - Diakonibloggen\" \/>\n<meta property=\"og:description\" content=\"Vi \u00e4r m\u00e5nga som arbetar inom Svenska kyrkans diakoni som med stor oro ser p\u00e5 \u00f6verskuldsattas situation i Sverige. M\u00e5nga av dessa s\u00f6ker sig till oss n\u00e4r de har skulder som de inte kan betala. \u00d6verskuldsatthet p\u00e5verkar deras fysiska och psykiska h\u00e4lsa samt deras m\u00f6jligheter att ta sig fram i samh\u00e4llet. Exempelvis blir det sv\u00e5rt [&hellip;]\" \/>\n<meta property=\"og:url\" content=\"https:\/\/blogg.svenskakyrkan.se\/diakonibloggen\/upprop-mot-skuldoversatta\/\" \/>\n<meta property=\"og:site_name\" content=\"Diakonibloggen\" \/>\n<meta property=\"og:image\" content=\"http:\/\/blogg.svenskakyrkan.se\/diakonibloggen\/files\/2015\/02\/skc3a4rmavbild-2015-02-18-kl-23-23-06.png?w=250\" \/>\n<meta name=\"twitter:card\" content=\"summary_large_image\" \/>\n<meta name=\"twitter:label1\" content=\"Ber\u00e4knad l\u00e4stid\" \/>\n\t<meta name=\"twitter:data1\" content=\"3 minuter\" \/>\n<script type=\"application\/ld+json\" class=\"yoast-schema-graph\">{\"@context\":\"https:\/\/schema.org\",\"@graph\":[{\"@type\":\"WebPage\",\"@id\":\"https:\/\/blogg.svenskakyrkan.se\/diakonibloggen\/upprop-mot-skuldoversatta\/\",\"url\":\"https:\/\/blogg.svenskakyrkan.se\/diakonibloggen\/upprop-mot-skuldoversatta\/\",\"name\":\"Upprop mot \u00f6verskulds\u00e4ttning - Diakonibloggen\",\"isPartOf\":{\"@id\":\"https:\/\/blogg.svenskakyrkan.se\/diakonibloggen\/#website\"},\"primaryImageOfPage\":{\"@id\":\"https:\/\/blogg.svenskakyrkan.se\/diakonibloggen\/upprop-mot-skuldoversatta\/#primaryimage\"},\"image\":{\"@id\":\"https:\/\/blogg.svenskakyrkan.se\/diakonibloggen\/upprop-mot-skuldoversatta\/#primaryimage\"},\"thumbnailUrl\":\"http:\/\/blogg.svenskakyrkan.se\/diakonibloggen\/files\/2015\/02\/skc3a4rmavbild-2015-02-18-kl-23-23-06.png?w=250\",\"datePublished\":\"2015-02-18T22:34:36+00:00\",\"breadcrumb\":{\"@id\":\"https:\/\/blogg.svenskakyrkan.se\/diakonibloggen\/upprop-mot-skuldoversatta\/#breadcrumb\"},\"inLanguage\":\"sv-SE\",\"potentialAction\":[{\"@type\":\"ReadAction\",\"target\":[\"https:\/\/blogg.svenskakyrkan.se\/diakonibloggen\/upprop-mot-skuldoversatta\/\"]}]},{\"@type\":\"ImageObject\",\"inLanguage\":\"sv-SE\",\"@id\":\"https:\/\/blogg.svenskakyrkan.se\/diakonibloggen\/upprop-mot-skuldoversatta\/#primaryimage\",\"url\":\"http:\/\/blogg.svenskakyrkan.se\/diakonibloggen\/files\/2015\/02\/skc3a4rmavbild-2015-02-18-kl-23-23-06.png?w=250\",\"contentUrl\":\"http:\/\/blogg.svenskakyrkan.se\/diakonibloggen\/files\/2015\/02\/skc3a4rmavbild-2015-02-18-kl-23-23-06.png?w=250\"},{\"@type\":\"BreadcrumbList\",\"@id\":\"https:\/\/blogg.svenskakyrkan.se\/diakonibloggen\/upprop-mot-skuldoversatta\/#breadcrumb\",\"itemListElement\":[{\"@type\":\"ListItem\",\"position\":1,\"name\":\"Hem\",\"item\":\"https:\/\/blogg.svenskakyrkan.se\/diakonibloggen\/\"},{\"@type\":\"ListItem\",\"position\":2,\"name\":\"Upprop mot \u00f6verskulds\u00e4ttning\"}]},{\"@type\":\"WebSite\",\"@id\":\"https:\/\/blogg.svenskakyrkan.se\/diakonibloggen\/#website\",\"url\":\"https:\/\/blogg.svenskakyrkan.se\/diakonibloggen\/\",\"name\":\"Diakonibloggen\",\"description\":\"Vi lyfter fram, hyllar, diskuterar och inspirerar till diakonalt arbete inom och utanf\u00f6r Svenska kyrkans ramar.\",\"potentialAction\":[{\"@type\":\"SearchAction\",\"target\":{\"@type\":\"EntryPoint\",\"urlTemplate\":\"https:\/\/blogg.svenskakyrkan.se\/diakonibloggen\/?s={search_term_string}\"},\"query-input\":{\"@type\":\"PropertyValueSpecification\",\"valueRequired\":true,\"valueName\":\"search_term_string\"}}],\"inLanguage\":\"sv-SE\"}]}<\/script>\n<!-- \/ Yoast SEO plugin. -->","yoast_head_json":{"title":"Upprop mot \u00f6verskulds\u00e4ttning - Diakonibloggen","robots":{"index":"index","follow":"follow","max-snippet":"max-snippet:-1","max-image-preview":"max-image-preview:large","max-video-preview":"max-video-preview:-1"},"canonical":"https:\/\/blogg.svenskakyrkan.se\/diakonibloggen\/upprop-mot-skuldoversatta\/","og_locale":"sv_SE","og_type":"article","og_title":"Upprop mot \u00f6verskulds\u00e4ttning - Diakonibloggen","og_description":"Vi \u00e4r m\u00e5nga som arbetar inom Svenska kyrkans diakoni som med stor oro ser p\u00e5 \u00f6verskuldsattas situation i Sverige. M\u00e5nga av dessa s\u00f6ker sig till oss n\u00e4r de har skulder som de inte kan betala. \u00d6verskuldsatthet p\u00e5verkar deras fysiska och psykiska h\u00e4lsa samt deras m\u00f6jligheter att ta sig fram i samh\u00e4llet. Exempelvis blir det sv\u00e5rt [&hellip;]","og_url":"https:\/\/blogg.svenskakyrkan.se\/diakonibloggen\/upprop-mot-skuldoversatta\/","og_site_name":"Diakonibloggen","og_image":[{"url":"http:\/\/blogg.svenskakyrkan.se\/diakonibloggen\/files\/2015\/02\/skc3a4rmavbild-2015-02-18-kl-23-23-06.png?w=250","type":"","width":"","height":""}],"twitter_card":"summary_large_image","twitter_misc":{"Ber\u00e4knad l\u00e4stid":"3 minuter"},"schema":{"@context":"https:\/\/schema.org","@graph":[{"@type":"WebPage","@id":"https:\/\/blogg.svenskakyrkan.se\/diakonibloggen\/upprop-mot-skuldoversatta\/","url":"https:\/\/blogg.svenskakyrkan.se\/diakonibloggen\/upprop-mot-skuldoversatta\/","name":"Upprop mot \u00f6verskulds\u00e4ttning - Diakonibloggen","isPartOf":{"@id":"https:\/\/blogg.svenskakyrkan.se\/diakonibloggen\/#website"},"primaryImageOfPage":{"@id":"https:\/\/blogg.svenskakyrkan.se\/diakonibloggen\/upprop-mot-skuldoversatta\/#primaryimage"},"image":{"@id":"https:\/\/blogg.svenskakyrkan.se\/diakonibloggen\/upprop-mot-skuldoversatta\/#primaryimage"},"thumbnailUrl":"http:\/\/blogg.svenskakyrkan.se\/diakonibloggen\/files\/2015\/02\/skc3a4rmavbild-2015-02-18-kl-23-23-06.png?w=250","datePublished":"2015-02-18T22:34:36+00:00","breadcrumb":{"@id":"https:\/\/blogg.svenskakyrkan.se\/diakonibloggen\/upprop-mot-skuldoversatta\/#breadcrumb"},"inLanguage":"sv-SE","potentialAction":[{"@type":"ReadAction","target":["https:\/\/blogg.svenskakyrkan.se\/diakonibloggen\/upprop-mot-skuldoversatta\/"]}]},{"@type":"ImageObject","inLanguage":"sv-SE","@id":"https:\/\/blogg.svenskakyrkan.se\/diakonibloggen\/upprop-mot-skuldoversatta\/#primaryimage","url":"http:\/\/blogg.svenskakyrkan.se\/diakonibloggen\/files\/2015\/02\/skc3a4rmavbild-2015-02-18-kl-23-23-06.png?w=250","contentUrl":"http:\/\/blogg.svenskakyrkan.se\/diakonibloggen\/files\/2015\/02\/skc3a4rmavbild-2015-02-18-kl-23-23-06.png?w=250"},{"@type":"BreadcrumbList","@id":"https:\/\/blogg.svenskakyrkan.se\/diakonibloggen\/upprop-mot-skuldoversatta\/#breadcrumb","itemListElement":[{"@type":"ListItem","position":1,"name":"Hem","item":"https:\/\/blogg.svenskakyrkan.se\/diakonibloggen\/"},{"@type":"ListItem","position":2,"name":"Upprop mot \u00f6verskulds\u00e4ttning"}]},{"@type":"WebSite","@id":"https:\/\/blogg.svenskakyrkan.se\/diakonibloggen\/#website","url":"https:\/\/blogg.svenskakyrkan.se\/diakonibloggen\/","name":"Diakonibloggen","description":"Vi lyfter fram, hyllar, diskuterar och inspirerar till diakonalt arbete inom och utanf\u00f6r Svenska kyrkans ramar.","potentialAction":[{"@type":"SearchAction","target":{"@type":"EntryPoint","urlTemplate":"https:\/\/blogg.svenskakyrkan.se\/diakonibloggen\/?s={search_term_string}"},"query-input":{"@type":"PropertyValueSpecification","valueRequired":true,"valueName":"search_term_string"}}],"inLanguage":"sv-SE"}]}},"_links":{"self":[{"href":"https:\/\/blogg.svenskakyrkan.se\/diakonibloggen\/wp-json\/wp\/v2\/pages\/4051","targetHints":{"allow":["GET"]}}],"collection":[{"href":"https:\/\/blogg.svenskakyrkan.se\/diakonibloggen\/wp-json\/wp\/v2\/pages"}],"about":[{"href":"https:\/\/blogg.svenskakyrkan.se\/diakonibloggen\/wp-json\/wp\/v2\/types\/page"}],"author":[{"embeddable":true,"href":"https:\/\/blogg.svenskakyrkan.se\/diakonibloggen\/wp-json\/wp\/v2\/users\/776"}],"replies":[{"embeddable":true,"href":"https:\/\/blogg.svenskakyrkan.se\/diakonibloggen\/wp-json\/wp\/v2\/comments?post=4051"}],"version-history":[{"count":0,"href":"https:\/\/blogg.svenskakyrkan.se\/diakonibloggen\/wp-json\/wp\/v2\/pages\/4051\/revisions"}],"wp:attachment":[{"href":"https:\/\/blogg.svenskakyrkan.se\/diakonibloggen\/wp-json\/wp\/v2\/media?parent=4051"}],"curies":[{"name":"wp","href":"https:\/\/api.w.org\/{rel}","templated":true}]}}