{"id":29,"date":"2011-08-01T12:24:30","date_gmt":"2011-08-01T12:24:30","guid":{"rendered":"http:\/\/blogg.svenskakyrkan.se\/domprostenstankar\/?page_id=29"},"modified":"2011-08-01T12:32:17","modified_gmt":"2011-08-01T12:32:17","slug":"om-tor-frylmark","status":"publish","type":"page","link":"https:\/\/blogg.svenskakyrkan.se\/domprostenstankar\/om-tor-frylmark\/","title":{"rendered":"Om Tor Frylmark"},"content":{"rendered":"<div>\n<div>Tor Fredrik Ansgar Frylmark, f\u00f6dd 1950 i B\u00f6rstil utanf\u00f6r \u00d6sthammar, \u00e4r en svensk pr\u00e4st som sedan 2002 varit domprost i H\u00e4rn\u00f6sands stift.<\/div>\n<div>Sedan 1 maj 2002 \u00e4r Tor Frylmark domprost i H\u00e4rn\u00f6sands domkyrkof\u00f6rsamling och stift. Under hans tid som domprost har han f\u00e5tt i uppdrag av biskopen att vara ledamot i H\u00e4rn\u00f6sands och Lule\u00e5 stifts r\u00e5d f\u00f6r forskning och utbildning (HoLruf). Tor \u00e4r \u00e4ven ordf\u00f6rande i samr\u00e5dsgruppen mellan stiftet och l\u00e4nsstyrelserna i V\u00e4sternorrland och J\u00e4mtland ang\u00e5ende kyrkoantikvariska fr\u00e5gor. Sedan 2006 \u00e4r han kontraktsprost i H\u00e4rn\u00f6sand-Kramfors kontrakt.<\/div>\n<div>P\u00e5 riksplanet var Tor Frylmark 1986 -2001 ledamot i kyrkom\u00f6tet. Tor tillh\u00f6rde kyrkom\u00f6tets andra kyrkolagsutskott fram till och med 1999 och sedan kyrkor\u00e4ttsutskottet. Under \u00e5ren 1986-1995 var han ers\u00e4ttare i kyrkom\u00f6tets besv\u00e4rsn\u00e4mnd och d\u00e4refter ledamot till och med 1999. Under tiden 2000 &#8211; 2002 var Tor Frylmark ledamot i Svenska kyrkans \u00f6verklaganden\u00e4mnd. I arbetet inf\u00f6r nya kyrkordningen var han ledamot i den s\u00e5 kallade Personalutredningen.<br \/>\nTor Frylmark var uppf\u00f6rd i tredje f\u00f6rslagsrummet vid val till biskop i Uppsala stift 1990, kom p\u00e5 fj\u00e4rde plats i Uppsala 2000 samt p\u00e5 tredje plats vid biskopsvalet i H\u00e4rn\u00f6sands stift 2009.<\/div>\n<\/div>\n","protected":false},"excerpt":{"rendered":"<p>Tor Fredrik Ansgar Frylmark, f\u00f6dd 1950 i B\u00f6rstil utanf\u00f6r \u00d6sthammar, \u00e4r en svensk pr\u00e4st som sedan 2002 varit domprost i H\u00e4rn\u00f6sands stift. Sedan 1 maj 2002 \u00e4r Tor Frylmark domprost i H\u00e4rn\u00f6sands domkyrkof\u00f6rsamling och stift. Under hans tid som domprost har han f\u00e5tt i uppdrag av biskopen att vara ledamot i H\u00e4rn\u00f6sands och Lule\u00e5 stifts [&hellip;]<\/p>\n","protected":false},"author":79,"featured_media":0,"parent":0,"menu_order":0,"comment_status":"open","ping_status":"open","template":"page_full.php","meta":{"_acf_changed":false,"footnotes":""},"class_list":["post-29","page","type-page","status-publish","hentry"],"acf":[],"yoast_head":"<!-- This site is optimized with the Yoast SEO plugin v27.1.1 - https:\/\/yoast.com\/product\/yoast-seo-wordpress\/ -->\n<title>Om Tor Frylmark - Domprostens tankar<\/title>\n<meta name=\"robots\" content=\"index, follow, max-snippet:-1, max-image-preview:large, max-video-preview:-1\" \/>\n<link rel=\"canonical\" href=\"https:\/\/blogg.svenskakyrkan.se\/domprostenstankar\/om-tor-frylmark\/\" \/>\n<meta property=\"og:locale\" content=\"sv_SE\" \/>\n<meta property=\"og:type\" content=\"article\" \/>\n<meta property=\"og:title\" content=\"Om Tor Frylmark - Domprostens tankar\" \/>\n<meta property=\"og:description\" content=\"Tor Fredrik Ansgar Frylmark, f\u00f6dd 1950 i B\u00f6rstil utanf\u00f6r \u00d6sthammar, \u00e4r en svensk pr\u00e4st som sedan 2002 varit domprost i H\u00e4rn\u00f6sands stift. Sedan 1 maj 2002 \u00e4r Tor Frylmark domprost i H\u00e4rn\u00f6sands domkyrkof\u00f6rsamling och stift. Under hans tid som domprost har han f\u00e5tt i uppdrag av biskopen att vara ledamot i H\u00e4rn\u00f6sands och Lule\u00e5 stifts [&hellip;]\" \/>\n<meta property=\"og:url\" content=\"https:\/\/blogg.svenskakyrkan.se\/domprostenstankar\/om-tor-frylmark\/\" \/>\n<meta property=\"og:site_name\" content=\"Domprostens tankar\" \/>\n<meta property=\"article:modified_time\" content=\"2011-08-01T12:32:17+00:00\" \/>\n<meta name=\"twitter:card\" content=\"summary_large_image\" \/>\n<meta name=\"twitter:label1\" content=\"Ber\u00e4knad l\u00e4stid\" \/>\n\t<meta name=\"twitter:data1\" content=\"1 minut\" \/>\n<script type=\"application\/ld+json\" class=\"yoast-schema-graph\">{\"@context\":\"https:\/\/schema.org\",\"@graph\":[{\"@type\":\"WebPage\",\"@id\":\"https:\/\/blogg.svenskakyrkan.se\/domprostenstankar\/om-tor-frylmark\/\",\"url\":\"https:\/\/blogg.svenskakyrkan.se\/domprostenstankar\/om-tor-frylmark\/\",\"name\":\"Om Tor Frylmark - Domprostens tankar\",\"isPartOf\":{\"@id\":\"https:\/\/blogg.svenskakyrkan.se\/domprostenstankar\/#website\"},\"datePublished\":\"2011-08-01T12:24:30+00:00\",\"dateModified\":\"2011-08-01T12:32:17+00:00\",\"breadcrumb\":{\"@id\":\"https:\/\/blogg.svenskakyrkan.se\/domprostenstankar\/om-tor-frylmark\/#breadcrumb\"},\"inLanguage\":\"sv-SE\",\"potentialAction\":[{\"@type\":\"ReadAction\",\"target\":[\"https:\/\/blogg.svenskakyrkan.se\/domprostenstankar\/om-tor-frylmark\/\"]}]},{\"@type\":\"BreadcrumbList\",\"@id\":\"https:\/\/blogg.svenskakyrkan.se\/domprostenstankar\/om-tor-frylmark\/#breadcrumb\",\"itemListElement\":[{\"@type\":\"ListItem\",\"position\":1,\"name\":\"Hem\",\"item\":\"https:\/\/blogg.svenskakyrkan.se\/domprostenstankar\/\"},{\"@type\":\"ListItem\",\"position\":2,\"name\":\"Om Tor Frylmark\"}]},{\"@type\":\"WebSite\",\"@id\":\"https:\/\/blogg.svenskakyrkan.se\/domprostenstankar\/#website\",\"url\":\"https:\/\/blogg.svenskakyrkan.se\/domprostenstankar\/\",\"name\":\"Domprostens tankar\",\"description\":\"Tor Frylmark, domprost i H\u00e4rn\u00f6sands domkyrkof\u00f6rsamling, delar med sig av sina tankar\",\"potentialAction\":[{\"@type\":\"SearchAction\",\"target\":{\"@type\":\"EntryPoint\",\"urlTemplate\":\"https:\/\/blogg.svenskakyrkan.se\/domprostenstankar\/?s={search_term_string}\"},\"query-input\":{\"@type\":\"PropertyValueSpecification\",\"valueRequired\":true,\"valueName\":\"search_term_string\"}}],\"inLanguage\":\"sv-SE\"}]}<\/script>\n<!-- \/ Yoast SEO plugin. -->","yoast_head_json":{"title":"Om Tor Frylmark - Domprostens tankar","robots":{"index":"index","follow":"follow","max-snippet":"max-snippet:-1","max-image-preview":"max-image-preview:large","max-video-preview":"max-video-preview:-1"},"canonical":"https:\/\/blogg.svenskakyrkan.se\/domprostenstankar\/om-tor-frylmark\/","og_locale":"sv_SE","og_type":"article","og_title":"Om Tor Frylmark - Domprostens tankar","og_description":"Tor Fredrik Ansgar Frylmark, f\u00f6dd 1950 i B\u00f6rstil utanf\u00f6r \u00d6sthammar, \u00e4r en svensk pr\u00e4st som sedan 2002 varit domprost i H\u00e4rn\u00f6sands stift. Sedan 1 maj 2002 \u00e4r Tor Frylmark domprost i H\u00e4rn\u00f6sands domkyrkof\u00f6rsamling och stift. Under hans tid som domprost har han f\u00e5tt i uppdrag av biskopen att vara ledamot i H\u00e4rn\u00f6sands och Lule\u00e5 stifts [&hellip;]","og_url":"https:\/\/blogg.svenskakyrkan.se\/domprostenstankar\/om-tor-frylmark\/","og_site_name":"Domprostens tankar","article_modified_time":"2011-08-01T12:32:17+00:00","twitter_card":"summary_large_image","twitter_misc":{"Ber\u00e4knad l\u00e4stid":"1 minut"},"schema":{"@context":"https:\/\/schema.org","@graph":[{"@type":"WebPage","@id":"https:\/\/blogg.svenskakyrkan.se\/domprostenstankar\/om-tor-frylmark\/","url":"https:\/\/blogg.svenskakyrkan.se\/domprostenstankar\/om-tor-frylmark\/","name":"Om Tor Frylmark - Domprostens tankar","isPartOf":{"@id":"https:\/\/blogg.svenskakyrkan.se\/domprostenstankar\/#website"},"datePublished":"2011-08-01T12:24:30+00:00","dateModified":"2011-08-01T12:32:17+00:00","breadcrumb":{"@id":"https:\/\/blogg.svenskakyrkan.se\/domprostenstankar\/om-tor-frylmark\/#breadcrumb"},"inLanguage":"sv-SE","potentialAction":[{"@type":"ReadAction","target":["https:\/\/blogg.svenskakyrkan.se\/domprostenstankar\/om-tor-frylmark\/"]}]},{"@type":"BreadcrumbList","@id":"https:\/\/blogg.svenskakyrkan.se\/domprostenstankar\/om-tor-frylmark\/#breadcrumb","itemListElement":[{"@type":"ListItem","position":1,"name":"Hem","item":"https:\/\/blogg.svenskakyrkan.se\/domprostenstankar\/"},{"@type":"ListItem","position":2,"name":"Om Tor Frylmark"}]},{"@type":"WebSite","@id":"https:\/\/blogg.svenskakyrkan.se\/domprostenstankar\/#website","url":"https:\/\/blogg.svenskakyrkan.se\/domprostenstankar\/","name":"Domprostens tankar","description":"Tor Frylmark, domprost i H\u00e4rn\u00f6sands domkyrkof\u00f6rsamling, delar med sig av sina tankar","potentialAction":[{"@type":"SearchAction","target":{"@type":"EntryPoint","urlTemplate":"https:\/\/blogg.svenskakyrkan.se\/domprostenstankar\/?s={search_term_string}"},"query-input":{"@type":"PropertyValueSpecification","valueRequired":true,"valueName":"search_term_string"}}],"inLanguage":"sv-SE"}]}},"_links":{"self":[{"href":"https:\/\/blogg.svenskakyrkan.se\/domprostenstankar\/wp-json\/wp\/v2\/pages\/29","targetHints":{"allow":["GET"]}}],"collection":[{"href":"https:\/\/blogg.svenskakyrkan.se\/domprostenstankar\/wp-json\/wp\/v2\/pages"}],"about":[{"href":"https:\/\/blogg.svenskakyrkan.se\/domprostenstankar\/wp-json\/wp\/v2\/types\/page"}],"author":[{"embeddable":true,"href":"https:\/\/blogg.svenskakyrkan.se\/domprostenstankar\/wp-json\/wp\/v2\/users\/79"}],"replies":[{"embeddable":true,"href":"https:\/\/blogg.svenskakyrkan.se\/domprostenstankar\/wp-json\/wp\/v2\/comments?post=29"}],"version-history":[{"count":4,"href":"https:\/\/blogg.svenskakyrkan.se\/domprostenstankar\/wp-json\/wp\/v2\/pages\/29\/revisions"}],"predecessor-version":[{"id":35,"href":"https:\/\/blogg.svenskakyrkan.se\/domprostenstankar\/wp-json\/wp\/v2\/pages\/29\/revisions\/35"}],"wp:attachment":[{"href":"https:\/\/blogg.svenskakyrkan.se\/domprostenstankar\/wp-json\/wp\/v2\/media?parent=29"}],"curies":[{"name":"wp","href":"https:\/\/api.w.org\/{rel}","templated":true}]}}