{"id":26,"date":"2015-02-25T12:37:48","date_gmt":"2015-02-25T11:37:48","guid":{"rendered":"http:\/\/blogg.svenskakyrkan.se\/fastebloggen\/?page_id=26"},"modified":"2015-02-25T12:37:48","modified_gmt":"2015-02-25T11:37:48","slug":"om-fasta","status":"publish","type":"page","link":"https:\/\/blogg.svenskakyrkan.se\/fastebloggen\/om-fasta\/","title":{"rendered":"Om fasta"},"content":{"rendered":"<p>P\u00e5skfastan eller bara fastan (p\u00e5 latin quadragesima, &#8217;den fyrtionde dagen&#8217;), \u00e4r perioden f\u00f6r kristnas fastetid till minne av Jesu frestelse. P\u00e5skfastan l\u00f6per om 40 dagar f\u00f6re p\u00e5sk; med andra ord p\u00e5g\u00e5r p\u00e5skfastan under sju veckor, s\u00f6ndagar undantagna. Fastetidens sjunde och sista vecka heter stilla veckan men kallas \u00e4ven p\u00e5skveckan och avslutas med p\u00e5skdagen. I kristen tradition \u00e4r det veckan efter p\u00e5sk som kallas p\u00e5skveckan.<\/p>\n<p>Fastan var viktig i medeltidens Sverige, men med reformationen under 1500-talet f\u00f6rsvann den ur Svenska kyrkans l\u00e4ra, \u00e4ven om man under 1900-talet i st\u00e4llet b\u00f6rjade f\u00f6rknippa fastan med omtanke om n\u00f6dlidande, men d\u00e5 handlade det i st\u00e4llet om att sk\u00e4nka pengar.<\/p>\n","protected":false},"excerpt":{"rendered":"<p>P\u00e5skfastan eller bara fastan (p\u00e5 latin quadragesima, &#8217;den fyrtionde dagen&#8217;), \u00e4r perioden f\u00f6r kristnas fastetid till minne av Jesu frestelse. P\u00e5skfastan l\u00f6per om 40 dagar f\u00f6re p\u00e5sk; med andra ord p\u00e5g\u00e5r p\u00e5skfastan under sju veckor, s\u00f6ndagar undantagna. Fastetidens sjunde och sista vecka heter stilla veckan men kallas \u00e4ven p\u00e5skveckan och avslutas med p\u00e5skdagen. I kristen [&hellip;]<\/p>\n","protected":false},"author":480,"featured_media":0,"parent":0,"menu_order":0,"comment_status":"open","ping_status":"open","template":"","meta":{"_acf_changed":false,"footnotes":""},"class_list":["post-26","page","type-page","status-publish","hentry"],"acf":[],"yoast_head":"<!-- This site is optimized with the Yoast SEO plugin v27.1.1 - https:\/\/yoast.com\/product\/yoast-seo-wordpress\/ -->\n<title>Om fasta - Johans och Jennys fasteblogg<\/title>\n<meta name=\"robots\" content=\"index, follow, max-snippet:-1, max-image-preview:large, max-video-preview:-1\" \/>\n<link rel=\"canonical\" href=\"https:\/\/blogg.svenskakyrkan.se\/fastebloggen\/om-fasta\/\" \/>\n<meta property=\"og:locale\" content=\"sv_SE\" \/>\n<meta property=\"og:type\" content=\"article\" \/>\n<meta property=\"og:title\" content=\"Om fasta - Johans och Jennys fasteblogg\" \/>\n<meta property=\"og:description\" content=\"P\u00e5skfastan eller bara fastan (p\u00e5 latin quadragesima, &#8217;den fyrtionde dagen&#8217;), \u00e4r perioden f\u00f6r kristnas fastetid till minne av Jesu frestelse. P\u00e5skfastan l\u00f6per om 40 dagar f\u00f6re p\u00e5sk; med andra ord p\u00e5g\u00e5r p\u00e5skfastan under sju veckor, s\u00f6ndagar undantagna. Fastetidens sjunde och sista vecka heter stilla veckan men kallas \u00e4ven p\u00e5skveckan och avslutas med p\u00e5skdagen. I kristen [&hellip;]\" \/>\n<meta property=\"og:url\" content=\"https:\/\/blogg.svenskakyrkan.se\/fastebloggen\/om-fasta\/\" \/>\n<meta property=\"og:site_name\" content=\"Johans och Jennys fasteblogg\" \/>\n<meta name=\"twitter:card\" content=\"summary_large_image\" \/>\n<meta name=\"twitter:label1\" content=\"Ber\u00e4knad l\u00e4stid\" \/>\n\t<meta name=\"twitter:data1\" content=\"1 minut\" \/>\n<script type=\"application\/ld+json\" class=\"yoast-schema-graph\">{\"@context\":\"https:\/\/schema.org\",\"@graph\":[{\"@type\":\"WebPage\",\"@id\":\"https:\/\/blogg.svenskakyrkan.se\/fastebloggen\/om-fasta\/\",\"url\":\"https:\/\/blogg.svenskakyrkan.se\/fastebloggen\/om-fasta\/\",\"name\":\"Om fasta - Johans och Jennys fasteblogg\",\"isPartOf\":{\"@id\":\"https:\/\/blogg.svenskakyrkan.se\/fastebloggen\/#website\"},\"datePublished\":\"2015-02-25T11:37:48+00:00\",\"breadcrumb\":{\"@id\":\"https:\/\/blogg.svenskakyrkan.se\/fastebloggen\/om-fasta\/#breadcrumb\"},\"inLanguage\":\"sv-SE\",\"potentialAction\":[{\"@type\":\"ReadAction\",\"target\":[\"https:\/\/blogg.svenskakyrkan.se\/fastebloggen\/om-fasta\/\"]}]},{\"@type\":\"BreadcrumbList\",\"@id\":\"https:\/\/blogg.svenskakyrkan.se\/fastebloggen\/om-fasta\/#breadcrumb\",\"itemListElement\":[{\"@type\":\"ListItem\",\"position\":1,\"name\":\"Hem\",\"item\":\"https:\/\/blogg.svenskakyrkan.se\/fastebloggen\/\"},{\"@type\":\"ListItem\",\"position\":2,\"name\":\"Om fasta\"}]},{\"@type\":\"WebSite\",\"@id\":\"https:\/\/blogg.svenskakyrkan.se\/fastebloggen\/#website\",\"url\":\"https:\/\/blogg.svenskakyrkan.se\/fastebloggen\/\",\"name\":\"Johans och Jennys fasteblogg\",\"description\":\"Johan och Jenny brevv\u00e4xlar om livet och f\u00f6rs\u00f6ker f\u00f6rst\u00e5 fastan 2021\",\"potentialAction\":[{\"@type\":\"SearchAction\",\"target\":{\"@type\":\"EntryPoint\",\"urlTemplate\":\"https:\/\/blogg.svenskakyrkan.se\/fastebloggen\/?s={search_term_string}\"},\"query-input\":{\"@type\":\"PropertyValueSpecification\",\"valueRequired\":true,\"valueName\":\"search_term_string\"}}],\"inLanguage\":\"sv-SE\"}]}<\/script>\n<!-- \/ Yoast SEO plugin. -->","yoast_head_json":{"title":"Om fasta - Johans och Jennys fasteblogg","robots":{"index":"index","follow":"follow","max-snippet":"max-snippet:-1","max-image-preview":"max-image-preview:large","max-video-preview":"max-video-preview:-1"},"canonical":"https:\/\/blogg.svenskakyrkan.se\/fastebloggen\/om-fasta\/","og_locale":"sv_SE","og_type":"article","og_title":"Om fasta - Johans och Jennys fasteblogg","og_description":"P\u00e5skfastan eller bara fastan (p\u00e5 latin quadragesima, &#8217;den fyrtionde dagen&#8217;), \u00e4r perioden f\u00f6r kristnas fastetid till minne av Jesu frestelse. P\u00e5skfastan l\u00f6per om 40 dagar f\u00f6re p\u00e5sk; med andra ord p\u00e5g\u00e5r p\u00e5skfastan under sju veckor, s\u00f6ndagar undantagna. Fastetidens sjunde och sista vecka heter stilla veckan men kallas \u00e4ven p\u00e5skveckan och avslutas med p\u00e5skdagen. I kristen [&hellip;]","og_url":"https:\/\/blogg.svenskakyrkan.se\/fastebloggen\/om-fasta\/","og_site_name":"Johans och Jennys fasteblogg","twitter_card":"summary_large_image","twitter_misc":{"Ber\u00e4knad l\u00e4stid":"1 minut"},"schema":{"@context":"https:\/\/schema.org","@graph":[{"@type":"WebPage","@id":"https:\/\/blogg.svenskakyrkan.se\/fastebloggen\/om-fasta\/","url":"https:\/\/blogg.svenskakyrkan.se\/fastebloggen\/om-fasta\/","name":"Om fasta - Johans och Jennys fasteblogg","isPartOf":{"@id":"https:\/\/blogg.svenskakyrkan.se\/fastebloggen\/#website"},"datePublished":"2015-02-25T11:37:48+00:00","breadcrumb":{"@id":"https:\/\/blogg.svenskakyrkan.se\/fastebloggen\/om-fasta\/#breadcrumb"},"inLanguage":"sv-SE","potentialAction":[{"@type":"ReadAction","target":["https:\/\/blogg.svenskakyrkan.se\/fastebloggen\/om-fasta\/"]}]},{"@type":"BreadcrumbList","@id":"https:\/\/blogg.svenskakyrkan.se\/fastebloggen\/om-fasta\/#breadcrumb","itemListElement":[{"@type":"ListItem","position":1,"name":"Hem","item":"https:\/\/blogg.svenskakyrkan.se\/fastebloggen\/"},{"@type":"ListItem","position":2,"name":"Om fasta"}]},{"@type":"WebSite","@id":"https:\/\/blogg.svenskakyrkan.se\/fastebloggen\/#website","url":"https:\/\/blogg.svenskakyrkan.se\/fastebloggen\/","name":"Johans och Jennys fasteblogg","description":"Johan och Jenny brevv\u00e4xlar om livet och f\u00f6rs\u00f6ker f\u00f6rst\u00e5 fastan 2021","potentialAction":[{"@type":"SearchAction","target":{"@type":"EntryPoint","urlTemplate":"https:\/\/blogg.svenskakyrkan.se\/fastebloggen\/?s={search_term_string}"},"query-input":{"@type":"PropertyValueSpecification","valueRequired":true,"valueName":"search_term_string"}}],"inLanguage":"sv-SE"}]}},"_links":{"self":[{"href":"https:\/\/blogg.svenskakyrkan.se\/fastebloggen\/wp-json\/wp\/v2\/pages\/26","targetHints":{"allow":["GET"]}}],"collection":[{"href":"https:\/\/blogg.svenskakyrkan.se\/fastebloggen\/wp-json\/wp\/v2\/pages"}],"about":[{"href":"https:\/\/blogg.svenskakyrkan.se\/fastebloggen\/wp-json\/wp\/v2\/types\/page"}],"author":[{"embeddable":true,"href":"https:\/\/blogg.svenskakyrkan.se\/fastebloggen\/wp-json\/wp\/v2\/users\/480"}],"replies":[{"embeddable":true,"href":"https:\/\/blogg.svenskakyrkan.se\/fastebloggen\/wp-json\/wp\/v2\/comments?post=26"}],"version-history":[{"count":1,"href":"https:\/\/blogg.svenskakyrkan.se\/fastebloggen\/wp-json\/wp\/v2\/pages\/26\/revisions"}],"predecessor-version":[{"id":27,"href":"https:\/\/blogg.svenskakyrkan.se\/fastebloggen\/wp-json\/wp\/v2\/pages\/26\/revisions\/27"}],"wp:attachment":[{"href":"https:\/\/blogg.svenskakyrkan.se\/fastebloggen\/wp-json\/wp\/v2\/media?parent=26"}],"curies":[{"name":"wp","href":"https:\/\/api.w.org\/{rel}","templated":true}]}}