{"id":2,"date":"2011-01-27T14:48:37","date_gmt":"2011-01-27T12:48:37","guid":{"rendered":""},"modified":"2011-01-27T14:48:37","modified_gmt":"2011-01-27T12:48:37","slug":"om","status":"publish","type":"page","link":"https:\/\/blogg.svenskakyrkan.se\/film\/om\/","title":{"rendered":"Om"},"content":{"rendered":"<p>Det h\u00e4r \u00e4r ett exempel p\u00e5 en WordPress-sida. Du kan redigera den och l\u00e4gga in information om dig sj\u00e4lv eller din webbplats s\u00e5 att dina l\u00e4sare vet mer om din bakgrund. Du kan skapa hur m\u00e5nga liknande sidor eller undersidor som helst och hantera allt inneh\u00e5ll inom WordPress.<\/p>\n","protected":false},"excerpt":{"rendered":"<p>Det h\u00e4r \u00e4r ett exempel p\u00e5 en WordPress-sida. Du kan redigera den och l\u00e4gga in information om dig sj\u00e4lv eller din webbplats s\u00e5 att dina l\u00e4sare vet mer om din bakgrund. Du kan skapa hur m\u00e5nga liknande sidor eller undersidor som helst och hantera allt inneh\u00e5ll inom WordPress.<\/p>\n","protected":false},"author":43,"featured_media":0,"parent":0,"menu_order":0,"comment_status":"open","ping_status":"open","template":"","meta":{"_acf_changed":false,"footnotes":""},"class_list":["post-2","page","type-page","status-publish","hentry"],"acf":[],"yoast_head":"<!-- This site is optimized with the Yoast SEO plugin v27.1.1 - https:\/\/yoast.com\/product\/yoast-seo-wordpress\/ -->\n<title>Om - Filmblogg<\/title>\n<meta name=\"robots\" content=\"index, follow, max-snippet:-1, max-image-preview:large, max-video-preview:-1\" \/>\n<link rel=\"canonical\" href=\"https:\/\/blogg.svenskakyrkan.se\/film\/om\/\" \/>\n<meta property=\"og:locale\" content=\"sv_SE\" \/>\n<meta property=\"og:type\" content=\"article\" \/>\n<meta property=\"og:title\" content=\"Om - Filmblogg\" \/>\n<meta property=\"og:description\" content=\"Det h\u00e4r \u00e4r ett exempel p\u00e5 en WordPress-sida. Du kan redigera den och l\u00e4gga in information om dig sj\u00e4lv eller din webbplats s\u00e5 att dina l\u00e4sare vet mer om din bakgrund. Du kan skapa hur m\u00e5nga liknande sidor eller undersidor som helst och hantera allt inneh\u00e5ll inom WordPress.\" \/>\n<meta property=\"og:url\" content=\"https:\/\/blogg.svenskakyrkan.se\/film\/om\/\" \/>\n<meta property=\"og:site_name\" content=\"Filmblogg\" \/>\n<meta name=\"twitter:card\" content=\"summary_large_image\" \/>\n<script type=\"application\/ld+json\" class=\"yoast-schema-graph\">{\"@context\":\"https:\/\/schema.org\",\"@graph\":[{\"@type\":\"WebPage\",\"@id\":\"https:\/\/blogg.svenskakyrkan.se\/film\/om\/\",\"url\":\"https:\/\/blogg.svenskakyrkan.se\/film\/om\/\",\"name\":\"Om - Filmblogg\",\"isPartOf\":{\"@id\":\"https:\/\/blogg.svenskakyrkan.se\/film\/#website\"},\"datePublished\":\"2011-01-27T12:48:37+00:00\",\"breadcrumb\":{\"@id\":\"https:\/\/blogg.svenskakyrkan.se\/film\/om\/#breadcrumb\"},\"inLanguage\":\"sv-SE\",\"potentialAction\":[{\"@type\":\"ReadAction\",\"target\":[\"https:\/\/blogg.svenskakyrkan.se\/film\/om\/\"]}]},{\"@type\":\"BreadcrumbList\",\"@id\":\"https:\/\/blogg.svenskakyrkan.se\/film\/om\/#breadcrumb\",\"itemListElement\":[{\"@type\":\"ListItem\",\"position\":1,\"name\":\"Hem\",\"item\":\"https:\/\/blogg.svenskakyrkan.se\/film\/\"},{\"@type\":\"ListItem\",\"position\":2,\"name\":\"Om\"}]},{\"@type\":\"WebSite\",\"@id\":\"https:\/\/blogg.svenskakyrkan.se\/film\/#website\",\"url\":\"https:\/\/blogg.svenskakyrkan.se\/film\/\",\"name\":\"Filmblogg\",\"description\":\"Livsfr\u00e5gor p\u00e5 vita duken\",\"potentialAction\":[{\"@type\":\"SearchAction\",\"target\":{\"@type\":\"EntryPoint\",\"urlTemplate\":\"https:\/\/blogg.svenskakyrkan.se\/film\/?s={search_term_string}\"},\"query-input\":{\"@type\":\"PropertyValueSpecification\",\"valueRequired\":true,\"valueName\":\"search_term_string\"}}],\"inLanguage\":\"sv-SE\"}]}<\/script>\n<!-- \/ Yoast SEO plugin. -->","yoast_head_json":{"title":"Om - Filmblogg","robots":{"index":"index","follow":"follow","max-snippet":"max-snippet:-1","max-image-preview":"max-image-preview:large","max-video-preview":"max-video-preview:-1"},"canonical":"https:\/\/blogg.svenskakyrkan.se\/film\/om\/","og_locale":"sv_SE","og_type":"article","og_title":"Om - Filmblogg","og_description":"Det h\u00e4r \u00e4r ett exempel p\u00e5 en WordPress-sida. Du kan redigera den och l\u00e4gga in information om dig sj\u00e4lv eller din webbplats s\u00e5 att dina l\u00e4sare vet mer om din bakgrund. Du kan skapa hur m\u00e5nga liknande sidor eller undersidor som helst och hantera allt inneh\u00e5ll inom WordPress.","og_url":"https:\/\/blogg.svenskakyrkan.se\/film\/om\/","og_site_name":"Filmblogg","twitter_card":"summary_large_image","schema":{"@context":"https:\/\/schema.org","@graph":[{"@type":"WebPage","@id":"https:\/\/blogg.svenskakyrkan.se\/film\/om\/","url":"https:\/\/blogg.svenskakyrkan.se\/film\/om\/","name":"Om - Filmblogg","isPartOf":{"@id":"https:\/\/blogg.svenskakyrkan.se\/film\/#website"},"datePublished":"2011-01-27T12:48:37+00:00","breadcrumb":{"@id":"https:\/\/blogg.svenskakyrkan.se\/film\/om\/#breadcrumb"},"inLanguage":"sv-SE","potentialAction":[{"@type":"ReadAction","target":["https:\/\/blogg.svenskakyrkan.se\/film\/om\/"]}]},{"@type":"BreadcrumbList","@id":"https:\/\/blogg.svenskakyrkan.se\/film\/om\/#breadcrumb","itemListElement":[{"@type":"ListItem","position":1,"name":"Hem","item":"https:\/\/blogg.svenskakyrkan.se\/film\/"},{"@type":"ListItem","position":2,"name":"Om"}]},{"@type":"WebSite","@id":"https:\/\/blogg.svenskakyrkan.se\/film\/#website","url":"https:\/\/blogg.svenskakyrkan.se\/film\/","name":"Filmblogg","description":"Livsfr\u00e5gor p\u00e5 vita duken","potentialAction":[{"@type":"SearchAction","target":{"@type":"EntryPoint","urlTemplate":"https:\/\/blogg.svenskakyrkan.se\/film\/?s={search_term_string}"},"query-input":{"@type":"PropertyValueSpecification","valueRequired":true,"valueName":"search_term_string"}}],"inLanguage":"sv-SE"}]}},"_links":{"self":[{"href":"https:\/\/blogg.svenskakyrkan.se\/film\/wp-json\/wp\/v2\/pages\/2","targetHints":{"allow":["GET"]}}],"collection":[{"href":"https:\/\/blogg.svenskakyrkan.se\/film\/wp-json\/wp\/v2\/pages"}],"about":[{"href":"https:\/\/blogg.svenskakyrkan.se\/film\/wp-json\/wp\/v2\/types\/page"}],"author":[{"embeddable":true,"href":"https:\/\/blogg.svenskakyrkan.se\/film\/wp-json\/wp\/v2\/users\/43"}],"replies":[{"embeddable":true,"href":"https:\/\/blogg.svenskakyrkan.se\/film\/wp-json\/wp\/v2\/comments?post=2"}],"version-history":[{"count":0,"href":"https:\/\/blogg.svenskakyrkan.se\/film\/wp-json\/wp\/v2\/pages\/2\/revisions"}],"wp:attachment":[{"href":"https:\/\/blogg.svenskakyrkan.se\/film\/wp-json\/wp\/v2\/media?parent=2"}],"curies":[{"name":"wp","href":"https:\/\/api.w.org\/{rel}","templated":true}]}}