{"id":2,"date":"2011-09-13T08:52:04","date_gmt":"2011-09-13T08:52:04","guid":{"rendered":"http:\/\/blogg.svenskakyrkan.se\/hallbar\/?page_id=2"},"modified":"2011-11-23T15:35:37","modified_gmt":"2011-11-23T15:35:37","slug":"exempelsida","status":"publish","type":"page","link":"https:\/\/blogg.svenskakyrkan.se\/hallbar\/exempelsida\/","title":{"rendered":"Om bloggen"},"content":{"rendered":"<p><a href=\"http:\/\/blogg.svenskakyrkan.se\/hallbar\/files\/2011\/09\/H-Grape-2011.jpg\"><img loading=\"lazy\" decoding=\"async\" class=\"alignright size-medium wp-image-40\" src=\"http:\/\/blogg.svenskakyrkan.se\/hallbar\/files\/2011\/09\/H-Grape-2011-300x216.jpg\" alt=\"\" width=\"300\" height=\"216\" srcset=\"https:\/\/blogg.svenskakyrkan.se\/hallbar\/files\/2011\/09\/H-Grape-2011-300x216.jpg 300w, https:\/\/blogg.svenskakyrkan.se\/hallbar\/files\/2011\/09\/H-Grape-2011-1024x739.jpg 1024w\" sizes=\"auto, (max-width: 300px) 100vw, 300px\" \/><\/a>Att informera och vara informerad \u00e4r a och o f\u00f6r att klara sig i v\u00e5rt informationssamh\u00e4lle.<\/p>\n<p>Den h\u00e4r bloggen har ambitionen att snabbt tipsa om aktuella h\u00e4ndelser, sprida information och ge kommentarer kring s\u00e5nt som h\u00e4nder som r\u00f6r Svenska Kyrkans arbete med milj\u00f6 och h\u00e5llbar utveckling. Snabbt och enkelt \u00e4r tanken. V\u00e4lkommen att komma tillbaka. Ofta!<\/p>\n<p>Jag som skriver heter Henrik Grape och \u00e4r handl\u00e4ggare f\u00f6r h\u00e5llbar utveckling p\u00e5 Kyrkokansliet i Uppsala.<\/p>\n","protected":false},"excerpt":{"rendered":"<p>Att informera och vara informerad \u00e4r a och o f\u00f6r att klara sig i v\u00e5rt informationssamh\u00e4lle. Den h\u00e4r bloggen har ambitionen att snabbt tipsa om aktuella h\u00e4ndelser, sprida information och ge kommentarer kring s\u00e5nt som h\u00e4nder som r\u00f6r Svenska Kyrkans arbete med milj\u00f6 och h\u00e5llbar utveckling. Snabbt och enkelt \u00e4r tanken. V\u00e4lkommen att komma tillbaka. [&hellip;]<\/p>\n","protected":false},"author":12,"featured_media":0,"parent":0,"menu_order":0,"comment_status":"open","ping_status":"open","template":"","meta":{"_acf_changed":false,"footnotes":""},"class_list":["post-2","page","type-page","status-publish","hentry"],"acf":[],"yoast_head":"<!-- This site is optimized with the Yoast SEO plugin v27.1.1 - https:\/\/yoast.com\/product\/yoast-seo-wordpress\/ -->\n<title>Om bloggen - H\u00e5llbara tankar.<\/title>\n<meta name=\"robots\" content=\"index, follow, max-snippet:-1, max-image-preview:large, max-video-preview:-1\" \/>\n<link rel=\"canonical\" href=\"https:\/\/blogg.svenskakyrkan.se\/hallbar\/exempelsida\/\" \/>\n<meta property=\"og:locale\" content=\"sv_SE\" \/>\n<meta property=\"og:type\" content=\"article\" \/>\n<meta property=\"og:title\" content=\"Om bloggen - H\u00e5llbara tankar.\" \/>\n<meta property=\"og:description\" content=\"Att informera och vara informerad \u00e4r a och o f\u00f6r att klara sig i v\u00e5rt informationssamh\u00e4lle. Den h\u00e4r bloggen har ambitionen att snabbt tipsa om aktuella h\u00e4ndelser, sprida information och ge kommentarer kring s\u00e5nt som h\u00e4nder som r\u00f6r Svenska Kyrkans arbete med milj\u00f6 och h\u00e5llbar utveckling. Snabbt och enkelt \u00e4r tanken. V\u00e4lkommen att komma tillbaka. [&hellip;]\" \/>\n<meta property=\"og:url\" content=\"https:\/\/blogg.svenskakyrkan.se\/hallbar\/exempelsida\/\" \/>\n<meta property=\"og:site_name\" content=\"H\u00e5llbara tankar.\" \/>\n<meta property=\"article:modified_time\" content=\"2011-11-23T15:35:37+00:00\" \/>\n<meta property=\"og:image\" content=\"http:\/\/blogg.svenskakyrkan.se\/hallbar\/files\/2011\/09\/H-Grape-2011-300x216.jpg\" \/>\n<meta name=\"twitter:card\" content=\"summary_large_image\" \/>\n<script type=\"application\/ld+json\" class=\"yoast-schema-graph\">{\"@context\":\"https:\/\/schema.org\",\"@graph\":[{\"@type\":\"WebPage\",\"@id\":\"https:\/\/blogg.svenskakyrkan.se\/hallbar\/exempelsida\/\",\"url\":\"https:\/\/blogg.svenskakyrkan.se\/hallbar\/exempelsida\/\",\"name\":\"Om bloggen - H\u00e5llbara tankar.\",\"isPartOf\":{\"@id\":\"https:\/\/blogg.svenskakyrkan.se\/hallbar\/#website\"},\"primaryImageOfPage\":{\"@id\":\"https:\/\/blogg.svenskakyrkan.se\/hallbar\/exempelsida\/#primaryimage\"},\"image\":{\"@id\":\"https:\/\/blogg.svenskakyrkan.se\/hallbar\/exempelsida\/#primaryimage\"},\"thumbnailUrl\":\"http:\/\/blogg.svenskakyrkan.se\/hallbar\/files\/2011\/09\/H-Grape-2011-300x216.jpg\",\"datePublished\":\"2011-09-13T08:52:04+00:00\",\"dateModified\":\"2011-11-23T15:35:37+00:00\",\"breadcrumb\":{\"@id\":\"https:\/\/blogg.svenskakyrkan.se\/hallbar\/exempelsida\/#breadcrumb\"},\"inLanguage\":\"sv-SE\",\"potentialAction\":[{\"@type\":\"ReadAction\",\"target\":[\"https:\/\/blogg.svenskakyrkan.se\/hallbar\/exempelsida\/\"]}]},{\"@type\":\"ImageObject\",\"inLanguage\":\"sv-SE\",\"@id\":\"https:\/\/blogg.svenskakyrkan.se\/hallbar\/exempelsida\/#primaryimage\",\"url\":\"https:\/\/blogg.svenskakyrkan.se\/hallbar\/files\/2011\/09\/H-Grape-2011.jpg\",\"contentUrl\":\"https:\/\/blogg.svenskakyrkan.se\/hallbar\/files\/2011\/09\/H-Grape-2011.jpg\",\"width\":\"2126\",\"height\":\"1535\"},{\"@type\":\"BreadcrumbList\",\"@id\":\"https:\/\/blogg.svenskakyrkan.se\/hallbar\/exempelsida\/#breadcrumb\",\"itemListElement\":[{\"@type\":\"ListItem\",\"position\":1,\"name\":\"Hem\",\"item\":\"https:\/\/blogg.svenskakyrkan.se\/hallbar\/\"},{\"@type\":\"ListItem\",\"position\":2,\"name\":\"Om bloggen\"}]},{\"@type\":\"WebSite\",\"@id\":\"https:\/\/blogg.svenskakyrkan.se\/hallbar\/#website\",\"url\":\"https:\/\/blogg.svenskakyrkan.se\/hallbar\/\",\"name\":\"H\u00e5llbara tankar.\",\"description\":\"Henrik Grape tipsar om aktuella h\u00e4ndelser, informerar och kommenterar Svenska kyrkans arbete med milj\u00f6 och h\u00e5llbar utveckling.\",\"potentialAction\":[{\"@type\":\"SearchAction\",\"target\":{\"@type\":\"EntryPoint\",\"urlTemplate\":\"https:\/\/blogg.svenskakyrkan.se\/hallbar\/?s={search_term_string}\"},\"query-input\":{\"@type\":\"PropertyValueSpecification\",\"valueRequired\":true,\"valueName\":\"search_term_string\"}}],\"inLanguage\":\"sv-SE\"}]}<\/script>\n<!-- \/ Yoast SEO plugin. -->","yoast_head_json":{"title":"Om bloggen - H\u00e5llbara tankar.","robots":{"index":"index","follow":"follow","max-snippet":"max-snippet:-1","max-image-preview":"max-image-preview:large","max-video-preview":"max-video-preview:-1"},"canonical":"https:\/\/blogg.svenskakyrkan.se\/hallbar\/exempelsida\/","og_locale":"sv_SE","og_type":"article","og_title":"Om bloggen - H\u00e5llbara tankar.","og_description":"Att informera och vara informerad \u00e4r a och o f\u00f6r att klara sig i v\u00e5rt informationssamh\u00e4lle. Den h\u00e4r bloggen har ambitionen att snabbt tipsa om aktuella h\u00e4ndelser, sprida information och ge kommentarer kring s\u00e5nt som h\u00e4nder som r\u00f6r Svenska Kyrkans arbete med milj\u00f6 och h\u00e5llbar utveckling. Snabbt och enkelt \u00e4r tanken. V\u00e4lkommen att komma tillbaka. [&hellip;]","og_url":"https:\/\/blogg.svenskakyrkan.se\/hallbar\/exempelsida\/","og_site_name":"H\u00e5llbara tankar.","article_modified_time":"2011-11-23T15:35:37+00:00","og_image":[{"url":"http:\/\/blogg.svenskakyrkan.se\/hallbar\/files\/2011\/09\/H-Grape-2011-300x216.jpg","type":"","width":"","height":""}],"twitter_card":"summary_large_image","schema":{"@context":"https:\/\/schema.org","@graph":[{"@type":"WebPage","@id":"https:\/\/blogg.svenskakyrkan.se\/hallbar\/exempelsida\/","url":"https:\/\/blogg.svenskakyrkan.se\/hallbar\/exempelsida\/","name":"Om bloggen - H\u00e5llbara tankar.","isPartOf":{"@id":"https:\/\/blogg.svenskakyrkan.se\/hallbar\/#website"},"primaryImageOfPage":{"@id":"https:\/\/blogg.svenskakyrkan.se\/hallbar\/exempelsida\/#primaryimage"},"image":{"@id":"https:\/\/blogg.svenskakyrkan.se\/hallbar\/exempelsida\/#primaryimage"},"thumbnailUrl":"http:\/\/blogg.svenskakyrkan.se\/hallbar\/files\/2011\/09\/H-Grape-2011-300x216.jpg","datePublished":"2011-09-13T08:52:04+00:00","dateModified":"2011-11-23T15:35:37+00:00","breadcrumb":{"@id":"https:\/\/blogg.svenskakyrkan.se\/hallbar\/exempelsida\/#breadcrumb"},"inLanguage":"sv-SE","potentialAction":[{"@type":"ReadAction","target":["https:\/\/blogg.svenskakyrkan.se\/hallbar\/exempelsida\/"]}]},{"@type":"ImageObject","inLanguage":"sv-SE","@id":"https:\/\/blogg.svenskakyrkan.se\/hallbar\/exempelsida\/#primaryimage","url":"https:\/\/blogg.svenskakyrkan.se\/hallbar\/files\/2011\/09\/H-Grape-2011.jpg","contentUrl":"https:\/\/blogg.svenskakyrkan.se\/hallbar\/files\/2011\/09\/H-Grape-2011.jpg","width":"2126","height":"1535"},{"@type":"BreadcrumbList","@id":"https:\/\/blogg.svenskakyrkan.se\/hallbar\/exempelsida\/#breadcrumb","itemListElement":[{"@type":"ListItem","position":1,"name":"Hem","item":"https:\/\/blogg.svenskakyrkan.se\/hallbar\/"},{"@type":"ListItem","position":2,"name":"Om bloggen"}]},{"@type":"WebSite","@id":"https:\/\/blogg.svenskakyrkan.se\/hallbar\/#website","url":"https:\/\/blogg.svenskakyrkan.se\/hallbar\/","name":"H\u00e5llbara tankar.","description":"Henrik Grape tipsar om aktuella h\u00e4ndelser, informerar och kommenterar Svenska kyrkans arbete med milj\u00f6 och h\u00e5llbar utveckling.","potentialAction":[{"@type":"SearchAction","target":{"@type":"EntryPoint","urlTemplate":"https:\/\/blogg.svenskakyrkan.se\/hallbar\/?s={search_term_string}"},"query-input":{"@type":"PropertyValueSpecification","valueRequired":true,"valueName":"search_term_string"}}],"inLanguage":"sv-SE"}]}},"_links":{"self":[{"href":"https:\/\/blogg.svenskakyrkan.se\/hallbar\/wp-json\/wp\/v2\/pages\/2","targetHints":{"allow":["GET"]}}],"collection":[{"href":"https:\/\/blogg.svenskakyrkan.se\/hallbar\/wp-json\/wp\/v2\/pages"}],"about":[{"href":"https:\/\/blogg.svenskakyrkan.se\/hallbar\/wp-json\/wp\/v2\/types\/page"}],"author":[{"embeddable":true,"href":"https:\/\/blogg.svenskakyrkan.se\/hallbar\/wp-json\/wp\/v2\/users\/12"}],"replies":[{"embeddable":true,"href":"https:\/\/blogg.svenskakyrkan.se\/hallbar\/wp-json\/wp\/v2\/comments?post=2"}],"version-history":[{"count":7,"href":"https:\/\/blogg.svenskakyrkan.se\/hallbar\/wp-json\/wp\/v2\/pages\/2\/revisions"}],"predecessor-version":[{"id":11,"href":"https:\/\/blogg.svenskakyrkan.se\/hallbar\/wp-json\/wp\/v2\/pages\/2\/revisions\/11"}],"wp:attachment":[{"href":"https:\/\/blogg.svenskakyrkan.se\/hallbar\/wp-json\/wp\/v2\/media?parent=2"}],"curies":[{"name":"wp","href":"https:\/\/api.w.org\/{rel}","templated":true}]}}