{"id":405,"date":"2013-11-17T22:33:34","date_gmt":"2013-11-17T21:33:34","guid":{"rendered":"http:\/\/blogg.svenskakyrkan.se\/harhjartatslutatsla\/?page_id=405"},"modified":"2021-02-09T18:13:05","modified_gmt":"2021-02-09T17:13:05","slug":"kontakt","status":"publish","type":"page","link":"https:\/\/blogg.svenskakyrkan.se\/harhjartatslutatsla\/kontakt\/","title":{"rendered":"Kontakt"},"content":{"rendered":"<p><strong>Vill du boka <em>Har hj\u00e4rtat slutat sl\u00e5?<br \/>\n<\/em><\/strong><em><i>Vid bokning av flera f\u00f6rst\u00e4llningar p\u00e5 samma plats blir priset per f\u00f6rest\u00e4llning l\u00e4gre. S<\/i><\/em><em><i>amordning ska l\u00f6na sig.<\/i><\/em><strong><em><br \/>\n<\/em><\/strong><\/p>\n<p>Kontakta Helena Andersson Bromander:<br \/>\ne-post: anderssonbromander@gmail.com<\/p>\n<p><b>ALTERNATIV:<\/b><\/p>\n<p><strong>Har hj\u00e4rtat slutat sl\u00e5? Original<br \/>\n<\/strong>Hel f\u00f6rest\u00e4llning med full s\u00e4ttning, 7 personer. En ber\u00e4ttare, tre s\u00e5ngsolister, tre instrumentalister. Stilla pianoballader, sv\u00e4ngig afrobeat, blues, orientalisk musik och indiska tablas skapar en m\u00e5ngfald st\u00e4mningar som skildrar resan fr\u00e5n f\u00f6rtvivlan till f\u00f6rtr\u00f6stan. De medverkande agerar inte, ber\u00e4ttelsen och musiken talar f\u00f6r sig.<\/p>\n<p><strong>Pris<\/strong><b>: 35 000 kr + resa, logi och traktamente<\/b><\/p>\n<p><strong>Har hj\u00e4rtat slutat sl\u00e5? Mini<\/strong><br \/>\nHelena Andersson Bromander repeterar en dag tillsammans med lokala musiker och en lokal ber\u00e4ttare, och sjunger sj\u00e4lv alla s\u00e5nger. Kompmusiker och lokal ber\u00e4ttare f\u00e5r manus, noter och tillg\u00e5ng till filminspelning av f\u00f6rest\u00e4llningen och repeterar sj\u00e4lvst\u00e4ndigt i f\u00f6rv\u00e4g. Enklaste komp \u00e4r en pianist, men finns \u00e4ven bas och trummor \u00e4r det toppen. Ber\u00e4ttaren b\u00f6r vara n\u00e5gon som kan l\u00e4sa &#8221;dagboksmanuset&#8221; nyanserat och med inlevelse. Kanske en pr\u00e4st eller en amat\u00f6rsk\u00e5despelare eller annan aktiv i verksamheten.<\/p>\n<p><strong>Pris: <\/strong>5900 kr + resa, logi och traktamente<\/p>\n<p><b><\/b><strong>Har hj\u00e4rtat slutat sl\u00e5? Mellan<br \/>\n<\/strong>Alla varianter mellan max och mini. Helena tar med en eller flera musiker och solister. Lokal person g\u00f6r ber\u00e4ttaren och f\u00e5r manus i f\u00f6rv\u00e4g.<\/p>\n<p><strong>Pris: <\/strong>9 000-25 000 kr (beroende ensemblens storlek) + resa, logi och traktamente<\/p>\n","protected":false},"excerpt":{"rendered":"<p>Vill du boka Har hj\u00e4rtat slutat sl\u00e5? Vid bokning av flera f\u00f6rst\u00e4llningar p\u00e5 samma plats blir priset per f\u00f6rest\u00e4llning l\u00e4gre. Samordning ska l\u00f6na sig. Kontakta Helena Andersson Bromander: e-post: anderssonbromander@gmail.com ALTERNATIV: Har hj\u00e4rtat slutat sl\u00e5? Original Hel f\u00f6rest\u00e4llning med full s\u00e4ttning, 7 personer. En ber\u00e4ttare, tre s\u00e5ngsolister, tre instrumentalister. Stilla pianoballader, sv\u00e4ngig afrobeat, blues, orientalisk [&hellip;]<\/p>\n","protected":false},"author":281,"featured_media":0,"parent":0,"menu_order":0,"comment_status":"closed","ping_status":"open","template":"","meta":{"_acf_changed":false,"footnotes":""},"class_list":["post-405","page","type-page","status-publish","hentry"],"acf":[],"yoast_head":"<!-- This site is optimized with the Yoast SEO plugin v27.1.1 - https:\/\/yoast.com\/product\/yoast-seo-wordpress\/ -->\n<title>Kontakt - Har hj\u00e4rtat slutat sl\u00e5?<\/title>\n<meta name=\"robots\" content=\"index, follow, max-snippet:-1, max-image-preview:large, max-video-preview:-1\" \/>\n<link rel=\"canonical\" href=\"https:\/\/blogg.svenskakyrkan.se\/harhjartatslutatsla\/kontakt\/\" \/>\n<meta property=\"og:locale\" content=\"sv_SE\" \/>\n<meta property=\"og:type\" content=\"article\" \/>\n<meta property=\"og:title\" content=\"Kontakt - Har hj\u00e4rtat slutat sl\u00e5?\" \/>\n<meta property=\"og:description\" content=\"Vill du boka Har hj\u00e4rtat slutat sl\u00e5? Vid bokning av flera f\u00f6rst\u00e4llningar p\u00e5 samma plats blir priset per f\u00f6rest\u00e4llning l\u00e4gre. Samordning ska l\u00f6na sig. Kontakta Helena Andersson Bromander: e-post: anderssonbromander@gmail.com ALTERNATIV: Har hj\u00e4rtat slutat sl\u00e5? Original Hel f\u00f6rest\u00e4llning med full s\u00e4ttning, 7 personer. En ber\u00e4ttare, tre s\u00e5ngsolister, tre instrumentalister. Stilla pianoballader, sv\u00e4ngig afrobeat, blues, orientalisk [&hellip;]\" \/>\n<meta property=\"og:url\" content=\"https:\/\/blogg.svenskakyrkan.se\/harhjartatslutatsla\/kontakt\/\" \/>\n<meta property=\"og:site_name\" content=\"Har hj\u00e4rtat slutat sl\u00e5?\" \/>\n<meta property=\"article:modified_time\" content=\"2021-02-09T17:13:05+00:00\" \/>\n<meta name=\"twitter:card\" content=\"summary_large_image\" \/>\n<meta name=\"twitter:label1\" content=\"Ber\u00e4knad l\u00e4stid\" \/>\n\t<meta name=\"twitter:data1\" content=\"1 minut\" \/>\n<script type=\"application\/ld+json\" class=\"yoast-schema-graph\">{\"@context\":\"https:\/\/schema.org\",\"@graph\":[{\"@type\":\"WebPage\",\"@id\":\"https:\/\/blogg.svenskakyrkan.se\/harhjartatslutatsla\/kontakt\/\",\"url\":\"https:\/\/blogg.svenskakyrkan.se\/harhjartatslutatsla\/kontakt\/\",\"name\":\"Kontakt - Har hj\u00e4rtat slutat sl\u00e5?\",\"isPartOf\":{\"@id\":\"https:\/\/blogg.svenskakyrkan.se\/harhjartatslutatsla\/#website\"},\"datePublished\":\"2013-11-17T21:33:34+00:00\",\"dateModified\":\"2021-02-09T17:13:05+00:00\",\"breadcrumb\":{\"@id\":\"https:\/\/blogg.svenskakyrkan.se\/harhjartatslutatsla\/kontakt\/#breadcrumb\"},\"inLanguage\":\"sv-SE\",\"potentialAction\":[{\"@type\":\"ReadAction\",\"target\":[\"https:\/\/blogg.svenskakyrkan.se\/harhjartatslutatsla\/kontakt\/\"]}]},{\"@type\":\"BreadcrumbList\",\"@id\":\"https:\/\/blogg.svenskakyrkan.se\/harhjartatslutatsla\/kontakt\/#breadcrumb\",\"itemListElement\":[{\"@type\":\"ListItem\",\"position\":1,\"name\":\"Hem\",\"item\":\"https:\/\/blogg.svenskakyrkan.se\/harhjartatslutatsla\/\"},{\"@type\":\"ListItem\",\"position\":2,\"name\":\"Kontakt\"}]},{\"@type\":\"WebSite\",\"@id\":\"https:\/\/blogg.svenskakyrkan.se\/harhjartatslutatsla\/#website\",\"url\":\"https:\/\/blogg.svenskakyrkan.se\/harhjartatslutatsla\/\",\"name\":\"Har hj\u00e4rtat slutat sl\u00e5?\",\"description\":\"En musikber\u00e4ttelse om att f\u00f6rlora barn.\",\"potentialAction\":[{\"@type\":\"SearchAction\",\"target\":{\"@type\":\"EntryPoint\",\"urlTemplate\":\"https:\/\/blogg.svenskakyrkan.se\/harhjartatslutatsla\/?s={search_term_string}\"},\"query-input\":{\"@type\":\"PropertyValueSpecification\",\"valueRequired\":true,\"valueName\":\"search_term_string\"}}],\"inLanguage\":\"sv-SE\"}]}<\/script>\n<!-- \/ Yoast SEO plugin. -->","yoast_head_json":{"title":"Kontakt - Har hj\u00e4rtat slutat sl\u00e5?","robots":{"index":"index","follow":"follow","max-snippet":"max-snippet:-1","max-image-preview":"max-image-preview:large","max-video-preview":"max-video-preview:-1"},"canonical":"https:\/\/blogg.svenskakyrkan.se\/harhjartatslutatsla\/kontakt\/","og_locale":"sv_SE","og_type":"article","og_title":"Kontakt - Har hj\u00e4rtat slutat sl\u00e5?","og_description":"Vill du boka Har hj\u00e4rtat slutat sl\u00e5? Vid bokning av flera f\u00f6rst\u00e4llningar p\u00e5 samma plats blir priset per f\u00f6rest\u00e4llning l\u00e4gre. Samordning ska l\u00f6na sig. Kontakta Helena Andersson Bromander: e-post: anderssonbromander@gmail.com ALTERNATIV: Har hj\u00e4rtat slutat sl\u00e5? Original Hel f\u00f6rest\u00e4llning med full s\u00e4ttning, 7 personer. En ber\u00e4ttare, tre s\u00e5ngsolister, tre instrumentalister. Stilla pianoballader, sv\u00e4ngig afrobeat, blues, orientalisk [&hellip;]","og_url":"https:\/\/blogg.svenskakyrkan.se\/harhjartatslutatsla\/kontakt\/","og_site_name":"Har hj\u00e4rtat slutat sl\u00e5?","article_modified_time":"2021-02-09T17:13:05+00:00","twitter_card":"summary_large_image","twitter_misc":{"Ber\u00e4knad l\u00e4stid":"1 minut"},"schema":{"@context":"https:\/\/schema.org","@graph":[{"@type":"WebPage","@id":"https:\/\/blogg.svenskakyrkan.se\/harhjartatslutatsla\/kontakt\/","url":"https:\/\/blogg.svenskakyrkan.se\/harhjartatslutatsla\/kontakt\/","name":"Kontakt - Har hj\u00e4rtat slutat sl\u00e5?","isPartOf":{"@id":"https:\/\/blogg.svenskakyrkan.se\/harhjartatslutatsla\/#website"},"datePublished":"2013-11-17T21:33:34+00:00","dateModified":"2021-02-09T17:13:05+00:00","breadcrumb":{"@id":"https:\/\/blogg.svenskakyrkan.se\/harhjartatslutatsla\/kontakt\/#breadcrumb"},"inLanguage":"sv-SE","potentialAction":[{"@type":"ReadAction","target":["https:\/\/blogg.svenskakyrkan.se\/harhjartatslutatsla\/kontakt\/"]}]},{"@type":"BreadcrumbList","@id":"https:\/\/blogg.svenskakyrkan.se\/harhjartatslutatsla\/kontakt\/#breadcrumb","itemListElement":[{"@type":"ListItem","position":1,"name":"Hem","item":"https:\/\/blogg.svenskakyrkan.se\/harhjartatslutatsla\/"},{"@type":"ListItem","position":2,"name":"Kontakt"}]},{"@type":"WebSite","@id":"https:\/\/blogg.svenskakyrkan.se\/harhjartatslutatsla\/#website","url":"https:\/\/blogg.svenskakyrkan.se\/harhjartatslutatsla\/","name":"Har hj\u00e4rtat slutat sl\u00e5?","description":"En musikber\u00e4ttelse om att f\u00f6rlora barn.","potentialAction":[{"@type":"SearchAction","target":{"@type":"EntryPoint","urlTemplate":"https:\/\/blogg.svenskakyrkan.se\/harhjartatslutatsla\/?s={search_term_string}"},"query-input":{"@type":"PropertyValueSpecification","valueRequired":true,"valueName":"search_term_string"}}],"inLanguage":"sv-SE"}]}},"_links":{"self":[{"href":"https:\/\/blogg.svenskakyrkan.se\/harhjartatslutatsla\/wp-json\/wp\/v2\/pages\/405","targetHints":{"allow":["GET"]}}],"collection":[{"href":"https:\/\/blogg.svenskakyrkan.se\/harhjartatslutatsla\/wp-json\/wp\/v2\/pages"}],"about":[{"href":"https:\/\/blogg.svenskakyrkan.se\/harhjartatslutatsla\/wp-json\/wp\/v2\/types\/page"}],"author":[{"embeddable":true,"href":"https:\/\/blogg.svenskakyrkan.se\/harhjartatslutatsla\/wp-json\/wp\/v2\/users\/281"}],"replies":[{"embeddable":true,"href":"https:\/\/blogg.svenskakyrkan.se\/harhjartatslutatsla\/wp-json\/wp\/v2\/comments?post=405"}],"version-history":[{"count":14,"href":"https:\/\/blogg.svenskakyrkan.se\/harhjartatslutatsla\/wp-json\/wp\/v2\/pages\/405\/revisions"}],"predecessor-version":[{"id":548,"href":"https:\/\/blogg.svenskakyrkan.se\/harhjartatslutatsla\/wp-json\/wp\/v2\/pages\/405\/revisions\/548"}],"wp:attachment":[{"href":"https:\/\/blogg.svenskakyrkan.se\/harhjartatslutatsla\/wp-json\/wp\/v2\/media?parent=405"}],"curies":[{"name":"wp","href":"https:\/\/api.w.org\/{rel}","templated":true}]}}