{"id":568,"date":"2021-02-09T18:37:33","date_gmt":"2021-02-09T17:37:33","guid":{"rendered":"http:\/\/blogg.svenskakyrkan.se\/harhjartatslutatsla\/?page_id=568"},"modified":"2021-02-09T19:04:18","modified_gmt":"2021-02-09T18:04:18","slug":"hem","status":"publish","type":"page","link":"https:\/\/blogg.svenskakyrkan.se\/harhjartatslutatsla\/hem\/","title":{"rendered":"F\u00f6rst d\u00f6 och sedan f\u00f6das"},"content":{"rendered":"\n<figure class=\"wp-block-image size-large\"><img loading=\"lazy\" decoding=\"async\" width=\"1024\" height=\"712\" src=\"https:\/\/blogg.svenskakyrkan.se\/harhjartatslutatsla\/files\/2021\/02\/GRUPP_-Na\u0308rmare_HO\u0308GUPPL-1024x712.jpg\" alt=\"\" class=\"wp-image-578\" srcset=\"https:\/\/blogg.svenskakyrkan.se\/harhjartatslutatsla\/files\/2021\/02\/GRUPP_-Na\u0308rmare_HO\u0308GUPPL-1024x712.jpg 1024w, https:\/\/blogg.svenskakyrkan.se\/harhjartatslutatsla\/files\/2021\/02\/GRUPP_-Na\u0308rmare_HO\u0308GUPPL-300x209.jpg 300w, https:\/\/blogg.svenskakyrkan.se\/harhjartatslutatsla\/files\/2021\/02\/GRUPP_-Na\u0308rmare_HO\u0308GUPPL-768x534.jpg 768w, https:\/\/blogg.svenskakyrkan.se\/harhjartatslutatsla\/files\/2021\/02\/GRUPP_-Na\u0308rmare_HO\u0308GUPPL-1536x1068.jpg 1536w, https:\/\/blogg.svenskakyrkan.se\/harhjartatslutatsla\/files\/2021\/02\/GRUPP_-Na\u0308rmare_HO\u0308GUPPL-2048x1424.jpg 2048w, https:\/\/blogg.svenskakyrkan.se\/harhjartatslutatsla\/files\/2021\/02\/GRUPP_-Na\u0308rmare_HO\u0308GUPPL-1200x834.jpg 1200w\" sizes=\"auto, (max-width: 1024px) 100vw, 1024px\" \/><\/figure>\n\n\n\n<p>Har hj\u00e4rtat slutat sl\u00e5? \u00e4r en musikber\u00e4ttelse om ett barn som d\u00f6r just som f\u00f6rlossningen b\u00f6rjar. En stark ber\u00e4ttelse och musikupplevelse om sorg och liv. Gl\u00e4djen \u00f6ver graviditeten&nbsp;och vreden \u00f6ver d\u00f6den \u00f6verg\u00e5r i tomhet. Men till sist v\u00e4xer erfarenheten att det faktiskt g\u00e5r att leva med att man har f\u00f6rlorat ett barn.<\/p>\n\n\n\n<p>Uttrycksfulla solister, t\u00e4t st\u00e4ms\u00e5ng och instrument fr\u00e5n v\u00e4rldens alla kontinenter speglar den stolta gl\u00e4djen \u00f6ver graviditeten, den \u00f6ronbed\u00f6vande insikten att barnets hj\u00e4rta inte sl\u00e5r, den avgrundsdjupa tomheten i&nbsp;sorgen.<\/p>\n\n\n\n<p>Men mitt i sv\u00e4rtan finns skratt, till och med dans. Stilla pianoballader, sv\u00e4ngig afrobeat, blues, orientalisk musik och indiska tablas skapar en m\u00e5ngfald st\u00e4mningar som skildrar resan fr\u00e5n f\u00f6rtvivlan till f\u00f6rtr\u00f6stan p\u00e5 ett s\u00e4tt som inte l\u00e4mnar n\u00e5gon ober\u00f6rd.<\/p>\n\n\n\n<p><strong>Ensemblen<\/strong><br>Ensemblen best\u00e5r av sju personer, ber\u00e4ttare, tre s\u00e5ngare<br>och tre musiker. F\u00f6rest\u00e4llningen kan ocks\u00e5 framf\u00f6ras med<br>mindre ensemble. <a href=\"http:\/\/blogg.svenskakyrkan.se\/harhjartatslutatsla\/kontakt\/\">Boka f\u00f6rest\u00e4llningen!<\/a><\/p>\n\n\n\n<p><strong>Text och\u00a0musik<br><\/strong>Ber\u00e4ttelsen bygger p\u00e5 autentiska dagboksanteckningar, dikter och brev av Magdalena Wernefeldt som skrivit manus och s\u00e5ngtexter. Helena Andersson Bromander har skrivit musiken och bearbetat s\u00e5ngtexter.<\/p>\n\n\n\n<p>F\u00f6rest\u00e4llningen hade premi\u00e4r i november 2013 p\u00e5 Teater Brunnsgatan 4 i Stockholm och genomf\u00f6rdes med st\u00f6d av Svenska kyrkans kulturstipendium. Den har sedan uppf\u00f6rts i Falun, Ume\u00e5, Visby, Uppsala och Helsingborg.<\/p>\n","protected":false},"excerpt":{"rendered":"<p>Har hj\u00e4rtat slutat sl\u00e5? \u00e4r en musikber\u00e4ttelse om ett barn som d\u00f6r just som f\u00f6rlossningen b\u00f6rjar. En stark ber\u00e4ttelse och musikupplevelse om sorg och liv. Gl\u00e4djen \u00f6ver graviditeten&nbsp;och vreden \u00f6ver d\u00f6den \u00f6verg\u00e5r i tomhet. Men till sist v\u00e4xer erfarenheten att det faktiskt g\u00e5r att leva med att man har f\u00f6rlorat ett barn. Uttrycksfulla solister, t\u00e4t [&hellip;]<\/p>\n","protected":false},"author":281,"featured_media":0,"parent":0,"menu_order":0,"comment_status":"closed","ping_status":"closed","template":"","meta":{"_acf_changed":false,"footnotes":""},"class_list":["post-568","page","type-page","status-publish","hentry"],"acf":[],"yoast_head":"<!-- This site is optimized with the Yoast SEO plugin v27.1.1 - https:\/\/yoast.com\/product\/yoast-seo-wordpress\/ -->\n<title>F\u00f6rst d\u00f6 och sedan f\u00f6das - Har hj\u00e4rtat slutat sl\u00e5?<\/title>\n<meta name=\"robots\" content=\"index, follow, max-snippet:-1, max-image-preview:large, max-video-preview:-1\" \/>\n<link rel=\"canonical\" href=\"https:\/\/blogg.svenskakyrkan.se\/harhjartatslutatsla\/hem\/\" \/>\n<meta property=\"og:locale\" content=\"sv_SE\" \/>\n<meta property=\"og:type\" content=\"article\" \/>\n<meta property=\"og:title\" content=\"F\u00f6rst d\u00f6 och sedan f\u00f6das - Har hj\u00e4rtat slutat sl\u00e5?\" \/>\n<meta property=\"og:description\" content=\"Har hj\u00e4rtat slutat sl\u00e5? \u00e4r en musikber\u00e4ttelse om ett barn som d\u00f6r just som f\u00f6rlossningen b\u00f6rjar. En stark ber\u00e4ttelse och musikupplevelse om sorg och liv. Gl\u00e4djen \u00f6ver graviditeten&nbsp;och vreden \u00f6ver d\u00f6den \u00f6verg\u00e5r i tomhet. Men till sist v\u00e4xer erfarenheten att det faktiskt g\u00e5r att leva med att man har f\u00f6rlorat ett barn. Uttrycksfulla solister, t\u00e4t [&hellip;]\" \/>\n<meta property=\"og:url\" content=\"https:\/\/blogg.svenskakyrkan.se\/harhjartatslutatsla\/hem\/\" \/>\n<meta property=\"og:site_name\" content=\"Har hj\u00e4rtat slutat sl\u00e5?\" \/>\n<meta property=\"article:modified_time\" content=\"2021-02-09T18:04:18+00:00\" \/>\n<meta name=\"twitter:card\" content=\"summary_large_image\" \/>\n<meta name=\"twitter:label1\" content=\"Ber\u00e4knad l\u00e4stid\" \/>\n\t<meta name=\"twitter:data1\" content=\"1 minut\" \/>\n<script type=\"application\/ld+json\" class=\"yoast-schema-graph\">{\"@context\":\"https:\/\/schema.org\",\"@graph\":[{\"@type\":\"WebPage\",\"@id\":\"https:\/\/blogg.svenskakyrkan.se\/harhjartatslutatsla\/hem\/\",\"url\":\"https:\/\/blogg.svenskakyrkan.se\/harhjartatslutatsla\/hem\/\",\"name\":\"F\u00f6rst d\u00f6 och sedan f\u00f6das - Har hj\u00e4rtat slutat sl\u00e5?\",\"isPartOf\":{\"@id\":\"https:\/\/blogg.svenskakyrkan.se\/harhjartatslutatsla\/#website\"},\"datePublished\":\"2021-02-09T17:37:33+00:00\",\"dateModified\":\"2021-02-09T18:04:18+00:00\",\"breadcrumb\":{\"@id\":\"https:\/\/blogg.svenskakyrkan.se\/harhjartatslutatsla\/hem\/#breadcrumb\"},\"inLanguage\":\"sv-SE\",\"potentialAction\":[{\"@type\":\"ReadAction\",\"target\":[\"https:\/\/blogg.svenskakyrkan.se\/harhjartatslutatsla\/hem\/\"]}]},{\"@type\":\"BreadcrumbList\",\"@id\":\"https:\/\/blogg.svenskakyrkan.se\/harhjartatslutatsla\/hem\/#breadcrumb\",\"itemListElement\":[{\"@type\":\"ListItem\",\"position\":1,\"name\":\"Hem\",\"item\":\"https:\/\/blogg.svenskakyrkan.se\/harhjartatslutatsla\/\"},{\"@type\":\"ListItem\",\"position\":2,\"name\":\"F\u00f6rst d\u00f6 och sedan f\u00f6das\"}]},{\"@type\":\"WebSite\",\"@id\":\"https:\/\/blogg.svenskakyrkan.se\/harhjartatslutatsla\/#website\",\"url\":\"https:\/\/blogg.svenskakyrkan.se\/harhjartatslutatsla\/\",\"name\":\"Har hj\u00e4rtat slutat sl\u00e5?\",\"description\":\"En musikber\u00e4ttelse om att f\u00f6rlora barn.\",\"potentialAction\":[{\"@type\":\"SearchAction\",\"target\":{\"@type\":\"EntryPoint\",\"urlTemplate\":\"https:\/\/blogg.svenskakyrkan.se\/harhjartatslutatsla\/?s={search_term_string}\"},\"query-input\":{\"@type\":\"PropertyValueSpecification\",\"valueRequired\":true,\"valueName\":\"search_term_string\"}}],\"inLanguage\":\"sv-SE\"}]}<\/script>\n<!-- \/ Yoast SEO plugin. -->","yoast_head_json":{"title":"F\u00f6rst d\u00f6 och sedan f\u00f6das - Har hj\u00e4rtat slutat sl\u00e5?","robots":{"index":"index","follow":"follow","max-snippet":"max-snippet:-1","max-image-preview":"max-image-preview:large","max-video-preview":"max-video-preview:-1"},"canonical":"https:\/\/blogg.svenskakyrkan.se\/harhjartatslutatsla\/hem\/","og_locale":"sv_SE","og_type":"article","og_title":"F\u00f6rst d\u00f6 och sedan f\u00f6das - Har hj\u00e4rtat slutat sl\u00e5?","og_description":"Har hj\u00e4rtat slutat sl\u00e5? \u00e4r en musikber\u00e4ttelse om ett barn som d\u00f6r just som f\u00f6rlossningen b\u00f6rjar. En stark ber\u00e4ttelse och musikupplevelse om sorg och liv. Gl\u00e4djen \u00f6ver graviditeten&nbsp;och vreden \u00f6ver d\u00f6den \u00f6verg\u00e5r i tomhet. Men till sist v\u00e4xer erfarenheten att det faktiskt g\u00e5r att leva med att man har f\u00f6rlorat ett barn. Uttrycksfulla solister, t\u00e4t [&hellip;]","og_url":"https:\/\/blogg.svenskakyrkan.se\/harhjartatslutatsla\/hem\/","og_site_name":"Har hj\u00e4rtat slutat sl\u00e5?","article_modified_time":"2021-02-09T18:04:18+00:00","twitter_card":"summary_large_image","twitter_misc":{"Ber\u00e4knad l\u00e4stid":"1 minut"},"schema":{"@context":"https:\/\/schema.org","@graph":[{"@type":"WebPage","@id":"https:\/\/blogg.svenskakyrkan.se\/harhjartatslutatsla\/hem\/","url":"https:\/\/blogg.svenskakyrkan.se\/harhjartatslutatsla\/hem\/","name":"F\u00f6rst d\u00f6 och sedan f\u00f6das - Har hj\u00e4rtat slutat sl\u00e5?","isPartOf":{"@id":"https:\/\/blogg.svenskakyrkan.se\/harhjartatslutatsla\/#website"},"datePublished":"2021-02-09T17:37:33+00:00","dateModified":"2021-02-09T18:04:18+00:00","breadcrumb":{"@id":"https:\/\/blogg.svenskakyrkan.se\/harhjartatslutatsla\/hem\/#breadcrumb"},"inLanguage":"sv-SE","potentialAction":[{"@type":"ReadAction","target":["https:\/\/blogg.svenskakyrkan.se\/harhjartatslutatsla\/hem\/"]}]},{"@type":"BreadcrumbList","@id":"https:\/\/blogg.svenskakyrkan.se\/harhjartatslutatsla\/hem\/#breadcrumb","itemListElement":[{"@type":"ListItem","position":1,"name":"Hem","item":"https:\/\/blogg.svenskakyrkan.se\/harhjartatslutatsla\/"},{"@type":"ListItem","position":2,"name":"F\u00f6rst d\u00f6 och sedan f\u00f6das"}]},{"@type":"WebSite","@id":"https:\/\/blogg.svenskakyrkan.se\/harhjartatslutatsla\/#website","url":"https:\/\/blogg.svenskakyrkan.se\/harhjartatslutatsla\/","name":"Har hj\u00e4rtat slutat sl\u00e5?","description":"En musikber\u00e4ttelse om att f\u00f6rlora barn.","potentialAction":[{"@type":"SearchAction","target":{"@type":"EntryPoint","urlTemplate":"https:\/\/blogg.svenskakyrkan.se\/harhjartatslutatsla\/?s={search_term_string}"},"query-input":{"@type":"PropertyValueSpecification","valueRequired":true,"valueName":"search_term_string"}}],"inLanguage":"sv-SE"}]}},"_links":{"self":[{"href":"https:\/\/blogg.svenskakyrkan.se\/harhjartatslutatsla\/wp-json\/wp\/v2\/pages\/568","targetHints":{"allow":["GET"]}}],"collection":[{"href":"https:\/\/blogg.svenskakyrkan.se\/harhjartatslutatsla\/wp-json\/wp\/v2\/pages"}],"about":[{"href":"https:\/\/blogg.svenskakyrkan.se\/harhjartatslutatsla\/wp-json\/wp\/v2\/types\/page"}],"author":[{"embeddable":true,"href":"https:\/\/blogg.svenskakyrkan.se\/harhjartatslutatsla\/wp-json\/wp\/v2\/users\/281"}],"replies":[{"embeddable":true,"href":"https:\/\/blogg.svenskakyrkan.se\/harhjartatslutatsla\/wp-json\/wp\/v2\/comments?post=568"}],"version-history":[{"count":5,"href":"https:\/\/blogg.svenskakyrkan.se\/harhjartatslutatsla\/wp-json\/wp\/v2\/pages\/568\/revisions"}],"predecessor-version":[{"id":580,"href":"https:\/\/blogg.svenskakyrkan.se\/harhjartatslutatsla\/wp-json\/wp\/v2\/pages\/568\/revisions\/580"}],"wp:attachment":[{"href":"https:\/\/blogg.svenskakyrkan.se\/harhjartatslutatsla\/wp-json\/wp\/v2\/media?parent=568"}],"curies":[{"name":"wp","href":"https:\/\/api.w.org\/{rel}","templated":true}]}}