{"id":185,"date":"2013-11-26T18:57:26","date_gmt":"2013-11-26T17:57:26","guid":{"rendered":"http:\/\/blogg.svenskakyrkan.se\/mariestad\/?page_id=185"},"modified":"2025-11-05T13:25:26","modified_gmt":"2025-11-05T12:25:26","slug":"det-har-ar-jag","status":"publish","type":"page","link":"https:\/\/blogg.svenskakyrkan.se\/mariestad\/det-har-ar-jag\/","title":{"rendered":"Det h\u00e4r \u00e4r jag:"},"content":{"rendered":"<p>Willem-Jan Fens, boende i Mariestads f\u00f6rsamling, pr\u00e4st i Svenska kyrkan.<\/p>\n<p>Jag \u00e4r pension\u00e4r nu, f\u00f6dd i Haag i Nederl\u00e4nderna 1957 och uppvuxen &#8217;i stan&#8217;. <em>(Ja, Haag ligger i Holland, Holland \u00e4r grevskapet som nu \u00e4r tv\u00e5 v\u00e4stra l\u00e4n i Nederland, som \u00e4r det egentliga namnet p\u00e5 landet vid Nordsj\u00f6n. Nederl\u00e4nderna betecknar hela kungariket, allts\u00e5 Nederland + n\u00e5gra \u00f6ar i Karibien)<\/em>. Efter milit\u00e4rtj\u00e4nsten best\u00e4mde jag mig f\u00f6r att arbeta ett \u00e5r i Israel, i moshav Nes Ammim, som har som syfte att f\u00f6ra dialogen mellan judendom, kristendom och islam. D\u00e4r tr\u00e4ffade jag en svensk tjej, som jag sedan 1982 \u00e4r gift med. Vi bodde f\u00f6rst i Jerusalem ett halvt \u00e5r, sedan i Leiden i Nederl\u00e4nderna och studerade b\u00e5da icke-v\u00e4sterl\u00e4ndsk sociologi, f\u00f6r att sedan flytta till Lerum i Sverige. Efter studier i svenska b\u00f6rjade jag l\u00e4sa religionsvetenskap i G\u00f6teborg, f\u00f6r att sedan forts\u00e4tta i Lund, d\u00e4r min fru l\u00e4ste biologi. Efter Lund blev det en f\u00f6rsta tj\u00e4nst f\u00f6r mig i T\u00f6reboda, och efter vi hade flyttat till Mariestad, d\u00e4r min fru arbetade p\u00e5 l\u00e4nsstyrelsen fram till pensionen 2021, fick jag tj\u00e4nst som komminister i Leksberg, f\u00f6rst med en del av tj\u00e4nsten som skolpr\u00e4st, sedan som f\u00e4ngelsepr\u00e4st, och sedan fr\u00e5n 2006 till pensionen oktober 2024 som kyrkoherde i Mariestads f\u00f6rsamling (f.d. Mariestads, Leksbergs och Tors\u00f6 f\u00f6rsamlingar). Vi har tre barn, den \u00e4ldste sonen bor i Halmstad, yngre sonen bor i Stockholm och Haparanda, medan dottern bor i Mariestad. Framtill sommaren \u00b425 hade dottern en Pumi som bodde de senaste \u00e5ren mest hos oss.. Pumi \u00e4r en Ungersk vallhund. Saknar henne mycket&#8230;\u00a0 Nu jag har tid l\u00e4gger jag mer tid p\u00e5 mat och kvass, resor och jag \u00e4r med i Kyrkornas Secondhandbutikens styrelse, dvs Secondhandutskottet. Och jag jobbar d\u00e4r naturligtvis \u00e4ven ideell. Jag \u00e4r ocks\u00e5 med i styrelsen f\u00f6r S\u00e4llskapet Tr\u00e4dg\u00e5rdsamat\u00f6rer Skaraborgs kretsen (STA) och vi l\u00e4gger mycket energi p\u00e5 tr\u00e4dg\u00e5rden (min fru Maria mest). Vi har samlat \u00f6ver1300 olika v\u00e4xter och anl\u00e4gger varje \u00e5r n\u00e5gra nya rabatter f\u00f6r att f\u00e5 plats med allt. <em><strong>Jag gillar m\u00e5ngfald<\/strong><\/em> p\u00e5 alla plan, \u00e4ven i tr\u00e4dg\u00e5rden.<\/p>\n<p>F\u00f6r \u00f6vrigt anser jag att SD \u00e4r ett rasistiskt och populistisk parti som man inte ska ge n\u00e5got inflytande. Du kan n\u00e5 mig h\u00e4r eller p\u00e5 e-post willemjan.fens@gmail.com eller \u00e4n s\u00e5 l\u00e4nge p\u00e5:\u00a0<\/p>\n<p><a href=\"mailto:willem-jan.fens@svenskakyrkan.se\">willem-jan.fens@svenskakyrkan.se<\/a><\/p>\n\n<p><\/p>\n","protected":false},"excerpt":{"rendered":"<p>Willem-Jan Fens, boende i Mariestads f\u00f6rsamling, pr\u00e4st i Svenska kyrkan. Jag \u00e4r pension\u00e4r nu, f\u00f6dd i Haag i Nederl\u00e4nderna 1957 och uppvuxen &#8217;i stan&#8217;. (Ja, Haag ligger i Holland, Holland \u00e4r grevskapet som nu \u00e4r tv\u00e5 v\u00e4stra l\u00e4n i Nederland, som \u00e4r det egentliga namnet p\u00e5 landet vid Nordsj\u00f6n. Nederl\u00e4nderna betecknar hela kungariket, allts\u00e5 Nederland [&hellip;]<\/p>\n","protected":false},"author":243,"featured_media":0,"parent":0,"menu_order":0,"comment_status":"open","ping_status":"open","template":"","meta":{"_acf_changed":false,"footnotes":""},"class_list":["post-185","page","type-page","status-publish","hentry"],"acf":[],"yoast_head":"<!-- This site is optimized with the Yoast SEO plugin v27.1.1 - https:\/\/yoast.com\/product\/yoast-seo-wordpress\/ -->\n<title>Det h\u00e4r \u00e4r jag: - Mariestads horisont, Willem-Jan Fens<\/title>\n<meta name=\"robots\" content=\"index, follow, max-snippet:-1, max-image-preview:large, max-video-preview:-1\" \/>\n<link rel=\"canonical\" href=\"https:\/\/blogg.svenskakyrkan.se\/mariestad\/det-har-ar-jag\/\" \/>\n<meta property=\"og:locale\" content=\"sv_SE\" \/>\n<meta property=\"og:type\" content=\"article\" \/>\n<meta property=\"og:title\" content=\"Det h\u00e4r \u00e4r jag: - Mariestads horisont, Willem-Jan Fens\" \/>\n<meta property=\"og:description\" content=\"Willem-Jan Fens, boende i Mariestads f\u00f6rsamling, pr\u00e4st i Svenska kyrkan. Jag \u00e4r pension\u00e4r nu, f\u00f6dd i Haag i Nederl\u00e4nderna 1957 och uppvuxen &#8217;i stan&#8217;. (Ja, Haag ligger i Holland, Holland \u00e4r grevskapet som nu \u00e4r tv\u00e5 v\u00e4stra l\u00e4n i Nederland, som \u00e4r det egentliga namnet p\u00e5 landet vid Nordsj\u00f6n. Nederl\u00e4nderna betecknar hela kungariket, allts\u00e5 Nederland [&hellip;]\" \/>\n<meta property=\"og:url\" content=\"https:\/\/blogg.svenskakyrkan.se\/mariestad\/det-har-ar-jag\/\" \/>\n<meta property=\"og:site_name\" content=\"Mariestads horisont, Willem-Jan Fens\" \/>\n<meta property=\"article:modified_time\" content=\"2025-11-05T12:25:26+00:00\" \/>\n<meta name=\"twitter:card\" content=\"summary_large_image\" \/>\n<meta name=\"twitter:label1\" content=\"Ber\u00e4knad l\u00e4stid\" \/>\n\t<meta name=\"twitter:data1\" content=\"2 minuter\" \/>\n<script type=\"application\/ld+json\" class=\"yoast-schema-graph\">{\"@context\":\"https:\/\/schema.org\",\"@graph\":[{\"@type\":\"WebPage\",\"@id\":\"https:\/\/blogg.svenskakyrkan.se\/mariestad\/det-har-ar-jag\/\",\"url\":\"https:\/\/blogg.svenskakyrkan.se\/mariestad\/det-har-ar-jag\/\",\"name\":\"Det h\u00e4r \u00e4r jag: - Mariestads horisont, Willem-Jan Fens\",\"isPartOf\":{\"@id\":\"https:\/\/blogg.svenskakyrkan.se\/mariestad\/#website\"},\"datePublished\":\"2013-11-26T17:57:26+00:00\",\"dateModified\":\"2025-11-05T12:25:26+00:00\",\"breadcrumb\":{\"@id\":\"https:\/\/blogg.svenskakyrkan.se\/mariestad\/det-har-ar-jag\/#breadcrumb\"},\"inLanguage\":\"sv-SE\",\"potentialAction\":[{\"@type\":\"ReadAction\",\"target\":[\"https:\/\/blogg.svenskakyrkan.se\/mariestad\/det-har-ar-jag\/\"]}]},{\"@type\":\"BreadcrumbList\",\"@id\":\"https:\/\/blogg.svenskakyrkan.se\/mariestad\/det-har-ar-jag\/#breadcrumb\",\"itemListElement\":[{\"@type\":\"ListItem\",\"position\":1,\"name\":\"Hem\",\"item\":\"https:\/\/blogg.svenskakyrkan.se\/mariestad\/\"},{\"@type\":\"ListItem\",\"position\":2,\"name\":\"Det h\u00e4r \u00e4r jag:\"}]},{\"@type\":\"WebSite\",\"@id\":\"https:\/\/blogg.svenskakyrkan.se\/mariestad\/#website\",\"url\":\"https:\/\/blogg.svenskakyrkan.se\/mariestad\/\",\"name\":\"Mariestads horisont, Willem-Jan Fens\",\"description\":\"tillsammans \u00e4r vi kyrka\",\"potentialAction\":[{\"@type\":\"SearchAction\",\"target\":{\"@type\":\"EntryPoint\",\"urlTemplate\":\"https:\/\/blogg.svenskakyrkan.se\/mariestad\/?s={search_term_string}\"},\"query-input\":{\"@type\":\"PropertyValueSpecification\",\"valueRequired\":true,\"valueName\":\"search_term_string\"}}],\"inLanguage\":\"sv-SE\"}]}<\/script>\n<!-- \/ Yoast SEO plugin. -->","yoast_head_json":{"title":"Det h\u00e4r \u00e4r jag: - Mariestads horisont, Willem-Jan Fens","robots":{"index":"index","follow":"follow","max-snippet":"max-snippet:-1","max-image-preview":"max-image-preview:large","max-video-preview":"max-video-preview:-1"},"canonical":"https:\/\/blogg.svenskakyrkan.se\/mariestad\/det-har-ar-jag\/","og_locale":"sv_SE","og_type":"article","og_title":"Det h\u00e4r \u00e4r jag: - Mariestads horisont, Willem-Jan Fens","og_description":"Willem-Jan Fens, boende i Mariestads f\u00f6rsamling, pr\u00e4st i Svenska kyrkan. Jag \u00e4r pension\u00e4r nu, f\u00f6dd i Haag i Nederl\u00e4nderna 1957 och uppvuxen &#8217;i stan&#8217;. (Ja, Haag ligger i Holland, Holland \u00e4r grevskapet som nu \u00e4r tv\u00e5 v\u00e4stra l\u00e4n i Nederland, som \u00e4r det egentliga namnet p\u00e5 landet vid Nordsj\u00f6n. Nederl\u00e4nderna betecknar hela kungariket, allts\u00e5 Nederland [&hellip;]","og_url":"https:\/\/blogg.svenskakyrkan.se\/mariestad\/det-har-ar-jag\/","og_site_name":"Mariestads horisont, Willem-Jan Fens","article_modified_time":"2025-11-05T12:25:26+00:00","twitter_card":"summary_large_image","twitter_misc":{"Ber\u00e4knad l\u00e4stid":"2 minuter"},"schema":{"@context":"https:\/\/schema.org","@graph":[{"@type":"WebPage","@id":"https:\/\/blogg.svenskakyrkan.se\/mariestad\/det-har-ar-jag\/","url":"https:\/\/blogg.svenskakyrkan.se\/mariestad\/det-har-ar-jag\/","name":"Det h\u00e4r \u00e4r jag: - Mariestads horisont, Willem-Jan Fens","isPartOf":{"@id":"https:\/\/blogg.svenskakyrkan.se\/mariestad\/#website"},"datePublished":"2013-11-26T17:57:26+00:00","dateModified":"2025-11-05T12:25:26+00:00","breadcrumb":{"@id":"https:\/\/blogg.svenskakyrkan.se\/mariestad\/det-har-ar-jag\/#breadcrumb"},"inLanguage":"sv-SE","potentialAction":[{"@type":"ReadAction","target":["https:\/\/blogg.svenskakyrkan.se\/mariestad\/det-har-ar-jag\/"]}]},{"@type":"BreadcrumbList","@id":"https:\/\/blogg.svenskakyrkan.se\/mariestad\/det-har-ar-jag\/#breadcrumb","itemListElement":[{"@type":"ListItem","position":1,"name":"Hem","item":"https:\/\/blogg.svenskakyrkan.se\/mariestad\/"},{"@type":"ListItem","position":2,"name":"Det h\u00e4r \u00e4r jag:"}]},{"@type":"WebSite","@id":"https:\/\/blogg.svenskakyrkan.se\/mariestad\/#website","url":"https:\/\/blogg.svenskakyrkan.se\/mariestad\/","name":"Mariestads horisont, Willem-Jan Fens","description":"tillsammans \u00e4r vi kyrka","potentialAction":[{"@type":"SearchAction","target":{"@type":"EntryPoint","urlTemplate":"https:\/\/blogg.svenskakyrkan.se\/mariestad\/?s={search_term_string}"},"query-input":{"@type":"PropertyValueSpecification","valueRequired":true,"valueName":"search_term_string"}}],"inLanguage":"sv-SE"}]}},"_links":{"self":[{"href":"https:\/\/blogg.svenskakyrkan.se\/mariestad\/wp-json\/wp\/v2\/pages\/185","targetHints":{"allow":["GET"]}}],"collection":[{"href":"https:\/\/blogg.svenskakyrkan.se\/mariestad\/wp-json\/wp\/v2\/pages"}],"about":[{"href":"https:\/\/blogg.svenskakyrkan.se\/mariestad\/wp-json\/wp\/v2\/types\/page"}],"author":[{"embeddable":true,"href":"https:\/\/blogg.svenskakyrkan.se\/mariestad\/wp-json\/wp\/v2\/users\/243"}],"replies":[{"embeddable":true,"href":"https:\/\/blogg.svenskakyrkan.se\/mariestad\/wp-json\/wp\/v2\/comments?post=185"}],"version-history":[{"count":13,"href":"https:\/\/blogg.svenskakyrkan.se\/mariestad\/wp-json\/wp\/v2\/pages\/185\/revisions"}],"predecessor-version":[{"id":934,"href":"https:\/\/blogg.svenskakyrkan.se\/mariestad\/wp-json\/wp\/v2\/pages\/185\/revisions\/934"}],"wp:attachment":[{"href":"https:\/\/blogg.svenskakyrkan.se\/mariestad\/wp-json\/wp\/v2\/media?parent=185"}],"curies":[{"name":"wp","href":"https:\/\/api.w.org\/{rel}","templated":true}]}}