{"id":2,"date":"2016-10-07T12:50:11","date_gmt":"2016-10-07T12:50:11","guid":{"rendered":"http:\/\/blogg.svenskakyrkan.se\/mittlivsomprast\/?page_id=2"},"modified":"2016-10-18T14:39:06","modified_gmt":"2016-10-18T12:39:06","slug":"exempelsida","status":"publish","type":"page","link":"https:\/\/blogg.svenskakyrkan.se\/mittlivsomprast\/exempelsida\/","title":{"rendered":"Om mig"},"content":{"rendered":"<p>Jag som skriver om mitt liv som pr\u00e4st h\u00e4r p\u00e5 bloggen heter Katarina. Jag arbetar i Svenska kyrkan i S\u00e4r\u00f6\u00a0pastorat, som komminister med fokus p\u00e5 undervisning, f\u00f6rdjupning och inspiration. M\u00e5nga av mina exempel fr\u00e5n f\u00f6rsamlingen kommer d\u00e4rifr\u00e5n!<\/p>\n<p>Jag \u00e4r morsa till tv\u00e5 sk\u00f6na typer i ton\u00e5ren. Vi \u00e4lskar hockey i v\u00e5r familj.<br \/>\nAtt laga mat. Och att bada i saltvatten!<\/p>\n<p>&nbsp;<\/p>\n","protected":false},"excerpt":{"rendered":"<p>Jag som skriver om mitt liv som pr\u00e4st h\u00e4r p\u00e5 bloggen heter Katarina. Jag arbetar i Svenska kyrkan i S\u00e4r\u00f6\u00a0pastorat, som komminister med fokus p\u00e5 undervisning, f\u00f6rdjupning och inspiration. M\u00e5nga av mina exempel fr\u00e5n f\u00f6rsamlingen kommer d\u00e4rifr\u00e5n! Jag \u00e4r morsa till tv\u00e5 sk\u00f6na typer i ton\u00e5ren. Vi \u00e4lskar hockey i v\u00e5r familj. Att laga mat. [&hellip;]<\/p>\n","protected":false},"author":596,"featured_media":0,"parent":0,"menu_order":0,"comment_status":"open","ping_status":"open","template":"","meta":{"_acf_changed":false,"footnotes":""},"class_list":["post-2","page","type-page","status-publish","hentry"],"acf":[],"yoast_head":"<!-- This site is optimized with the Yoast SEO plugin v27.1.1 - https:\/\/yoast.com\/product\/yoast-seo-wordpress\/ -->\n<title>Om mig - Mitt liv som pr\u00e4st<\/title>\n<meta name=\"robots\" content=\"index, follow, max-snippet:-1, max-image-preview:large, max-video-preview:-1\" \/>\n<link rel=\"canonical\" href=\"https:\/\/blogg.svenskakyrkan.se\/mittlivsomprast\/exempelsida\/\" \/>\n<meta property=\"og:locale\" content=\"sv_SE\" \/>\n<meta property=\"og:type\" content=\"article\" \/>\n<meta property=\"og:title\" content=\"Om mig - Mitt liv som pr\u00e4st\" \/>\n<meta property=\"og:description\" content=\"Jag som skriver om mitt liv som pr\u00e4st h\u00e4r p\u00e5 bloggen heter Katarina. Jag arbetar i Svenska kyrkan i S\u00e4r\u00f6\u00a0pastorat, som komminister med fokus p\u00e5 undervisning, f\u00f6rdjupning och inspiration. M\u00e5nga av mina exempel fr\u00e5n f\u00f6rsamlingen kommer d\u00e4rifr\u00e5n! Jag \u00e4r morsa till tv\u00e5 sk\u00f6na typer i ton\u00e5ren. Vi \u00e4lskar hockey i v\u00e5r familj. Att laga mat. [&hellip;]\" \/>\n<meta property=\"og:url\" content=\"https:\/\/blogg.svenskakyrkan.se\/mittlivsomprast\/exempelsida\/\" \/>\n<meta property=\"og:site_name\" content=\"Mitt liv som pr\u00e4st\" \/>\n<meta property=\"article:modified_time\" content=\"2016-10-18T12:39:06+00:00\" \/>\n<meta name=\"twitter:card\" content=\"summary_large_image\" \/>\n<script type=\"application\/ld+json\" class=\"yoast-schema-graph\">{\"@context\":\"https:\/\/schema.org\",\"@graph\":[{\"@type\":\"WebPage\",\"@id\":\"https:\/\/blogg.svenskakyrkan.se\/mittlivsomprast\/exempelsida\/\",\"url\":\"https:\/\/blogg.svenskakyrkan.se\/mittlivsomprast\/exempelsida\/\",\"name\":\"Om mig - Mitt liv som pr\u00e4st\",\"isPartOf\":{\"@id\":\"https:\/\/blogg.svenskakyrkan.se\/mittlivsomprast\/#website\"},\"datePublished\":\"2016-10-07T12:50:11+00:00\",\"dateModified\":\"2016-10-18T12:39:06+00:00\",\"breadcrumb\":{\"@id\":\"https:\/\/blogg.svenskakyrkan.se\/mittlivsomprast\/exempelsida\/#breadcrumb\"},\"inLanguage\":\"sv-SE\",\"potentialAction\":[{\"@type\":\"ReadAction\",\"target\":[\"https:\/\/blogg.svenskakyrkan.se\/mittlivsomprast\/exempelsida\/\"]}]},{\"@type\":\"BreadcrumbList\",\"@id\":\"https:\/\/blogg.svenskakyrkan.se\/mittlivsomprast\/exempelsida\/#breadcrumb\",\"itemListElement\":[{\"@type\":\"ListItem\",\"position\":1,\"name\":\"Hem\",\"item\":\"https:\/\/blogg.svenskakyrkan.se\/mittlivsomprast\/\"},{\"@type\":\"ListItem\",\"position\":2,\"name\":\"Om mig\"}]},{\"@type\":\"WebSite\",\"@id\":\"https:\/\/blogg.svenskakyrkan.se\/mittlivsomprast\/#website\",\"url\":\"https:\/\/blogg.svenskakyrkan.se\/mittlivsomprast\/\",\"name\":\"Mitt liv som pr\u00e4st\",\"description\":\"M\u00e4nniska. Morsa. Pr\u00e4st. I den ordningen.\",\"potentialAction\":[{\"@type\":\"SearchAction\",\"target\":{\"@type\":\"EntryPoint\",\"urlTemplate\":\"https:\/\/blogg.svenskakyrkan.se\/mittlivsomprast\/?s={search_term_string}\"},\"query-input\":{\"@type\":\"PropertyValueSpecification\",\"valueRequired\":true,\"valueName\":\"search_term_string\"}}],\"inLanguage\":\"sv-SE\"}]}<\/script>\n<!-- \/ Yoast SEO plugin. -->","yoast_head_json":{"title":"Om mig - Mitt liv som pr\u00e4st","robots":{"index":"index","follow":"follow","max-snippet":"max-snippet:-1","max-image-preview":"max-image-preview:large","max-video-preview":"max-video-preview:-1"},"canonical":"https:\/\/blogg.svenskakyrkan.se\/mittlivsomprast\/exempelsida\/","og_locale":"sv_SE","og_type":"article","og_title":"Om mig - Mitt liv som pr\u00e4st","og_description":"Jag som skriver om mitt liv som pr\u00e4st h\u00e4r p\u00e5 bloggen heter Katarina. Jag arbetar i Svenska kyrkan i S\u00e4r\u00f6\u00a0pastorat, som komminister med fokus p\u00e5 undervisning, f\u00f6rdjupning och inspiration. M\u00e5nga av mina exempel fr\u00e5n f\u00f6rsamlingen kommer d\u00e4rifr\u00e5n! Jag \u00e4r morsa till tv\u00e5 sk\u00f6na typer i ton\u00e5ren. Vi \u00e4lskar hockey i v\u00e5r familj. Att laga mat. [&hellip;]","og_url":"https:\/\/blogg.svenskakyrkan.se\/mittlivsomprast\/exempelsida\/","og_site_name":"Mitt liv som pr\u00e4st","article_modified_time":"2016-10-18T12:39:06+00:00","twitter_card":"summary_large_image","schema":{"@context":"https:\/\/schema.org","@graph":[{"@type":"WebPage","@id":"https:\/\/blogg.svenskakyrkan.se\/mittlivsomprast\/exempelsida\/","url":"https:\/\/blogg.svenskakyrkan.se\/mittlivsomprast\/exempelsida\/","name":"Om mig - Mitt liv som pr\u00e4st","isPartOf":{"@id":"https:\/\/blogg.svenskakyrkan.se\/mittlivsomprast\/#website"},"datePublished":"2016-10-07T12:50:11+00:00","dateModified":"2016-10-18T12:39:06+00:00","breadcrumb":{"@id":"https:\/\/blogg.svenskakyrkan.se\/mittlivsomprast\/exempelsida\/#breadcrumb"},"inLanguage":"sv-SE","potentialAction":[{"@type":"ReadAction","target":["https:\/\/blogg.svenskakyrkan.se\/mittlivsomprast\/exempelsida\/"]}]},{"@type":"BreadcrumbList","@id":"https:\/\/blogg.svenskakyrkan.se\/mittlivsomprast\/exempelsida\/#breadcrumb","itemListElement":[{"@type":"ListItem","position":1,"name":"Hem","item":"https:\/\/blogg.svenskakyrkan.se\/mittlivsomprast\/"},{"@type":"ListItem","position":2,"name":"Om mig"}]},{"@type":"WebSite","@id":"https:\/\/blogg.svenskakyrkan.se\/mittlivsomprast\/#website","url":"https:\/\/blogg.svenskakyrkan.se\/mittlivsomprast\/","name":"Mitt liv som pr\u00e4st","description":"M\u00e4nniska. Morsa. Pr\u00e4st. I den ordningen.","potentialAction":[{"@type":"SearchAction","target":{"@type":"EntryPoint","urlTemplate":"https:\/\/blogg.svenskakyrkan.se\/mittlivsomprast\/?s={search_term_string}"},"query-input":{"@type":"PropertyValueSpecification","valueRequired":true,"valueName":"search_term_string"}}],"inLanguage":"sv-SE"}]}},"_links":{"self":[{"href":"https:\/\/blogg.svenskakyrkan.se\/mittlivsomprast\/wp-json\/wp\/v2\/pages\/2","targetHints":{"allow":["GET"]}}],"collection":[{"href":"https:\/\/blogg.svenskakyrkan.se\/mittlivsomprast\/wp-json\/wp\/v2\/pages"}],"about":[{"href":"https:\/\/blogg.svenskakyrkan.se\/mittlivsomprast\/wp-json\/wp\/v2\/types\/page"}],"author":[{"embeddable":true,"href":"https:\/\/blogg.svenskakyrkan.se\/mittlivsomprast\/wp-json\/wp\/v2\/users\/596"}],"replies":[{"embeddable":true,"href":"https:\/\/blogg.svenskakyrkan.se\/mittlivsomprast\/wp-json\/wp\/v2\/comments?post=2"}],"version-history":[{"count":4,"href":"https:\/\/blogg.svenskakyrkan.se\/mittlivsomprast\/wp-json\/wp\/v2\/pages\/2\/revisions"}],"predecessor-version":[{"id":94,"href":"https:\/\/blogg.svenskakyrkan.se\/mittlivsomprast\/wp-json\/wp\/v2\/pages\/2\/revisions\/94"}],"wp:attachment":[{"href":"https:\/\/blogg.svenskakyrkan.se\/mittlivsomprast\/wp-json\/wp\/v2\/media?parent=2"}],"curies":[{"name":"wp","href":"https:\/\/api.w.org\/{rel}","templated":true}]}}