{"id":2,"date":"2015-01-05T08:57:49","date_gmt":"2015-01-05T08:57:49","guid":{"rendered":"http:\/\/blogg.svenskakyrkan.se\/tankarinforhelgen\/?page_id=2"},"modified":"2017-01-25T11:52:33","modified_gmt":"2017-01-25T10:52:33","slug":"exempelsida","status":"publish","type":"page","link":"https:\/\/blogg.svenskakyrkan.se\/tankarinforhelgen\/exempelsida\/","title":{"rendered":"Om tankar inf\u00f6r helgen"},"content":{"rendered":"<p>Tankar inf\u00f6r helgen \u00e4r korta predikningar, som tolkar s\u00f6ndagens tema och bibeltexter ur ett vardagsperspektiv.<\/p>\n<p>Vi inbjuder dig att kommentera! Se samtalet som uppst\u00e5r h\u00e4r p\u00e5 bloggen eller p\u00e5 Svenska kyrkans Facebooksida som kyrkkaffet efter en gudstj\u00e4nst, en m\u00f6jlighet att prata om de associationer och tankar som v\u00e4cks av predikan.<\/p>\n<p>Vi har skapat varje s\u00f6ndag som en egen kategori. P\u00e5 det s\u00e4ttet kan du leta bland v\u00e5ra texter och hitta olika betraktelser. Vill du l\u00e4sa fler texter av en viss skribent, klicka p\u00e5 namnet precis i \u00f6verkanten av ett inl\u00e4gg, s\u00e5 f\u00e5r du upp allt som den pr\u00e4sten skrivit.<\/p>\n<p><a href=\"https:\/\/www.svenskakyrkan.se\/kyrkoarets-bibeltexter\">H\u00e4r kan du l\u00e4sa kyrko\u00e5rets bibeltexter &gt;&gt;\u00a0<\/a><\/p>\n<p>&nbsp;<\/p>\n","protected":false},"excerpt":{"rendered":"<p>Tankar inf\u00f6r helgen \u00e4r korta predikningar, som tolkar s\u00f6ndagens tema och bibeltexter ur ett vardagsperspektiv. Vi inbjuder dig att kommentera! Se samtalet som uppst\u00e5r h\u00e4r p\u00e5 bloggen eller p\u00e5 Svenska kyrkans Facebooksida som kyrkkaffet efter en gudstj\u00e4nst, en m\u00f6jlighet att prata om de associationer och tankar som v\u00e4cks av predikan. Vi har skapat varje s\u00f6ndag [&hellip;]<\/p>\n","protected":false},"author":458,"featured_media":0,"parent":0,"menu_order":0,"comment_status":"closed","ping_status":"closed","template":"","meta":{"_acf_changed":false,"footnotes":""},"class_list":["post-2","page","type-page","status-publish","hentry"],"acf":[],"yoast_head":"<!-- This site is optimized with the Yoast SEO plugin v27.1.1 - https:\/\/yoast.com\/product\/yoast-seo-wordpress\/ -->\n<title>Om tankar inf\u00f6r helgen - Tankar inf\u00f6r helgen<\/title>\n<meta name=\"robots\" content=\"index, follow, max-snippet:-1, max-image-preview:large, max-video-preview:-1\" \/>\n<link rel=\"canonical\" href=\"https:\/\/blogg.svenskakyrkan.se\/tankarinforhelgen\/exempelsida\/\" \/>\n<meta property=\"og:locale\" content=\"sv_SE\" \/>\n<meta property=\"og:type\" content=\"article\" \/>\n<meta property=\"og:title\" content=\"Om tankar inf\u00f6r helgen - Tankar inf\u00f6r helgen\" \/>\n<meta property=\"og:description\" content=\"Tankar inf\u00f6r helgen \u00e4r korta predikningar, som tolkar s\u00f6ndagens tema och bibeltexter ur ett vardagsperspektiv. Vi inbjuder dig att kommentera! Se samtalet som uppst\u00e5r h\u00e4r p\u00e5 bloggen eller p\u00e5 Svenska kyrkans Facebooksida som kyrkkaffet efter en gudstj\u00e4nst, en m\u00f6jlighet att prata om de associationer och tankar som v\u00e4cks av predikan. Vi har skapat varje s\u00f6ndag [&hellip;]\" \/>\n<meta property=\"og:url\" content=\"https:\/\/blogg.svenskakyrkan.se\/tankarinforhelgen\/exempelsida\/\" \/>\n<meta property=\"og:site_name\" content=\"Tankar inf\u00f6r helgen\" \/>\n<meta property=\"article:modified_time\" content=\"2017-01-25T10:52:33+00:00\" \/>\n<meta name=\"twitter:card\" content=\"summary_large_image\" \/>\n<meta name=\"twitter:label1\" content=\"Ber\u00e4knad l\u00e4stid\" \/>\n\t<meta name=\"twitter:data1\" content=\"1 minut\" \/>\n<script type=\"application\/ld+json\" class=\"yoast-schema-graph\">{\"@context\":\"https:\/\/schema.org\",\"@graph\":[{\"@type\":\"WebPage\",\"@id\":\"https:\/\/blogg.svenskakyrkan.se\/tankarinforhelgen\/exempelsida\/\",\"url\":\"https:\/\/blogg.svenskakyrkan.se\/tankarinforhelgen\/exempelsida\/\",\"name\":\"Om tankar inf\u00f6r helgen - Tankar inf\u00f6r helgen\",\"isPartOf\":{\"@id\":\"https:\/\/blogg.svenskakyrkan.se\/tankarinforhelgen\/#website\"},\"datePublished\":\"2015-01-05T08:57:49+00:00\",\"dateModified\":\"2017-01-25T10:52:33+00:00\",\"breadcrumb\":{\"@id\":\"https:\/\/blogg.svenskakyrkan.se\/tankarinforhelgen\/exempelsida\/#breadcrumb\"},\"inLanguage\":\"sv-SE\",\"potentialAction\":[{\"@type\":\"ReadAction\",\"target\":[\"https:\/\/blogg.svenskakyrkan.se\/tankarinforhelgen\/exempelsida\/\"]}]},{\"@type\":\"BreadcrumbList\",\"@id\":\"https:\/\/blogg.svenskakyrkan.se\/tankarinforhelgen\/exempelsida\/#breadcrumb\",\"itemListElement\":[{\"@type\":\"ListItem\",\"position\":1,\"name\":\"Hem\",\"item\":\"https:\/\/blogg.svenskakyrkan.se\/tankarinforhelgen\/\"},{\"@type\":\"ListItem\",\"position\":2,\"name\":\"Om tankar inf\u00f6r helgen\"}]},{\"@type\":\"WebSite\",\"@id\":\"https:\/\/blogg.svenskakyrkan.se\/tankarinforhelgen\/#website\",\"url\":\"https:\/\/blogg.svenskakyrkan.se\/tankarinforhelgen\/\",\"name\":\"Tankar inf\u00f6r helgen\",\"description\":\"Pr\u00e4ster funderar utifr\u00e5n kommande s\u00f6ndags texter\",\"potentialAction\":[{\"@type\":\"SearchAction\",\"target\":{\"@type\":\"EntryPoint\",\"urlTemplate\":\"https:\/\/blogg.svenskakyrkan.se\/tankarinforhelgen\/?s={search_term_string}\"},\"query-input\":{\"@type\":\"PropertyValueSpecification\",\"valueRequired\":true,\"valueName\":\"search_term_string\"}}],\"inLanguage\":\"sv-SE\"}]}<\/script>\n<!-- \/ Yoast SEO plugin. -->","yoast_head_json":{"title":"Om tankar inf\u00f6r helgen - Tankar inf\u00f6r helgen","robots":{"index":"index","follow":"follow","max-snippet":"max-snippet:-1","max-image-preview":"max-image-preview:large","max-video-preview":"max-video-preview:-1"},"canonical":"https:\/\/blogg.svenskakyrkan.se\/tankarinforhelgen\/exempelsida\/","og_locale":"sv_SE","og_type":"article","og_title":"Om tankar inf\u00f6r helgen - Tankar inf\u00f6r helgen","og_description":"Tankar inf\u00f6r helgen \u00e4r korta predikningar, som tolkar s\u00f6ndagens tema och bibeltexter ur ett vardagsperspektiv. Vi inbjuder dig att kommentera! Se samtalet som uppst\u00e5r h\u00e4r p\u00e5 bloggen eller p\u00e5 Svenska kyrkans Facebooksida som kyrkkaffet efter en gudstj\u00e4nst, en m\u00f6jlighet att prata om de associationer och tankar som v\u00e4cks av predikan. Vi har skapat varje s\u00f6ndag [&hellip;]","og_url":"https:\/\/blogg.svenskakyrkan.se\/tankarinforhelgen\/exempelsida\/","og_site_name":"Tankar inf\u00f6r helgen","article_modified_time":"2017-01-25T10:52:33+00:00","twitter_card":"summary_large_image","twitter_misc":{"Ber\u00e4knad l\u00e4stid":"1 minut"},"schema":{"@context":"https:\/\/schema.org","@graph":[{"@type":"WebPage","@id":"https:\/\/blogg.svenskakyrkan.se\/tankarinforhelgen\/exempelsida\/","url":"https:\/\/blogg.svenskakyrkan.se\/tankarinforhelgen\/exempelsida\/","name":"Om tankar inf\u00f6r helgen - Tankar inf\u00f6r helgen","isPartOf":{"@id":"https:\/\/blogg.svenskakyrkan.se\/tankarinforhelgen\/#website"},"datePublished":"2015-01-05T08:57:49+00:00","dateModified":"2017-01-25T10:52:33+00:00","breadcrumb":{"@id":"https:\/\/blogg.svenskakyrkan.se\/tankarinforhelgen\/exempelsida\/#breadcrumb"},"inLanguage":"sv-SE","potentialAction":[{"@type":"ReadAction","target":["https:\/\/blogg.svenskakyrkan.se\/tankarinforhelgen\/exempelsida\/"]}]},{"@type":"BreadcrumbList","@id":"https:\/\/blogg.svenskakyrkan.se\/tankarinforhelgen\/exempelsida\/#breadcrumb","itemListElement":[{"@type":"ListItem","position":1,"name":"Hem","item":"https:\/\/blogg.svenskakyrkan.se\/tankarinforhelgen\/"},{"@type":"ListItem","position":2,"name":"Om tankar inf\u00f6r helgen"}]},{"@type":"WebSite","@id":"https:\/\/blogg.svenskakyrkan.se\/tankarinforhelgen\/#website","url":"https:\/\/blogg.svenskakyrkan.se\/tankarinforhelgen\/","name":"Tankar inf\u00f6r helgen","description":"Pr\u00e4ster funderar utifr\u00e5n kommande s\u00f6ndags texter","potentialAction":[{"@type":"SearchAction","target":{"@type":"EntryPoint","urlTemplate":"https:\/\/blogg.svenskakyrkan.se\/tankarinforhelgen\/?s={search_term_string}"},"query-input":{"@type":"PropertyValueSpecification","valueRequired":true,"valueName":"search_term_string"}}],"inLanguage":"sv-SE"}]}},"_links":{"self":[{"href":"https:\/\/blogg.svenskakyrkan.se\/tankarinforhelgen\/wp-json\/wp\/v2\/pages\/2","targetHints":{"allow":["GET"]}}],"collection":[{"href":"https:\/\/blogg.svenskakyrkan.se\/tankarinforhelgen\/wp-json\/wp\/v2\/pages"}],"about":[{"href":"https:\/\/blogg.svenskakyrkan.se\/tankarinforhelgen\/wp-json\/wp\/v2\/types\/page"}],"author":[{"embeddable":true,"href":"https:\/\/blogg.svenskakyrkan.se\/tankarinforhelgen\/wp-json\/wp\/v2\/users\/458"}],"replies":[{"embeddable":true,"href":"https:\/\/blogg.svenskakyrkan.se\/tankarinforhelgen\/wp-json\/wp\/v2\/comments?post=2"}],"version-history":[{"count":7,"href":"https:\/\/blogg.svenskakyrkan.se\/tankarinforhelgen\/wp-json\/wp\/v2\/pages\/2\/revisions"}],"predecessor-version":[{"id":455,"href":"https:\/\/blogg.svenskakyrkan.se\/tankarinforhelgen\/wp-json\/wp\/v2\/pages\/2\/revisions\/455"}],"wp:attachment":[{"href":"https:\/\/blogg.svenskakyrkan.se\/tankarinforhelgen\/wp-json\/wp\/v2\/media?parent=2"}],"curies":[{"name":"wp","href":"https:\/\/api.w.org\/{rel}","templated":true}]}}