{"id":2,"date":"2015-12-02T11:43:00","date_gmt":"2015-12-02T11:43:00","guid":{"rendered":"http:\/\/blogg.svenskakyrkan.se\/tanketanker\/?page_id=2"},"modified":"2020-07-26T17:02:14","modified_gmt":"2020-07-26T15:02:14","slug":"exempelsida","status":"publish","type":"page","link":"https:\/\/blogg.svenskakyrkan.se\/tanketanker\/exempelsida\/","title":{"rendered":"Om Albin Tanke"},"content":{"rendered":"<p>Albin Tanke \u00e4r pr\u00e4st och legitimerad psykoterapeut i Malm\u00f6.<\/p>\n\n<figure class=\"wp-block-image size-large\"><img loading=\"lazy\" decoding=\"async\" width=\"640\" height=\"359\" src=\"https:\/\/blogg.svenskakyrkan.se\/tanketanker\/files\/2020\/07\/Albin-Tanke-Tanke-f\u00f6r-dagen.png\" alt=\"\" class=\"wp-image-512\" srcset=\"https:\/\/blogg.svenskakyrkan.se\/tanketanker\/files\/2020\/07\/Albin-Tanke-Tanke-f\u00f6r-dagen.png 640w, https:\/\/blogg.svenskakyrkan.se\/tanketanker\/files\/2020\/07\/Albin-Tanke-Tanke-f\u00f6r-dagen-300x168.png 300w\" sizes=\"auto, (max-width: 640px) 100vw, 640px\" \/><figcaption>Albin Tanke                                                                     (Foto Kristina Strand Larsson)<\/figcaption><\/figure>\n\n\n\n<p><\/p>\n","protected":false},"excerpt":{"rendered":"<p>Albin Tanke \u00e4r pr\u00e4st och legitimerad psykoterapeut i Malm\u00f6.<\/p>\n","protected":false},"author":544,"featured_media":389,"parent":0,"menu_order":0,"comment_status":"open","ping_status":"open","template":"","meta":{"_acf_changed":false,"footnotes":""},"class_list":["post-2","page","type-page","status-publish","has-post-thumbnail","hentry"],"acf":[],"yoast_head":"<!-- This site is optimized with the Yoast SEO plugin v27.1.1 - https:\/\/yoast.com\/product\/yoast-seo-wordpress\/ -->\n<title>Om Albin Tanke - Tanke t\u00e4nker<\/title>\n<meta name=\"robots\" content=\"index, follow, max-snippet:-1, max-image-preview:large, max-video-preview:-1\" \/>\n<link rel=\"canonical\" href=\"https:\/\/blogg.svenskakyrkan.se\/tanketanker\/exempelsida\/\" \/>\n<meta property=\"og:locale\" content=\"sv_SE\" \/>\n<meta property=\"og:type\" content=\"article\" \/>\n<meta property=\"og:title\" content=\"Om Albin Tanke - Tanke t\u00e4nker\" \/>\n<meta property=\"og:description\" content=\"Albin Tanke \u00e4r pr\u00e4st och legitimerad psykoterapeut i Malm\u00f6.\" \/>\n<meta property=\"og:url\" content=\"https:\/\/blogg.svenskakyrkan.se\/tanketanker\/exempelsida\/\" \/>\n<meta property=\"og:site_name\" content=\"Tanke t\u00e4nker\" \/>\n<meta property=\"article:modified_time\" content=\"2020-07-26T15:02:14+00:00\" \/>\n<meta property=\"og:image\" content=\"https:\/\/blogg.svenskakyrkan.se\/tanketanker\/files\/2020\/07\/Albin-ansike2.jpg\" \/>\n\t<meta property=\"og:image:width\" content=\"531\" \/>\n\t<meta property=\"og:image:height\" content=\"527\" \/>\n\t<meta property=\"og:image:type\" content=\"image\/jpeg\" \/>\n<meta name=\"twitter:card\" content=\"summary_large_image\" \/>\n<script type=\"application\/ld+json\" class=\"yoast-schema-graph\">{\"@context\":\"https:\/\/schema.org\",\"@graph\":[{\"@type\":\"WebPage\",\"@id\":\"https:\/\/blogg.svenskakyrkan.se\/tanketanker\/exempelsida\/\",\"url\":\"https:\/\/blogg.svenskakyrkan.se\/tanketanker\/exempelsida\/\",\"name\":\"Om Albin Tanke - Tanke t\u00e4nker\",\"isPartOf\":{\"@id\":\"https:\/\/blogg.svenskakyrkan.se\/tanketanker\/#website\"},\"primaryImageOfPage\":{\"@id\":\"https:\/\/blogg.svenskakyrkan.se\/tanketanker\/exempelsida\/#primaryimage\"},\"image\":{\"@id\":\"https:\/\/blogg.svenskakyrkan.se\/tanketanker\/exempelsida\/#primaryimage\"},\"thumbnailUrl\":\"https:\/\/blogg.svenskakyrkan.se\/tanketanker\/files\/2020\/07\/Albin-ansike2.jpg\",\"datePublished\":\"2015-12-02T11:43:00+00:00\",\"dateModified\":\"2020-07-26T15:02:14+00:00\",\"breadcrumb\":{\"@id\":\"https:\/\/blogg.svenskakyrkan.se\/tanketanker\/exempelsida\/#breadcrumb\"},\"inLanguage\":\"sv-SE\",\"potentialAction\":[{\"@type\":\"ReadAction\",\"target\":[\"https:\/\/blogg.svenskakyrkan.se\/tanketanker\/exempelsida\/\"]}]},{\"@type\":\"ImageObject\",\"inLanguage\":\"sv-SE\",\"@id\":\"https:\/\/blogg.svenskakyrkan.se\/tanketanker\/exempelsida\/#primaryimage\",\"url\":\"https:\/\/blogg.svenskakyrkan.se\/tanketanker\/files\/2020\/07\/Albin-ansike2.jpg\",\"contentUrl\":\"https:\/\/blogg.svenskakyrkan.se\/tanketanker\/files\/2020\/07\/Albin-ansike2.jpg\",\"width\":531,\"height\":527},{\"@type\":\"BreadcrumbList\",\"@id\":\"https:\/\/blogg.svenskakyrkan.se\/tanketanker\/exempelsida\/#breadcrumb\",\"itemListElement\":[{\"@type\":\"ListItem\",\"position\":1,\"name\":\"Hem\",\"item\":\"https:\/\/blogg.svenskakyrkan.se\/tanketanker\/\"},{\"@type\":\"ListItem\",\"position\":2,\"name\":\"Om Albin Tanke\"}]},{\"@type\":\"WebSite\",\"@id\":\"https:\/\/blogg.svenskakyrkan.se\/tanketanker\/#website\",\"url\":\"https:\/\/blogg.svenskakyrkan.se\/tanketanker\/\",\"name\":\"Tanke t\u00e4nker\",\"description\":\"Pr\u00e4sten Albin Tanke t\u00e4nker p\u00e5 s\u00e5dant som h\u00e4nder i v\u00e4rlden och i hans huvud.\",\"potentialAction\":[{\"@type\":\"SearchAction\",\"target\":{\"@type\":\"EntryPoint\",\"urlTemplate\":\"https:\/\/blogg.svenskakyrkan.se\/tanketanker\/?s={search_term_string}\"},\"query-input\":{\"@type\":\"PropertyValueSpecification\",\"valueRequired\":true,\"valueName\":\"search_term_string\"}}],\"inLanguage\":\"sv-SE\"}]}<\/script>\n<!-- \/ Yoast SEO plugin. -->","yoast_head_json":{"title":"Om Albin Tanke - Tanke t\u00e4nker","robots":{"index":"index","follow":"follow","max-snippet":"max-snippet:-1","max-image-preview":"max-image-preview:large","max-video-preview":"max-video-preview:-1"},"canonical":"https:\/\/blogg.svenskakyrkan.se\/tanketanker\/exempelsida\/","og_locale":"sv_SE","og_type":"article","og_title":"Om Albin Tanke - Tanke t\u00e4nker","og_description":"Albin Tanke \u00e4r pr\u00e4st och legitimerad psykoterapeut i Malm\u00f6.","og_url":"https:\/\/blogg.svenskakyrkan.se\/tanketanker\/exempelsida\/","og_site_name":"Tanke t\u00e4nker","article_modified_time":"2020-07-26T15:02:14+00:00","og_image":[{"width":531,"height":527,"url":"https:\/\/blogg.svenskakyrkan.se\/tanketanker\/files\/2020\/07\/Albin-ansike2.jpg","type":"image\/jpeg"}],"twitter_card":"summary_large_image","schema":{"@context":"https:\/\/schema.org","@graph":[{"@type":"WebPage","@id":"https:\/\/blogg.svenskakyrkan.se\/tanketanker\/exempelsida\/","url":"https:\/\/blogg.svenskakyrkan.se\/tanketanker\/exempelsida\/","name":"Om Albin Tanke - Tanke t\u00e4nker","isPartOf":{"@id":"https:\/\/blogg.svenskakyrkan.se\/tanketanker\/#website"},"primaryImageOfPage":{"@id":"https:\/\/blogg.svenskakyrkan.se\/tanketanker\/exempelsida\/#primaryimage"},"image":{"@id":"https:\/\/blogg.svenskakyrkan.se\/tanketanker\/exempelsida\/#primaryimage"},"thumbnailUrl":"https:\/\/blogg.svenskakyrkan.se\/tanketanker\/files\/2020\/07\/Albin-ansike2.jpg","datePublished":"2015-12-02T11:43:00+00:00","dateModified":"2020-07-26T15:02:14+00:00","breadcrumb":{"@id":"https:\/\/blogg.svenskakyrkan.se\/tanketanker\/exempelsida\/#breadcrumb"},"inLanguage":"sv-SE","potentialAction":[{"@type":"ReadAction","target":["https:\/\/blogg.svenskakyrkan.se\/tanketanker\/exempelsida\/"]}]},{"@type":"ImageObject","inLanguage":"sv-SE","@id":"https:\/\/blogg.svenskakyrkan.se\/tanketanker\/exempelsida\/#primaryimage","url":"https:\/\/blogg.svenskakyrkan.se\/tanketanker\/files\/2020\/07\/Albin-ansike2.jpg","contentUrl":"https:\/\/blogg.svenskakyrkan.se\/tanketanker\/files\/2020\/07\/Albin-ansike2.jpg","width":531,"height":527},{"@type":"BreadcrumbList","@id":"https:\/\/blogg.svenskakyrkan.se\/tanketanker\/exempelsida\/#breadcrumb","itemListElement":[{"@type":"ListItem","position":1,"name":"Hem","item":"https:\/\/blogg.svenskakyrkan.se\/tanketanker\/"},{"@type":"ListItem","position":2,"name":"Om Albin Tanke"}]},{"@type":"WebSite","@id":"https:\/\/blogg.svenskakyrkan.se\/tanketanker\/#website","url":"https:\/\/blogg.svenskakyrkan.se\/tanketanker\/","name":"Tanke t\u00e4nker","description":"Pr\u00e4sten Albin Tanke t\u00e4nker p\u00e5 s\u00e5dant som h\u00e4nder i v\u00e4rlden och i hans huvud.","potentialAction":[{"@type":"SearchAction","target":{"@type":"EntryPoint","urlTemplate":"https:\/\/blogg.svenskakyrkan.se\/tanketanker\/?s={search_term_string}"},"query-input":{"@type":"PropertyValueSpecification","valueRequired":true,"valueName":"search_term_string"}}],"inLanguage":"sv-SE"}]}},"_links":{"self":[{"href":"https:\/\/blogg.svenskakyrkan.se\/tanketanker\/wp-json\/wp\/v2\/pages\/2","targetHints":{"allow":["GET"]}}],"collection":[{"href":"https:\/\/blogg.svenskakyrkan.se\/tanketanker\/wp-json\/wp\/v2\/pages"}],"about":[{"href":"https:\/\/blogg.svenskakyrkan.se\/tanketanker\/wp-json\/wp\/v2\/types\/page"}],"author":[{"embeddable":true,"href":"https:\/\/blogg.svenskakyrkan.se\/tanketanker\/wp-json\/wp\/v2\/users\/544"}],"replies":[{"embeddable":true,"href":"https:\/\/blogg.svenskakyrkan.se\/tanketanker\/wp-json\/wp\/v2\/comments?post=2"}],"version-history":[{"count":3,"href":"https:\/\/blogg.svenskakyrkan.se\/tanketanker\/wp-json\/wp\/v2\/pages\/2\/revisions"}],"predecessor-version":[{"id":514,"href":"https:\/\/blogg.svenskakyrkan.se\/tanketanker\/wp-json\/wp\/v2\/pages\/2\/revisions\/514"}],"wp:featuredmedia":[{"embeddable":true,"href":"https:\/\/blogg.svenskakyrkan.se\/tanketanker\/wp-json\/wp\/v2\/media\/389"}],"wp:attachment":[{"href":"https:\/\/blogg.svenskakyrkan.se\/tanketanker\/wp-json\/wp\/v2\/media?parent=2"}],"curies":[{"name":"wp","href":"https:\/\/api.w.org\/{rel}","templated":true}]}}