{"id":111,"date":"2012-03-05T18:33:56","date_gmt":"2012-03-05T17:33:56","guid":{"rendered":"http:\/\/blogg.svenskakyrkan.se\/uppsaladomkyrkokor\/?page_id=111"},"modified":"2015-07-02T14:54:41","modified_gmt":"2015-07-02T13:54:41","slug":"sok-till-koren","status":"publish","type":"page","link":"https:\/\/blogg.svenskakyrkan.se\/uppsaladomkyrkokor\/sok-till-koren\/","title":{"rendered":"S\u00f6k till k\u00f6ren"},"content":{"rendered":"<p>Vill du sjunga tillsammans med andra ambiti\u00f6sa s\u00e5ngare? Vi har en bred repertoar som omfattar musik fr\u00e5n gregoriansk s\u00e5ng till nyskriven musik. Vi s\u00f6ker erfarna s\u00e5ngare med god notl\u00e4sningsf\u00f6rm\u00e5ga.<\/p>\n<p>\u00c4r du intresserad av att vara med i Uppsala domkyrkok\u00f6r? D\u00e5 \u00e4r det b\u00e4sta att ta kontakt med k\u00f6rens dirigent och konstn\u00e4rlige ledare, Milke Falck och boka en tid f\u00f6r provsjungning!<\/p>\n<p>* Milke Falck (<a href=\"mailto:milke.falck@svenskakyrkan.se\">milke.falck@svenskakyrkan.se<\/a>), tel. 018-430 36 08.<\/p>\n","protected":false},"excerpt":{"rendered":"<p>Vill du sjunga tillsammans med andra ambiti\u00f6sa s\u00e5ngare? Vi har en bred repertoar som omfattar musik fr\u00e5n gregoriansk s\u00e5ng till nyskriven musik. Vi s\u00f6ker erfarna s\u00e5ngare med god notl\u00e4sningsf\u00f6rm\u00e5ga. \u00c4r du intresserad av att vara med i Uppsala domkyrkok\u00f6r? D\u00e5 \u00e4r det b\u00e4sta att ta kontakt med k\u00f6rens dirigent och konstn\u00e4rlige ledare, Milke Falck och [&hellip;]<\/p>\n","protected":false},"author":115,"featured_media":0,"parent":0,"menu_order":2,"comment_status":"open","ping_status":"open","template":"","meta":{"_acf_changed":false,"footnotes":""},"class_list":["post-111","page","type-page","status-publish","hentry"],"acf":[],"yoast_head":"<!-- This site is optimized with the Yoast SEO plugin v27.1.1 - https:\/\/yoast.com\/product\/yoast-seo-wordpress\/ -->\n<title>S\u00f6k till k\u00f6ren - Uppsala Domkyrkok\u00f6r<\/title>\n<meta name=\"robots\" content=\"index, follow, max-snippet:-1, max-image-preview:large, max-video-preview:-1\" \/>\n<link rel=\"canonical\" href=\"https:\/\/blogg.svenskakyrkan.se\/uppsaladomkyrkokor\/sok-till-koren\/\" \/>\n<meta property=\"og:locale\" content=\"sv_SE\" \/>\n<meta property=\"og:type\" content=\"article\" \/>\n<meta property=\"og:title\" content=\"S\u00f6k till k\u00f6ren - Uppsala Domkyrkok\u00f6r\" \/>\n<meta property=\"og:description\" content=\"Vill du sjunga tillsammans med andra ambiti\u00f6sa s\u00e5ngare? Vi har en bred repertoar som omfattar musik fr\u00e5n gregoriansk s\u00e5ng till nyskriven musik. Vi s\u00f6ker erfarna s\u00e5ngare med god notl\u00e4sningsf\u00f6rm\u00e5ga. \u00c4r du intresserad av att vara med i Uppsala domkyrkok\u00f6r? D\u00e5 \u00e4r det b\u00e4sta att ta kontakt med k\u00f6rens dirigent och konstn\u00e4rlige ledare, Milke Falck och [&hellip;]\" \/>\n<meta property=\"og:url\" content=\"https:\/\/blogg.svenskakyrkan.se\/uppsaladomkyrkokor\/sok-till-koren\/\" \/>\n<meta property=\"og:site_name\" content=\"Uppsala Domkyrkok\u00f6r\" \/>\n<meta property=\"article:modified_time\" content=\"2015-07-02T13:54:41+00:00\" \/>\n<meta name=\"twitter:card\" content=\"summary_large_image\" \/>\n<script type=\"application\/ld+json\" class=\"yoast-schema-graph\">{\"@context\":\"https:\/\/schema.org\",\"@graph\":[{\"@type\":\"WebPage\",\"@id\":\"https:\/\/blogg.svenskakyrkan.se\/uppsaladomkyrkokor\/sok-till-koren\/\",\"url\":\"https:\/\/blogg.svenskakyrkan.se\/uppsaladomkyrkokor\/sok-till-koren\/\",\"name\":\"S\u00f6k till k\u00f6ren - Uppsala Domkyrkok\u00f6r\",\"isPartOf\":{\"@id\":\"https:\/\/blogg.svenskakyrkan.se\/uppsaladomkyrkokor\/#website\"},\"datePublished\":\"2012-03-05T17:33:56+00:00\",\"dateModified\":\"2015-07-02T13:54:41+00:00\",\"breadcrumb\":{\"@id\":\"https:\/\/blogg.svenskakyrkan.se\/uppsaladomkyrkokor\/sok-till-koren\/#breadcrumb\"},\"inLanguage\":\"sv-SE\",\"potentialAction\":[{\"@type\":\"ReadAction\",\"target\":[\"https:\/\/blogg.svenskakyrkan.se\/uppsaladomkyrkokor\/sok-till-koren\/\"]}]},{\"@type\":\"BreadcrumbList\",\"@id\":\"https:\/\/blogg.svenskakyrkan.se\/uppsaladomkyrkokor\/sok-till-koren\/#breadcrumb\",\"itemListElement\":[{\"@type\":\"ListItem\",\"position\":1,\"name\":\"Hem\",\"item\":\"https:\/\/blogg.svenskakyrkan.se\/uppsaladomkyrkokor\/\"},{\"@type\":\"ListItem\",\"position\":2,\"name\":\"S\u00f6k till k\u00f6ren\"}]},{\"@type\":\"WebSite\",\"@id\":\"https:\/\/blogg.svenskakyrkan.se\/uppsaladomkyrkokor\/#website\",\"url\":\"https:\/\/blogg.svenskakyrkan.se\/uppsaladomkyrkokor\/\",\"name\":\"Uppsala Domkyrkok\u00f6r\",\"description\":\"V\u00e4lkommen till Uppsala Domkyrkok\u00f6r!\",\"potentialAction\":[{\"@type\":\"SearchAction\",\"target\":{\"@type\":\"EntryPoint\",\"urlTemplate\":\"https:\/\/blogg.svenskakyrkan.se\/uppsaladomkyrkokor\/?s={search_term_string}\"},\"query-input\":{\"@type\":\"PropertyValueSpecification\",\"valueRequired\":true,\"valueName\":\"search_term_string\"}}],\"inLanguage\":\"sv-SE\"}]}<\/script>\n<!-- \/ Yoast SEO plugin. -->","yoast_head_json":{"title":"S\u00f6k till k\u00f6ren - Uppsala Domkyrkok\u00f6r","robots":{"index":"index","follow":"follow","max-snippet":"max-snippet:-1","max-image-preview":"max-image-preview:large","max-video-preview":"max-video-preview:-1"},"canonical":"https:\/\/blogg.svenskakyrkan.se\/uppsaladomkyrkokor\/sok-till-koren\/","og_locale":"sv_SE","og_type":"article","og_title":"S\u00f6k till k\u00f6ren - Uppsala Domkyrkok\u00f6r","og_description":"Vill du sjunga tillsammans med andra ambiti\u00f6sa s\u00e5ngare? Vi har en bred repertoar som omfattar musik fr\u00e5n gregoriansk s\u00e5ng till nyskriven musik. Vi s\u00f6ker erfarna s\u00e5ngare med god notl\u00e4sningsf\u00f6rm\u00e5ga. \u00c4r du intresserad av att vara med i Uppsala domkyrkok\u00f6r? D\u00e5 \u00e4r det b\u00e4sta att ta kontakt med k\u00f6rens dirigent och konstn\u00e4rlige ledare, Milke Falck och [&hellip;]","og_url":"https:\/\/blogg.svenskakyrkan.se\/uppsaladomkyrkokor\/sok-till-koren\/","og_site_name":"Uppsala Domkyrkok\u00f6r","article_modified_time":"2015-07-02T13:54:41+00:00","twitter_card":"summary_large_image","schema":{"@context":"https:\/\/schema.org","@graph":[{"@type":"WebPage","@id":"https:\/\/blogg.svenskakyrkan.se\/uppsaladomkyrkokor\/sok-till-koren\/","url":"https:\/\/blogg.svenskakyrkan.se\/uppsaladomkyrkokor\/sok-till-koren\/","name":"S\u00f6k till k\u00f6ren - Uppsala Domkyrkok\u00f6r","isPartOf":{"@id":"https:\/\/blogg.svenskakyrkan.se\/uppsaladomkyrkokor\/#website"},"datePublished":"2012-03-05T17:33:56+00:00","dateModified":"2015-07-02T13:54:41+00:00","breadcrumb":{"@id":"https:\/\/blogg.svenskakyrkan.se\/uppsaladomkyrkokor\/sok-till-koren\/#breadcrumb"},"inLanguage":"sv-SE","potentialAction":[{"@type":"ReadAction","target":["https:\/\/blogg.svenskakyrkan.se\/uppsaladomkyrkokor\/sok-till-koren\/"]}]},{"@type":"BreadcrumbList","@id":"https:\/\/blogg.svenskakyrkan.se\/uppsaladomkyrkokor\/sok-till-koren\/#breadcrumb","itemListElement":[{"@type":"ListItem","position":1,"name":"Hem","item":"https:\/\/blogg.svenskakyrkan.se\/uppsaladomkyrkokor\/"},{"@type":"ListItem","position":2,"name":"S\u00f6k till k\u00f6ren"}]},{"@type":"WebSite","@id":"https:\/\/blogg.svenskakyrkan.se\/uppsaladomkyrkokor\/#website","url":"https:\/\/blogg.svenskakyrkan.se\/uppsaladomkyrkokor\/","name":"Uppsala Domkyrkok\u00f6r","description":"V\u00e4lkommen till Uppsala Domkyrkok\u00f6r!","potentialAction":[{"@type":"SearchAction","target":{"@type":"EntryPoint","urlTemplate":"https:\/\/blogg.svenskakyrkan.se\/uppsaladomkyrkokor\/?s={search_term_string}"},"query-input":{"@type":"PropertyValueSpecification","valueRequired":true,"valueName":"search_term_string"}}],"inLanguage":"sv-SE"}]}},"_links":{"self":[{"href":"https:\/\/blogg.svenskakyrkan.se\/uppsaladomkyrkokor\/wp-json\/wp\/v2\/pages\/111","targetHints":{"allow":["GET"]}}],"collection":[{"href":"https:\/\/blogg.svenskakyrkan.se\/uppsaladomkyrkokor\/wp-json\/wp\/v2\/pages"}],"about":[{"href":"https:\/\/blogg.svenskakyrkan.se\/uppsaladomkyrkokor\/wp-json\/wp\/v2\/types\/page"}],"author":[{"embeddable":true,"href":"https:\/\/blogg.svenskakyrkan.se\/uppsaladomkyrkokor\/wp-json\/wp\/v2\/users\/115"}],"replies":[{"embeddable":true,"href":"https:\/\/blogg.svenskakyrkan.se\/uppsaladomkyrkokor\/wp-json\/wp\/v2\/comments?post=111"}],"version-history":[{"count":13,"href":"https:\/\/blogg.svenskakyrkan.se\/uppsaladomkyrkokor\/wp-json\/wp\/v2\/pages\/111\/revisions"}],"predecessor-version":[{"id":170,"href":"https:\/\/blogg.svenskakyrkan.se\/uppsaladomkyrkokor\/wp-json\/wp\/v2\/pages\/111\/revisions\/170"}],"wp:attachment":[{"href":"https:\/\/blogg.svenskakyrkan.se\/uppsaladomkyrkokor\/wp-json\/wp\/v2\/media?parent=111"}],"curies":[{"name":"wp","href":"https:\/\/api.w.org\/{rel}","templated":true}]}}