{"id":14,"date":"2011-11-20T13:47:06","date_gmt":"2011-11-20T12:47:06","guid":{"rendered":"http:\/\/blogg.svenskakyrkan.se\/uppsaladomkyrkokor\/?page_id=14"},"modified":"2021-10-07T11:14:38","modified_gmt":"2021-10-07T10:14:38","slug":"om-koren","status":"publish","type":"page","link":"https:\/\/blogg.svenskakyrkan.se\/uppsaladomkyrkokor\/om-koren\/","title":{"rendered":"Om k\u00f6ren"},"content":{"rendered":"<p>Uppsala Domkyrkok\u00f6r \u00e4r en kammark\u00f6r som har ca 30 medlemmar. F\u00f6rutom att regelbundet medverka i gudstj\u00e4nster, fyra till fem g\u00e5nger per termin, bedriver k\u00f6ren ocks\u00e5 en omfattande konsertverksamhet med s\u00e5v\u00e4l a cappella musik som st\u00f6rre verk med orkester.<\/p>\n<div id=\"attachment_184\" style=\"width: 310px\" class=\"wp-caption alignright\"><a href=\"http:\/\/blogg.svenskakyrkan.se\/uppsaladomkyrkokor\/files\/2011\/11\/1030154.jpg\"><img loading=\"lazy\" decoding=\"async\" aria-describedby=\"caption-attachment-184\" class=\"size-medium wp-image-184\" src=\"http:\/\/blogg.svenskakyrkan.se\/uppsaladomkyrkokor\/files\/2011\/11\/1030154-300x200.jpg\" alt=\"Foto: Magnus Aronson\/IKON\" width=\"300\" height=\"200\" srcset=\"https:\/\/blogg.svenskakyrkan.se\/uppsaladomkyrkokor\/files\/2011\/11\/1030154-300x200.jpg 300w, https:\/\/blogg.svenskakyrkan.se\/uppsaladomkyrkokor\/files\/2011\/11\/1030154-449x300.jpg 449w, https:\/\/blogg.svenskakyrkan.se\/uppsaladomkyrkokor\/files\/2011\/11\/1030154.jpg 885w\" sizes=\"auto, (max-width: 300px) 100vw, 300px\" \/><\/a><p id=\"caption-attachment-184\" class=\"wp-caption-text\">Foto: Magnus Aronson\/IKON<\/p><\/div>\n<p>Vi f\u00f6rs\u00f6ker ocks\u00e5 s\u00e5 ofta som m\u00f6jligt anv\u00e4nda k\u00f6rens s\u00e5ngare som solister. K\u00f6rens regelbundna repetitioner \u00e4r varje tisdagkv\u00e4ll i k\u00f6rlokalen i anslutning till Domkyrkan, Domkyrkoplan 5.<\/p>\n<p>Vill du komma i\u00a0 kontakt med k\u00f6ren g\u00f6r du det l\u00e4mpligen genom:<\/p>\n<p>* K\u00f6rens dirigent och konstn\u00e4rlige ledare: Milke Falck (<a href=\"mailto:milke.falck@svenskakyrkan.se\">milke.falck@svenskakyrkan.se<\/a>)<\/p>\n<p>* K\u00f6rens styrelse (<a href=\"mailto:styrelsendk@gmail.com\">styrelsendk@gmail.com<\/a>)<\/p>\n<p>* K\u00f6rens webbplats: <a href=\"https:\/\/uppsaladomkyrkokor.com\" target=\"_blank\" rel=\"noopener\">https:\/\/uppsaladomkyrkokor.com<\/a><\/p>\n<p>\u00a0<\/p>\n\n<p><\/p>\n","protected":false},"excerpt":{"rendered":"<p>Uppsala Domkyrkok\u00f6r \u00e4r en kammark\u00f6r som har ca 30 medlemmar. F\u00f6rutom att regelbundet medverka i gudstj\u00e4nster, fyra till fem g\u00e5nger per termin, bedriver k\u00f6ren ocks\u00e5 en omfattande konsertverksamhet med s\u00e5v\u00e4l a cappella musik som st\u00f6rre verk med orkester. Vi f\u00f6rs\u00f6ker ocks\u00e5 s\u00e5 ofta som m\u00f6jligt anv\u00e4nda k\u00f6rens s\u00e5ngare som solister. K\u00f6rens regelbundna repetitioner \u00e4r varje [&hellip;]<\/p>\n","protected":false},"author":115,"featured_media":0,"parent":0,"menu_order":1,"comment_status":"closed","ping_status":"closed","template":"","meta":{"_acf_changed":false,"footnotes":""},"class_list":["post-14","page","type-page","status-publish","hentry"],"acf":[],"yoast_head":"<!-- This site is optimized with the Yoast SEO plugin v27.1.1 - https:\/\/yoast.com\/product\/yoast-seo-wordpress\/ -->\n<title>Om k\u00f6ren - Uppsala Domkyrkok\u00f6r<\/title>\n<meta name=\"robots\" content=\"index, follow, max-snippet:-1, max-image-preview:large, max-video-preview:-1\" \/>\n<link rel=\"canonical\" href=\"https:\/\/blogg.svenskakyrkan.se\/uppsaladomkyrkokor\/om-koren\/\" \/>\n<meta property=\"og:locale\" content=\"sv_SE\" \/>\n<meta property=\"og:type\" content=\"article\" \/>\n<meta property=\"og:title\" content=\"Om k\u00f6ren - Uppsala Domkyrkok\u00f6r\" \/>\n<meta property=\"og:description\" content=\"Uppsala Domkyrkok\u00f6r \u00e4r en kammark\u00f6r som har ca 30 medlemmar. F\u00f6rutom att regelbundet medverka i gudstj\u00e4nster, fyra till fem g\u00e5nger per termin, bedriver k\u00f6ren ocks\u00e5 en omfattande konsertverksamhet med s\u00e5v\u00e4l a cappella musik som st\u00f6rre verk med orkester. Vi f\u00f6rs\u00f6ker ocks\u00e5 s\u00e5 ofta som m\u00f6jligt anv\u00e4nda k\u00f6rens s\u00e5ngare som solister. K\u00f6rens regelbundna repetitioner \u00e4r varje [&hellip;]\" \/>\n<meta property=\"og:url\" content=\"https:\/\/blogg.svenskakyrkan.se\/uppsaladomkyrkokor\/om-koren\/\" \/>\n<meta property=\"og:site_name\" content=\"Uppsala Domkyrkok\u00f6r\" \/>\n<meta property=\"article:modified_time\" content=\"2021-10-07T10:14:38+00:00\" \/>\n<meta property=\"og:image\" content=\"http:\/\/blogg.svenskakyrkan.se\/uppsaladomkyrkokor\/files\/2011\/11\/1030154-300x200.jpg\" \/>\n<meta name=\"twitter:card\" content=\"summary_large_image\" \/>\n<meta name=\"twitter:label1\" content=\"Ber\u00e4knad l\u00e4stid\" \/>\n\t<meta name=\"twitter:data1\" content=\"1 minut\" \/>\n<script type=\"application\/ld+json\" class=\"yoast-schema-graph\">{\"@context\":\"https:\/\/schema.org\",\"@graph\":[{\"@type\":\"WebPage\",\"@id\":\"https:\/\/blogg.svenskakyrkan.se\/uppsaladomkyrkokor\/om-koren\/\",\"url\":\"https:\/\/blogg.svenskakyrkan.se\/uppsaladomkyrkokor\/om-koren\/\",\"name\":\"Om k\u00f6ren - Uppsala Domkyrkok\u00f6r\",\"isPartOf\":{\"@id\":\"https:\/\/blogg.svenskakyrkan.se\/uppsaladomkyrkokor\/#website\"},\"primaryImageOfPage\":{\"@id\":\"https:\/\/blogg.svenskakyrkan.se\/uppsaladomkyrkokor\/om-koren\/#primaryimage\"},\"image\":{\"@id\":\"https:\/\/blogg.svenskakyrkan.se\/uppsaladomkyrkokor\/om-koren\/#primaryimage\"},\"thumbnailUrl\":\"http:\/\/blogg.svenskakyrkan.se\/uppsaladomkyrkokor\/files\/2011\/11\/1030154-300x200.jpg\",\"datePublished\":\"2011-11-20T12:47:06+00:00\",\"dateModified\":\"2021-10-07T10:14:38+00:00\",\"breadcrumb\":{\"@id\":\"https:\/\/blogg.svenskakyrkan.se\/uppsaladomkyrkokor\/om-koren\/#breadcrumb\"},\"inLanguage\":\"sv-SE\",\"potentialAction\":[{\"@type\":\"ReadAction\",\"target\":[\"https:\/\/blogg.svenskakyrkan.se\/uppsaladomkyrkokor\/om-koren\/\"]}]},{\"@type\":\"ImageObject\",\"inLanguage\":\"sv-SE\",\"@id\":\"https:\/\/blogg.svenskakyrkan.se\/uppsaladomkyrkokor\/om-koren\/#primaryimage\",\"url\":\"https:\/\/blogg.svenskakyrkan.se\/uppsaladomkyrkokor\/files\/2011\/11\/1030154.jpg\",\"contentUrl\":\"https:\/\/blogg.svenskakyrkan.se\/uppsaladomkyrkokor\/files\/2011\/11\/1030154.jpg\",\"width\":885,\"height\":591,\"caption\":\"Foto: Magnus Aronson\/IKON\"},{\"@type\":\"BreadcrumbList\",\"@id\":\"https:\/\/blogg.svenskakyrkan.se\/uppsaladomkyrkokor\/om-koren\/#breadcrumb\",\"itemListElement\":[{\"@type\":\"ListItem\",\"position\":1,\"name\":\"Hem\",\"item\":\"https:\/\/blogg.svenskakyrkan.se\/uppsaladomkyrkokor\/\"},{\"@type\":\"ListItem\",\"position\":2,\"name\":\"Om k\u00f6ren\"}]},{\"@type\":\"WebSite\",\"@id\":\"https:\/\/blogg.svenskakyrkan.se\/uppsaladomkyrkokor\/#website\",\"url\":\"https:\/\/blogg.svenskakyrkan.se\/uppsaladomkyrkokor\/\",\"name\":\"Uppsala Domkyrkok\u00f6r\",\"description\":\"V\u00e4lkommen till Uppsala Domkyrkok\u00f6r!\",\"potentialAction\":[{\"@type\":\"SearchAction\",\"target\":{\"@type\":\"EntryPoint\",\"urlTemplate\":\"https:\/\/blogg.svenskakyrkan.se\/uppsaladomkyrkokor\/?s={search_term_string}\"},\"query-input\":{\"@type\":\"PropertyValueSpecification\",\"valueRequired\":true,\"valueName\":\"search_term_string\"}}],\"inLanguage\":\"sv-SE\"}]}<\/script>\n<!-- \/ Yoast SEO plugin. -->","yoast_head_json":{"title":"Om k\u00f6ren - Uppsala Domkyrkok\u00f6r","robots":{"index":"index","follow":"follow","max-snippet":"max-snippet:-1","max-image-preview":"max-image-preview:large","max-video-preview":"max-video-preview:-1"},"canonical":"https:\/\/blogg.svenskakyrkan.se\/uppsaladomkyrkokor\/om-koren\/","og_locale":"sv_SE","og_type":"article","og_title":"Om k\u00f6ren - Uppsala Domkyrkok\u00f6r","og_description":"Uppsala Domkyrkok\u00f6r \u00e4r en kammark\u00f6r som har ca 30 medlemmar. F\u00f6rutom att regelbundet medverka i gudstj\u00e4nster, fyra till fem g\u00e5nger per termin, bedriver k\u00f6ren ocks\u00e5 en omfattande konsertverksamhet med s\u00e5v\u00e4l a cappella musik som st\u00f6rre verk med orkester. Vi f\u00f6rs\u00f6ker ocks\u00e5 s\u00e5 ofta som m\u00f6jligt anv\u00e4nda k\u00f6rens s\u00e5ngare som solister. K\u00f6rens regelbundna repetitioner \u00e4r varje [&hellip;]","og_url":"https:\/\/blogg.svenskakyrkan.se\/uppsaladomkyrkokor\/om-koren\/","og_site_name":"Uppsala Domkyrkok\u00f6r","article_modified_time":"2021-10-07T10:14:38+00:00","og_image":[{"url":"http:\/\/blogg.svenskakyrkan.se\/uppsaladomkyrkokor\/files\/2011\/11\/1030154-300x200.jpg","type":"","width":"","height":""}],"twitter_card":"summary_large_image","twitter_misc":{"Ber\u00e4knad l\u00e4stid":"1 minut"},"schema":{"@context":"https:\/\/schema.org","@graph":[{"@type":"WebPage","@id":"https:\/\/blogg.svenskakyrkan.se\/uppsaladomkyrkokor\/om-koren\/","url":"https:\/\/blogg.svenskakyrkan.se\/uppsaladomkyrkokor\/om-koren\/","name":"Om k\u00f6ren - Uppsala Domkyrkok\u00f6r","isPartOf":{"@id":"https:\/\/blogg.svenskakyrkan.se\/uppsaladomkyrkokor\/#website"},"primaryImageOfPage":{"@id":"https:\/\/blogg.svenskakyrkan.se\/uppsaladomkyrkokor\/om-koren\/#primaryimage"},"image":{"@id":"https:\/\/blogg.svenskakyrkan.se\/uppsaladomkyrkokor\/om-koren\/#primaryimage"},"thumbnailUrl":"http:\/\/blogg.svenskakyrkan.se\/uppsaladomkyrkokor\/files\/2011\/11\/1030154-300x200.jpg","datePublished":"2011-11-20T12:47:06+00:00","dateModified":"2021-10-07T10:14:38+00:00","breadcrumb":{"@id":"https:\/\/blogg.svenskakyrkan.se\/uppsaladomkyrkokor\/om-koren\/#breadcrumb"},"inLanguage":"sv-SE","potentialAction":[{"@type":"ReadAction","target":["https:\/\/blogg.svenskakyrkan.se\/uppsaladomkyrkokor\/om-koren\/"]}]},{"@type":"ImageObject","inLanguage":"sv-SE","@id":"https:\/\/blogg.svenskakyrkan.se\/uppsaladomkyrkokor\/om-koren\/#primaryimage","url":"https:\/\/blogg.svenskakyrkan.se\/uppsaladomkyrkokor\/files\/2011\/11\/1030154.jpg","contentUrl":"https:\/\/blogg.svenskakyrkan.se\/uppsaladomkyrkokor\/files\/2011\/11\/1030154.jpg","width":885,"height":591,"caption":"Foto: Magnus Aronson\/IKON"},{"@type":"BreadcrumbList","@id":"https:\/\/blogg.svenskakyrkan.se\/uppsaladomkyrkokor\/om-koren\/#breadcrumb","itemListElement":[{"@type":"ListItem","position":1,"name":"Hem","item":"https:\/\/blogg.svenskakyrkan.se\/uppsaladomkyrkokor\/"},{"@type":"ListItem","position":2,"name":"Om k\u00f6ren"}]},{"@type":"WebSite","@id":"https:\/\/blogg.svenskakyrkan.se\/uppsaladomkyrkokor\/#website","url":"https:\/\/blogg.svenskakyrkan.se\/uppsaladomkyrkokor\/","name":"Uppsala Domkyrkok\u00f6r","description":"V\u00e4lkommen till Uppsala Domkyrkok\u00f6r!","potentialAction":[{"@type":"SearchAction","target":{"@type":"EntryPoint","urlTemplate":"https:\/\/blogg.svenskakyrkan.se\/uppsaladomkyrkokor\/?s={search_term_string}"},"query-input":{"@type":"PropertyValueSpecification","valueRequired":true,"valueName":"search_term_string"}}],"inLanguage":"sv-SE"}]}},"_links":{"self":[{"href":"https:\/\/blogg.svenskakyrkan.se\/uppsaladomkyrkokor\/wp-json\/wp\/v2\/pages\/14","targetHints":{"allow":["GET"]}}],"collection":[{"href":"https:\/\/blogg.svenskakyrkan.se\/uppsaladomkyrkokor\/wp-json\/wp\/v2\/pages"}],"about":[{"href":"https:\/\/blogg.svenskakyrkan.se\/uppsaladomkyrkokor\/wp-json\/wp\/v2\/types\/page"}],"author":[{"embeddable":true,"href":"https:\/\/blogg.svenskakyrkan.se\/uppsaladomkyrkokor\/wp-json\/wp\/v2\/users\/115"}],"replies":[{"embeddable":true,"href":"https:\/\/blogg.svenskakyrkan.se\/uppsaladomkyrkokor\/wp-json\/wp\/v2\/comments?post=14"}],"version-history":[{"count":22,"href":"https:\/\/blogg.svenskakyrkan.se\/uppsaladomkyrkokor\/wp-json\/wp\/v2\/pages\/14\/revisions"}],"predecessor-version":[{"id":561,"href":"https:\/\/blogg.svenskakyrkan.se\/uppsaladomkyrkokor\/wp-json\/wp\/v2\/pages\/14\/revisions\/561"}],"wp:attachment":[{"href":"https:\/\/blogg.svenskakyrkan.se\/uppsaladomkyrkokor\/wp-json\/wp\/v2\/media?parent=14"}],"curies":[{"name":"wp","href":"https:\/\/api.w.org\/{rel}","templated":true}]}}