{"id":31,"date":"2012-01-09T20:29:47","date_gmt":"2012-01-09T19:29:47","guid":{"rendered":"http:\/\/blogg.svenskakyrkan.se\/uppsaladomkyrkokor\/?page_id=31"},"modified":"2015-11-26T10:31:08","modified_gmt":"2015-11-26T09:31:08","slug":"pressmaterial","status":"publish","type":"page","link":"https:\/\/blogg.svenskakyrkan.se\/uppsaladomkyrkokor\/pressmaterial\/","title":{"rendered":"Pressmaterial"},"content":{"rendered":"<div id=\"attachment_188\" style=\"width: 310px\" class=\"wp-caption alignright\"><a href=\"http:\/\/blogg.svenskakyrkan.se\/uppsaladomkyrkokor\/files\/2012\/01\/1030153.jpg\"><img loading=\"lazy\" decoding=\"async\" aria-describedby=\"caption-attachment-188\" class=\"wp-image-188 size-medium\" src=\"http:\/\/blogg.svenskakyrkan.se\/uppsaladomkyrkokor\/files\/2012\/01\/1030153-300x201.jpg\" alt=\"\" width=\"300\" height=\"201\" srcset=\"https:\/\/blogg.svenskakyrkan.se\/uppsaladomkyrkokor\/files\/2012\/01\/1030153-300x201.jpg 300w, https:\/\/blogg.svenskakyrkan.se\/uppsaladomkyrkokor\/files\/2012\/01\/1030153-448x300.jpg 448w, https:\/\/blogg.svenskakyrkan.se\/uppsaladomkyrkokor\/files\/2012\/01\/1030153.jpg 672w\" sizes=\"auto, (max-width: 300px) 100vw, 300px\" \/><\/a><p id=\"caption-attachment-188\" class=\"wp-caption-text\">Foto: Magnus Aronson\/IKON<\/p><\/div>\n<p>Inf\u00f6r varje konsert eller evenemang d\u00e5 k\u00f6ren medverkar finns alltid ett pressmaterial f\u00f6r media att ta del av. Vanligtvis best\u00e5r detta av pressmeddelande, nytagna foton, f\u00f6rslag till intervjuer samt tider f\u00f6r fotografering och ljudupptagning inf\u00f6r konserterna. Pressansvarig \u00e4r Ann Eberhardson. Vi erbjuder ocks\u00e5 tv\u00e5 medarbetare per redaktion fribiljetter till v\u00e5ra konserter. Biljetterna kan alltid h\u00e4mtas ut i samband med konsert i Domkyrkans vapenhus eller vid anvisad plats f\u00f6r biljettf\u00f6rs\u00e4ljning.<\/p>\n<hr size=\"1\" \/>\n<div>\n<div>\n<div>\n<div>\n<div>\n<div>\n<div>\n<hr size=\"1\" \/>\n<p><strong><span style=\"font-size: small\">Utdrag ur recension i UNT.se av Mozarts Requiem den 6\/11 2011 i Uppsala Domkyrka:<\/span><\/strong><\/p>\n<p><span style=\"font-size: small\"><strong>Att mitt i festivalen f\u00f6r andlig musik och just p\u00e5 Alla helgons dag i Domkyrkan framf\u00f6ra en av de mest \u00e4lskade tons\u00e4ttningarna av b\u00f6nen om den eviga vilan, Wolfgang Amadeus Mozarts Requiem fr\u00e5n 1791, var en s\u00e4llsport lycklig kombination.<\/strong><\/span><\/p>\n<p>Tv\u00e5 sammanslagna k\u00f6rer blev lite v\u00e4l stort, fyra duktiga vokalsolister samt en orkester med historiska instrument \u2013 allt b\u00e4ddade f\u00f6r ett autentiskt och inlevelsefullt framf\u00f6rande.<br \/>\nK\u00f6ren sj\u00f6ng distinkt och s\u00e4kert.<\/p>\n<p><a href=\"http:\/\/www.unt.se\/kultur\/konsert\/bon-om-evig-vila-utan-dynamisk-kontrast-1521979.aspx\">Hela recensionen<\/a><\/p>\n<hr size=\"1\" \/>\n<p><strong><span style=\"font-size: small\">Utdrag ur recension i UNT.se av Bachs Matteuspassion den 3\/4 2011 i Uppsala Domkyrka:<\/span><\/strong><\/p>\n<p><strong><span style=\"font-size: small\">V\u00e4ldiga resurser och ett str\u00e5lande framf\u00f6rande, skriver Anders Bragsj\u00f6 om Matteuspassionen i Domkyrkan.<\/span><\/strong><\/p>\n<p><span style=\"font-size: small\">Vid s\u00f6ndagens framf\u00f6rande m\u00e4rkte man fr\u00e5n f\u00f6rsta satsen att detta var en intr\u00e4ngande och v\u00e4l genomt\u00e4nkt tolkning vi fick uppleva av J S Bachs 1729 komponerade Matteuspassion, ett av kyrkomusikens of\u00f6rlikneliga stor- och m\u00e4sterverk. K\u00f6rerna genomf\u00f6rde s\u00e5v\u00e4l magistrala yttersatser, distinkta folkhopsk\u00f6rer och uttrycksfulla koraler p\u00e5 b\u00e4sta t\u00e4nkbara s\u00e4tt, med god klang och klangbalans.<\/span><\/p>\n<p><span style=\"font-size: small\">\u2026\u2026<\/span><\/p>\n<p><span style=\"font-size: small\">Hat och svek uttrycks p\u00e5tagligt i verket, men ocks\u00e5 \u00f6dmjukhet, eftertanke och \u2013 naturligtvis \u2013 den djupaste sorg. Hela detta k\u00e4nslospektrum framkom under s\u00f6ndagens fina framf\u00f6rande. Vi vill h\u00f6ra verket fler g\u00e5nger i s\u00e5dana tolkningar!<\/span><\/p>\n<p><span style=\"font-family: Verdana\"><a href=\"http:\/\/www.unt.se\/kultur\/konsert\/passionsmusik-med-dramatik-1305290.aspx\">Hela recensionen<\/a><\/span><\/p>\n<hr size=\"1\" \/>\n<p><strong><span style=\"font-size: small\">Utdrag ur recension av &#8221;The Magnificence of Versailles&#8221; i Nya Upplagan mars 2011<\/span><\/strong><\/p>\n<p><span style=\"font-size: small\">&#8221;ReBaroque \u00e4r ocks\u00e5 delvis skyldig till en annan h\u00f6jdarskiva, Uppsala domkyrkok\u00f6rs \u201dThe magnificens of Versailles\u201d (<a href=\"http:\/\/se.mc248.mail.yahoo.com\/mc\/compose?to=katedralbutiken@svenskakyrkan.se\">katedralbutiken@svenskakyrkan.se<\/a>) d\u00e4r sakral musik av Michel-Richard de Lalande st\u00e5r i centrum (men \u00e4ven med utdrag ur Jean-Baptiste Lullys \u201dIsis\u201d p\u00e5 programmet). Praktfull \u00e4r bara f\u00f6rnamnet och denna nordliga motpol till William Christies tolkningar av solkungens favoritmusik bara v\u00e4xer, med v\u00e4lljudande solister som Susanne Ryd\u00e9n och Leif Aruhn-Sol\u00e9n (missa inte hans recital med arior av H\u00e4ndel p\u00e5 det lilla Atlanta-baserade skivbolaget Edition Lilac!) bland andra namnkunniga och med ett sp\u00e4nstigt samspel mellan k\u00f6r och instrumentalister, \u00e4r det bedr\u00f6vligt att denna skiva inte n\u00e5tt en bredare publik, men skriv ett e-brev till deras egen butik och k\u00f6p den och ett extra ex som present till n\u00e5gon som ocks\u00e5 \u00e4lskar 1700-talets franska k\u00f6rmusik.&#8221;<\/span><\/p>\n<p><span style=\"font-size: small\">Jan-Erik Zandersson<\/span><\/p>\n<hr size=\"1\" \/>\n<p><strong><span style=\"font-size: small\">Utdrag ur recension i UNT.se av Bachs Juloratorium del I-III den 28\/11 2010 i Uppsala Domkyrka:<\/span><\/strong><\/p>\n<p><span style=\"font-size: small\">Trots n\u00e5gra brister ett ovanligt sammanh\u00e5llet och genomt\u00e4nkt framf\u00f6rande av Bachs Juloratorium, anser Anders Bragsj\u00f6 som lyssnat p\u00e5 l\u00f6rdagens genrep i Uppsala domkyrka.<\/span><\/p>\n<p><span style=\"color: #2d2d2d;font-size: small\">&#8230;&#8230;&#8230;<\/span><\/p>\n<p><span style=\"font-size: small\">Det som f\u00f6rgyllde framf\u00f6randet var ensemblet\u00e4nkandet, ingen solist eller st\u00e4mma fick p\u00e5 \u201dgammaldags\u201d man\u00e9r dominera totalklangen.<\/span><\/p>\n<p><span style=\"color: #2d2d2d;font-size: small\">&#8230;&#8230;&#8230;<\/span><\/p>\n<p><span style=\"font-size: small\">K\u00f6ren sj\u00f6ng entusiastiskt och med bra samlad klang i s\u00e5v\u00e4l traditionella inlednings- k\u00f6rsatser som i herde\u00ad- eller \u00e4nglaroller. Koralerna tolkades med varierad frasering och styrka.<\/span><\/p>\n<p><span style=\"color: #2d2d2d;font-size: small\">&#8230;&#8230;&#8230;<\/span><\/p>\n<p><span style=\"font-size: small\">Framf\u00f6randet hade sm\u00e5 brister ibland, men ocks\u00e5 m\u00e5nga lysande h\u00f6jdpunkter. Vi ser redan fram mot n\u00e4sta jul!<\/span><\/p>\n<p><span style=\"color: #2d2e2f;font-size: small\"><a href=\"http:\/\/www.unt.se\/kultur\/julen-ar-redan-har-1139845.aspx\">Hela recensionen<\/a><\/span><\/p>\n<hr size=\"1\" \/>\n<h1><span style=\"font-size: small\">Utdrag ur recension i UNT.se av k\u00f6rens julkonsert den 20\/12 2009 i Uppsala Domkyrka:<\/span><\/h1>\n<p>Ett exempel p\u00e5 originalen var Bob Chilcotts The Shepherd&#8217;s Carol som uppvisar en fin blandning av nytt och traditionellt. Domkyrkok\u00f6ren gjorde den full r\u00e4ttvisa med intressant dynamik och en sublim avslutning con bocca chiusa.<\/p>\n<p><span style=\"font-size: small\">&#8230;&#8230;&#8230;..<\/span><\/p>\n<h3><strong>En av konsertens h\u00f6jdpunkter <\/strong>blev Anders Paulssons version av O Betlehem du lilla stad, en engelsk folkmelodi med svensk text av Anders Frostensson, i ett stillsamt arrangemang d\u00e4r viktiga textavsnitt betonades genom upprepningar eller mycket effektiva tonartsbyten.<\/h3>\n<h3><span style=\"font-size: small\">&#8230;&#8230;&#8230;..<\/span><\/h3>\n<p><strong>Innan processionen tog v\u00e4gen <\/strong>ut ur kyrkan full\u00e4ndades konsertsucc\u00e9n genom tv\u00e5 livliga och utomordentligt v\u00e4lsjungna carols fr\u00e5n sent 1900-tal &#8230;<\/p>\n<hr size=\"1\" \/>\n<h1><span style=\"font-size: small\">Utdrag ur recension i Church Times av k\u00f6rens konsert den 31\/5 2009 i St. John&#8217;s, Smith Square, London:<\/span><\/h1>\n<p><span style=\"font-size: x-small\">The choir of Uppsala Cathedral, founded in the 1860s, has long been esteemed among northern Europe\u2019s most assured exponents of Renaissance and Baroque music, as well as proving themselves exemplary performers, and commissioners, of contemporary repertoire.<\/span><\/p>\n<p><span style=\"font-size: x-small\">&#8230;&#8230;&#8230;..<\/span><\/p>\n<p><span style=\"font-size: x-small\">For their recent appearance at St. John\u2019s Smith Square under their experienced music director, Milke Falck, the choir focused especial attention on the French Baroque.<\/span><\/p>\n<p><span style=\"font-size: x-small\">&#8230;&#8230;&#8230;..<\/span><\/p>\n<p><span style=\"font-size: x-small\">Dr. Sawkins himself conducted one of the most affecting pieces of all,\u00a0<em>Regina coeli et laetare<\/em>, Lalande\u2019s shortest motet, in which paired baritone and bass soli build (via a trio with soprano) to a hauntingly serene treatment of \u2018ora pro nobis\u2019, in turn yielding to cascading alleluias. The effect here, with Lalande\u2019s accomplished contrasts, was exhilarating.<\/span><\/p>\n<p><span style=\"font-size: x-small\">&#8230;&#8230;&#8230;..<\/span><\/p>\n<p><span style=\"font-size: x-small\">Mightiest of the works on offer, delivered with precision and aplomb by this beautifully tuned, zestful Swedish choir force, was\u00a0<em>Dixit Dominus<\/em> (\u2018The Lord said unto my Lord\u2026\u2019)<\/span><\/p>\n<p><span style=\"font-size: x-small\">&#8230;&#8230;&#8230;..<\/span><\/p>\n<p><span style=\"font-size: x-small\">This admirable concert made its point perfectly: the music of Michel-Richard de Lalande should clearly be with us to stay.<\/span><\/p>\n<hr size=\"1\" \/>\n<h1><span style=\"font-size: x-small\">Utdrag ur en artikel i UNT.se den 4 maj 2009:<\/span><\/h1>\n<h1><span style=\"font-size: large\">H\u00e4ndel hyllas i Domkyrkan<\/span><\/h1>\n<div>Uppsala domkyrkok\u00f6r, f\u00f6rst\u00e4rkt med barockorkester och s\u00e5ngsolister, h\u00f6gtidligh\u00e5ller 250-\u00e5rsminnet av H\u00e4ndels d\u00f6d med en konsert i Uppsala domkyrka 10 maj. Samtidigt sl\u00e4pps k\u00f6rens nyinspelade barock-cd.<\/p>\n<div>\n<div>\n<div>\n<div>\n<div>\n<div>\n<div>H\u00e4ndelkonserten \u00e4r ocks\u00e5 en konsert med musik av den i dag inte lika allm\u00e4nt k\u00e4nde franske tons\u00e4ttare de Lalande, H\u00e4ndels kollega och kanske konkurrent.<strong>Tyskf\u00f6dde Georg Friedrich H\u00e4ndel<\/strong> och franske Michel-Richard de Lalande var b\u00e5da stora namn i 1700-talets europeiska musikliv.<br \/>\n&#8211; Man kan bara spekulera i hur mycket de k\u00e4nde till av varandras verk. Det finns inget skrivet om det. Men musiken spreds snabbt \u00f6ver statsgr\u00e4nserna p\u00e5 den tiden, s\u00e4ger Milke Falck, bitr\u00e4dande domkyrkoorganist och Domkyrkok\u00f6rens dirigent.Statens kulturr\u00e5d har bidragit med 100 000 kronor till en cd med musik av de Lalande, som Domkyrkok\u00f6ren ger ut p\u00e5 eget f\u00f6rlag och sl\u00e4pper i samband med konserten.<br \/>\n31 maj ges konserten en g\u00e5ng till, men d\u00e5 i London:<br \/>\n&#8211; Vi g\u00f6r den i en barockkyrka som blivit konsertlokal, St John&#8217;s Smith Square, s\u00e4ger Milke Falck.<\/p>\n<p><strong>N\u00e4r k\u00f6ren \u00e4nd\u00e5<\/strong> \u00e4r i London, passar man p\u00e5 att ge ytterligare en konsert, men av helt annat slag.<br \/>\n&#8211; Vi sjunger svensk romantisk musik i h\u00e4nryckningens tid i St Pauls Cathedral, fr\u00e5n Otto Olsson till Sven David Sandstr\u00f6m.<\/p>\n<div>Av:\u00a0Lena K\u00f6ster\u00a0<a href=\"mailto:Lena.koster@unt.se\">Lena.koster@unt.se<\/a><\/div>\n<\/div>\n<\/div>\n<\/div>\n<\/div>\n<\/div>\n<\/div>\n<\/div>\n<\/div>\n<\/div>\n<\/div>\n<\/div>\n<\/div>\n<\/div>\n<\/div>\n<\/div>\n<p>&nbsp;<\/p>\n","protected":false},"excerpt":{"rendered":"<p>Inf\u00f6r varje konsert eller evenemang d\u00e5 k\u00f6ren medverkar finns alltid ett pressmaterial f\u00f6r media att ta del av. Vanligtvis best\u00e5r detta av pressmeddelande, nytagna foton, f\u00f6rslag till intervjuer samt tider f\u00f6r fotografering och ljudupptagning inf\u00f6r konserterna. Pressansvarig \u00e4r Ann Eberhardson. Vi erbjuder ocks\u00e5 tv\u00e5 medarbetare per redaktion fribiljetter till v\u00e5ra konserter. Biljetterna kan alltid h\u00e4mtas [&hellip;]<\/p>\n","protected":false},"author":115,"featured_media":0,"parent":0,"menu_order":4,"comment_status":"closed","ping_status":"closed","template":"","meta":{"_acf_changed":false,"footnotes":""},"class_list":["post-31","page","type-page","status-publish","hentry"],"acf":[],"yoast_head":"<!-- This site is optimized with the Yoast SEO plugin v27.1.1 - https:\/\/yoast.com\/product\/yoast-seo-wordpress\/ -->\n<title>Pressmaterial - Uppsala Domkyrkok\u00f6r<\/title>\n<meta name=\"robots\" content=\"index, follow, max-snippet:-1, max-image-preview:large, max-video-preview:-1\" \/>\n<link rel=\"canonical\" href=\"https:\/\/blogg.svenskakyrkan.se\/uppsaladomkyrkokor\/pressmaterial\/\" \/>\n<meta property=\"og:locale\" content=\"sv_SE\" \/>\n<meta property=\"og:type\" content=\"article\" \/>\n<meta property=\"og:title\" content=\"Pressmaterial - Uppsala Domkyrkok\u00f6r\" \/>\n<meta property=\"og:description\" content=\"Inf\u00f6r varje konsert eller evenemang d\u00e5 k\u00f6ren medverkar finns alltid ett pressmaterial f\u00f6r media att ta del av. Vanligtvis best\u00e5r detta av pressmeddelande, nytagna foton, f\u00f6rslag till intervjuer samt tider f\u00f6r fotografering och ljudupptagning inf\u00f6r konserterna. Pressansvarig \u00e4r Ann Eberhardson. Vi erbjuder ocks\u00e5 tv\u00e5 medarbetare per redaktion fribiljetter till v\u00e5ra konserter. Biljetterna kan alltid h\u00e4mtas [&hellip;]\" \/>\n<meta property=\"og:url\" content=\"https:\/\/blogg.svenskakyrkan.se\/uppsaladomkyrkokor\/pressmaterial\/\" \/>\n<meta property=\"og:site_name\" content=\"Uppsala Domkyrkok\u00f6r\" \/>\n<meta property=\"article:modified_time\" content=\"2015-11-26T09:31:08+00:00\" \/>\n<meta property=\"og:image\" content=\"http:\/\/blogg.svenskakyrkan.se\/uppsaladomkyrkokor\/files\/2012\/01\/1030153-300x201.jpg\" \/>\n<meta name=\"twitter:card\" content=\"summary_large_image\" \/>\n<meta name=\"twitter:label1\" content=\"Ber\u00e4knad l\u00e4stid\" \/>\n\t<meta name=\"twitter:data1\" content=\"6 minuter\" \/>\n<script type=\"application\/ld+json\" class=\"yoast-schema-graph\">{\"@context\":\"https:\/\/schema.org\",\"@graph\":[{\"@type\":\"WebPage\",\"@id\":\"https:\/\/blogg.svenskakyrkan.se\/uppsaladomkyrkokor\/pressmaterial\/\",\"url\":\"https:\/\/blogg.svenskakyrkan.se\/uppsaladomkyrkokor\/pressmaterial\/\",\"name\":\"Pressmaterial - Uppsala Domkyrkok\u00f6r\",\"isPartOf\":{\"@id\":\"https:\/\/blogg.svenskakyrkan.se\/uppsaladomkyrkokor\/#website\"},\"primaryImageOfPage\":{\"@id\":\"https:\/\/blogg.svenskakyrkan.se\/uppsaladomkyrkokor\/pressmaterial\/#primaryimage\"},\"image\":{\"@id\":\"https:\/\/blogg.svenskakyrkan.se\/uppsaladomkyrkokor\/pressmaterial\/#primaryimage\"},\"thumbnailUrl\":\"http:\/\/blogg.svenskakyrkan.se\/uppsaladomkyrkokor\/files\/2012\/01\/1030153-300x201.jpg\",\"datePublished\":\"2012-01-09T19:29:47+00:00\",\"dateModified\":\"2015-11-26T09:31:08+00:00\",\"breadcrumb\":{\"@id\":\"https:\/\/blogg.svenskakyrkan.se\/uppsaladomkyrkokor\/pressmaterial\/#breadcrumb\"},\"inLanguage\":\"sv-SE\",\"potentialAction\":[{\"@type\":\"ReadAction\",\"target\":[\"https:\/\/blogg.svenskakyrkan.se\/uppsaladomkyrkokor\/pressmaterial\/\"]}]},{\"@type\":\"ImageObject\",\"inLanguage\":\"sv-SE\",\"@id\":\"https:\/\/blogg.svenskakyrkan.se\/uppsaladomkyrkokor\/pressmaterial\/#primaryimage\",\"url\":\"https:\/\/blogg.svenskakyrkan.se\/uppsaladomkyrkokor\/files\/2012\/01\/1030153.jpg\",\"contentUrl\":\"https:\/\/blogg.svenskakyrkan.se\/uppsaladomkyrkokor\/files\/2012\/01\/1030153.jpg\",\"width\":672,\"height\":450},{\"@type\":\"BreadcrumbList\",\"@id\":\"https:\/\/blogg.svenskakyrkan.se\/uppsaladomkyrkokor\/pressmaterial\/#breadcrumb\",\"itemListElement\":[{\"@type\":\"ListItem\",\"position\":1,\"name\":\"Hem\",\"item\":\"https:\/\/blogg.svenskakyrkan.se\/uppsaladomkyrkokor\/\"},{\"@type\":\"ListItem\",\"position\":2,\"name\":\"Pressmaterial\"}]},{\"@type\":\"WebSite\",\"@id\":\"https:\/\/blogg.svenskakyrkan.se\/uppsaladomkyrkokor\/#website\",\"url\":\"https:\/\/blogg.svenskakyrkan.se\/uppsaladomkyrkokor\/\",\"name\":\"Uppsala Domkyrkok\u00f6r\",\"description\":\"V\u00e4lkommen till Uppsala Domkyrkok\u00f6r!\",\"potentialAction\":[{\"@type\":\"SearchAction\",\"target\":{\"@type\":\"EntryPoint\",\"urlTemplate\":\"https:\/\/blogg.svenskakyrkan.se\/uppsaladomkyrkokor\/?s={search_term_string}\"},\"query-input\":{\"@type\":\"PropertyValueSpecification\",\"valueRequired\":true,\"valueName\":\"search_term_string\"}}],\"inLanguage\":\"sv-SE\"}]}<\/script>\n<!-- \/ Yoast SEO plugin. -->","yoast_head_json":{"title":"Pressmaterial - Uppsala Domkyrkok\u00f6r","robots":{"index":"index","follow":"follow","max-snippet":"max-snippet:-1","max-image-preview":"max-image-preview:large","max-video-preview":"max-video-preview:-1"},"canonical":"https:\/\/blogg.svenskakyrkan.se\/uppsaladomkyrkokor\/pressmaterial\/","og_locale":"sv_SE","og_type":"article","og_title":"Pressmaterial - Uppsala Domkyrkok\u00f6r","og_description":"Inf\u00f6r varje konsert eller evenemang d\u00e5 k\u00f6ren medverkar finns alltid ett pressmaterial f\u00f6r media att ta del av. Vanligtvis best\u00e5r detta av pressmeddelande, nytagna foton, f\u00f6rslag till intervjuer samt tider f\u00f6r fotografering och ljudupptagning inf\u00f6r konserterna. Pressansvarig \u00e4r Ann Eberhardson. Vi erbjuder ocks\u00e5 tv\u00e5 medarbetare per redaktion fribiljetter till v\u00e5ra konserter. Biljetterna kan alltid h\u00e4mtas [&hellip;]","og_url":"https:\/\/blogg.svenskakyrkan.se\/uppsaladomkyrkokor\/pressmaterial\/","og_site_name":"Uppsala Domkyrkok\u00f6r","article_modified_time":"2015-11-26T09:31:08+00:00","og_image":[{"url":"http:\/\/blogg.svenskakyrkan.se\/uppsaladomkyrkokor\/files\/2012\/01\/1030153-300x201.jpg","type":"","width":"","height":""}],"twitter_card":"summary_large_image","twitter_misc":{"Ber\u00e4knad l\u00e4stid":"6 minuter"},"schema":{"@context":"https:\/\/schema.org","@graph":[{"@type":"WebPage","@id":"https:\/\/blogg.svenskakyrkan.se\/uppsaladomkyrkokor\/pressmaterial\/","url":"https:\/\/blogg.svenskakyrkan.se\/uppsaladomkyrkokor\/pressmaterial\/","name":"Pressmaterial - Uppsala Domkyrkok\u00f6r","isPartOf":{"@id":"https:\/\/blogg.svenskakyrkan.se\/uppsaladomkyrkokor\/#website"},"primaryImageOfPage":{"@id":"https:\/\/blogg.svenskakyrkan.se\/uppsaladomkyrkokor\/pressmaterial\/#primaryimage"},"image":{"@id":"https:\/\/blogg.svenskakyrkan.se\/uppsaladomkyrkokor\/pressmaterial\/#primaryimage"},"thumbnailUrl":"http:\/\/blogg.svenskakyrkan.se\/uppsaladomkyrkokor\/files\/2012\/01\/1030153-300x201.jpg","datePublished":"2012-01-09T19:29:47+00:00","dateModified":"2015-11-26T09:31:08+00:00","breadcrumb":{"@id":"https:\/\/blogg.svenskakyrkan.se\/uppsaladomkyrkokor\/pressmaterial\/#breadcrumb"},"inLanguage":"sv-SE","potentialAction":[{"@type":"ReadAction","target":["https:\/\/blogg.svenskakyrkan.se\/uppsaladomkyrkokor\/pressmaterial\/"]}]},{"@type":"ImageObject","inLanguage":"sv-SE","@id":"https:\/\/blogg.svenskakyrkan.se\/uppsaladomkyrkokor\/pressmaterial\/#primaryimage","url":"https:\/\/blogg.svenskakyrkan.se\/uppsaladomkyrkokor\/files\/2012\/01\/1030153.jpg","contentUrl":"https:\/\/blogg.svenskakyrkan.se\/uppsaladomkyrkokor\/files\/2012\/01\/1030153.jpg","width":672,"height":450},{"@type":"BreadcrumbList","@id":"https:\/\/blogg.svenskakyrkan.se\/uppsaladomkyrkokor\/pressmaterial\/#breadcrumb","itemListElement":[{"@type":"ListItem","position":1,"name":"Hem","item":"https:\/\/blogg.svenskakyrkan.se\/uppsaladomkyrkokor\/"},{"@type":"ListItem","position":2,"name":"Pressmaterial"}]},{"@type":"WebSite","@id":"https:\/\/blogg.svenskakyrkan.se\/uppsaladomkyrkokor\/#website","url":"https:\/\/blogg.svenskakyrkan.se\/uppsaladomkyrkokor\/","name":"Uppsala Domkyrkok\u00f6r","description":"V\u00e4lkommen till Uppsala Domkyrkok\u00f6r!","potentialAction":[{"@type":"SearchAction","target":{"@type":"EntryPoint","urlTemplate":"https:\/\/blogg.svenskakyrkan.se\/uppsaladomkyrkokor\/?s={search_term_string}"},"query-input":{"@type":"PropertyValueSpecification","valueRequired":true,"valueName":"search_term_string"}}],"inLanguage":"sv-SE"}]}},"_links":{"self":[{"href":"https:\/\/blogg.svenskakyrkan.se\/uppsaladomkyrkokor\/wp-json\/wp\/v2\/pages\/31","targetHints":{"allow":["GET"]}}],"collection":[{"href":"https:\/\/blogg.svenskakyrkan.se\/uppsaladomkyrkokor\/wp-json\/wp\/v2\/pages"}],"about":[{"href":"https:\/\/blogg.svenskakyrkan.se\/uppsaladomkyrkokor\/wp-json\/wp\/v2\/types\/page"}],"author":[{"embeddable":true,"href":"https:\/\/blogg.svenskakyrkan.se\/uppsaladomkyrkokor\/wp-json\/wp\/v2\/users\/115"}],"replies":[{"embeddable":true,"href":"https:\/\/blogg.svenskakyrkan.se\/uppsaladomkyrkokor\/wp-json\/wp\/v2\/comments?post=31"}],"version-history":[{"count":11,"href":"https:\/\/blogg.svenskakyrkan.se\/uppsaladomkyrkokor\/wp-json\/wp\/v2\/pages\/31\/revisions"}],"predecessor-version":[{"id":193,"href":"https:\/\/blogg.svenskakyrkan.se\/uppsaladomkyrkokor\/wp-json\/wp\/v2\/pages\/31\/revisions\/193"}],"wp:attachment":[{"href":"https:\/\/blogg.svenskakyrkan.se\/uppsaladomkyrkokor\/wp-json\/wp\/v2\/media?parent=31"}],"curies":[{"name":"wp","href":"https:\/\/api.w.org\/{rel}","templated":true}]}}