{"id":480,"date":"2018-06-27T08:31:22","date_gmt":"2018-06-27T07:31:22","guid":{"rendered":"http:\/\/blogg.svenskakyrkan.se\/uppsaladomkyrkokor\/?page_id=480"},"modified":"2019-04-08T16:06:20","modified_gmt":"2019-04-08T15:06:20","slug":"integritetspolicy","status":"publish","type":"page","link":"https:\/\/blogg.svenskakyrkan.se\/uppsaladomkyrkokor\/integritetspolicy\/","title":{"rendered":"Integritetspolicy"},"content":{"rendered":"<h2>Integritetspolicy f\u00f6r Uppsala Domkyrkok\u00f6r<\/h2>\n<p>De personuppgifter Uppsala Domkyrkok\u00f6r samlar in och hanterar h\u00e4mtas direkt fr\u00e5n k\u00f6rens medlemmar. Personuppgifterna best\u00e5r av namn, telefonnummer, postadress, e-postadress, k\u00f6n, uppgift om medlemmens st\u00e4mma (sopran I\/II, alt I\/II, tenor I\/II, bas I\/II) samt medlemmens n\u00e4rvaro i den studiecirkelverksamhet k\u00f6ren bedriver via studief\u00f6rbundet Sensus. K\u00f6ren anv\u00e4nder ocks\u00e5 fotografier av k\u00f6rmedlemmarna i v\u00e5ra olika kommunikationskanaler.<\/p>\n<p>De personuppgifter vi samlar in behandlas utifr\u00e5n behoven i k\u00f6rens verksamhet, dvs:<\/p>\n<ul>\n<li>att h\u00e5lla l\u00f6pande kontakt med nuvarande medlemmar i fr\u00e5gor som r\u00f6r k\u00f6rens verksamhet,<\/li>\n<li>\u00a0att i samband med jubil\u00e9er och festligheter s\u00f6ka kontakt med f\u00f6re detta medlemmar,<\/li>\n<li>\u00a0att bedriva studiecirkelverksamhet via studief\u00f6rbundet Sensus.<\/li>\n<\/ul>\n<p>Vi delar inte personuppgifter utanf\u00f6r k\u00f6ren, med undantag f\u00f6r studief\u00f6rbundet Sensus (se nedan).<\/p>\n<p>K\u00f6ren l\u00e4mnar inte ut personuppgifter om tidigare medlemmar till andra \u00e4n de av k\u00f6rens medlemmar som administrerar inbjudningar till jubil\u00e9er och liknande.<\/p>\n<p>Insamlade personuppgifter lagras eller behandlas s\u00e5 l\u00e4nge \u00e4ndam\u00e5let f\u00f6r vilket uppgifterna inh\u00e4mtades kvarst\u00e5r.<\/p>\n<h3>Personuppgifter som Sensus hanterar<\/h3>\n<p><strong>Sensus har tillg\u00e5ng till k\u00f6rens n\u00e4rvarolista f\u00f6r att kunna uppfylla myndigheternas krav p\u00e5 <\/strong><strong>redovisning av bidragsfinansierad folkbildningsverksamhet.<\/strong> De uppgifter Sensus samlar in \u00e4r personnummer, f\u00f6rnamn, efternamn, k\u00f6n och e-postadress. Uppgifterna delas med\u00a0Folkbildningsr\u00e5det som f\u00f6rdelar statliga pengar till studief\u00f6rbunden \u2013 medel som sedan betalas ut till studiecirklarna. Har du skyddat identitet kommer inte dina uppgifter delas med Sensus eller n\u00e5gon annan.<\/p>\n<p>Studiecirkelledaren och k\u00f6rmedlemmarna omfattas av en olycksfallsf\u00f6rs\u00e4kring som g\u00e4ller under p\u00e5g\u00e5ende studiecirkelaktivitet (studiecirkelledaren omfattas av f\u00f6rs\u00e4kringen ocks\u00e5 p\u00e5 v\u00e4g till och fr\u00e5n aktiviteten). Endast om f\u00f6rs\u00e4kringen beh\u00f6ver utnyttjas i samband med olycksfall delar Sensus personuppgifter om den f\u00f6rs\u00e4krade studiecirkeldeltagaren med f\u00f6rs\u00e4kringsbolaget.<\/p>\n<p><strong>Sensus \u00e4r skyldiga att p\u00e5 beg\u00e4ran av Folkbildningsr\u00e5det eller andra myndigheter \u00f6verl\u00e4mna <\/strong><strong>de personuppgifter dessa bed\u00f6mer vara n\u00f6dv\u00e4ndiga f\u00f6r att fullg\u00f6ra sina <\/strong><strong>myndighetsuppgifter<\/strong>. Sensus har st\u00f6d i dataskyddslagen, dvs organisationen har r\u00e4ttslig grund f\u00f6r att behandla personuppgifterna i n\u00e4rvarolistan och beh\u00f6ver d\u00e4rf\u00f6r inte inh\u00e4mta k\u00f6rmedlemmarnas samtycke. Det st\u00e5r dock varje k\u00f6rmedlem fritt att kontakta Sensus f\u00f6r att<br \/>\nf\u00e5 tillg\u00e5ng till registerutdrag med sina personuppgifter, att f\u00e5 felaktig information korrigerad samt att f\u00e5 sina uppgifter raderade. Mer information om Sensus policy f\u00f6r hantering av personuppgifter finns p\u00e5 <a href=\"http:\/\/www.sensus.se\" target=\"_blank\" rel=\"noopener\">www.sensus.se<\/a><\/p>\n<h3>Dina r\u00e4ttigheter<\/h3>\n<ul>\n<li>Du har r\u00e4tt att f\u00e5 information om vilka personuppgifter Uppsala Domkyrkok\u00f6r har om dig, om \u00e4ndam\u00e5len med behandlingen och vilka mottagare som uppgifterna l\u00e4mnas ut till.<\/li>\n<li>Om du vill \u00e4ndra eller korrigera n\u00e5gra av dina personuppgifter kan du g\u00f6ra det genom att kontakta <a href=\"mailto:styrelsendk@gmail.com\">styrelsendk@gmail.com<\/a>.<\/li>\n<li>Du kan f\u00e5 dina uppgifter raderade i de fall dina uppgifter inte l\u00e4ngre \u00e4r n\u00f6dv\u00e4ndiga f\u00f6r det syfte de blev insamlade.<\/li>\n<\/ul>\n<p>Vid fr\u00e5gor \u2013 kontakta <a href=\"mailto:styrelsendk@gmail.com\">styrelsendk@gmail.com<\/a>.<\/p>\n<p>Uppsala i maj, 2018<\/p>\n","protected":false},"excerpt":{"rendered":"<p>Integritetspolicy f\u00f6r Uppsala Domkyrkok\u00f6r De personuppgifter Uppsala Domkyrkok\u00f6r samlar in och hanterar h\u00e4mtas direkt fr\u00e5n k\u00f6rens medlemmar. Personuppgifterna best\u00e5r av namn, telefonnummer, postadress, e-postadress, k\u00f6n, uppgift om medlemmens st\u00e4mma (sopran I\/II, alt I\/II, tenor I\/II, bas I\/II) samt medlemmens n\u00e4rvaro i den studiecirkelverksamhet k\u00f6ren bedriver via studief\u00f6rbundet Sensus. K\u00f6ren anv\u00e4nder ocks\u00e5 fotografier av k\u00f6rmedlemmarna i [&hellip;]<\/p>\n","protected":false},"author":103,"featured_media":0,"parent":0,"menu_order":0,"comment_status":"closed","ping_status":"closed","template":"","meta":{"_acf_changed":false,"footnotes":""},"class_list":["post-480","page","type-page","status-publish","hentry"],"acf":[],"yoast_head":"<!-- This site is optimized with the Yoast SEO plugin v27.1.1 - https:\/\/yoast.com\/product\/yoast-seo-wordpress\/ -->\n<title>Integritetspolicy - Uppsala Domkyrkok\u00f6r<\/title>\n<meta name=\"robots\" content=\"index, follow, max-snippet:-1, max-image-preview:large, max-video-preview:-1\" \/>\n<link rel=\"canonical\" href=\"https:\/\/blogg.svenskakyrkan.se\/uppsaladomkyrkokor\/integritetspolicy\/\" \/>\n<meta property=\"og:locale\" content=\"sv_SE\" \/>\n<meta property=\"og:type\" content=\"article\" \/>\n<meta property=\"og:title\" content=\"Integritetspolicy - Uppsala Domkyrkok\u00f6r\" \/>\n<meta property=\"og:description\" content=\"Integritetspolicy f\u00f6r Uppsala Domkyrkok\u00f6r De personuppgifter Uppsala Domkyrkok\u00f6r samlar in och hanterar h\u00e4mtas direkt fr\u00e5n k\u00f6rens medlemmar. Personuppgifterna best\u00e5r av namn, telefonnummer, postadress, e-postadress, k\u00f6n, uppgift om medlemmens st\u00e4mma (sopran I\/II, alt I\/II, tenor I\/II, bas I\/II) samt medlemmens n\u00e4rvaro i den studiecirkelverksamhet k\u00f6ren bedriver via studief\u00f6rbundet Sensus. K\u00f6ren anv\u00e4nder ocks\u00e5 fotografier av k\u00f6rmedlemmarna i [&hellip;]\" \/>\n<meta property=\"og:url\" content=\"https:\/\/blogg.svenskakyrkan.se\/uppsaladomkyrkokor\/integritetspolicy\/\" \/>\n<meta property=\"og:site_name\" content=\"Uppsala Domkyrkok\u00f6r\" \/>\n<meta property=\"article:modified_time\" content=\"2019-04-08T15:06:20+00:00\" \/>\n<meta name=\"twitter:card\" content=\"summary_large_image\" \/>\n<meta name=\"twitter:label1\" content=\"Ber\u00e4knad l\u00e4stid\" \/>\n\t<meta name=\"twitter:data1\" content=\"3 minuter\" \/>\n<script type=\"application\/ld+json\" class=\"yoast-schema-graph\">{\"@context\":\"https:\/\/schema.org\",\"@graph\":[{\"@type\":\"WebPage\",\"@id\":\"https:\/\/blogg.svenskakyrkan.se\/uppsaladomkyrkokor\/integritetspolicy\/\",\"url\":\"https:\/\/blogg.svenskakyrkan.se\/uppsaladomkyrkokor\/integritetspolicy\/\",\"name\":\"Integritetspolicy - Uppsala Domkyrkok\u00f6r\",\"isPartOf\":{\"@id\":\"https:\/\/blogg.svenskakyrkan.se\/uppsaladomkyrkokor\/#website\"},\"datePublished\":\"2018-06-27T07:31:22+00:00\",\"dateModified\":\"2019-04-08T15:06:20+00:00\",\"breadcrumb\":{\"@id\":\"https:\/\/blogg.svenskakyrkan.se\/uppsaladomkyrkokor\/integritetspolicy\/#breadcrumb\"},\"inLanguage\":\"sv-SE\",\"potentialAction\":[{\"@type\":\"ReadAction\",\"target\":[\"https:\/\/blogg.svenskakyrkan.se\/uppsaladomkyrkokor\/integritetspolicy\/\"]}]},{\"@type\":\"BreadcrumbList\",\"@id\":\"https:\/\/blogg.svenskakyrkan.se\/uppsaladomkyrkokor\/integritetspolicy\/#breadcrumb\",\"itemListElement\":[{\"@type\":\"ListItem\",\"position\":1,\"name\":\"Hem\",\"item\":\"https:\/\/blogg.svenskakyrkan.se\/uppsaladomkyrkokor\/\"},{\"@type\":\"ListItem\",\"position\":2,\"name\":\"Integritetspolicy\"}]},{\"@type\":\"WebSite\",\"@id\":\"https:\/\/blogg.svenskakyrkan.se\/uppsaladomkyrkokor\/#website\",\"url\":\"https:\/\/blogg.svenskakyrkan.se\/uppsaladomkyrkokor\/\",\"name\":\"Uppsala Domkyrkok\u00f6r\",\"description\":\"V\u00e4lkommen till Uppsala Domkyrkok\u00f6r!\",\"potentialAction\":[{\"@type\":\"SearchAction\",\"target\":{\"@type\":\"EntryPoint\",\"urlTemplate\":\"https:\/\/blogg.svenskakyrkan.se\/uppsaladomkyrkokor\/?s={search_term_string}\"},\"query-input\":{\"@type\":\"PropertyValueSpecification\",\"valueRequired\":true,\"valueName\":\"search_term_string\"}}],\"inLanguage\":\"sv-SE\"}]}<\/script>\n<!-- \/ Yoast SEO plugin. -->","yoast_head_json":{"title":"Integritetspolicy - Uppsala Domkyrkok\u00f6r","robots":{"index":"index","follow":"follow","max-snippet":"max-snippet:-1","max-image-preview":"max-image-preview:large","max-video-preview":"max-video-preview:-1"},"canonical":"https:\/\/blogg.svenskakyrkan.se\/uppsaladomkyrkokor\/integritetspolicy\/","og_locale":"sv_SE","og_type":"article","og_title":"Integritetspolicy - Uppsala Domkyrkok\u00f6r","og_description":"Integritetspolicy f\u00f6r Uppsala Domkyrkok\u00f6r De personuppgifter Uppsala Domkyrkok\u00f6r samlar in och hanterar h\u00e4mtas direkt fr\u00e5n k\u00f6rens medlemmar. Personuppgifterna best\u00e5r av namn, telefonnummer, postadress, e-postadress, k\u00f6n, uppgift om medlemmens st\u00e4mma (sopran I\/II, alt I\/II, tenor I\/II, bas I\/II) samt medlemmens n\u00e4rvaro i den studiecirkelverksamhet k\u00f6ren bedriver via studief\u00f6rbundet Sensus. K\u00f6ren anv\u00e4nder ocks\u00e5 fotografier av k\u00f6rmedlemmarna i [&hellip;]","og_url":"https:\/\/blogg.svenskakyrkan.se\/uppsaladomkyrkokor\/integritetspolicy\/","og_site_name":"Uppsala Domkyrkok\u00f6r","article_modified_time":"2019-04-08T15:06:20+00:00","twitter_card":"summary_large_image","twitter_misc":{"Ber\u00e4knad l\u00e4stid":"3 minuter"},"schema":{"@context":"https:\/\/schema.org","@graph":[{"@type":"WebPage","@id":"https:\/\/blogg.svenskakyrkan.se\/uppsaladomkyrkokor\/integritetspolicy\/","url":"https:\/\/blogg.svenskakyrkan.se\/uppsaladomkyrkokor\/integritetspolicy\/","name":"Integritetspolicy - Uppsala Domkyrkok\u00f6r","isPartOf":{"@id":"https:\/\/blogg.svenskakyrkan.se\/uppsaladomkyrkokor\/#website"},"datePublished":"2018-06-27T07:31:22+00:00","dateModified":"2019-04-08T15:06:20+00:00","breadcrumb":{"@id":"https:\/\/blogg.svenskakyrkan.se\/uppsaladomkyrkokor\/integritetspolicy\/#breadcrumb"},"inLanguage":"sv-SE","potentialAction":[{"@type":"ReadAction","target":["https:\/\/blogg.svenskakyrkan.se\/uppsaladomkyrkokor\/integritetspolicy\/"]}]},{"@type":"BreadcrumbList","@id":"https:\/\/blogg.svenskakyrkan.se\/uppsaladomkyrkokor\/integritetspolicy\/#breadcrumb","itemListElement":[{"@type":"ListItem","position":1,"name":"Hem","item":"https:\/\/blogg.svenskakyrkan.se\/uppsaladomkyrkokor\/"},{"@type":"ListItem","position":2,"name":"Integritetspolicy"}]},{"@type":"WebSite","@id":"https:\/\/blogg.svenskakyrkan.se\/uppsaladomkyrkokor\/#website","url":"https:\/\/blogg.svenskakyrkan.se\/uppsaladomkyrkokor\/","name":"Uppsala Domkyrkok\u00f6r","description":"V\u00e4lkommen till Uppsala Domkyrkok\u00f6r!","potentialAction":[{"@type":"SearchAction","target":{"@type":"EntryPoint","urlTemplate":"https:\/\/blogg.svenskakyrkan.se\/uppsaladomkyrkokor\/?s={search_term_string}"},"query-input":{"@type":"PropertyValueSpecification","valueRequired":true,"valueName":"search_term_string"}}],"inLanguage":"sv-SE"}]}},"_links":{"self":[{"href":"https:\/\/blogg.svenskakyrkan.se\/uppsaladomkyrkokor\/wp-json\/wp\/v2\/pages\/480","targetHints":{"allow":["GET"]}}],"collection":[{"href":"https:\/\/blogg.svenskakyrkan.se\/uppsaladomkyrkokor\/wp-json\/wp\/v2\/pages"}],"about":[{"href":"https:\/\/blogg.svenskakyrkan.se\/uppsaladomkyrkokor\/wp-json\/wp\/v2\/types\/page"}],"author":[{"embeddable":true,"href":"https:\/\/blogg.svenskakyrkan.se\/uppsaladomkyrkokor\/wp-json\/wp\/v2\/users\/103"}],"replies":[{"embeddable":true,"href":"https:\/\/blogg.svenskakyrkan.se\/uppsaladomkyrkokor\/wp-json\/wp\/v2\/comments?post=480"}],"version-history":[{"count":8,"href":"https:\/\/blogg.svenskakyrkan.se\/uppsaladomkyrkokor\/wp-json\/wp\/v2\/pages\/480\/revisions"}],"predecessor-version":[{"id":515,"href":"https:\/\/blogg.svenskakyrkan.se\/uppsaladomkyrkokor\/wp-json\/wp\/v2\/pages\/480\/revisions\/515"}],"wp:attachment":[{"href":"https:\/\/blogg.svenskakyrkan.se\/uppsaladomkyrkokor\/wp-json\/wp\/v2\/media?parent=480"}],"curies":[{"name":"wp","href":"https:\/\/api.w.org\/{rel}","templated":true}]}}