{"id":74,"date":"2012-01-09T21:45:18","date_gmt":"2012-01-09T20:45:18","guid":{"rendered":"http:\/\/blogg.svenskakyrkan.se\/uppsaladomkyrkokor\/?page_id=74"},"modified":"2018-10-29T09:56:06","modified_gmt":"2018-10-29T08:56:06","slug":"dirigenten","status":"publish","type":"page","link":"https:\/\/blogg.svenskakyrkan.se\/uppsaladomkyrkokor\/dirigenten\/","title":{"rendered":"Dirigenten"},"content":{"rendered":"<p>&#8221;Att leda vokalmusik ing\u00e5r ofta som en viktig del i de flesta kyrkomusikers arbete, och det var ett starkt sk\u00e4l f\u00f6r mig att vilja bli kyrkomusiker&#8221;, s\u00e4ger nuvarande dirigenten Milke Falck, som varit k\u00f6rens konstn\u00e4rliga ledare sedan 1994.<\/p>\n<p><img loading=\"lazy\" decoding=\"async\" class=\"alignright size-medium wp-image-83\" src=\"http:\/\/blogg.svenskakyrkan.se\/uppsaladomkyrkokor\/files\/2012\/01\/Milke_Falk-300x203.jpg\" alt=\"\" width=\"300\" height=\"203\" srcset=\"https:\/\/blogg.svenskakyrkan.se\/uppsaladomkyrkokor\/files\/2012\/01\/Milke_Falk-300x203.jpg 300w, https:\/\/blogg.svenskakyrkan.se\/uppsaladomkyrkokor\/files\/2012\/01\/Milke_Falk-1024x693.jpg 1024w, https:\/\/blogg.svenskakyrkan.se\/uppsaladomkyrkokor\/files\/2012\/01\/Milke_Falk.jpg 1684w\" sizes=\"auto, (max-width: 300px) 100vw, 300px\" \/><\/p>\n<p>Dock har han arbetat i Uppsala domkyrka sedan 1990, d\u00e5 han tilltr\u00e4dde som bitr\u00e4dande domkyrkoorganist. Sin utbildning fick han vid Kungliga Musikh\u00f6gskolan i Stockholm, d\u00e4r han studerade k\u00f6rdirigering f\u00f6r bl.a. professor Eric Ericson, orgel f\u00f6r professor Olle Scherwin och cembalospel f\u00f6r Eva Nordenfeldt. Han har sedan 1974 varit verksam som dirigent p\u00e5 en rad platser, som Visby domkyrka och S:t Jakobs kyrka i Stockholm. Han engageras ocks\u00e5 ofta som f\u00f6rel\u00e4sare, inspirat\u00f6r och pedagog med undervisning i exempelvis k\u00f6rdirigering och har som dirigent och organist turnerat i ett flertal europeiska l\u00e4nder.<\/p>\n","protected":false},"excerpt":{"rendered":"<p>&#8221;Att leda vokalmusik ing\u00e5r ofta som en viktig del i de flesta kyrkomusikers arbete, och det var ett starkt sk\u00e4l f\u00f6r mig att vilja bli kyrkomusiker&#8221;, s\u00e4ger nuvarande dirigenten Milke Falck, som varit k\u00f6rens konstn\u00e4rliga ledare sedan 1994. Dock har han arbetat i Uppsala domkyrka sedan 1990, d\u00e5 han tilltr\u00e4dde som bitr\u00e4dande domkyrkoorganist. Sin utbildning [&hellip;]<\/p>\n","protected":false},"author":115,"featured_media":0,"parent":0,"menu_order":0,"comment_status":"open","ping_status":"open","template":"","meta":{"_acf_changed":false,"footnotes":""},"class_list":["post-74","page","type-page","status-publish","hentry"],"acf":[],"yoast_head":"<!-- This site is optimized with the Yoast SEO plugin v27.1.1 - https:\/\/yoast.com\/product\/yoast-seo-wordpress\/ -->\n<title>Dirigenten - Uppsala Domkyrkok\u00f6r<\/title>\n<meta name=\"robots\" content=\"index, follow, max-snippet:-1, max-image-preview:large, max-video-preview:-1\" \/>\n<link rel=\"canonical\" href=\"https:\/\/blogg.svenskakyrkan.se\/uppsaladomkyrkokor\/dirigenten\/\" \/>\n<meta property=\"og:locale\" content=\"sv_SE\" \/>\n<meta property=\"og:type\" content=\"article\" \/>\n<meta property=\"og:title\" content=\"Dirigenten - Uppsala Domkyrkok\u00f6r\" \/>\n<meta property=\"og:description\" content=\"&#8221;Att leda vokalmusik ing\u00e5r ofta som en viktig del i de flesta kyrkomusikers arbete, och det var ett starkt sk\u00e4l f\u00f6r mig att vilja bli kyrkomusiker&#8221;, s\u00e4ger nuvarande dirigenten Milke Falck, som varit k\u00f6rens konstn\u00e4rliga ledare sedan 1994. Dock har han arbetat i Uppsala domkyrka sedan 1990, d\u00e5 han tilltr\u00e4dde som bitr\u00e4dande domkyrkoorganist. Sin utbildning [&hellip;]\" \/>\n<meta property=\"og:url\" content=\"https:\/\/blogg.svenskakyrkan.se\/uppsaladomkyrkokor\/dirigenten\/\" \/>\n<meta property=\"og:site_name\" content=\"Uppsala Domkyrkok\u00f6r\" \/>\n<meta property=\"article:modified_time\" content=\"2018-10-29T08:56:06+00:00\" \/>\n<meta property=\"og:image\" content=\"http:\/\/blogg.svenskakyrkan.se\/uppsaladomkyrkokor\/files\/2012\/01\/Milke_Falk-300x203.jpg\" \/>\n<meta name=\"twitter:card\" content=\"summary_large_image\" \/>\n<meta name=\"twitter:label1\" content=\"Ber\u00e4knad l\u00e4stid\" \/>\n\t<meta name=\"twitter:data1\" content=\"1 minut\" \/>\n<script type=\"application\/ld+json\" class=\"yoast-schema-graph\">{\"@context\":\"https:\/\/schema.org\",\"@graph\":[{\"@type\":\"WebPage\",\"@id\":\"https:\/\/blogg.svenskakyrkan.se\/uppsaladomkyrkokor\/dirigenten\/\",\"url\":\"https:\/\/blogg.svenskakyrkan.se\/uppsaladomkyrkokor\/dirigenten\/\",\"name\":\"Dirigenten - Uppsala Domkyrkok\u00f6r\",\"isPartOf\":{\"@id\":\"https:\/\/blogg.svenskakyrkan.se\/uppsaladomkyrkokor\/#website\"},\"primaryImageOfPage\":{\"@id\":\"https:\/\/blogg.svenskakyrkan.se\/uppsaladomkyrkokor\/dirigenten\/#primaryimage\"},\"image\":{\"@id\":\"https:\/\/blogg.svenskakyrkan.se\/uppsaladomkyrkokor\/dirigenten\/#primaryimage\"},\"thumbnailUrl\":\"http:\/\/blogg.svenskakyrkan.se\/uppsaladomkyrkokor\/files\/2012\/01\/Milke_Falk-300x203.jpg\",\"datePublished\":\"2012-01-09T20:45:18+00:00\",\"dateModified\":\"2018-10-29T08:56:06+00:00\",\"breadcrumb\":{\"@id\":\"https:\/\/blogg.svenskakyrkan.se\/uppsaladomkyrkokor\/dirigenten\/#breadcrumb\"},\"inLanguage\":\"sv-SE\",\"potentialAction\":[{\"@type\":\"ReadAction\",\"target\":[\"https:\/\/blogg.svenskakyrkan.se\/uppsaladomkyrkokor\/dirigenten\/\"]}]},{\"@type\":\"ImageObject\",\"inLanguage\":\"sv-SE\",\"@id\":\"https:\/\/blogg.svenskakyrkan.se\/uppsaladomkyrkokor\/dirigenten\/#primaryimage\",\"url\":\"https:\/\/blogg.svenskakyrkan.se\/uppsaladomkyrkokor\/files\/2012\/01\/Milke_Falk.jpg\",\"contentUrl\":\"https:\/\/blogg.svenskakyrkan.se\/uppsaladomkyrkokor\/files\/2012\/01\/Milke_Falk.jpg\",\"width\":\"1684\",\"height\":\"1140\"},{\"@type\":\"BreadcrumbList\",\"@id\":\"https:\/\/blogg.svenskakyrkan.se\/uppsaladomkyrkokor\/dirigenten\/#breadcrumb\",\"itemListElement\":[{\"@type\":\"ListItem\",\"position\":1,\"name\":\"Hem\",\"item\":\"https:\/\/blogg.svenskakyrkan.se\/uppsaladomkyrkokor\/\"},{\"@type\":\"ListItem\",\"position\":2,\"name\":\"Dirigenten\"}]},{\"@type\":\"WebSite\",\"@id\":\"https:\/\/blogg.svenskakyrkan.se\/uppsaladomkyrkokor\/#website\",\"url\":\"https:\/\/blogg.svenskakyrkan.se\/uppsaladomkyrkokor\/\",\"name\":\"Uppsala Domkyrkok\u00f6r\",\"description\":\"V\u00e4lkommen till Uppsala Domkyrkok\u00f6r!\",\"potentialAction\":[{\"@type\":\"SearchAction\",\"target\":{\"@type\":\"EntryPoint\",\"urlTemplate\":\"https:\/\/blogg.svenskakyrkan.se\/uppsaladomkyrkokor\/?s={search_term_string}\"},\"query-input\":{\"@type\":\"PropertyValueSpecification\",\"valueRequired\":true,\"valueName\":\"search_term_string\"}}],\"inLanguage\":\"sv-SE\"}]}<\/script>\n<!-- \/ Yoast SEO plugin. -->","yoast_head_json":{"title":"Dirigenten - Uppsala Domkyrkok\u00f6r","robots":{"index":"index","follow":"follow","max-snippet":"max-snippet:-1","max-image-preview":"max-image-preview:large","max-video-preview":"max-video-preview:-1"},"canonical":"https:\/\/blogg.svenskakyrkan.se\/uppsaladomkyrkokor\/dirigenten\/","og_locale":"sv_SE","og_type":"article","og_title":"Dirigenten - Uppsala Domkyrkok\u00f6r","og_description":"&#8221;Att leda vokalmusik ing\u00e5r ofta som en viktig del i de flesta kyrkomusikers arbete, och det var ett starkt sk\u00e4l f\u00f6r mig att vilja bli kyrkomusiker&#8221;, s\u00e4ger nuvarande dirigenten Milke Falck, som varit k\u00f6rens konstn\u00e4rliga ledare sedan 1994. Dock har han arbetat i Uppsala domkyrka sedan 1990, d\u00e5 han tilltr\u00e4dde som bitr\u00e4dande domkyrkoorganist. Sin utbildning [&hellip;]","og_url":"https:\/\/blogg.svenskakyrkan.se\/uppsaladomkyrkokor\/dirigenten\/","og_site_name":"Uppsala Domkyrkok\u00f6r","article_modified_time":"2018-10-29T08:56:06+00:00","og_image":[{"url":"http:\/\/blogg.svenskakyrkan.se\/uppsaladomkyrkokor\/files\/2012\/01\/Milke_Falk-300x203.jpg","type":"","width":"","height":""}],"twitter_card":"summary_large_image","twitter_misc":{"Ber\u00e4knad l\u00e4stid":"1 minut"},"schema":{"@context":"https:\/\/schema.org","@graph":[{"@type":"WebPage","@id":"https:\/\/blogg.svenskakyrkan.se\/uppsaladomkyrkokor\/dirigenten\/","url":"https:\/\/blogg.svenskakyrkan.se\/uppsaladomkyrkokor\/dirigenten\/","name":"Dirigenten - Uppsala Domkyrkok\u00f6r","isPartOf":{"@id":"https:\/\/blogg.svenskakyrkan.se\/uppsaladomkyrkokor\/#website"},"primaryImageOfPage":{"@id":"https:\/\/blogg.svenskakyrkan.se\/uppsaladomkyrkokor\/dirigenten\/#primaryimage"},"image":{"@id":"https:\/\/blogg.svenskakyrkan.se\/uppsaladomkyrkokor\/dirigenten\/#primaryimage"},"thumbnailUrl":"http:\/\/blogg.svenskakyrkan.se\/uppsaladomkyrkokor\/files\/2012\/01\/Milke_Falk-300x203.jpg","datePublished":"2012-01-09T20:45:18+00:00","dateModified":"2018-10-29T08:56:06+00:00","breadcrumb":{"@id":"https:\/\/blogg.svenskakyrkan.se\/uppsaladomkyrkokor\/dirigenten\/#breadcrumb"},"inLanguage":"sv-SE","potentialAction":[{"@type":"ReadAction","target":["https:\/\/blogg.svenskakyrkan.se\/uppsaladomkyrkokor\/dirigenten\/"]}]},{"@type":"ImageObject","inLanguage":"sv-SE","@id":"https:\/\/blogg.svenskakyrkan.se\/uppsaladomkyrkokor\/dirigenten\/#primaryimage","url":"https:\/\/blogg.svenskakyrkan.se\/uppsaladomkyrkokor\/files\/2012\/01\/Milke_Falk.jpg","contentUrl":"https:\/\/blogg.svenskakyrkan.se\/uppsaladomkyrkokor\/files\/2012\/01\/Milke_Falk.jpg","width":"1684","height":"1140"},{"@type":"BreadcrumbList","@id":"https:\/\/blogg.svenskakyrkan.se\/uppsaladomkyrkokor\/dirigenten\/#breadcrumb","itemListElement":[{"@type":"ListItem","position":1,"name":"Hem","item":"https:\/\/blogg.svenskakyrkan.se\/uppsaladomkyrkokor\/"},{"@type":"ListItem","position":2,"name":"Dirigenten"}]},{"@type":"WebSite","@id":"https:\/\/blogg.svenskakyrkan.se\/uppsaladomkyrkokor\/#website","url":"https:\/\/blogg.svenskakyrkan.se\/uppsaladomkyrkokor\/","name":"Uppsala Domkyrkok\u00f6r","description":"V\u00e4lkommen till Uppsala Domkyrkok\u00f6r!","potentialAction":[{"@type":"SearchAction","target":{"@type":"EntryPoint","urlTemplate":"https:\/\/blogg.svenskakyrkan.se\/uppsaladomkyrkokor\/?s={search_term_string}"},"query-input":{"@type":"PropertyValueSpecification","valueRequired":true,"valueName":"search_term_string"}}],"inLanguage":"sv-SE"}]}},"_links":{"self":[{"href":"https:\/\/blogg.svenskakyrkan.se\/uppsaladomkyrkokor\/wp-json\/wp\/v2\/pages\/74","targetHints":{"allow":["GET"]}}],"collection":[{"href":"https:\/\/blogg.svenskakyrkan.se\/uppsaladomkyrkokor\/wp-json\/wp\/v2\/pages"}],"about":[{"href":"https:\/\/blogg.svenskakyrkan.se\/uppsaladomkyrkokor\/wp-json\/wp\/v2\/types\/page"}],"author":[{"embeddable":true,"href":"https:\/\/blogg.svenskakyrkan.se\/uppsaladomkyrkokor\/wp-json\/wp\/v2\/users\/115"}],"replies":[{"embeddable":true,"href":"https:\/\/blogg.svenskakyrkan.se\/uppsaladomkyrkokor\/wp-json\/wp\/v2\/comments?post=74"}],"version-history":[{"count":8,"href":"https:\/\/blogg.svenskakyrkan.se\/uppsaladomkyrkokor\/wp-json\/wp\/v2\/pages\/74\/revisions"}],"predecessor-version":[{"id":477,"href":"https:\/\/blogg.svenskakyrkan.se\/uppsaladomkyrkokor\/wp-json\/wp\/v2\/pages\/74\/revisions\/477"}],"wp:attachment":[{"href":"https:\/\/blogg.svenskakyrkan.se\/uppsaladomkyrkokor\/wp-json\/wp\/v2\/media?parent=74"}],"curies":[{"name":"wp","href":"https:\/\/api.w.org\/{rel}","templated":true}]}}