{"id":9,"date":"2011-11-20T11:23:00","date_gmt":"2011-11-20T10:23:00","guid":{"rendered":"http:\/\/blogg.svenskakyrkan.se\/uppsaladomkyrkokor\/?page_id=9"},"modified":"2018-10-29T09:56:16","modified_gmt":"2018-10-29T08:56:16","slug":"testsida","status":"publish","type":"page","link":"https:\/\/blogg.svenskakyrkan.se\/uppsaladomkyrkokor\/testsida\/","title":{"rendered":"K\u00f6rens historia"},"content":{"rendered":"<p>Uppsala Domkyrkok\u00f6r har varit verksam l\u00e4nge. \u00c5r 2017 firade k\u00f6ren sitt 150 \u00e5rs jubileum!<\/p>\n<p>Uppsala Domkyrkok\u00f6r grundades 1867 av Jacob Axel Josephson (1818-1880). K\u00f6ren har alltid medverkat i katedralens gudstj\u00e4nstliv men bedriver ocks\u00e5 en omfattande konsertverksamhet med s\u00e5v\u00e4l a cappella musik som st\u00f6rre verk med orkester. Uppsala Domkyrkok\u00f6r har genomf\u00f6rt en l\u00e5ng rad turn\u00e9er b\u00e5de i Sverige, Europa och USA. K\u00f6ren har medverkat i flera inspelningar f\u00f6r radio och TV och har under \u00e5ren uruppf\u00f6rt ett stort antal verk av svenska tons\u00e4ttare som Sven-Erik B\u00e4ck, Daniel B\u00f6rtz och Sven-David Sandstr\u00f6m. Uppsala Domkyrkok\u00f6r har \u00e4ven de senaste \u00e5ren vid sidan av mycket uppskattade framtr\u00e4danden i jazzsammanhang tillsammans med Alice Babs och Nils Lindberg bl.a. internationellt uppm\u00e4rksammats f\u00f6r framf\u00f6randen av fransk 16-1700-talsmusik.<\/p>\n<p>K\u00f6rens dirigenter sedan starten 1867 har varit:<\/p>\n<p style=\"padding-left: 30px\">Jacob Axel Josephson, 1867-1880<br \/>\nJohan Gustaf Hiller, 1880-1891<br \/>\nGustaf W. Hofberg, 1891-1892<br \/>\nLeberecht Siegbahn, 1892-1917<br \/>\nGustaf Lindberg, 1917<br \/>\nHarald Colleen, 1918-1942<br \/>\nHenry Weman, 1943-1964<br \/>\nOlle Scherwin, 1964-1967<br \/>\nRudolf L\u00f6fgren, 1967-1994<br \/>\nMilke Falck, 1994-<\/p>\n","protected":false},"excerpt":{"rendered":"<p>Uppsala Domkyrkok\u00f6r har varit verksam l\u00e4nge. \u00c5r 2017 firade k\u00f6ren sitt 150 \u00e5rs jubileum! Uppsala Domkyrkok\u00f6r grundades 1867 av Jacob Axel Josephson (1818-1880). K\u00f6ren har alltid medverkat i katedralens gudstj\u00e4nstliv men bedriver ocks\u00e5 en omfattande konsertverksamhet med s\u00e5v\u00e4l a cappella musik som st\u00f6rre verk med orkester. Uppsala Domkyrkok\u00f6r har genomf\u00f6rt en l\u00e5ng rad turn\u00e9er b\u00e5de [&hellip;]<\/p>\n","protected":false},"author":115,"featured_media":0,"parent":0,"menu_order":3,"comment_status":"closed","ping_status":"closed","template":"","meta":{"_acf_changed":false,"footnotes":""},"class_list":["post-9","page","type-page","status-publish","hentry"],"acf":[],"yoast_head":"<!-- This site is optimized with the Yoast SEO plugin v27.1.1 - https:\/\/yoast.com\/product\/yoast-seo-wordpress\/ -->\n<title>K\u00f6rens historia - Uppsala Domkyrkok\u00f6r<\/title>\n<meta name=\"robots\" content=\"index, follow, max-snippet:-1, max-image-preview:large, max-video-preview:-1\" \/>\n<link rel=\"canonical\" href=\"https:\/\/blogg.svenskakyrkan.se\/uppsaladomkyrkokor\/testsida\/\" \/>\n<meta property=\"og:locale\" content=\"sv_SE\" \/>\n<meta property=\"og:type\" content=\"article\" \/>\n<meta property=\"og:title\" content=\"K\u00f6rens historia - Uppsala Domkyrkok\u00f6r\" \/>\n<meta property=\"og:description\" content=\"Uppsala Domkyrkok\u00f6r har varit verksam l\u00e4nge. \u00c5r 2017 firade k\u00f6ren sitt 150 \u00e5rs jubileum! Uppsala Domkyrkok\u00f6r grundades 1867 av Jacob Axel Josephson (1818-1880). K\u00f6ren har alltid medverkat i katedralens gudstj\u00e4nstliv men bedriver ocks\u00e5 en omfattande konsertverksamhet med s\u00e5v\u00e4l a cappella musik som st\u00f6rre verk med orkester. Uppsala Domkyrkok\u00f6r har genomf\u00f6rt en l\u00e5ng rad turn\u00e9er b\u00e5de [&hellip;]\" \/>\n<meta property=\"og:url\" content=\"https:\/\/blogg.svenskakyrkan.se\/uppsaladomkyrkokor\/testsida\/\" \/>\n<meta property=\"og:site_name\" content=\"Uppsala Domkyrkok\u00f6r\" \/>\n<meta property=\"article:modified_time\" content=\"2018-10-29T08:56:16+00:00\" \/>\n<meta name=\"twitter:card\" content=\"summary_large_image\" \/>\n<meta name=\"twitter:label1\" content=\"Ber\u00e4knad l\u00e4stid\" \/>\n\t<meta name=\"twitter:data1\" content=\"1 minut\" \/>\n<script type=\"application\/ld+json\" class=\"yoast-schema-graph\">{\"@context\":\"https:\/\/schema.org\",\"@graph\":[{\"@type\":\"WebPage\",\"@id\":\"https:\/\/blogg.svenskakyrkan.se\/uppsaladomkyrkokor\/testsida\/\",\"url\":\"https:\/\/blogg.svenskakyrkan.se\/uppsaladomkyrkokor\/testsida\/\",\"name\":\"K\u00f6rens historia - Uppsala Domkyrkok\u00f6r\",\"isPartOf\":{\"@id\":\"https:\/\/blogg.svenskakyrkan.se\/uppsaladomkyrkokor\/#website\"},\"datePublished\":\"2011-11-20T10:23:00+00:00\",\"dateModified\":\"2018-10-29T08:56:16+00:00\",\"breadcrumb\":{\"@id\":\"https:\/\/blogg.svenskakyrkan.se\/uppsaladomkyrkokor\/testsida\/#breadcrumb\"},\"inLanguage\":\"sv-SE\",\"potentialAction\":[{\"@type\":\"ReadAction\",\"target\":[\"https:\/\/blogg.svenskakyrkan.se\/uppsaladomkyrkokor\/testsida\/\"]}]},{\"@type\":\"BreadcrumbList\",\"@id\":\"https:\/\/blogg.svenskakyrkan.se\/uppsaladomkyrkokor\/testsida\/#breadcrumb\",\"itemListElement\":[{\"@type\":\"ListItem\",\"position\":1,\"name\":\"Hem\",\"item\":\"https:\/\/blogg.svenskakyrkan.se\/uppsaladomkyrkokor\/\"},{\"@type\":\"ListItem\",\"position\":2,\"name\":\"K\u00f6rens historia\"}]},{\"@type\":\"WebSite\",\"@id\":\"https:\/\/blogg.svenskakyrkan.se\/uppsaladomkyrkokor\/#website\",\"url\":\"https:\/\/blogg.svenskakyrkan.se\/uppsaladomkyrkokor\/\",\"name\":\"Uppsala Domkyrkok\u00f6r\",\"description\":\"V\u00e4lkommen till Uppsala Domkyrkok\u00f6r!\",\"potentialAction\":[{\"@type\":\"SearchAction\",\"target\":{\"@type\":\"EntryPoint\",\"urlTemplate\":\"https:\/\/blogg.svenskakyrkan.se\/uppsaladomkyrkokor\/?s={search_term_string}\"},\"query-input\":{\"@type\":\"PropertyValueSpecification\",\"valueRequired\":true,\"valueName\":\"search_term_string\"}}],\"inLanguage\":\"sv-SE\"}]}<\/script>\n<!-- \/ Yoast SEO plugin. -->","yoast_head_json":{"title":"K\u00f6rens historia - Uppsala Domkyrkok\u00f6r","robots":{"index":"index","follow":"follow","max-snippet":"max-snippet:-1","max-image-preview":"max-image-preview:large","max-video-preview":"max-video-preview:-1"},"canonical":"https:\/\/blogg.svenskakyrkan.se\/uppsaladomkyrkokor\/testsida\/","og_locale":"sv_SE","og_type":"article","og_title":"K\u00f6rens historia - Uppsala Domkyrkok\u00f6r","og_description":"Uppsala Domkyrkok\u00f6r har varit verksam l\u00e4nge. \u00c5r 2017 firade k\u00f6ren sitt 150 \u00e5rs jubileum! Uppsala Domkyrkok\u00f6r grundades 1867 av Jacob Axel Josephson (1818-1880). K\u00f6ren har alltid medverkat i katedralens gudstj\u00e4nstliv men bedriver ocks\u00e5 en omfattande konsertverksamhet med s\u00e5v\u00e4l a cappella musik som st\u00f6rre verk med orkester. Uppsala Domkyrkok\u00f6r har genomf\u00f6rt en l\u00e5ng rad turn\u00e9er b\u00e5de [&hellip;]","og_url":"https:\/\/blogg.svenskakyrkan.se\/uppsaladomkyrkokor\/testsida\/","og_site_name":"Uppsala Domkyrkok\u00f6r","article_modified_time":"2018-10-29T08:56:16+00:00","twitter_card":"summary_large_image","twitter_misc":{"Ber\u00e4knad l\u00e4stid":"1 minut"},"schema":{"@context":"https:\/\/schema.org","@graph":[{"@type":"WebPage","@id":"https:\/\/blogg.svenskakyrkan.se\/uppsaladomkyrkokor\/testsida\/","url":"https:\/\/blogg.svenskakyrkan.se\/uppsaladomkyrkokor\/testsida\/","name":"K\u00f6rens historia - Uppsala Domkyrkok\u00f6r","isPartOf":{"@id":"https:\/\/blogg.svenskakyrkan.se\/uppsaladomkyrkokor\/#website"},"datePublished":"2011-11-20T10:23:00+00:00","dateModified":"2018-10-29T08:56:16+00:00","breadcrumb":{"@id":"https:\/\/blogg.svenskakyrkan.se\/uppsaladomkyrkokor\/testsida\/#breadcrumb"},"inLanguage":"sv-SE","potentialAction":[{"@type":"ReadAction","target":["https:\/\/blogg.svenskakyrkan.se\/uppsaladomkyrkokor\/testsida\/"]}]},{"@type":"BreadcrumbList","@id":"https:\/\/blogg.svenskakyrkan.se\/uppsaladomkyrkokor\/testsida\/#breadcrumb","itemListElement":[{"@type":"ListItem","position":1,"name":"Hem","item":"https:\/\/blogg.svenskakyrkan.se\/uppsaladomkyrkokor\/"},{"@type":"ListItem","position":2,"name":"K\u00f6rens historia"}]},{"@type":"WebSite","@id":"https:\/\/blogg.svenskakyrkan.se\/uppsaladomkyrkokor\/#website","url":"https:\/\/blogg.svenskakyrkan.se\/uppsaladomkyrkokor\/","name":"Uppsala Domkyrkok\u00f6r","description":"V\u00e4lkommen till Uppsala Domkyrkok\u00f6r!","potentialAction":[{"@type":"SearchAction","target":{"@type":"EntryPoint","urlTemplate":"https:\/\/blogg.svenskakyrkan.se\/uppsaladomkyrkokor\/?s={search_term_string}"},"query-input":{"@type":"PropertyValueSpecification","valueRequired":true,"valueName":"search_term_string"}}],"inLanguage":"sv-SE"}]}},"_links":{"self":[{"href":"https:\/\/blogg.svenskakyrkan.se\/uppsaladomkyrkokor\/wp-json\/wp\/v2\/pages\/9","targetHints":{"allow":["GET"]}}],"collection":[{"href":"https:\/\/blogg.svenskakyrkan.se\/uppsaladomkyrkokor\/wp-json\/wp\/v2\/pages"}],"about":[{"href":"https:\/\/blogg.svenskakyrkan.se\/uppsaladomkyrkokor\/wp-json\/wp\/v2\/types\/page"}],"author":[{"embeddable":true,"href":"https:\/\/blogg.svenskakyrkan.se\/uppsaladomkyrkokor\/wp-json\/wp\/v2\/users\/115"}],"replies":[{"embeddable":true,"href":"https:\/\/blogg.svenskakyrkan.se\/uppsaladomkyrkokor\/wp-json\/wp\/v2\/comments?post=9"}],"version-history":[{"count":12,"href":"https:\/\/blogg.svenskakyrkan.se\/uppsaladomkyrkokor\/wp-json\/wp\/v2\/pages\/9\/revisions"}],"predecessor-version":[{"id":479,"href":"https:\/\/blogg.svenskakyrkan.se\/uppsaladomkyrkokor\/wp-json\/wp\/v2\/pages\/9\/revisions\/479"}],"wp:attachment":[{"href":"https:\/\/blogg.svenskakyrkan.se\/uppsaladomkyrkokor\/wp-json\/wp\/v2\/media?parent=9"}],"curies":[{"name":"wp","href":"https:\/\/api.w.org\/{rel}","templated":true}]}}